{"id":123832,"date":"2026-04-26T21:25:10","date_gmt":"2026-04-26T21:25:10","guid":{"rendered":"https:\/\/teka.com\/en-int\/uni-9331_116020023"},"modified":"2026-04-21T03:51:19","modified_gmt":"2026-04-21T04:51:19","slug":"uni-9331_116020023","status":"publish","type":"product","link":"https:\/\/www.teka.com\/es-mx\/producto\/uni-9331_116020023\/","title":{"rendered":"UNI 9331"},"content":{"rendered":"<ul>\n<li>Ideal para personas o familias que desean mejorar la funcionalidad, est\u00e9tica y comodidad de su cocina, especialmente si buscan un dise\u00f1o moderno en su espacio.<\/li>\n<li>Aireador anti-cal que mezcla el agua con aire y reduce la acumulaci\u00f3n de sarro, garantizando un chorro uniforme y mayor durabilidad del grifo.<\/li>\n<li>Maneral extra\u00edble con 1 funci\u00f3n: chorro.<\/li>\n<li>Presi\u00f3n de funcionamiento: 1 &#8211; 5 bar (kg\/cm\u00b2) (presi\u00f3n de funcionamiento recomendada: 2 \u2013 5 bar (kg\/cm\u00b2))<\/li>\n<li>Con 5 a\u00f1os de garant\u00eda.<\/li>\n<\/ul>\n","protected":false},"featured_media":0,"parent":0,"template":"","product_cat":[3411],"product_cleaning_system":[],"product_3rd_basket":[],"product_drawers":[],"product_type_of_installation":[56390],"product_edition":[],"product_serie":[],"product_features":[],"finishes":[],"product_bundles":[],"product_energy_efficiency":[],"product_video_training":[],"class_list":["post-123832","product","type-product","status-publish","hentry","product_cat-griferia-de-cocina","color-negro","product_type_of_appliance-cano-alto","product_ambient-neo-series-03","product_icons-anti-scale_aerator","product_icons-pull_out_shower","product_icons-eco","product_icons-high_resistance","product_icons-easy_quick","product_icons-inox","product_icons-swivel_spout","product_type_of_installation-libre-instalacion"],"acf":[],"yoast_head":"<!-- This site is optimized with the Yoast SEO plugin v27.2 - https:\/\/yoast.com\/product\/yoast-seo-wordpress\/ -->\n<title>UNI 9331 | Teka M\u00e9xico<\/title>\n<meta name=\"description\" content=\"Descubre Grifo de Cocina Monomando Negro Mate con ca\u00f1o giratorio con cartucho cer\u00e1mico, aireador anti-cal y 5 a\u00f1os de garant\u00eda.\" \/>\n<meta name=\"robots\" content=\"index, follow, max-snippet:-1, max-image-preview:large, max-video-preview:-1\" \/>\n<link rel=\"canonical\" href=\"https:\/\/www.teka.com\/es-mx\/producto\/uni-9331_116020023\/\" \/>\n<meta property=\"og:locale\" content=\"es_MX\" \/>\n<meta property=\"og:type\" content=\"article\" \/>\n<meta property=\"og:title\" content=\"UNI 9331 | Teka M\u00e9xico\" \/>\n<meta property=\"og:description\" content=\"Descubre Grifo de Cocina Monomando Negro Mate con ca\u00f1o giratorio con cartucho cer\u00e1mico, aireador anti-cal y 5 a\u00f1os de garant\u00eda.\" \/>\n<meta property=\"og:url\" content=\"https:\/\/www.teka.com\/es-mx\/producto\/uni-9331_116020023\/\" \/>\n<meta property=\"og:site_name\" content=\"Teka M\u00e9xico\" \/>\n<meta name=\"twitter:card\" content=\"summary_large_image\" \/>\n<script type=\"application\/ld+json\" class=\"yoast-schema-graph\">{\"@context\":\"https:\/\/schema.org\",\"@graph\":[{\"@type\":\"WebPage\",\"@id\":\"https:\/\/www.teka.com\/es-mx\/producto\/uni-9331_116020023\/\",\"url\":\"https:\/\/www.teka.com\/es-mx\/producto\/uni-9331_116020023\/\",\"name\":\"UNI 9331 | Teka M\u00e9xico\",\"isPartOf\":{\"@id\":\"https:\/\/www.teka.com\/es-mx\/#website\"},\"datePublished\":\"2026-04-26T21:25:10+00:00\",\"description\":\"Descubre Grifo de Cocina Monomando Negro Mate con ca\u00f1o giratorio con cartucho cer\u00e1mico, aireador anti-cal y 5 a\u00f1os de garant\u00eda.\",\"inLanguage\":\"es\",\"potentialAction\":[{\"@type\":\"ReadAction\",\"target\":[\"https:\/\/www.teka.com\/es-mx\/producto\/uni-9331_116020023\/\"]}]},{\"@type\":\"WebSite\",\"@id\":\"https:\/\/www.teka.com\/es-mx\/#website\",\"url\":\"https:\/\/www.teka.com\/es-mx\/\",\"name\":\"Teka M\u00e9xico\",\"description\":\"\",\"publisher\":{\"@id\":\"https:\/\/www.teka.com\/es-mx\/#organization\"},\"potentialAction\":[{\"@type\":\"SearchAction\",\"target\":{\"@type\":\"EntryPoint\",\"urlTemplate\":\"https:\/\/www.teka.com\/es-mx\/?s={search_term_string}\"},\"query-input\":{\"@type\":\"PropertyValueSpecification\",\"valueRequired\":true,\"valueName\":\"search_term_string\"}}],\"inLanguage\":\"es\"},{\"@type\":\"Organization\",\"@id\":\"https:\/\/www.teka.com\/es-mx\/#organization\",\"name\":\"Teka M\u00e9xico\",\"url\":\"https:\/\/www.teka.com\/es-mx\/\",\"logo\":{\"@type\":\"ImageObject\",\"inLanguage\":\"es\",\"@id\":\"https:\/\/www.teka.com\/es-mx\/#\/schema\/logo\/image\/\",\"url\":\"https:\/\/www.teka.com\/es-mx\/wp-content\/uploads\/sites\/11\/2024\/08\/Teka_100years_logo_red_greyscale_square_RGB-5.png\",\"contentUrl\":\"https:\/\/www.teka.com\/es-mx\/wp-content\/uploads\/sites\/11\/2024\/08\/Teka_100years_logo_red_greyscale_square_RGB-5.png\",\"width\":4042,\"height\":4042,\"caption\":\"Teka M\u00e9xico\"},\"image\":{\"@id\":\"https:\/\/www.teka.com\/es-mx\/#\/schema\/logo\/image\/\"}}]}<\/script>\n<!-- \/ Yoast SEO plugin. -->","yoast_head_json":{"title":"UNI 9331 | Teka M\u00e9xico","description":"Descubre Grifo de Cocina Monomando Negro Mate con ca\u00f1o giratorio con cartucho cer\u00e1mico, aireador anti-cal y 5 a\u00f1os de garant\u00eda.","robots":{"index":"index","follow":"follow","max-snippet":"max-snippet:-1","max-image-preview":"max-image-preview:large","max-video-preview":"max-video-preview:-1"},"canonical":"https:\/\/www.teka.com\/es-mx\/producto\/uni-9331_116020023\/","og_locale":"es_MX","og_type":"article","og_title":"UNI 9331 | Teka M\u00e9xico","og_description":"Descubre Grifo de Cocina Monomando Negro Mate con ca\u00f1o giratorio con cartucho cer\u00e1mico, aireador anti-cal y 5 a\u00f1os de garant\u00eda.","og_url":"https:\/\/www.teka.com\/es-mx\/producto\/uni-9331_116020023\/","og_site_name":"Teka M\u00e9xico","twitter_card":"summary_large_image","schema":{"@context":"https:\/\/schema.org","@graph":[{"@type":"WebPage","@id":"https:\/\/www.teka.com\/es-mx\/producto\/uni-9331_116020023\/","url":"https:\/\/www.teka.com\/es-mx\/producto\/uni-9331_116020023\/","name":"UNI 9331 | Teka M\u00e9xico","isPartOf":{"@id":"https:\/\/www.teka.com\/es-mx\/#website"},"datePublished":"2026-04-26T21:25:10+00:00","description":"Descubre Grifo de Cocina Monomando Negro Mate con ca\u00f1o giratorio con cartucho cer\u00e1mico, aireador anti-cal y 5 a\u00f1os de garant\u00eda.","inLanguage":"es","potentialAction":[{"@type":"ReadAction","target":["https:\/\/www.teka.com\/es-mx\/producto\/uni-9331_116020023\/"]}]},{"@type":"WebSite","@id":"https:\/\/www.teka.com\/es-mx\/#website","url":"https:\/\/www.teka.com\/es-mx\/","name":"Teka M\u00e9xico","description":"","publisher":{"@id":"https:\/\/www.teka.com\/es-mx\/#organization"},"potentialAction":[{"@type":"SearchAction","target":{"@type":"EntryPoint","urlTemplate":"https:\/\/www.teka.com\/es-mx\/?s={search_term_string}"},"query-input":{"@type":"PropertyValueSpecification","valueRequired":true,"valueName":"search_term_string"}}],"inLanguage":"es"},{"@type":"Organization","@id":"https:\/\/www.teka.com\/es-mx\/#organization","name":"Teka M\u00e9xico","url":"https:\/\/www.teka.com\/es-mx\/","logo":{"@type":"ImageObject","inLanguage":"es","@id":"https:\/\/www.teka.com\/es-mx\/#\/schema\/logo\/image\/","url":"https:\/\/www.teka.com\/es-mx\/wp-content\/uploads\/sites\/11\/2024\/08\/Teka_100years_logo_red_greyscale_square_RGB-5.png","contentUrl":"https:\/\/www.teka.com\/es-mx\/wp-content\/uploads\/sites\/11\/2024\/08\/Teka_100years_logo_red_greyscale_square_RGB-5.png","width":4042,"height":4042,"caption":"Teka M\u00e9xico"},"image":{"@id":"https:\/\/www.teka.com\/es-mx\/#\/schema\/logo\/image\/"}}]}},"_links":{"self":[{"href":"https:\/\/www.teka.com\/es-mx\/wp-json\/wp\/v2\/product\/123832","targetHints":{"allow":["GET"]}}],"collection":[{"href":"https:\/\/www.teka.com\/es-mx\/wp-json\/wp\/v2\/product"}],"about":[{"href":"https:\/\/www.teka.com\/es-mx\/wp-json\/wp\/v2\/types\/product"}],"wp:attachment":[{"href":"https:\/\/www.teka.com\/es-mx\/wp-json\/wp\/v2\/media?parent=123832"}],"wp:term":[{"taxonomy":"product_cat","embeddable":true,"href":"https:\/\/www.teka.com\/es-mx\/wp-json\/wp\/v2\/product_cat?post=123832"},{"taxonomy":"product_cleaning_system","embeddable":true,"href":"https:\/\/www.teka.com\/es-mx\/wp-json\/wp\/v2\/product_cleaning_system?post=123832"},{"taxonomy":"product_3rd_basket","embeddable":true,"href":"https:\/\/www.teka.com\/es-mx\/wp-json\/wp\/v2\/product_3rd_basket?post=123832"},{"taxonomy":"product_drawers","embeddable":true,"href":"https:\/\/www.teka.com\/es-mx\/wp-json\/wp\/v2\/product_drawers?post=123832"},{"taxonomy":"product_type_of_installation","embeddable":true,"href":"https:\/\/www.teka.com\/es-mx\/wp-json\/wp\/v2\/product_type_of_installation?post=123832"},{"taxonomy":"product_edition","embeddable":true,"href":"https:\/\/www.teka.com\/es-mx\/wp-json\/wp\/v2\/product_edition?post=123832"},{"taxonomy":"product_serie","embeddable":true,"href":"https:\/\/www.teka.com\/es-mx\/wp-json\/wp\/v2\/product_serie?post=123832"},{"taxonomy":"product_features","embeddable":true,"href":"https:\/\/www.teka.com\/es-mx\/wp-json\/wp\/v2\/product_features?post=123832"},{"taxonomy":"finishes","embeddable":true,"href":"https:\/\/www.teka.com\/es-mx\/wp-json\/wp\/v2\/finishes?post=123832"},{"taxonomy":"product_bundles","embeddable":true,"href":"https:\/\/www.teka.com\/es-mx\/wp-json\/wp\/v2\/product_bundles?post=123832"},{"taxonomy":"product_energy_efficiency","embeddable":true,"href":"https:\/\/www.teka.com\/es-mx\/wp-json\/wp\/v2\/product_energy_efficiency?post=123832"},{"taxonomy":"product_video_training","embeddable":true,"href":"https:\/\/www.teka.com\/es-mx\/wp-json\/wp\/v2\/product_video_training?post=123832"}],"curies":[{"name":"wp","href":"https:\/\/api.w.org\/{rel}","templated":true}]}}