{"id":124273,"date":"2026-04-07T21:13:02","date_gmt":"2026-04-07T21:13:02","guid":{"rendered":"https:\/\/teka.com\/es-mx\/van-gogh-gbc-95-vb-vg_112570246"},"modified":"2026-03-14T08:48:01","modified_gmt":"2026-03-14T09:48:01","slug":"van-gogh-gbc-95-vb-vg_112570246","status":"publish","type":"product","link":"https:\/\/www.teka.com\/es-mx\/producto\/van-gogh-gbc-95-vb-vg_112570246\/","title":{"rendered":"Van Gogh GBC 95 VB VG"},"content":{"rendered":"<ul>\n<li>Edici\u00f3n Especial Van Gogh: arte que transforma tu cocina y hogar a trav\u00e9s del dise\u00f1o exclusivo que combina elegancia, funcionalidad y distinci\u00f3n.<\/li>\n<li>Cristal templado biselado frontal edici\u00f3n especial Van Gogh que combina arte, elegancia y funcionalidad.<\/li>\n<li>Parrillas y tapas de quemadores individuales de hierro fundido con perillas ergon\u00f3micas frontales.<\/li>\n<li>Seguridad por termopar integrada en cada quemador: v\u00e1lvula de seguridad que bloquea el paso del gas por seguridad en caso de ausencia (derrame o aire).<\/li>\n<li>Encendido electr\u00f3nico integrado en cada perilla para control de la flama.<\/li>\n<li>5 quemadores de alta eficiencia con 3 niveles de potencia.<\/li>\n<li>Tipos de gas: LP (butano\/propano) o natural.<\/li>\n<\/ul>\n","protected":false},"featured_media":0,"parent":0,"template":"","product_cat":[3405],"product_cleaning_system":[],"product_3rd_basket":[],"product_drawers":[],"product_type_of_installation":[],"product_edition":[],"product_serie":[],"product_features":[],"finishes":[],"product_bundles":[],"product_energy_efficiency":[],"product_video_training":[],"class_list":["post-124273","product","type-product","status-publish","hentry","product_cat-parrillas","usp-gas-02","usp-gas-03","usp-gas-05","usp-gas-08","usp-vg-01-vg-museum-edition","color-cristal-gris-oscuro-y-negro","product_type_of_appliance-gas","product_ambient-van-gogh-03","product_icons-easy-installation","product_icons-auto-ignition","product_icons-autolock"],"acf":[],"yoast_head":"<!-- This site is optimized with the Yoast SEO plugin v27.2 - https:\/\/yoast.com\/product\/yoast-seo-wordpress\/ -->\n<title>Teka Parrilla Vitrocer\u00e1mica a Gas de 90 cm<\/title>\n<meta name=\"description\" content=\"Descubre la Parrilla Vitrocer\u00e1mica a Gas de 90 cm con cristal templado edici\u00f3n especial Van Gogh, 5 parrillas y tapas de hierro fundido y seguridad termopar.\" \/>\n<meta name=\"robots\" content=\"index, follow, max-snippet:-1, max-image-preview:large, max-video-preview:-1\" \/>\n<link rel=\"canonical\" href=\"https:\/\/www.teka.com\/es-mx\/producto\/van-gogh-gbc-95-vb-vg_112570246\/\" \/>\n<meta property=\"og:locale\" content=\"es_MX\" \/>\n<meta property=\"og:type\" content=\"article\" \/>\n<meta property=\"og:title\" content=\"Teka Parrilla Vitrocer\u00e1mica a Gas de 90 cm\" \/>\n<meta property=\"og:description\" content=\"Descubre la Parrilla Vitrocer\u00e1mica a Gas de 90 cm con cristal templado edici\u00f3n especial Van Gogh, 5 parrillas y tapas de hierro fundido y seguridad termopar.\" \/>\n<meta property=\"og:url\" content=\"https:\/\/www.teka.com\/es-mx\/producto\/van-gogh-gbc-95-vb-vg_112570246\/\" \/>\n<meta property=\"og:site_name\" content=\"Teka M\u00e9xico\" \/>\n<meta name=\"twitter:card\" content=\"summary_large_image\" \/>\n<meta name=\"twitter:label1\" content=\"Tiempo de lectura\" \/>\n\t<meta name=\"twitter:data1\" content=\"1 minuto\" \/>\n<script type=\"application\/ld+json\" class=\"yoast-schema-graph\">{\"@context\":\"https:\/\/schema.org\",\"@graph\":[{\"@type\":\"WebPage\",\"@id\":\"https:\/\/www.teka.com\/es-mx\/producto\/van-gogh-gbc-95-vb-vg_112570246\/\",\"url\":\"https:\/\/www.teka.com\/es-mx\/producto\/van-gogh-gbc-95-vb-vg_112570246\/\",\"name\":\"Teka Parrilla Vitrocer\u00e1mica a Gas de 90 cm\",\"isPartOf\":{\"@id\":\"https:\/\/www.teka.com\/es-mx\/#website\"},\"datePublished\":\"2026-04-07T21:13:02+00:00\",\"description\":\"Descubre la Parrilla Vitrocer\u00e1mica a Gas de 90 cm con cristal templado edici\u00f3n especial Van Gogh, 5 parrillas y tapas de hierro fundido y seguridad termopar.\",\"inLanguage\":\"es\",\"potentialAction\":[{\"@type\":\"ReadAction\",\"target\":[\"https:\/\/www.teka.com\/es-mx\/producto\/van-gogh-gbc-95-vb-vg_112570246\/\"]}]},{\"@type\":\"WebSite\",\"@id\":\"https:\/\/www.teka.com\/es-mx\/#website\",\"url\":\"https:\/\/www.teka.com\/es-mx\/\",\"name\":\"Teka M\u00e9xico\",\"description\":\"\",\"publisher\":{\"@id\":\"https:\/\/www.teka.com\/es-mx\/#organization\"},\"potentialAction\":[{\"@type\":\"SearchAction\",\"target\":{\"@type\":\"EntryPoint\",\"urlTemplate\":\"https:\/\/www.teka.com\/es-mx\/?s={search_term_string}\"},\"query-input\":{\"@type\":\"PropertyValueSpecification\",\"valueRequired\":true,\"valueName\":\"search_term_string\"}}],\"inLanguage\":\"es\"},{\"@type\":\"Organization\",\"@id\":\"https:\/\/www.teka.com\/es-mx\/#organization\",\"name\":\"Teka M\u00e9xico\",\"url\":\"https:\/\/www.teka.com\/es-mx\/\",\"logo\":{\"@type\":\"ImageObject\",\"inLanguage\":\"es\",\"@id\":\"https:\/\/www.teka.com\/es-mx\/#\/schema\/logo\/image\/\",\"url\":\"https:\/\/www.teka.com\/es-mx\/wp-content\/uploads\/sites\/11\/2024\/08\/Teka_100years_logo_red_greyscale_square_RGB-5.png\",\"contentUrl\":\"https:\/\/www.teka.com\/es-mx\/wp-content\/uploads\/sites\/11\/2024\/08\/Teka_100years_logo_red_greyscale_square_RGB-5.png\",\"width\":4042,\"height\":4042,\"caption\":\"Teka M\u00e9xico\"},\"image\":{\"@id\":\"https:\/\/www.teka.com\/es-mx\/#\/schema\/logo\/image\/\"}}]}<\/script>\n<!-- \/ Yoast SEO plugin. -->","yoast_head_json":{"title":"Teka Parrilla Vitrocer\u00e1mica a Gas de 90 cm","description":"Descubre la Parrilla Vitrocer\u00e1mica a Gas de 90 cm con cristal templado edici\u00f3n especial Van Gogh, 5 parrillas y tapas de hierro fundido y seguridad termopar.","robots":{"index":"index","follow":"follow","max-snippet":"max-snippet:-1","max-image-preview":"max-image-preview:large","max-video-preview":"max-video-preview:-1"},"canonical":"https:\/\/www.teka.com\/es-mx\/producto\/van-gogh-gbc-95-vb-vg_112570246\/","og_locale":"es_MX","og_type":"article","og_title":"Teka Parrilla Vitrocer\u00e1mica a Gas de 90 cm","og_description":"Descubre la Parrilla Vitrocer\u00e1mica a Gas de 90 cm con cristal templado edici\u00f3n especial Van Gogh, 5 parrillas y tapas de hierro fundido y seguridad termopar.","og_url":"https:\/\/www.teka.com\/es-mx\/producto\/van-gogh-gbc-95-vb-vg_112570246\/","og_site_name":"Teka M\u00e9xico","twitter_card":"summary_large_image","twitter_misc":{"Tiempo de lectura":"1 minuto"},"schema":{"@context":"https:\/\/schema.org","@graph":[{"@type":"WebPage","@id":"https:\/\/www.teka.com\/es-mx\/producto\/van-gogh-gbc-95-vb-vg_112570246\/","url":"https:\/\/www.teka.com\/es-mx\/producto\/van-gogh-gbc-95-vb-vg_112570246\/","name":"Teka Parrilla Vitrocer\u00e1mica a Gas de 90 cm","isPartOf":{"@id":"https:\/\/www.teka.com\/es-mx\/#website"},"datePublished":"2026-04-07T21:13:02+00:00","description":"Descubre la Parrilla Vitrocer\u00e1mica a Gas de 90 cm con cristal templado edici\u00f3n especial Van Gogh, 5 parrillas y tapas de hierro fundido y seguridad termopar.","inLanguage":"es","potentialAction":[{"@type":"ReadAction","target":["https:\/\/www.teka.com\/es-mx\/producto\/van-gogh-gbc-95-vb-vg_112570246\/"]}]},{"@type":"WebSite","@id":"https:\/\/www.teka.com\/es-mx\/#website","url":"https:\/\/www.teka.com\/es-mx\/","name":"Teka M\u00e9xico","description":"","publisher":{"@id":"https:\/\/www.teka.com\/es-mx\/#organization"},"potentialAction":[{"@type":"SearchAction","target":{"@type":"EntryPoint","urlTemplate":"https:\/\/www.teka.com\/es-mx\/?s={search_term_string}"},"query-input":{"@type":"PropertyValueSpecification","valueRequired":true,"valueName":"search_term_string"}}],"inLanguage":"es"},{"@type":"Organization","@id":"https:\/\/www.teka.com\/es-mx\/#organization","name":"Teka M\u00e9xico","url":"https:\/\/www.teka.com\/es-mx\/","logo":{"@type":"ImageObject","inLanguage":"es","@id":"https:\/\/www.teka.com\/es-mx\/#\/schema\/logo\/image\/","url":"https:\/\/www.teka.com\/es-mx\/wp-content\/uploads\/sites\/11\/2024\/08\/Teka_100years_logo_red_greyscale_square_RGB-5.png","contentUrl":"https:\/\/www.teka.com\/es-mx\/wp-content\/uploads\/sites\/11\/2024\/08\/Teka_100years_logo_red_greyscale_square_RGB-5.png","width":4042,"height":4042,"caption":"Teka M\u00e9xico"},"image":{"@id":"https:\/\/www.teka.com\/es-mx\/#\/schema\/logo\/image\/"}}]}},"_links":{"self":[{"href":"https:\/\/www.teka.com\/es-mx\/wp-json\/wp\/v2\/product\/124273","targetHints":{"allow":["GET"]}}],"collection":[{"href":"https:\/\/www.teka.com\/es-mx\/wp-json\/wp\/v2\/product"}],"about":[{"href":"https:\/\/www.teka.com\/es-mx\/wp-json\/wp\/v2\/types\/product"}],"wp:attachment":[{"href":"https:\/\/www.teka.com\/es-mx\/wp-json\/wp\/v2\/media?parent=124273"}],"wp:term":[{"taxonomy":"product_cat","embeddable":true,"href":"https:\/\/www.teka.com\/es-mx\/wp-json\/wp\/v2\/product_cat?post=124273"},{"taxonomy":"product_cleaning_system","embeddable":true,"href":"https:\/\/www.teka.com\/es-mx\/wp-json\/wp\/v2\/product_cleaning_system?post=124273"},{"taxonomy":"product_3rd_basket","embeddable":true,"href":"https:\/\/www.teka.com\/es-mx\/wp-json\/wp\/v2\/product_3rd_basket?post=124273"},{"taxonomy":"product_drawers","embeddable":true,"href":"https:\/\/www.teka.com\/es-mx\/wp-json\/wp\/v2\/product_drawers?post=124273"},{"taxonomy":"product_type_of_installation","embeddable":true,"href":"https:\/\/www.teka.com\/es-mx\/wp-json\/wp\/v2\/product_type_of_installation?post=124273"},{"taxonomy":"product_edition","embeddable":true,"href":"https:\/\/www.teka.com\/es-mx\/wp-json\/wp\/v2\/product_edition?post=124273"},{"taxonomy":"product_serie","embeddable":true,"href":"https:\/\/www.teka.com\/es-mx\/wp-json\/wp\/v2\/product_serie?post=124273"},{"taxonomy":"product_features","embeddable":true,"href":"https:\/\/www.teka.com\/es-mx\/wp-json\/wp\/v2\/product_features?post=124273"},{"taxonomy":"finishes","embeddable":true,"href":"https:\/\/www.teka.com\/es-mx\/wp-json\/wp\/v2\/finishes?post=124273"},{"taxonomy":"product_bundles","embeddable":true,"href":"https:\/\/www.teka.com\/es-mx\/wp-json\/wp\/v2\/product_bundles?post=124273"},{"taxonomy":"product_energy_efficiency","embeddable":true,"href":"https:\/\/www.teka.com\/es-mx\/wp-json\/wp\/v2\/product_energy_efficiency?post=124273"},{"taxonomy":"product_video_training","embeddable":true,"href":"https:\/\/www.teka.com\/es-mx\/wp-json\/wp\/v2\/product_video_training?post=124273"}],"curies":[{"name":"wp","href":"https:\/\/api.w.org\/{rel}","templated":true}]}}