{"id":124276,"date":"2026-04-07T21:13:18","date_gmt":"2026-04-07T21:13:18","guid":{"rendered":"https:\/\/teka.com\/en-int\/van-gogh-ibf-64-fst-vg_112510049"},"modified":"2026-03-28T01:10:31","modified_gmt":"2026-03-28T02:10:31","slug":"van-gogh-ibf-64-fst-vg_112510049","status":"publish","type":"product","link":"https:\/\/www.teka.com\/es-mx\/producto\/van-gogh-ibf-64-fst-vg_112510049\/","title":{"rendered":"Van Gogh IBF 64 FST VG"},"content":{"rendered":"<ul>\n<li>Edici\u00f3n Especial Van Gogh: arte que transforma tu cocina y hogar a trav\u00e9s del dise\u00f1o exclusivo que combina elegancia, funcionalidad y distinci\u00f3n.<\/li>\n<li>Cristal vitrocer\u00e1mico biselado edici\u00f3n especial Van Gogh que combina arte, elegancia y funcionalidad.<\/li>\n<li>Touch Control Singleslider con sensores ac\u00fasticos y bloqueo de seguridad individual para cada quemador.<\/li>\n<li>Bloqueo de seguridad que evita encendidos o cambios accidentales.<\/li>\n<li>Programaci\u00f3n del tiempo de cocci\u00f3n hasta 99 minutos con alarma ac\u00fastica (posibilidad de programar todas las zonas de cocci\u00f3n a la vez).<\/li>\n<li>Funci\u00f3n Power Plus para acelerar el calentamiento, ideal para hervir agua o cocinar en menos tiempo.<\/li>\n<li>Funci\u00f3n STOP &amp; GO ideal para interrupciones inesperadas.<\/li>\n<li>Funci\u00f3n limitaci\u00f3n potencia que permite ajustar y controlar el consumo energ\u00e9tico del equipo.<\/li>\n<li>Funciones especiales de cocinado: asar, fre\u00edr, hervir y mantener caliente,<\/li>\n<li>5 zonas de cocci\u00f3n (4 + 1 Flex combinada) para tener opciones de cocinado.<\/li>\n<li>Modo silencio que reduce o desactiva los sonidos ac\u00fasticos del electrodom\u00e9stico durante su uso.<\/li>\n<li>Detector de recipientes para maximizar la zona de uso.<\/li>\n<li>5 zonas de cocci\u00f3n con indicadores de calor residual que alertan sobre superficies a\u00fan calientes, mejorando la seguridad y previniendo accidentes.<\/li>\n<li>Sistema de f\u00e1cil instalaci\u00f3n fast-click mecanismo de montaje r\u00e1pido que permite instalar el equipo de forma sencilla y segura.<\/li>\n<\/ul>\n","protected":false},"featured_media":0,"parent":0,"template":"","product_cat":[3405],"product_cleaning_system":[],"product_3rd_basket":[],"product_drawers":[],"product_type_of_installation":[],"product_edition":[],"product_serie":[],"product_features":[56383,56384,56387,56411,56413],"finishes":[],"product_bundles":[],"product_energy_efficiency":[],"product_video_training":[57050,57056,57058,57061,57069,57263],"class_list":["post-124276","product","type-product","status-publish","hentry","product_cat-parrillas","usp-induction-18","usp-infinityg1-14","usp-vg-01-vg-museum-edition","color-cristal-gris-oscuro-y-negro","product_type_of_appliance-induccion","product_ambient-van-gogh-03","product_icons-flex","product_icons-easy-installation","product_icons-autolock","product_icons-power","product_icons-power-plus","product_icons-slider","product_features-quick-boiling","product_features-keep-warm","product_features-flex","product_features-grilling","product_features-deep-fry","product_video_training-traininghobs-01","product_video_training-traininghobs-02","product_video_training-traininghobs-04","product_video_training-traininghobs-05","product_video_training-traininghobs-10","product_video_training-traininghobs-14"],"acf":[],"yoast_head":"<!-- This site is optimized with the Yoast SEO plugin v27.2 - https:\/\/yoast.com\/product\/yoast-seo-wordpress\/ -->\n<title>Van Gogh IBF 64 FST VG | Teka M\u00e9xico<\/title>\n<meta name=\"description\" content=\"Descubre la Parrilla Vitrocer\u00e1mica de Inducci\u00f3n con cristal edici\u00f3n especial Van Gogh, bloqueo de seguridad, touch control, STOP &amp; GO y 5 zonas de cocci\u00f3n.\" \/>\n<meta name=\"robots\" content=\"index, follow, max-snippet:-1, max-image-preview:large, max-video-preview:-1\" \/>\n<link rel=\"canonical\" href=\"https:\/\/www.teka.com\/es-mx\/producto\/van-gogh-ibf-64-fst-vg_112510049\/\" \/>\n<meta property=\"og:locale\" content=\"es_MX\" \/>\n<meta property=\"og:type\" content=\"article\" \/>\n<meta property=\"og:title\" content=\"Van Gogh IBF 64 FST VG | Teka M\u00e9xico\" \/>\n<meta property=\"og:description\" content=\"Descubre la Parrilla Vitrocer\u00e1mica de Inducci\u00f3n con cristal edici\u00f3n especial Van Gogh, bloqueo de seguridad, touch control, STOP &amp; GO y 5 zonas de cocci\u00f3n.\" \/>\n<meta property=\"og:url\" content=\"https:\/\/www.teka.com\/es-mx\/producto\/van-gogh-ibf-64-fst-vg_112510049\/\" \/>\n<meta property=\"og:site_name\" content=\"Teka M\u00e9xico\" \/>\n<meta name=\"twitter:card\" content=\"summary_large_image\" \/>\n<meta name=\"twitter:label1\" content=\"Tiempo de lectura\" \/>\n\t<meta name=\"twitter:data1\" content=\"1 minuto\" \/>\n<script type=\"application\/ld+json\" class=\"yoast-schema-graph\">{\"@context\":\"https:\/\/schema.org\",\"@graph\":[{\"@type\":\"WebPage\",\"@id\":\"https:\/\/www.teka.com\/es-mx\/producto\/van-gogh-ibf-64-fst-vg_112510049\/\",\"url\":\"https:\/\/www.teka.com\/es-mx\/producto\/van-gogh-ibf-64-fst-vg_112510049\/\",\"name\":\"Van Gogh IBF 64 FST VG | Teka M\u00e9xico\",\"isPartOf\":{\"@id\":\"https:\/\/www.teka.com\/es-mx\/#website\"},\"datePublished\":\"2026-04-07T21:13:18+00:00\",\"description\":\"Descubre la Parrilla Vitrocer\u00e1mica de Inducci\u00f3n con cristal edici\u00f3n especial Van Gogh, bloqueo de seguridad, touch control, STOP & GO y 5 zonas de cocci\u00f3n.\",\"inLanguage\":\"es\",\"potentialAction\":[{\"@type\":\"ReadAction\",\"target\":[\"https:\/\/www.teka.com\/es-mx\/producto\/van-gogh-ibf-64-fst-vg_112510049\/\"]}]},{\"@type\":\"WebSite\",\"@id\":\"https:\/\/www.teka.com\/es-mx\/#website\",\"url\":\"https:\/\/www.teka.com\/es-mx\/\",\"name\":\"Teka M\u00e9xico\",\"description\":\"\",\"publisher\":{\"@id\":\"https:\/\/www.teka.com\/es-mx\/#organization\"},\"potentialAction\":[{\"@type\":\"SearchAction\",\"target\":{\"@type\":\"EntryPoint\",\"urlTemplate\":\"https:\/\/www.teka.com\/es-mx\/?s={search_term_string}\"},\"query-input\":{\"@type\":\"PropertyValueSpecification\",\"valueRequired\":true,\"valueName\":\"search_term_string\"}}],\"inLanguage\":\"es\"},{\"@type\":\"Organization\",\"@id\":\"https:\/\/www.teka.com\/es-mx\/#organization\",\"name\":\"Teka M\u00e9xico\",\"url\":\"https:\/\/www.teka.com\/es-mx\/\",\"logo\":{\"@type\":\"ImageObject\",\"inLanguage\":\"es\",\"@id\":\"https:\/\/www.teka.com\/es-mx\/#\/schema\/logo\/image\/\",\"url\":\"https:\/\/www.teka.com\/es-mx\/wp-content\/uploads\/sites\/11\/2024\/08\/Teka_100years_logo_red_greyscale_square_RGB-5.png\",\"contentUrl\":\"https:\/\/www.teka.com\/es-mx\/wp-content\/uploads\/sites\/11\/2024\/08\/Teka_100years_logo_red_greyscale_square_RGB-5.png\",\"width\":4042,\"height\":4042,\"caption\":\"Teka M\u00e9xico\"},\"image\":{\"@id\":\"https:\/\/www.teka.com\/es-mx\/#\/schema\/logo\/image\/\"}}]}<\/script>\n<!-- \/ Yoast SEO plugin. -->","yoast_head_json":{"title":"Van Gogh IBF 64 FST VG | Teka M\u00e9xico","description":"Descubre la Parrilla Vitrocer\u00e1mica de Inducci\u00f3n con cristal edici\u00f3n especial Van Gogh, bloqueo de seguridad, touch control, STOP & GO y 5 zonas de cocci\u00f3n.","robots":{"index":"index","follow":"follow","max-snippet":"max-snippet:-1","max-image-preview":"max-image-preview:large","max-video-preview":"max-video-preview:-1"},"canonical":"https:\/\/www.teka.com\/es-mx\/producto\/van-gogh-ibf-64-fst-vg_112510049\/","og_locale":"es_MX","og_type":"article","og_title":"Van Gogh IBF 64 FST VG | Teka M\u00e9xico","og_description":"Descubre la Parrilla Vitrocer\u00e1mica de Inducci\u00f3n con cristal edici\u00f3n especial Van Gogh, bloqueo de seguridad, touch control, STOP & GO y 5 zonas de cocci\u00f3n.","og_url":"https:\/\/www.teka.com\/es-mx\/producto\/van-gogh-ibf-64-fst-vg_112510049\/","og_site_name":"Teka M\u00e9xico","twitter_card":"summary_large_image","twitter_misc":{"Tiempo de lectura":"1 minuto"},"schema":{"@context":"https:\/\/schema.org","@graph":[{"@type":"WebPage","@id":"https:\/\/www.teka.com\/es-mx\/producto\/van-gogh-ibf-64-fst-vg_112510049\/","url":"https:\/\/www.teka.com\/es-mx\/producto\/van-gogh-ibf-64-fst-vg_112510049\/","name":"Van Gogh IBF 64 FST VG | Teka M\u00e9xico","isPartOf":{"@id":"https:\/\/www.teka.com\/es-mx\/#website"},"datePublished":"2026-04-07T21:13:18+00:00","description":"Descubre la Parrilla Vitrocer\u00e1mica de Inducci\u00f3n con cristal edici\u00f3n especial Van Gogh, bloqueo de seguridad, touch control, STOP & GO y 5 zonas de cocci\u00f3n.","inLanguage":"es","potentialAction":[{"@type":"ReadAction","target":["https:\/\/www.teka.com\/es-mx\/producto\/van-gogh-ibf-64-fst-vg_112510049\/"]}]},{"@type":"WebSite","@id":"https:\/\/www.teka.com\/es-mx\/#website","url":"https:\/\/www.teka.com\/es-mx\/","name":"Teka M\u00e9xico","description":"","publisher":{"@id":"https:\/\/www.teka.com\/es-mx\/#organization"},"potentialAction":[{"@type":"SearchAction","target":{"@type":"EntryPoint","urlTemplate":"https:\/\/www.teka.com\/es-mx\/?s={search_term_string}"},"query-input":{"@type":"PropertyValueSpecification","valueRequired":true,"valueName":"search_term_string"}}],"inLanguage":"es"},{"@type":"Organization","@id":"https:\/\/www.teka.com\/es-mx\/#organization","name":"Teka M\u00e9xico","url":"https:\/\/www.teka.com\/es-mx\/","logo":{"@type":"ImageObject","inLanguage":"es","@id":"https:\/\/www.teka.com\/es-mx\/#\/schema\/logo\/image\/","url":"https:\/\/www.teka.com\/es-mx\/wp-content\/uploads\/sites\/11\/2024\/08\/Teka_100years_logo_red_greyscale_square_RGB-5.png","contentUrl":"https:\/\/www.teka.com\/es-mx\/wp-content\/uploads\/sites\/11\/2024\/08\/Teka_100years_logo_red_greyscale_square_RGB-5.png","width":4042,"height":4042,"caption":"Teka M\u00e9xico"},"image":{"@id":"https:\/\/www.teka.com\/es-mx\/#\/schema\/logo\/image\/"}}]}},"_links":{"self":[{"href":"https:\/\/www.teka.com\/es-mx\/wp-json\/wp\/v2\/product\/124276","targetHints":{"allow":["GET"]}}],"collection":[{"href":"https:\/\/www.teka.com\/es-mx\/wp-json\/wp\/v2\/product"}],"about":[{"href":"https:\/\/www.teka.com\/es-mx\/wp-json\/wp\/v2\/types\/product"}],"wp:attachment":[{"href":"https:\/\/www.teka.com\/es-mx\/wp-json\/wp\/v2\/media?parent=124276"}],"wp:term":[{"taxonomy":"product_cat","embeddable":true,"href":"https:\/\/www.teka.com\/es-mx\/wp-json\/wp\/v2\/product_cat?post=124276"},{"taxonomy":"product_cleaning_system","embeddable":true,"href":"https:\/\/www.teka.com\/es-mx\/wp-json\/wp\/v2\/product_cleaning_system?post=124276"},{"taxonomy":"product_3rd_basket","embeddable":true,"href":"https:\/\/www.teka.com\/es-mx\/wp-json\/wp\/v2\/product_3rd_basket?post=124276"},{"taxonomy":"product_drawers","embeddable":true,"href":"https:\/\/www.teka.com\/es-mx\/wp-json\/wp\/v2\/product_drawers?post=124276"},{"taxonomy":"product_type_of_installation","embeddable":true,"href":"https:\/\/www.teka.com\/es-mx\/wp-json\/wp\/v2\/product_type_of_installation?post=124276"},{"taxonomy":"product_edition","embeddable":true,"href":"https:\/\/www.teka.com\/es-mx\/wp-json\/wp\/v2\/product_edition?post=124276"},{"taxonomy":"product_serie","embeddable":true,"href":"https:\/\/www.teka.com\/es-mx\/wp-json\/wp\/v2\/product_serie?post=124276"},{"taxonomy":"product_features","embeddable":true,"href":"https:\/\/www.teka.com\/es-mx\/wp-json\/wp\/v2\/product_features?post=124276"},{"taxonomy":"finishes","embeddable":true,"href":"https:\/\/www.teka.com\/es-mx\/wp-json\/wp\/v2\/finishes?post=124276"},{"taxonomy":"product_bundles","embeddable":true,"href":"https:\/\/www.teka.com\/es-mx\/wp-json\/wp\/v2\/product_bundles?post=124276"},{"taxonomy":"product_energy_efficiency","embeddable":true,"href":"https:\/\/www.teka.com\/es-mx\/wp-json\/wp\/v2\/product_energy_efficiency?post=124276"},{"taxonomy":"product_video_training","embeddable":true,"href":"https:\/\/www.teka.com\/es-mx\/wp-json\/wp\/v2\/product_video_training?post=124276"}],"curies":[{"name":"wp","href":"https:\/\/api.w.org\/{rel}","templated":true}]}}