{"id":124773,"date":"2026-05-06T09:45:30","date_gmt":"2026-05-06T09:45:30","guid":{"rendered":"https:\/\/teka.com\/es-mx\/hlc-8440-c-fbk_111160038"},"modified":"2026-05-04T01:57:49","modified_gmt":"2026-05-04T02:57:49","slug":"hlc-8440-c-fbk_111160038","status":"publish","type":"product","link":"https:\/\/www.teka.com\/es-mx\/producto\/hlc-8440-c-fbk_111160038\/","title":{"rendered":"HLC 8440 C FBK"},"content":{"rendered":"<ul>\n<li>Full Black abraza el negro absoluto con un dise\u00f1o atemporal y sofisticado que redefine la cocina contempor\u00e1nea, combinando elegancia, tecnolog\u00eda y car\u00e1cter.<\/li>\n<li>\u2022\tSurroundTemp sistema de cocci\u00f3n con ventilaci\u00f3n envolvente que distribuye el calor de manera homog\u00e9nea en todo el horno, garantizando resultados uniformes, mejor dorado y mayor eficiencia energ\u00e9tica en cada preparaci\u00f3n.<\/li>\n<li>\u2022\tCristal negro con antihuella acabado Full Black que mantiene el horno limpio, elegante y f\u00e1cil de cuidar.<\/li>\n<li>\u2022\t11 funciones de cocinado + Sistema de limpieza Hydroclean\u00ae Eco para preparar desde recetas tradicionales hasta platillos especializados y facilitando la limpieza profunda del horno.<\/li>\n<li>\u2022\t5 niveles de potencia de microondas que permite ajustar la intensidad seg\u00fan cada preparaci\u00f3n, logrando desde un calentado suave hasta una cocci\u00f3n r\u00e1pida y uniforme.<\/li>\n<li>\u2022\tDisplay con touch control que ofrece manejo intuitivo, lectura clara y control preciso de las funciones.<\/li>\n<li>\u2022\tTimer digital y maxi grill: 2,500 W para gratinar, dorar y asar con resultados profesionales.<\/li>\n<li>\u2022\tPuerta de triple cristal que mejora el aislamiento t\u00e9rmico y la seguridad, manteniendo el exterior m\u00e1s fr\u00edo.<\/li>\n<li>\u2022\tVentilaci\u00f3n tangencial que protege los muebles y mejora la disipaci\u00f3n del calor durante el uso.<\/li>\n<li>\u2022\tBloqueo de seguridad para ni\u00f1os que evita el uso accidental, brindando mayor seguridad en hogares con ni\u00f1os.<\/li>\n<li>\u2022\tEsmalte interior Crystal Clean\u00ae que ofrece superficie antiadherente, mayor durabilidad y limpieza m\u00e1s sencilla.<\/li>\n<li>\u2022\tGu\u00edas cromadas con cinco alturas de cocinado para adaptar el espacio interior a diferentes recetas y recipientes.<\/li>\n<li>\u2022\tParrilla cromada y bandeja de cristal que ofrecen versatilidad en la cocci\u00f3n, f\u00e1cil limpieza y mayor durabilidad para un uso pr\u00e1ctico y seguro en el d\u00eda a d\u00eda.&quot;<\/li>\n<\/ul>\n","protected":false},"featured_media":0,"parent":0,"template":"","product_cat":[],"product_cleaning_system":[3162],"product_3rd_basket":[],"product_drawers":[],"product_type_of_installation":[],"product_edition":[],"product_serie":[],"product_features":[],"finishes":[],"product_bundles":[],"product_energy_efficiency":[],"product_video_training":[57055,57059,57065,57079,57265],"class_list":["post-124773","product","type-product","status-publish","hentry","color-fbk","product_icons-40l","product_icons-hydroclean","product_icons-surroundtemp","product_cleaning_system-hydroclean","product_video_training-trainingovens-01","product_video_training-trainingovens-02","product_video_training-trainingovens-05","product_video_training-trainingovens-12","product_video_training-trainingovens-22"],"acf":[],"yoast_head":"<!-- This site is optimized with the Yoast SEO plugin v27.5 - https:\/\/yoast.com\/product\/yoast-seo-wordpress\/ -->\n<title>Teka Horno El\u00e9ctrico Multifunci\u00f3n SurroundTemp+Microondas<\/title>\n<meta name=\"description\" content=\"Teka Horno El\u00e9ctrico Multifunci\u00f3n SurroundTemp+Microondas con acabado Full Black, 11 funciones de cocinado, puerta de triple cristal y bloqueo para ni\u00f1os.\" \/>\n<meta name=\"robots\" content=\"index, follow, max-snippet:-1, max-image-preview:large, max-video-preview:-1\" \/>\n<link rel=\"canonical\" href=\"https:\/\/www.teka.com\/es-mx\/producto\/hlc-8440-c-fbk_111160038\/\" \/>\n<meta property=\"og:locale\" content=\"es_MX\" \/>\n<meta property=\"og:type\" content=\"article\" \/>\n<meta property=\"og:title\" content=\"Teka Horno El\u00e9ctrico Multifunci\u00f3n SurroundTemp+Microondas\" \/>\n<meta property=\"og:description\" content=\"Teka Horno El\u00e9ctrico Multifunci\u00f3n SurroundTemp+Microondas con acabado Full Black, 11 funciones de cocinado, puerta de triple cristal y bloqueo para ni\u00f1os.\" \/>\n<meta property=\"og:url\" content=\"https:\/\/www.teka.com\/es-mx\/producto\/hlc-8440-c-fbk_111160038\/\" \/>\n<meta property=\"og:site_name\" content=\"Teka M\u00e9xico\" \/>\n<meta name=\"twitter:card\" content=\"summary_large_image\" \/>\n<meta name=\"twitter:label1\" content=\"Tiempo de lectura\" \/>\n\t<meta name=\"twitter:data1\" content=\"1 minuto\" \/>\n<script type=\"application\/ld+json\" class=\"yoast-schema-graph\">{\"@context\":\"https:\\\/\\\/schema.org\",\"@graph\":[{\"@type\":\"WebPage\",\"@id\":\"https:\\\/\\\/www.teka.com\\\/es-mx\\\/producto\\\/hlc-8440-c-fbk_111160038\\\/\",\"url\":\"https:\\\/\\\/www.teka.com\\\/es-mx\\\/producto\\\/hlc-8440-c-fbk_111160038\\\/\",\"name\":\"Teka Horno El\u00e9ctrico Multifunci\u00f3n SurroundTemp+Microondas\",\"isPartOf\":{\"@id\":\"https:\\\/\\\/www.teka.com\\\/es-mx\\\/#website\"},\"datePublished\":\"2026-05-06T09:45:30+00:00\",\"description\":\"Teka Horno El\u00e9ctrico Multifunci\u00f3n SurroundTemp+Microondas con acabado Full Black, 11 funciones de cocinado, puerta de triple cristal y bloqueo para ni\u00f1os.\",\"inLanguage\":\"es\",\"potentialAction\":[{\"@type\":\"ReadAction\",\"target\":[\"https:\\\/\\\/www.teka.com\\\/es-mx\\\/producto\\\/hlc-8440-c-fbk_111160038\\\/\"]}]},{\"@type\":\"WebSite\",\"@id\":\"https:\\\/\\\/www.teka.com\\\/es-mx\\\/#website\",\"url\":\"https:\\\/\\\/www.teka.com\\\/es-mx\\\/\",\"name\":\"Teka M\u00e9xico\",\"description\":\"\",\"publisher\":{\"@id\":\"https:\\\/\\\/www.teka.com\\\/es-mx\\\/#organization\"},\"potentialAction\":[{\"@type\":\"SearchAction\",\"target\":{\"@type\":\"EntryPoint\",\"urlTemplate\":\"https:\\\/\\\/www.teka.com\\\/es-mx\\\/?s={search_term_string}\"},\"query-input\":{\"@type\":\"PropertyValueSpecification\",\"valueRequired\":true,\"valueName\":\"search_term_string\"}}],\"inLanguage\":\"es\"},{\"@type\":\"Organization\",\"@id\":\"https:\\\/\\\/www.teka.com\\\/es-mx\\\/#organization\",\"name\":\"Teka M\u00e9xico\",\"url\":\"https:\\\/\\\/www.teka.com\\\/es-mx\\\/\",\"logo\":{\"@type\":\"ImageObject\",\"inLanguage\":\"es\",\"@id\":\"https:\\\/\\\/www.teka.com\\\/es-mx\\\/#\\\/schema\\\/logo\\\/image\\\/\",\"url\":\"https:\\\/\\\/www.teka.com\\\/es-mx\\\/wp-content\\\/uploads\\\/sites\\\/11\\\/2024\\\/08\\\/Teka_100years_logo_red_greyscale_square_RGB-5.png\",\"contentUrl\":\"https:\\\/\\\/www.teka.com\\\/es-mx\\\/wp-content\\\/uploads\\\/sites\\\/11\\\/2024\\\/08\\\/Teka_100years_logo_red_greyscale_square_RGB-5.png\",\"width\":4042,\"height\":4042,\"caption\":\"Teka M\u00e9xico\"},\"image\":{\"@id\":\"https:\\\/\\\/www.teka.com\\\/es-mx\\\/#\\\/schema\\\/logo\\\/image\\\/\"}}]}<\/script>\n<!-- \/ Yoast SEO plugin. -->","yoast_head_json":{"title":"Teka Horno El\u00e9ctrico Multifunci\u00f3n SurroundTemp+Microondas","description":"Teka Horno El\u00e9ctrico Multifunci\u00f3n SurroundTemp+Microondas con acabado Full Black, 11 funciones de cocinado, puerta de triple cristal y bloqueo para ni\u00f1os.","robots":{"index":"index","follow":"follow","max-snippet":"max-snippet:-1","max-image-preview":"max-image-preview:large","max-video-preview":"max-video-preview:-1"},"canonical":"https:\/\/www.teka.com\/es-mx\/producto\/hlc-8440-c-fbk_111160038\/","og_locale":"es_MX","og_type":"article","og_title":"Teka Horno El\u00e9ctrico Multifunci\u00f3n SurroundTemp+Microondas","og_description":"Teka Horno El\u00e9ctrico Multifunci\u00f3n SurroundTemp+Microondas con acabado Full Black, 11 funciones de cocinado, puerta de triple cristal y bloqueo para ni\u00f1os.","og_url":"https:\/\/www.teka.com\/es-mx\/producto\/hlc-8440-c-fbk_111160038\/","og_site_name":"Teka M\u00e9xico","twitter_card":"summary_large_image","twitter_misc":{"Tiempo de lectura":"1 minuto"},"schema":{"@context":"https:\/\/schema.org","@graph":[{"@type":"WebPage","@id":"https:\/\/www.teka.com\/es-mx\/producto\/hlc-8440-c-fbk_111160038\/","url":"https:\/\/www.teka.com\/es-mx\/producto\/hlc-8440-c-fbk_111160038\/","name":"Teka Horno El\u00e9ctrico Multifunci\u00f3n SurroundTemp+Microondas","isPartOf":{"@id":"https:\/\/www.teka.com\/es-mx\/#website"},"datePublished":"2026-05-06T09:45:30+00:00","description":"Teka Horno El\u00e9ctrico Multifunci\u00f3n SurroundTemp+Microondas con acabado Full Black, 11 funciones de cocinado, puerta de triple cristal y bloqueo para ni\u00f1os.","inLanguage":"es","potentialAction":[{"@type":"ReadAction","target":["https:\/\/www.teka.com\/es-mx\/producto\/hlc-8440-c-fbk_111160038\/"]}]},{"@type":"WebSite","@id":"https:\/\/www.teka.com\/es-mx\/#website","url":"https:\/\/www.teka.com\/es-mx\/","name":"Teka M\u00e9xico","description":"","publisher":{"@id":"https:\/\/www.teka.com\/es-mx\/#organization"},"potentialAction":[{"@type":"SearchAction","target":{"@type":"EntryPoint","urlTemplate":"https:\/\/www.teka.com\/es-mx\/?s={search_term_string}"},"query-input":{"@type":"PropertyValueSpecification","valueRequired":true,"valueName":"search_term_string"}}],"inLanguage":"es"},{"@type":"Organization","@id":"https:\/\/www.teka.com\/es-mx\/#organization","name":"Teka M\u00e9xico","url":"https:\/\/www.teka.com\/es-mx\/","logo":{"@type":"ImageObject","inLanguage":"es","@id":"https:\/\/www.teka.com\/es-mx\/#\/schema\/logo\/image\/","url":"https:\/\/www.teka.com\/es-mx\/wp-content\/uploads\/sites\/11\/2024\/08\/Teka_100years_logo_red_greyscale_square_RGB-5.png","contentUrl":"https:\/\/www.teka.com\/es-mx\/wp-content\/uploads\/sites\/11\/2024\/08\/Teka_100years_logo_red_greyscale_square_RGB-5.png","width":4042,"height":4042,"caption":"Teka M\u00e9xico"},"image":{"@id":"https:\/\/www.teka.com\/es-mx\/#\/schema\/logo\/image\/"}}]}},"_links":{"self":[{"href":"https:\/\/www.teka.com\/es-mx\/wp-json\/wp\/v2\/product\/124773","targetHints":{"allow":["GET"]}}],"collection":[{"href":"https:\/\/www.teka.com\/es-mx\/wp-json\/wp\/v2\/product"}],"about":[{"href":"https:\/\/www.teka.com\/es-mx\/wp-json\/wp\/v2\/types\/product"}],"wp:attachment":[{"href":"https:\/\/www.teka.com\/es-mx\/wp-json\/wp\/v2\/media?parent=124773"}],"wp:term":[{"taxonomy":"product_cat","embeddable":true,"href":"https:\/\/www.teka.com\/es-mx\/wp-json\/wp\/v2\/product_cat?post=124773"},{"taxonomy":"product_cleaning_system","embeddable":true,"href":"https:\/\/www.teka.com\/es-mx\/wp-json\/wp\/v2\/product_cleaning_system?post=124773"},{"taxonomy":"product_3rd_basket","embeddable":true,"href":"https:\/\/www.teka.com\/es-mx\/wp-json\/wp\/v2\/product_3rd_basket?post=124773"},{"taxonomy":"product_drawers","embeddable":true,"href":"https:\/\/www.teka.com\/es-mx\/wp-json\/wp\/v2\/product_drawers?post=124773"},{"taxonomy":"product_type_of_installation","embeddable":true,"href":"https:\/\/www.teka.com\/es-mx\/wp-json\/wp\/v2\/product_type_of_installation?post=124773"},{"taxonomy":"product_edition","embeddable":true,"href":"https:\/\/www.teka.com\/es-mx\/wp-json\/wp\/v2\/product_edition?post=124773"},{"taxonomy":"product_serie","embeddable":true,"href":"https:\/\/www.teka.com\/es-mx\/wp-json\/wp\/v2\/product_serie?post=124773"},{"taxonomy":"product_features","embeddable":true,"href":"https:\/\/www.teka.com\/es-mx\/wp-json\/wp\/v2\/product_features?post=124773"},{"taxonomy":"finishes","embeddable":true,"href":"https:\/\/www.teka.com\/es-mx\/wp-json\/wp\/v2\/finishes?post=124773"},{"taxonomy":"product_bundles","embeddable":true,"href":"https:\/\/www.teka.com\/es-mx\/wp-json\/wp\/v2\/product_bundles?post=124773"},{"taxonomy":"product_energy_efficiency","embeddable":true,"href":"https:\/\/www.teka.com\/es-mx\/wp-json\/wp\/v2\/product_energy_efficiency?post=124773"},{"taxonomy":"product_video_training","embeddable":true,"href":"https:\/\/www.teka.com\/es-mx\/wp-json\/wp\/v2\/product_video_training?post=124773"}],"curies":[{"name":"wp","href":"https:\/\/api.w.org\/{rel}","templated":true}]}}