{"id":67729,"date":"2026-04-24T05:11:23","date_gmt":"2026-04-24T05:11:23","guid":{"rendered":"https:\/\/www.teka.com\/es-mx\/producto\/hbb-724-g_111050001\/"},"modified":"2026-03-14T06:03:06","modified_gmt":"2026-03-14T07:03:06","slug":"hbb-724-g_111050001","status":"publish","type":"product","link":"https:\/\/www.teka.com\/es-mx\/producto\/hbb-724-g_111050001\/","title":{"rendered":"HBB 724 G"},"content":{"rendered":"<ul>\n<li>Ideal para quienes buscan cocinar alimentos de forma eficiente sin perder tiempo.<\/li>\n<li>Acero inoxidable con antihuella que mantiene el horno limpio, elegante y f\u00e1cil de cuidar.<\/li>\n<li>2 funciones de cocinado para una cocci\u00f3n uniforme y adecuada.<\/li>\n<li>Iluminaci\u00f3n hal\u00f3gena en el interior que permite visualizar el estado de cocci\u00f3n sin abrir la puerta.<\/li>\n<li>Puerta de doble cristal que mejora el aislamiento t\u00e9rmico y la seguridad, manteniendo el exterior m\u00e1s fr\u00edo.<\/li>\n<li>Ventilaci\u00f3n tangencial que protege los muebles y mejora la disipaci\u00f3n del calor durante el uso.<\/li>\n<li>Seguridad por termopar integrada en el quemador: v\u00e1lvula de seguridad que bloquea el paso del gas por seguridad en caso de ausencia (derrame o aire).<\/li>\n<li>Termostato para control de temperatura y encendido electr\u00f3nico integrado en la perilla para un uso f\u00e1cil y sencillo.<\/li>\n<li>1 quemador de gas de 2,350 W (8,460 BTU).<\/li>\n<li>Tipos de gas: LP (butano\/propano) o natural.<\/li>\n<li>Esmalte interior Crystal Clean\u00ae que ofrece una superficie antiadherente, mayor durabilidad y limpieza m\u00e1s sencilla.<\/li>\n<li>Bandeja profunda con esmalte Crystal Clean\u00ae dise\u00f1ada para cocciones de gran volumen, su esmalte especial evita la adherencia de grasa y residuos, facilitando la limpieza y prolongando la durabilidad.<\/li>\n<\/ul>\n","protected":false},"featured_media":0,"parent":0,"template":"","product_cat":[3409],"product_cleaning_system":[],"product_3rd_basket":[],"product_drawers":[],"product_type_of_installation":[56382],"product_edition":[],"product_serie":[],"product_features":[],"finishes":[],"product_bundles":[],"product_energy_efficiency":[56992],"product_video_training":[57055,57065,57079,57265],"class_list":["post-67729","product","type-product","status-publish","hentry","product_cat-hornos","usp-ovens-06","usp-ovens-11","usp-cookinglovers-01","usp-renewableenergy-01","color-inox","product_type_of_appliance-convencional","product_icons-72l","product_type_of_installation-integrable","product_energy_efficiency-a-plus-icon","product_video_training-trainingovens-01","product_video_training-trainingovens-05","product_video_training-trainingovens-12","product_video_training-trainingovens-22"],"acf":[],"yoast_head":"<!-- This site is optimized with the Yoast SEO plugin v27.2 - https:\/\/yoast.com\/product\/yoast-seo-wordpress\/ -->\n<title>Teka Horno El\u00e9ctrico a Gas Est\u00e1tico con capacidad de 77 L<\/title>\n<meta name=\"description\" content=\"Descubre el Horno El\u00e9ctrico a Gas Est\u00e1tico con 2 funciones de cocinado, puerta de doble cristal, seguridad termopar, 1 quemador de gas y esmalte Crystal Clean\u00ae.\" \/>\n<meta name=\"robots\" content=\"index, follow, max-snippet:-1, max-image-preview:large, max-video-preview:-1\" \/>\n<link rel=\"canonical\" href=\"https:\/\/www.teka.com\/es-mx\/producto\/hbb-724-g_111050001\/\" \/>\n<meta property=\"og:locale\" content=\"es_MX\" \/>\n<meta property=\"og:type\" content=\"article\" \/>\n<meta property=\"og:title\" content=\"Teka Horno El\u00e9ctrico a Gas Est\u00e1tico con capacidad de 77 L\" \/>\n<meta property=\"og:description\" content=\"Descubre el Horno El\u00e9ctrico a Gas Est\u00e1tico con 2 funciones de cocinado, puerta de doble cristal, seguridad termopar, 1 quemador de gas y esmalte Crystal Clean\u00ae.\" \/>\n<meta property=\"og:url\" content=\"https:\/\/www.teka.com\/es-mx\/producto\/hbb-724-g_111050001\/\" \/>\n<meta property=\"og:site_name\" content=\"Teka M\u00e9xico\" \/>\n<meta name=\"twitter:card\" content=\"summary_large_image\" \/>\n<meta name=\"twitter:label1\" content=\"Tiempo de lectura\" \/>\n\t<meta name=\"twitter:data1\" content=\"1 minuto\" \/>\n<script type=\"application\/ld+json\" class=\"yoast-schema-graph\">{\"@context\":\"https:\/\/schema.org\",\"@graph\":[{\"@type\":\"WebPage\",\"@id\":\"https:\/\/www.teka.com\/es-mx\/producto\/hbb-724-g_111050001\/\",\"url\":\"https:\/\/www.teka.com\/es-mx\/producto\/hbb-724-g_111050001\/\",\"name\":\"Teka Horno El\u00e9ctrico a Gas Est\u00e1tico con capacidad de 77 L\",\"isPartOf\":{\"@id\":\"https:\/\/www.teka.com\/es-mx\/#website\"},\"datePublished\":\"2026-04-24T05:11:23+00:00\",\"description\":\"Descubre el Horno El\u00e9ctrico a Gas Est\u00e1tico con 2 funciones de cocinado, puerta de doble cristal, seguridad termopar, 1 quemador de gas y esmalte Crystal Clean\u00ae.\",\"inLanguage\":\"es\",\"potentialAction\":[{\"@type\":\"ReadAction\",\"target\":[\"https:\/\/www.teka.com\/es-mx\/producto\/hbb-724-g_111050001\/\"]}]},{\"@type\":\"WebSite\",\"@id\":\"https:\/\/www.teka.com\/es-mx\/#website\",\"url\":\"https:\/\/www.teka.com\/es-mx\/\",\"name\":\"Teka M\u00e9xico\",\"description\":\"\",\"publisher\":{\"@id\":\"https:\/\/www.teka.com\/es-mx\/#organization\"},\"potentialAction\":[{\"@type\":\"SearchAction\",\"target\":{\"@type\":\"EntryPoint\",\"urlTemplate\":\"https:\/\/www.teka.com\/es-mx\/?s={search_term_string}\"},\"query-input\":{\"@type\":\"PropertyValueSpecification\",\"valueRequired\":true,\"valueName\":\"search_term_string\"}}],\"inLanguage\":\"es\"},{\"@type\":\"Organization\",\"@id\":\"https:\/\/www.teka.com\/es-mx\/#organization\",\"name\":\"Teka M\u00e9xico\",\"url\":\"https:\/\/www.teka.com\/es-mx\/\",\"logo\":{\"@type\":\"ImageObject\",\"inLanguage\":\"es\",\"@id\":\"https:\/\/www.teka.com\/es-mx\/#\/schema\/logo\/image\/\",\"url\":\"https:\/\/www.teka.com\/es-mx\/wp-content\/uploads\/sites\/11\/2024\/08\/Teka_100years_logo_red_greyscale_square_RGB-5.png\",\"contentUrl\":\"https:\/\/www.teka.com\/es-mx\/wp-content\/uploads\/sites\/11\/2024\/08\/Teka_100years_logo_red_greyscale_square_RGB-5.png\",\"width\":4042,\"height\":4042,\"caption\":\"Teka M\u00e9xico\"},\"image\":{\"@id\":\"https:\/\/www.teka.com\/es-mx\/#\/schema\/logo\/image\/\"}}]}<\/script>\n<!-- \/ Yoast SEO plugin. -->","yoast_head_json":{"title":"Teka Horno El\u00e9ctrico a Gas Est\u00e1tico con capacidad de 77 L","description":"Descubre el Horno El\u00e9ctrico a Gas Est\u00e1tico con 2 funciones de cocinado, puerta de doble cristal, seguridad termopar, 1 quemador de gas y esmalte Crystal Clean\u00ae.","robots":{"index":"index","follow":"follow","max-snippet":"max-snippet:-1","max-image-preview":"max-image-preview:large","max-video-preview":"max-video-preview:-1"},"canonical":"https:\/\/www.teka.com\/es-mx\/producto\/hbb-724-g_111050001\/","og_locale":"es_MX","og_type":"article","og_title":"Teka Horno El\u00e9ctrico a Gas Est\u00e1tico con capacidad de 77 L","og_description":"Descubre el Horno El\u00e9ctrico a Gas Est\u00e1tico con 2 funciones de cocinado, puerta de doble cristal, seguridad termopar, 1 quemador de gas y esmalte Crystal Clean\u00ae.","og_url":"https:\/\/www.teka.com\/es-mx\/producto\/hbb-724-g_111050001\/","og_site_name":"Teka M\u00e9xico","twitter_card":"summary_large_image","twitter_misc":{"Tiempo de lectura":"1 minuto"},"schema":{"@context":"https:\/\/schema.org","@graph":[{"@type":"WebPage","@id":"https:\/\/www.teka.com\/es-mx\/producto\/hbb-724-g_111050001\/","url":"https:\/\/www.teka.com\/es-mx\/producto\/hbb-724-g_111050001\/","name":"Teka Horno El\u00e9ctrico a Gas Est\u00e1tico con capacidad de 77 L","isPartOf":{"@id":"https:\/\/www.teka.com\/es-mx\/#website"},"datePublished":"2026-04-24T05:11:23+00:00","description":"Descubre el Horno El\u00e9ctrico a Gas Est\u00e1tico con 2 funciones de cocinado, puerta de doble cristal, seguridad termopar, 1 quemador de gas y esmalte Crystal Clean\u00ae.","inLanguage":"es","potentialAction":[{"@type":"ReadAction","target":["https:\/\/www.teka.com\/es-mx\/producto\/hbb-724-g_111050001\/"]}]},{"@type":"WebSite","@id":"https:\/\/www.teka.com\/es-mx\/#website","url":"https:\/\/www.teka.com\/es-mx\/","name":"Teka M\u00e9xico","description":"","publisher":{"@id":"https:\/\/www.teka.com\/es-mx\/#organization"},"potentialAction":[{"@type":"SearchAction","target":{"@type":"EntryPoint","urlTemplate":"https:\/\/www.teka.com\/es-mx\/?s={search_term_string}"},"query-input":{"@type":"PropertyValueSpecification","valueRequired":true,"valueName":"search_term_string"}}],"inLanguage":"es"},{"@type":"Organization","@id":"https:\/\/www.teka.com\/es-mx\/#organization","name":"Teka M\u00e9xico","url":"https:\/\/www.teka.com\/es-mx\/","logo":{"@type":"ImageObject","inLanguage":"es","@id":"https:\/\/www.teka.com\/es-mx\/#\/schema\/logo\/image\/","url":"https:\/\/www.teka.com\/es-mx\/wp-content\/uploads\/sites\/11\/2024\/08\/Teka_100years_logo_red_greyscale_square_RGB-5.png","contentUrl":"https:\/\/www.teka.com\/es-mx\/wp-content\/uploads\/sites\/11\/2024\/08\/Teka_100years_logo_red_greyscale_square_RGB-5.png","width":4042,"height":4042,"caption":"Teka M\u00e9xico"},"image":{"@id":"https:\/\/www.teka.com\/es-mx\/#\/schema\/logo\/image\/"}}]}},"_links":{"self":[{"href":"https:\/\/www.teka.com\/es-mx\/wp-json\/wp\/v2\/product\/67729","targetHints":{"allow":["GET"]}}],"collection":[{"href":"https:\/\/www.teka.com\/es-mx\/wp-json\/wp\/v2\/product"}],"about":[{"href":"https:\/\/www.teka.com\/es-mx\/wp-json\/wp\/v2\/types\/product"}],"wp:attachment":[{"href":"https:\/\/www.teka.com\/es-mx\/wp-json\/wp\/v2\/media?parent=67729"}],"wp:term":[{"taxonomy":"product_cat","embeddable":true,"href":"https:\/\/www.teka.com\/es-mx\/wp-json\/wp\/v2\/product_cat?post=67729"},{"taxonomy":"product_cleaning_system","embeddable":true,"href":"https:\/\/www.teka.com\/es-mx\/wp-json\/wp\/v2\/product_cleaning_system?post=67729"},{"taxonomy":"product_3rd_basket","embeddable":true,"href":"https:\/\/www.teka.com\/es-mx\/wp-json\/wp\/v2\/product_3rd_basket?post=67729"},{"taxonomy":"product_drawers","embeddable":true,"href":"https:\/\/www.teka.com\/es-mx\/wp-json\/wp\/v2\/product_drawers?post=67729"},{"taxonomy":"product_type_of_installation","embeddable":true,"href":"https:\/\/www.teka.com\/es-mx\/wp-json\/wp\/v2\/product_type_of_installation?post=67729"},{"taxonomy":"product_edition","embeddable":true,"href":"https:\/\/www.teka.com\/es-mx\/wp-json\/wp\/v2\/product_edition?post=67729"},{"taxonomy":"product_serie","embeddable":true,"href":"https:\/\/www.teka.com\/es-mx\/wp-json\/wp\/v2\/product_serie?post=67729"},{"taxonomy":"product_features","embeddable":true,"href":"https:\/\/www.teka.com\/es-mx\/wp-json\/wp\/v2\/product_features?post=67729"},{"taxonomy":"finishes","embeddable":true,"href":"https:\/\/www.teka.com\/es-mx\/wp-json\/wp\/v2\/finishes?post=67729"},{"taxonomy":"product_bundles","embeddable":true,"href":"https:\/\/www.teka.com\/es-mx\/wp-json\/wp\/v2\/product_bundles?post=67729"},{"taxonomy":"product_energy_efficiency","embeddable":true,"href":"https:\/\/www.teka.com\/es-mx\/wp-json\/wp\/v2\/product_energy_efficiency?post=67729"},{"taxonomy":"product_video_training","embeddable":true,"href":"https:\/\/www.teka.com\/es-mx\/wp-json\/wp\/v2\/product_video_training?post=67729"}],"curies":[{"name":"wp","href":"https:\/\/api.w.org\/{rel}","templated":true}]}}