{"id":67923,"date":"2026-04-05T02:02:18","date_gmt":"2026-04-05T02:02:18","guid":{"rendered":"https:\/\/www.teka.com\/es-mx\/producto\/nc-1040-isla_40494002\/"},"modified":"2026-03-14T05:14:16","modified_gmt":"2026-03-14T06:14:16","slug":"nc-1040-isla_40494002","status":"publish","type":"product","link":"https:\/\/www.teka.com\/es-mx\/producto\/nc-1040-isla_40494002\/","title":{"rendered":"NC 1040 Isla"},"content":{"rendered":"<ul>\n<li>Ideal para quienes buscan funcionalidad y potencia en un solo equipo.<\/li>\n<li>Ala decorativa de cristal de seguridad que aporta dise\u00f1o elegante, resistencia y f\u00e1cil limpieza.<\/li>\n<li>Panel de mandos pulsantes que permite un control sencillo, pr\u00e1ctico y directo.<\/li>\n<li>Tres velocidades para adaptarse a diferentes tipos de cocci\u00f3n.<\/li>\n<li>L\u00e1mparas LED eficiente que proporciona buena visibilidad con bajo consumo.<\/li>\n<li>Filtro profesional de acero inoxidable, resistentes y f\u00e1ciles de limpiar, aptos para lavavajillas.<\/li>\n<li>Motor blindado de doble turbina que proporciona alto rendimiento, durabilidad y eficiencia.<\/li>\n<li>Nivel sonoro: min. 42 \u2013 m\u00e1x. 66 dB funcionamiento silencioso con niveles de ruido controlados.<\/li>\n<li>Chimenea ajustable que se adapta a diferentes alturas de instalaci\u00f3n, facilitando el montaje.<\/li>\n<li>Filtro de carb\u00f3n activo para recirculaci\u00f3n del aire que elimina olores en instalaciones sin salida exterior.<\/li>\n<\/ul>\n","protected":false},"featured_media":0,"parent":0,"template":"","product_cat":[3406],"product_cleaning_system":[],"product_3rd_basket":[],"product_drawers":[],"product_type_of_installation":[],"product_edition":[],"product_serie":[],"product_features":[],"finishes":[],"product_bundles":[],"product_energy_efficiency":[],"product_video_training":[],"class_list":["post-67923","product","type-product","status-publish","hentry","product_cat-campanas","color-inox","product_type_of_appliance-decorativas"],"acf":[],"yoast_head":"<!-- This site is optimized with the Yoast SEO plugin v27.2 - https:\/\/yoast.com\/product\/yoast-seo-wordpress\/ -->\n<title>Teka Campana de Cocina Decorativa para Instalaci\u00f3n en Isla<\/title>\n<meta name=\"description\" content=\"Descubre la Campana de Cocina Decorativa para Instalaci\u00f3n en Isla de acero inoxidable con 3 velocidades, motor doble turbina y filtros de carb\u00f3n activo.\" \/>\n<meta name=\"robots\" content=\"index, follow, max-snippet:-1, max-image-preview:large, max-video-preview:-1\" \/>\n<link rel=\"canonical\" href=\"https:\/\/www.teka.com\/es-mx\/producto\/nc-1040-isla_40494002\/\" \/>\n<meta property=\"og:locale\" content=\"es_MX\" \/>\n<meta property=\"og:type\" content=\"article\" \/>\n<meta property=\"og:title\" content=\"Teka Campana de Cocina Decorativa para Instalaci\u00f3n en Isla\" \/>\n<meta property=\"og:description\" content=\"Descubre la Campana de Cocina Decorativa para Instalaci\u00f3n en Isla de acero inoxidable con 3 velocidades, motor doble turbina y filtros de carb\u00f3n activo.\" \/>\n<meta property=\"og:url\" content=\"https:\/\/www.teka.com\/es-mx\/producto\/nc-1040-isla_40494002\/\" \/>\n<meta property=\"og:site_name\" content=\"Teka M\u00e9xico\" \/>\n<meta name=\"twitter:card\" content=\"summary_large_image\" \/>\n<meta name=\"twitter:label1\" content=\"Tiempo de lectura\" \/>\n\t<meta name=\"twitter:data1\" content=\"1 minuto\" \/>\n<script type=\"application\/ld+json\" class=\"yoast-schema-graph\">{\"@context\":\"https:\/\/schema.org\",\"@graph\":[{\"@type\":\"WebPage\",\"@id\":\"https:\/\/www.teka.com\/es-mx\/producto\/nc-1040-isla_40494002\/\",\"url\":\"https:\/\/www.teka.com\/es-mx\/producto\/nc-1040-isla_40494002\/\",\"name\":\"Teka Campana de Cocina Decorativa para Instalaci\u00f3n en Isla\",\"isPartOf\":{\"@id\":\"https:\/\/www.teka.com\/es-mx\/#website\"},\"datePublished\":\"2026-04-05T02:02:18+00:00\",\"description\":\"Descubre la Campana de Cocina Decorativa para Instalaci\u00f3n en Isla de acero inoxidable con 3 velocidades, motor doble turbina y filtros de carb\u00f3n activo.\",\"inLanguage\":\"es\",\"potentialAction\":[{\"@type\":\"ReadAction\",\"target\":[\"https:\/\/www.teka.com\/es-mx\/producto\/nc-1040-isla_40494002\/\"]}]},{\"@type\":\"WebSite\",\"@id\":\"https:\/\/www.teka.com\/es-mx\/#website\",\"url\":\"https:\/\/www.teka.com\/es-mx\/\",\"name\":\"Teka M\u00e9xico\",\"description\":\"\",\"publisher\":{\"@id\":\"https:\/\/www.teka.com\/es-mx\/#organization\"},\"potentialAction\":[{\"@type\":\"SearchAction\",\"target\":{\"@type\":\"EntryPoint\",\"urlTemplate\":\"https:\/\/www.teka.com\/es-mx\/?s={search_term_string}\"},\"query-input\":{\"@type\":\"PropertyValueSpecification\",\"valueRequired\":true,\"valueName\":\"search_term_string\"}}],\"inLanguage\":\"es\"},{\"@type\":\"Organization\",\"@id\":\"https:\/\/www.teka.com\/es-mx\/#organization\",\"name\":\"Teka M\u00e9xico\",\"url\":\"https:\/\/www.teka.com\/es-mx\/\",\"logo\":{\"@type\":\"ImageObject\",\"inLanguage\":\"es\",\"@id\":\"https:\/\/www.teka.com\/es-mx\/#\/schema\/logo\/image\/\",\"url\":\"https:\/\/www.teka.com\/es-mx\/wp-content\/uploads\/sites\/11\/2024\/08\/Teka_100years_logo_red_greyscale_square_RGB-5.png\",\"contentUrl\":\"https:\/\/www.teka.com\/es-mx\/wp-content\/uploads\/sites\/11\/2024\/08\/Teka_100years_logo_red_greyscale_square_RGB-5.png\",\"width\":4042,\"height\":4042,\"caption\":\"Teka M\u00e9xico\"},\"image\":{\"@id\":\"https:\/\/www.teka.com\/es-mx\/#\/schema\/logo\/image\/\"}}]}<\/script>\n<!-- \/ Yoast SEO plugin. -->","yoast_head_json":{"title":"Teka Campana de Cocina Decorativa para Instalaci\u00f3n en Isla","description":"Descubre la Campana de Cocina Decorativa para Instalaci\u00f3n en Isla de acero inoxidable con 3 velocidades, motor doble turbina y filtros de carb\u00f3n activo.","robots":{"index":"index","follow":"follow","max-snippet":"max-snippet:-1","max-image-preview":"max-image-preview:large","max-video-preview":"max-video-preview:-1"},"canonical":"https:\/\/www.teka.com\/es-mx\/producto\/nc-1040-isla_40494002\/","og_locale":"es_MX","og_type":"article","og_title":"Teka Campana de Cocina Decorativa para Instalaci\u00f3n en Isla","og_description":"Descubre la Campana de Cocina Decorativa para Instalaci\u00f3n en Isla de acero inoxidable con 3 velocidades, motor doble turbina y filtros de carb\u00f3n activo.","og_url":"https:\/\/www.teka.com\/es-mx\/producto\/nc-1040-isla_40494002\/","og_site_name":"Teka M\u00e9xico","twitter_card":"summary_large_image","twitter_misc":{"Tiempo de lectura":"1 minuto"},"schema":{"@context":"https:\/\/schema.org","@graph":[{"@type":"WebPage","@id":"https:\/\/www.teka.com\/es-mx\/producto\/nc-1040-isla_40494002\/","url":"https:\/\/www.teka.com\/es-mx\/producto\/nc-1040-isla_40494002\/","name":"Teka Campana de Cocina Decorativa para Instalaci\u00f3n en Isla","isPartOf":{"@id":"https:\/\/www.teka.com\/es-mx\/#website"},"datePublished":"2026-04-05T02:02:18+00:00","description":"Descubre la Campana de Cocina Decorativa para Instalaci\u00f3n en Isla de acero inoxidable con 3 velocidades, motor doble turbina y filtros de carb\u00f3n activo.","inLanguage":"es","potentialAction":[{"@type":"ReadAction","target":["https:\/\/www.teka.com\/es-mx\/producto\/nc-1040-isla_40494002\/"]}]},{"@type":"WebSite","@id":"https:\/\/www.teka.com\/es-mx\/#website","url":"https:\/\/www.teka.com\/es-mx\/","name":"Teka M\u00e9xico","description":"","publisher":{"@id":"https:\/\/www.teka.com\/es-mx\/#organization"},"potentialAction":[{"@type":"SearchAction","target":{"@type":"EntryPoint","urlTemplate":"https:\/\/www.teka.com\/es-mx\/?s={search_term_string}"},"query-input":{"@type":"PropertyValueSpecification","valueRequired":true,"valueName":"search_term_string"}}],"inLanguage":"es"},{"@type":"Organization","@id":"https:\/\/www.teka.com\/es-mx\/#organization","name":"Teka M\u00e9xico","url":"https:\/\/www.teka.com\/es-mx\/","logo":{"@type":"ImageObject","inLanguage":"es","@id":"https:\/\/www.teka.com\/es-mx\/#\/schema\/logo\/image\/","url":"https:\/\/www.teka.com\/es-mx\/wp-content\/uploads\/sites\/11\/2024\/08\/Teka_100years_logo_red_greyscale_square_RGB-5.png","contentUrl":"https:\/\/www.teka.com\/es-mx\/wp-content\/uploads\/sites\/11\/2024\/08\/Teka_100years_logo_red_greyscale_square_RGB-5.png","width":4042,"height":4042,"caption":"Teka M\u00e9xico"},"image":{"@id":"https:\/\/www.teka.com\/es-mx\/#\/schema\/logo\/image\/"}}]}},"_links":{"self":[{"href":"https:\/\/www.teka.com\/es-mx\/wp-json\/wp\/v2\/product\/67923","targetHints":{"allow":["GET"]}}],"collection":[{"href":"https:\/\/www.teka.com\/es-mx\/wp-json\/wp\/v2\/product"}],"about":[{"href":"https:\/\/www.teka.com\/es-mx\/wp-json\/wp\/v2\/types\/product"}],"wp:attachment":[{"href":"https:\/\/www.teka.com\/es-mx\/wp-json\/wp\/v2\/media?parent=67923"}],"wp:term":[{"taxonomy":"product_cat","embeddable":true,"href":"https:\/\/www.teka.com\/es-mx\/wp-json\/wp\/v2\/product_cat?post=67923"},{"taxonomy":"product_cleaning_system","embeddable":true,"href":"https:\/\/www.teka.com\/es-mx\/wp-json\/wp\/v2\/product_cleaning_system?post=67923"},{"taxonomy":"product_3rd_basket","embeddable":true,"href":"https:\/\/www.teka.com\/es-mx\/wp-json\/wp\/v2\/product_3rd_basket?post=67923"},{"taxonomy":"product_drawers","embeddable":true,"href":"https:\/\/www.teka.com\/es-mx\/wp-json\/wp\/v2\/product_drawers?post=67923"},{"taxonomy":"product_type_of_installation","embeddable":true,"href":"https:\/\/www.teka.com\/es-mx\/wp-json\/wp\/v2\/product_type_of_installation?post=67923"},{"taxonomy":"product_edition","embeddable":true,"href":"https:\/\/www.teka.com\/es-mx\/wp-json\/wp\/v2\/product_edition?post=67923"},{"taxonomy":"product_serie","embeddable":true,"href":"https:\/\/www.teka.com\/es-mx\/wp-json\/wp\/v2\/product_serie?post=67923"},{"taxonomy":"product_features","embeddable":true,"href":"https:\/\/www.teka.com\/es-mx\/wp-json\/wp\/v2\/product_features?post=67923"},{"taxonomy":"finishes","embeddable":true,"href":"https:\/\/www.teka.com\/es-mx\/wp-json\/wp\/v2\/finishes?post=67923"},{"taxonomy":"product_bundles","embeddable":true,"href":"https:\/\/www.teka.com\/es-mx\/wp-json\/wp\/v2\/product_bundles?post=67923"},{"taxonomy":"product_energy_efficiency","embeddable":true,"href":"https:\/\/www.teka.com\/es-mx\/wp-json\/wp\/v2\/product_energy_efficiency?post=67923"},{"taxonomy":"product_video_training","embeddable":true,"href":"https:\/\/www.teka.com\/es-mx\/wp-json\/wp\/v2\/product_video_training?post=67923"}],"curies":[{"name":"wp","href":"https:\/\/api.w.org\/{rel}","templated":true}]}}