{"id":68567,"date":"2026-05-08T11:32:46","date_gmt":"2026-05-08T11:32:46","guid":{"rendered":"https:\/\/www.teka.com\/es-mx\/producto\/manacor_843461280\/"},"modified":"2026-05-07T04:42:30","modified_gmt":"2026-05-07T05:42:30","slug":"manacor_843461280","status":"publish","type":"product","link":"https:\/\/www.teka.com\/es-mx\/producto\/manacor_843461280\/","title":{"rendered":"Manacor"},"content":{"rendered":"<ul>\n<li>Acabado: Cromo extreme glow<\/li>\n<li>Material: Lat\u00f3n<\/li>\n<li>Aireador anti-cal<\/li>\n<li>Cartucho cer\u00e1mico de gran duraci\u00f3n<\/li>\n<\/ul>\n","protected":false},"featured_media":0,"parent":0,"template":"","product_cat":[],"product_cleaning_system":[],"product_3rd_basket":[],"product_drawers":[],"product_type_of_installation":[],"product_edition":[],"product_serie":[],"product_features":[],"finishes":[],"product_bundles":[],"product_energy_efficiency":[],"product_video_training":[],"class_list":["post-68567","product","type-product","status-publish","hentry","color-cromo"],"acf":[],"yoast_head":"<!-- This site is optimized with the Yoast SEO plugin v27.5 - https:\/\/yoast.com\/product\/yoast-seo-wordpress\/ -->\n<title>Monomando para Lavabo | Cartucho Cer\u00e1mico de Gran duraci\u00f3n<\/title>\n<meta name=\"description\" content=\"Complementa tu lavabo con el monomando Teka perfecto para un espacio c\u00f3modo y v\u00e9rsatil. Conoce todos los accesorios de grifer\u00eda.\" \/>\n<meta name=\"robots\" content=\"index, follow, max-snippet:-1, max-image-preview:large, max-video-preview:-1\" \/>\n<link rel=\"canonical\" href=\"https:\/\/www.teka.com\/es-mx\/producto\/manacor_843461280\/\" \/>\n<meta property=\"og:locale\" content=\"es_MX\" \/>\n<meta property=\"og:type\" content=\"article\" \/>\n<meta property=\"og:title\" content=\"Monomando para Lavabo | Cartucho Cer\u00e1mico de Gran duraci\u00f3n\" \/>\n<meta property=\"og:description\" content=\"Complementa tu lavabo con el monomando Teka perfecto para un espacio c\u00f3modo y v\u00e9rsatil. Conoce todos los accesorios de grifer\u00eda.\" \/>\n<meta property=\"og:url\" content=\"https:\/\/www.teka.com\/es-mx\/producto\/manacor_843461280\/\" \/>\n<meta property=\"og:site_name\" content=\"Teka M\u00e9xico\" \/>\n<meta name=\"twitter:card\" content=\"summary_large_image\" \/>\n<script type=\"application\/ld+json\" class=\"yoast-schema-graph\">{\"@context\":\"https:\\\/\\\/schema.org\",\"@graph\":[{\"@type\":\"WebPage\",\"@id\":\"https:\\\/\\\/www.teka.com\\\/es-mx\\\/producto\\\/manacor_843461280\\\/\",\"url\":\"https:\\\/\\\/www.teka.com\\\/es-mx\\\/producto\\\/manacor_843461280\\\/\",\"name\":\"Monomando para Lavabo | Cartucho Cer\u00e1mico de Gran duraci\u00f3n\",\"isPartOf\":{\"@id\":\"https:\\\/\\\/www.teka.com\\\/es-mx\\\/#website\"},\"datePublished\":\"2026-05-08T11:32:46+00:00\",\"description\":\"Complementa tu lavabo con el monomando Teka perfecto para un espacio c\u00f3modo y v\u00e9rsatil. Conoce todos los accesorios de grifer\u00eda.\",\"inLanguage\":\"es\",\"potentialAction\":[{\"@type\":\"ReadAction\",\"target\":[\"https:\\\/\\\/www.teka.com\\\/es-mx\\\/producto\\\/manacor_843461280\\\/\"]}]},{\"@type\":\"WebSite\",\"@id\":\"https:\\\/\\\/www.teka.com\\\/es-mx\\\/#website\",\"url\":\"https:\\\/\\\/www.teka.com\\\/es-mx\\\/\",\"name\":\"Teka M\u00e9xico\",\"description\":\"\",\"publisher\":{\"@id\":\"https:\\\/\\\/www.teka.com\\\/es-mx\\\/#organization\"},\"potentialAction\":[{\"@type\":\"SearchAction\",\"target\":{\"@type\":\"EntryPoint\",\"urlTemplate\":\"https:\\\/\\\/www.teka.com\\\/es-mx\\\/?s={search_term_string}\"},\"query-input\":{\"@type\":\"PropertyValueSpecification\",\"valueRequired\":true,\"valueName\":\"search_term_string\"}}],\"inLanguage\":\"es\"},{\"@type\":\"Organization\",\"@id\":\"https:\\\/\\\/www.teka.com\\\/es-mx\\\/#organization\",\"name\":\"Teka M\u00e9xico\",\"url\":\"https:\\\/\\\/www.teka.com\\\/es-mx\\\/\",\"logo\":{\"@type\":\"ImageObject\",\"inLanguage\":\"es\",\"@id\":\"https:\\\/\\\/www.teka.com\\\/es-mx\\\/#\\\/schema\\\/logo\\\/image\\\/\",\"url\":\"https:\\\/\\\/www.teka.com\\\/es-mx\\\/wp-content\\\/uploads\\\/sites\\\/11\\\/2024\\\/08\\\/Teka_100years_logo_red_greyscale_square_RGB-5.png\",\"contentUrl\":\"https:\\\/\\\/www.teka.com\\\/es-mx\\\/wp-content\\\/uploads\\\/sites\\\/11\\\/2024\\\/08\\\/Teka_100years_logo_red_greyscale_square_RGB-5.png\",\"width\":4042,\"height\":4042,\"caption\":\"Teka M\u00e9xico\"},\"image\":{\"@id\":\"https:\\\/\\\/www.teka.com\\\/es-mx\\\/#\\\/schema\\\/logo\\\/image\\\/\"}}]}<\/script>\n<!-- \/ Yoast SEO plugin. -->","yoast_head_json":{"title":"Monomando para Lavabo | Cartucho Cer\u00e1mico de Gran duraci\u00f3n","description":"Complementa tu lavabo con el monomando Teka perfecto para un espacio c\u00f3modo y v\u00e9rsatil. Conoce todos los accesorios de grifer\u00eda.","robots":{"index":"index","follow":"follow","max-snippet":"max-snippet:-1","max-image-preview":"max-image-preview:large","max-video-preview":"max-video-preview:-1"},"canonical":"https:\/\/www.teka.com\/es-mx\/producto\/manacor_843461280\/","og_locale":"es_MX","og_type":"article","og_title":"Monomando para Lavabo | Cartucho Cer\u00e1mico de Gran duraci\u00f3n","og_description":"Complementa tu lavabo con el monomando Teka perfecto para un espacio c\u00f3modo y v\u00e9rsatil. Conoce todos los accesorios de grifer\u00eda.","og_url":"https:\/\/www.teka.com\/es-mx\/producto\/manacor_843461280\/","og_site_name":"Teka M\u00e9xico","twitter_card":"summary_large_image","schema":{"@context":"https:\/\/schema.org","@graph":[{"@type":"WebPage","@id":"https:\/\/www.teka.com\/es-mx\/producto\/manacor_843461280\/","url":"https:\/\/www.teka.com\/es-mx\/producto\/manacor_843461280\/","name":"Monomando para Lavabo | Cartucho Cer\u00e1mico de Gran duraci\u00f3n","isPartOf":{"@id":"https:\/\/www.teka.com\/es-mx\/#website"},"datePublished":"2026-05-08T11:32:46+00:00","description":"Complementa tu lavabo con el monomando Teka perfecto para un espacio c\u00f3modo y v\u00e9rsatil. Conoce todos los accesorios de grifer\u00eda.","inLanguage":"es","potentialAction":[{"@type":"ReadAction","target":["https:\/\/www.teka.com\/es-mx\/producto\/manacor_843461280\/"]}]},{"@type":"WebSite","@id":"https:\/\/www.teka.com\/es-mx\/#website","url":"https:\/\/www.teka.com\/es-mx\/","name":"Teka M\u00e9xico","description":"","publisher":{"@id":"https:\/\/www.teka.com\/es-mx\/#organization"},"potentialAction":[{"@type":"SearchAction","target":{"@type":"EntryPoint","urlTemplate":"https:\/\/www.teka.com\/es-mx\/?s={search_term_string}"},"query-input":{"@type":"PropertyValueSpecification","valueRequired":true,"valueName":"search_term_string"}}],"inLanguage":"es"},{"@type":"Organization","@id":"https:\/\/www.teka.com\/es-mx\/#organization","name":"Teka M\u00e9xico","url":"https:\/\/www.teka.com\/es-mx\/","logo":{"@type":"ImageObject","inLanguage":"es","@id":"https:\/\/www.teka.com\/es-mx\/#\/schema\/logo\/image\/","url":"https:\/\/www.teka.com\/es-mx\/wp-content\/uploads\/sites\/11\/2024\/08\/Teka_100years_logo_red_greyscale_square_RGB-5.png","contentUrl":"https:\/\/www.teka.com\/es-mx\/wp-content\/uploads\/sites\/11\/2024\/08\/Teka_100years_logo_red_greyscale_square_RGB-5.png","width":4042,"height":4042,"caption":"Teka M\u00e9xico"},"image":{"@id":"https:\/\/www.teka.com\/es-mx\/#\/schema\/logo\/image\/"}}]}},"_links":{"self":[{"href":"https:\/\/www.teka.com\/es-mx\/wp-json\/wp\/v2\/product\/68567","targetHints":{"allow":["GET"]}}],"collection":[{"href":"https:\/\/www.teka.com\/es-mx\/wp-json\/wp\/v2\/product"}],"about":[{"href":"https:\/\/www.teka.com\/es-mx\/wp-json\/wp\/v2\/types\/product"}],"wp:attachment":[{"href":"https:\/\/www.teka.com\/es-mx\/wp-json\/wp\/v2\/media?parent=68567"}],"wp:term":[{"taxonomy":"product_cat","embeddable":true,"href":"https:\/\/www.teka.com\/es-mx\/wp-json\/wp\/v2\/product_cat?post=68567"},{"taxonomy":"product_cleaning_system","embeddable":true,"href":"https:\/\/www.teka.com\/es-mx\/wp-json\/wp\/v2\/product_cleaning_system?post=68567"},{"taxonomy":"product_3rd_basket","embeddable":true,"href":"https:\/\/www.teka.com\/es-mx\/wp-json\/wp\/v2\/product_3rd_basket?post=68567"},{"taxonomy":"product_drawers","embeddable":true,"href":"https:\/\/www.teka.com\/es-mx\/wp-json\/wp\/v2\/product_drawers?post=68567"},{"taxonomy":"product_type_of_installation","embeddable":true,"href":"https:\/\/www.teka.com\/es-mx\/wp-json\/wp\/v2\/product_type_of_installation?post=68567"},{"taxonomy":"product_edition","embeddable":true,"href":"https:\/\/www.teka.com\/es-mx\/wp-json\/wp\/v2\/product_edition?post=68567"},{"taxonomy":"product_serie","embeddable":true,"href":"https:\/\/www.teka.com\/es-mx\/wp-json\/wp\/v2\/product_serie?post=68567"},{"taxonomy":"product_features","embeddable":true,"href":"https:\/\/www.teka.com\/es-mx\/wp-json\/wp\/v2\/product_features?post=68567"},{"taxonomy":"finishes","embeddable":true,"href":"https:\/\/www.teka.com\/es-mx\/wp-json\/wp\/v2\/finishes?post=68567"},{"taxonomy":"product_bundles","embeddable":true,"href":"https:\/\/www.teka.com\/es-mx\/wp-json\/wp\/v2\/product_bundles?post=68567"},{"taxonomy":"product_energy_efficiency","embeddable":true,"href":"https:\/\/www.teka.com\/es-mx\/wp-json\/wp\/v2\/product_energy_efficiency?post=68567"},{"taxonomy":"product_video_training","embeddable":true,"href":"https:\/\/www.teka.com\/es-mx\/wp-json\/wp\/v2\/product_video_training?post=68567"}],"curies":[{"name":"wp","href":"https:\/\/api.w.org\/{rel}","templated":true}]}}