{"id":68596,"date":"2026-04-27T06:20:09","date_gmt":"2026-04-27T06:20:09","guid":{"rendered":"https:\/\/www.teka.com\/es-mx\/producto\/square-50-40-tg-sg_115230021\/"},"modified":"2026-04-23T12:49:53","modified_gmt":"2026-04-23T01:49:53","slug":"square-50-40-tg-sg_115230021","status":"publish","type":"product","link":"https:\/\/www.teka.com\/es-mx\/producto\/square-50-40-tg-sg_115230021\/","title":{"rendered":"Square 50.40 TG SG"},"content":{"rendered":"<ul>\n<li>Fregadero Tegranite+ de una cubeta (80% cuarzo)<\/li>\n<li>Color Stone Grey resistente a decoloraci\u00f3n<\/li>\n<li>Superficie de alta resistencia a impactos, choques t\u00e9rmicos y altas temperaturas<\/li>\n<li>Acabado no poroso muy f\u00e1cil de limpiar que impide la proliferaci\u00f3n de bater\u00edas<\/li>\n<li>Contracanasta con rebosadero decorativo<\/li>\n<\/ul>\n","protected":false},"featured_media":0,"parent":0,"template":"","product_cat":[3412],"product_cleaning_system":[],"product_3rd_basket":[],"product_drawers":[],"product_type_of_installation":[56402],"product_edition":[],"product_serie":[],"product_features":[],"finishes":[],"product_bundles":[],"product_energy_efficiency":[],"product_video_training":[],"class_list":["post-68596","product","type-product","status-publish","hentry","product_cat-fregaderos","usp-sinks-06","usp-tegranite-01","usp-sinks-installation-05","color-stone-grey","product_type_of_appliance-granito","product_icons-200mm","product_icons-colour_intensity","product_icons-easy_clean","product_icons-food_safe","product_icons-scratch_proof","product_type_of_installation-submontar"],"acf":[],"yoast_head":"<!-- This site is optimized with the Yoast SEO plugin v27.5 - https:\/\/yoast.com\/product\/yoast-seo-wordpress\/ -->\n<title>Fregadero Square 50.40 Tegranite+ Stone Grey<\/title>\n<meta name=\"description\" content=\"Fregadero Tegranite+ Stone Grey, una cubeta con 80% cuarzo. Alta resistencia a impactos, calor y bacterias. F\u00e1cil limpieza y dise\u00f1o con rebosadero.\" \/>\n<meta name=\"robots\" content=\"index, follow, max-snippet:-1, max-image-preview:large, max-video-preview:-1\" \/>\n<link rel=\"canonical\" href=\"https:\/\/www.teka.com\/es-mx\/producto\/square-50-40-tg-sg_115230021\/\" \/>\n<meta property=\"og:locale\" content=\"es_MX\" \/>\n<meta property=\"og:type\" content=\"article\" \/>\n<meta property=\"og:title\" content=\"Fregadero Square 50.40 Tegranite+ Stone Grey\" \/>\n<meta property=\"og:description\" content=\"Fregadero Tegranite+ Stone Grey, una cubeta con 80% cuarzo. Alta resistencia a impactos, calor y bacterias. F\u00e1cil limpieza y dise\u00f1o con rebosadero.\" \/>\n<meta property=\"og:url\" content=\"https:\/\/www.teka.com\/es-mx\/producto\/square-50-40-tg-sg_115230021\/\" \/>\n<meta property=\"og:site_name\" content=\"Teka M\u00e9xico\" \/>\n<meta name=\"twitter:card\" content=\"summary_large_image\" \/>\n<script type=\"application\/ld+json\" class=\"yoast-schema-graph\">{\"@context\":\"https:\\\/\\\/schema.org\",\"@graph\":[{\"@type\":\"WebPage\",\"@id\":\"https:\\\/\\\/www.teka.com\\\/es-mx\\\/producto\\\/square-50-40-tg-sg_115230021\\\/\",\"url\":\"https:\\\/\\\/www.teka.com\\\/es-mx\\\/producto\\\/square-50-40-tg-sg_115230021\\\/\",\"name\":\"Fregadero Square 50.40 Tegranite+ Stone Grey\",\"isPartOf\":{\"@id\":\"https:\\\/\\\/www.teka.com\\\/es-mx\\\/#website\"},\"datePublished\":\"2026-04-27T06:20:09+00:00\",\"description\":\"Fregadero Tegranite+ Stone Grey, una cubeta con 80% cuarzo. Alta resistencia a impactos, calor y bacterias. F\u00e1cil limpieza y dise\u00f1o con rebosadero.\",\"inLanguage\":\"es\",\"potentialAction\":[{\"@type\":\"ReadAction\",\"target\":[\"https:\\\/\\\/www.teka.com\\\/es-mx\\\/producto\\\/square-50-40-tg-sg_115230021\\\/\"]}]},{\"@type\":\"WebSite\",\"@id\":\"https:\\\/\\\/www.teka.com\\\/es-mx\\\/#website\",\"url\":\"https:\\\/\\\/www.teka.com\\\/es-mx\\\/\",\"name\":\"Teka M\u00e9xico\",\"description\":\"\",\"publisher\":{\"@id\":\"https:\\\/\\\/www.teka.com\\\/es-mx\\\/#organization\"},\"potentialAction\":[{\"@type\":\"SearchAction\",\"target\":{\"@type\":\"EntryPoint\",\"urlTemplate\":\"https:\\\/\\\/www.teka.com\\\/es-mx\\\/?s={search_term_string}\"},\"query-input\":{\"@type\":\"PropertyValueSpecification\",\"valueRequired\":true,\"valueName\":\"search_term_string\"}}],\"inLanguage\":\"es\"},{\"@type\":\"Organization\",\"@id\":\"https:\\\/\\\/www.teka.com\\\/es-mx\\\/#organization\",\"name\":\"Teka M\u00e9xico\",\"url\":\"https:\\\/\\\/www.teka.com\\\/es-mx\\\/\",\"logo\":{\"@type\":\"ImageObject\",\"inLanguage\":\"es\",\"@id\":\"https:\\\/\\\/www.teka.com\\\/es-mx\\\/#\\\/schema\\\/logo\\\/image\\\/\",\"url\":\"https:\\\/\\\/www.teka.com\\\/es-mx\\\/wp-content\\\/uploads\\\/sites\\\/11\\\/2024\\\/08\\\/Teka_100years_logo_red_greyscale_square_RGB-5.png\",\"contentUrl\":\"https:\\\/\\\/www.teka.com\\\/es-mx\\\/wp-content\\\/uploads\\\/sites\\\/11\\\/2024\\\/08\\\/Teka_100years_logo_red_greyscale_square_RGB-5.png\",\"width\":4042,\"height\":4042,\"caption\":\"Teka M\u00e9xico\"},\"image\":{\"@id\":\"https:\\\/\\\/www.teka.com\\\/es-mx\\\/#\\\/schema\\\/logo\\\/image\\\/\"}}]}<\/script>\n<!-- \/ Yoast SEO plugin. -->","yoast_head_json":{"title":"Fregadero Square 50.40 Tegranite+ Stone Grey","description":"Fregadero Tegranite+ Stone Grey, una cubeta con 80% cuarzo. Alta resistencia a impactos, calor y bacterias. F\u00e1cil limpieza y dise\u00f1o con rebosadero.","robots":{"index":"index","follow":"follow","max-snippet":"max-snippet:-1","max-image-preview":"max-image-preview:large","max-video-preview":"max-video-preview:-1"},"canonical":"https:\/\/www.teka.com\/es-mx\/producto\/square-50-40-tg-sg_115230021\/","og_locale":"es_MX","og_type":"article","og_title":"Fregadero Square 50.40 Tegranite+ Stone Grey","og_description":"Fregadero Tegranite+ Stone Grey, una cubeta con 80% cuarzo. Alta resistencia a impactos, calor y bacterias. F\u00e1cil limpieza y dise\u00f1o con rebosadero.","og_url":"https:\/\/www.teka.com\/es-mx\/producto\/square-50-40-tg-sg_115230021\/","og_site_name":"Teka M\u00e9xico","twitter_card":"summary_large_image","schema":{"@context":"https:\/\/schema.org","@graph":[{"@type":"WebPage","@id":"https:\/\/www.teka.com\/es-mx\/producto\/square-50-40-tg-sg_115230021\/","url":"https:\/\/www.teka.com\/es-mx\/producto\/square-50-40-tg-sg_115230021\/","name":"Fregadero Square 50.40 Tegranite+ Stone Grey","isPartOf":{"@id":"https:\/\/www.teka.com\/es-mx\/#website"},"datePublished":"2026-04-27T06:20:09+00:00","description":"Fregadero Tegranite+ Stone Grey, una cubeta con 80% cuarzo. Alta resistencia a impactos, calor y bacterias. F\u00e1cil limpieza y dise\u00f1o con rebosadero.","inLanguage":"es","potentialAction":[{"@type":"ReadAction","target":["https:\/\/www.teka.com\/es-mx\/producto\/square-50-40-tg-sg_115230021\/"]}]},{"@type":"WebSite","@id":"https:\/\/www.teka.com\/es-mx\/#website","url":"https:\/\/www.teka.com\/es-mx\/","name":"Teka M\u00e9xico","description":"","publisher":{"@id":"https:\/\/www.teka.com\/es-mx\/#organization"},"potentialAction":[{"@type":"SearchAction","target":{"@type":"EntryPoint","urlTemplate":"https:\/\/www.teka.com\/es-mx\/?s={search_term_string}"},"query-input":{"@type":"PropertyValueSpecification","valueRequired":true,"valueName":"search_term_string"}}],"inLanguage":"es"},{"@type":"Organization","@id":"https:\/\/www.teka.com\/es-mx\/#organization","name":"Teka M\u00e9xico","url":"https:\/\/www.teka.com\/es-mx\/","logo":{"@type":"ImageObject","inLanguage":"es","@id":"https:\/\/www.teka.com\/es-mx\/#\/schema\/logo\/image\/","url":"https:\/\/www.teka.com\/es-mx\/wp-content\/uploads\/sites\/11\/2024\/08\/Teka_100years_logo_red_greyscale_square_RGB-5.png","contentUrl":"https:\/\/www.teka.com\/es-mx\/wp-content\/uploads\/sites\/11\/2024\/08\/Teka_100years_logo_red_greyscale_square_RGB-5.png","width":4042,"height":4042,"caption":"Teka M\u00e9xico"},"image":{"@id":"https:\/\/www.teka.com\/es-mx\/#\/schema\/logo\/image\/"}}]}},"_links":{"self":[{"href":"https:\/\/www.teka.com\/es-mx\/wp-json\/wp\/v2\/product\/68596","targetHints":{"allow":["GET"]}}],"collection":[{"href":"https:\/\/www.teka.com\/es-mx\/wp-json\/wp\/v2\/product"}],"about":[{"href":"https:\/\/www.teka.com\/es-mx\/wp-json\/wp\/v2\/types\/product"}],"wp:attachment":[{"href":"https:\/\/www.teka.com\/es-mx\/wp-json\/wp\/v2\/media?parent=68596"}],"wp:term":[{"taxonomy":"product_cat","embeddable":true,"href":"https:\/\/www.teka.com\/es-mx\/wp-json\/wp\/v2\/product_cat?post=68596"},{"taxonomy":"product_cleaning_system","embeddable":true,"href":"https:\/\/www.teka.com\/es-mx\/wp-json\/wp\/v2\/product_cleaning_system?post=68596"},{"taxonomy":"product_3rd_basket","embeddable":true,"href":"https:\/\/www.teka.com\/es-mx\/wp-json\/wp\/v2\/product_3rd_basket?post=68596"},{"taxonomy":"product_drawers","embeddable":true,"href":"https:\/\/www.teka.com\/es-mx\/wp-json\/wp\/v2\/product_drawers?post=68596"},{"taxonomy":"product_type_of_installation","embeddable":true,"href":"https:\/\/www.teka.com\/es-mx\/wp-json\/wp\/v2\/product_type_of_installation?post=68596"},{"taxonomy":"product_edition","embeddable":true,"href":"https:\/\/www.teka.com\/es-mx\/wp-json\/wp\/v2\/product_edition?post=68596"},{"taxonomy":"product_serie","embeddable":true,"href":"https:\/\/www.teka.com\/es-mx\/wp-json\/wp\/v2\/product_serie?post=68596"},{"taxonomy":"product_features","embeddable":true,"href":"https:\/\/www.teka.com\/es-mx\/wp-json\/wp\/v2\/product_features?post=68596"},{"taxonomy":"finishes","embeddable":true,"href":"https:\/\/www.teka.com\/es-mx\/wp-json\/wp\/v2\/finishes?post=68596"},{"taxonomy":"product_bundles","embeddable":true,"href":"https:\/\/www.teka.com\/es-mx\/wp-json\/wp\/v2\/product_bundles?post=68596"},{"taxonomy":"product_energy_efficiency","embeddable":true,"href":"https:\/\/www.teka.com\/es-mx\/wp-json\/wp\/v2\/product_energy_efficiency?post=68596"},{"taxonomy":"product_video_training","embeddable":true,"href":"https:\/\/www.teka.com\/es-mx\/wp-json\/wp\/v2\/product_video_training?post=68596"}],"curies":[{"name":"wp","href":"https:\/\/api.w.org\/{rel}","templated":true}]}}