{"id":68765,"date":"2026-04-03T20:13:16","date_gmt":"2026-04-03T20:13:16","guid":{"rendered":"https:\/\/www.teka.com\/es-mx\/producto\/alaior_223460210\/"},"modified":"2026-03-14T05:20:18","modified_gmt":"2026-03-14T06:20:18","slug":"alaior_223460210","status":"publish","type":"product","link":"https:\/\/www.teka.com\/es-mx\/producto\/alaior_223460210\/","title":{"rendered":"Alaior"},"content":{"rendered":"<ul>\n<li>Acabado: Cromo extreme glow<\/li>\n<li>Material: Lat\u00f3n<\/li>\n<li>Aireador anti-cal<\/li>\n<li>Cartucho cer\u00e1mico de gran duraci\u00f3n<\/li>\n<\/ul>\n","protected":false},"featured_media":0,"parent":0,"template":"","product_cat":[],"product_cleaning_system":[],"product_3rd_basket":[],"product_drawers":[],"product_type_of_installation":[],"product_edition":[],"product_serie":[],"product_features":[],"finishes":[],"product_bundles":[],"product_energy_efficiency":[],"product_video_training":[],"class_list":["post-68765","product","type-product","status-publish","hentry","color-cromo"],"acf":[],"yoast_head":"<!-- This site is optimized with the Yoast SEO plugin v27.2 - https:\/\/yoast.com\/product\/yoast-seo-wordpress\/ -->\n<title>Monomando de Lavabo Bajo | Lat\u00f3n Cromado<\/title>\n<meta name=\"description\" content=\"El monomando de lavado bajo de lat\u00f3n cromado es la pieza que tu ba\u00f1o necesita para un acabado elegante. M\u00e1s accesorios disponibles aqu\u00ed\" \/>\n<meta name=\"robots\" content=\"index, follow, max-snippet:-1, max-image-preview:large, max-video-preview:-1\" \/>\n<link rel=\"canonical\" href=\"https:\/\/www.teka.com\/es-mx\/producto\/alaior_223460210\/\" \/>\n<meta property=\"og:locale\" content=\"es_MX\" \/>\n<meta property=\"og:type\" content=\"article\" \/>\n<meta property=\"og:title\" content=\"Monomando de Lavabo Bajo | Lat\u00f3n Cromado\" \/>\n<meta property=\"og:description\" content=\"El monomando de lavado bajo de lat\u00f3n cromado es la pieza que tu ba\u00f1o necesita para un acabado elegante. M\u00e1s accesorios disponibles aqu\u00ed\" \/>\n<meta property=\"og:url\" content=\"https:\/\/www.teka.com\/es-mx\/producto\/alaior_223460210\/\" \/>\n<meta property=\"og:site_name\" content=\"Teka M\u00e9xico\" \/>\n<meta name=\"twitter:card\" content=\"summary_large_image\" \/>\n<script type=\"application\/ld+json\" class=\"yoast-schema-graph\">{\"@context\":\"https:\/\/schema.org\",\"@graph\":[{\"@type\":\"WebPage\",\"@id\":\"https:\/\/www.teka.com\/es-mx\/producto\/alaior_223460210\/\",\"url\":\"https:\/\/www.teka.com\/es-mx\/producto\/alaior_223460210\/\",\"name\":\"Monomando de Lavabo Bajo | Lat\u00f3n Cromado\",\"isPartOf\":{\"@id\":\"https:\/\/www.teka.com\/es-mx\/#website\"},\"datePublished\":\"2026-04-03T20:13:16+00:00\",\"description\":\"El monomando de lavado bajo de lat\u00f3n cromado es la pieza que tu ba\u00f1o necesita para un acabado elegante. M\u00e1s accesorios disponibles aqu\u00ed\",\"inLanguage\":\"es\",\"potentialAction\":[{\"@type\":\"ReadAction\",\"target\":[\"https:\/\/www.teka.com\/es-mx\/producto\/alaior_223460210\/\"]}]},{\"@type\":\"WebSite\",\"@id\":\"https:\/\/www.teka.com\/es-mx\/#website\",\"url\":\"https:\/\/www.teka.com\/es-mx\/\",\"name\":\"Teka M\u00e9xico\",\"description\":\"\",\"publisher\":{\"@id\":\"https:\/\/www.teka.com\/es-mx\/#organization\"},\"potentialAction\":[{\"@type\":\"SearchAction\",\"target\":{\"@type\":\"EntryPoint\",\"urlTemplate\":\"https:\/\/www.teka.com\/es-mx\/?s={search_term_string}\"},\"query-input\":{\"@type\":\"PropertyValueSpecification\",\"valueRequired\":true,\"valueName\":\"search_term_string\"}}],\"inLanguage\":\"es\"},{\"@type\":\"Organization\",\"@id\":\"https:\/\/www.teka.com\/es-mx\/#organization\",\"name\":\"Teka M\u00e9xico\",\"url\":\"https:\/\/www.teka.com\/es-mx\/\",\"logo\":{\"@type\":\"ImageObject\",\"inLanguage\":\"es\",\"@id\":\"https:\/\/www.teka.com\/es-mx\/#\/schema\/logo\/image\/\",\"url\":\"https:\/\/www.teka.com\/es-mx\/wp-content\/uploads\/sites\/11\/2024\/08\/Teka_100years_logo_red_greyscale_square_RGB-5.png\",\"contentUrl\":\"https:\/\/www.teka.com\/es-mx\/wp-content\/uploads\/sites\/11\/2024\/08\/Teka_100years_logo_red_greyscale_square_RGB-5.png\",\"width\":4042,\"height\":4042,\"caption\":\"Teka M\u00e9xico\"},\"image\":{\"@id\":\"https:\/\/www.teka.com\/es-mx\/#\/schema\/logo\/image\/\"}}]}<\/script>\n<!-- \/ Yoast SEO plugin. -->","yoast_head_json":{"title":"Monomando de Lavabo Bajo | Lat\u00f3n Cromado","description":"El monomando de lavado bajo de lat\u00f3n cromado es la pieza que tu ba\u00f1o necesita para un acabado elegante. M\u00e1s accesorios disponibles aqu\u00ed","robots":{"index":"index","follow":"follow","max-snippet":"max-snippet:-1","max-image-preview":"max-image-preview:large","max-video-preview":"max-video-preview:-1"},"canonical":"https:\/\/www.teka.com\/es-mx\/producto\/alaior_223460210\/","og_locale":"es_MX","og_type":"article","og_title":"Monomando de Lavabo Bajo | Lat\u00f3n Cromado","og_description":"El monomando de lavado bajo de lat\u00f3n cromado es la pieza que tu ba\u00f1o necesita para un acabado elegante. M\u00e1s accesorios disponibles aqu\u00ed","og_url":"https:\/\/www.teka.com\/es-mx\/producto\/alaior_223460210\/","og_site_name":"Teka M\u00e9xico","twitter_card":"summary_large_image","schema":{"@context":"https:\/\/schema.org","@graph":[{"@type":"WebPage","@id":"https:\/\/www.teka.com\/es-mx\/producto\/alaior_223460210\/","url":"https:\/\/www.teka.com\/es-mx\/producto\/alaior_223460210\/","name":"Monomando de Lavabo Bajo | Lat\u00f3n Cromado","isPartOf":{"@id":"https:\/\/www.teka.com\/es-mx\/#website"},"datePublished":"2026-04-03T20:13:16+00:00","description":"El monomando de lavado bajo de lat\u00f3n cromado es la pieza que tu ba\u00f1o necesita para un acabado elegante. M\u00e1s accesorios disponibles aqu\u00ed","inLanguage":"es","potentialAction":[{"@type":"ReadAction","target":["https:\/\/www.teka.com\/es-mx\/producto\/alaior_223460210\/"]}]},{"@type":"WebSite","@id":"https:\/\/www.teka.com\/es-mx\/#website","url":"https:\/\/www.teka.com\/es-mx\/","name":"Teka M\u00e9xico","description":"","publisher":{"@id":"https:\/\/www.teka.com\/es-mx\/#organization"},"potentialAction":[{"@type":"SearchAction","target":{"@type":"EntryPoint","urlTemplate":"https:\/\/www.teka.com\/es-mx\/?s={search_term_string}"},"query-input":{"@type":"PropertyValueSpecification","valueRequired":true,"valueName":"search_term_string"}}],"inLanguage":"es"},{"@type":"Organization","@id":"https:\/\/www.teka.com\/es-mx\/#organization","name":"Teka M\u00e9xico","url":"https:\/\/www.teka.com\/es-mx\/","logo":{"@type":"ImageObject","inLanguage":"es","@id":"https:\/\/www.teka.com\/es-mx\/#\/schema\/logo\/image\/","url":"https:\/\/www.teka.com\/es-mx\/wp-content\/uploads\/sites\/11\/2024\/08\/Teka_100years_logo_red_greyscale_square_RGB-5.png","contentUrl":"https:\/\/www.teka.com\/es-mx\/wp-content\/uploads\/sites\/11\/2024\/08\/Teka_100years_logo_red_greyscale_square_RGB-5.png","width":4042,"height":4042,"caption":"Teka M\u00e9xico"},"image":{"@id":"https:\/\/www.teka.com\/es-mx\/#\/schema\/logo\/image\/"}}]}},"_links":{"self":[{"href":"https:\/\/www.teka.com\/es-mx\/wp-json\/wp\/v2\/product\/68765","targetHints":{"allow":["GET"]}}],"collection":[{"href":"https:\/\/www.teka.com\/es-mx\/wp-json\/wp\/v2\/product"}],"about":[{"href":"https:\/\/www.teka.com\/es-mx\/wp-json\/wp\/v2\/types\/product"}],"wp:attachment":[{"href":"https:\/\/www.teka.com\/es-mx\/wp-json\/wp\/v2\/media?parent=68765"}],"wp:term":[{"taxonomy":"product_cat","embeddable":true,"href":"https:\/\/www.teka.com\/es-mx\/wp-json\/wp\/v2\/product_cat?post=68765"},{"taxonomy":"product_cleaning_system","embeddable":true,"href":"https:\/\/www.teka.com\/es-mx\/wp-json\/wp\/v2\/product_cleaning_system?post=68765"},{"taxonomy":"product_3rd_basket","embeddable":true,"href":"https:\/\/www.teka.com\/es-mx\/wp-json\/wp\/v2\/product_3rd_basket?post=68765"},{"taxonomy":"product_drawers","embeddable":true,"href":"https:\/\/www.teka.com\/es-mx\/wp-json\/wp\/v2\/product_drawers?post=68765"},{"taxonomy":"product_type_of_installation","embeddable":true,"href":"https:\/\/www.teka.com\/es-mx\/wp-json\/wp\/v2\/product_type_of_installation?post=68765"},{"taxonomy":"product_edition","embeddable":true,"href":"https:\/\/www.teka.com\/es-mx\/wp-json\/wp\/v2\/product_edition?post=68765"},{"taxonomy":"product_serie","embeddable":true,"href":"https:\/\/www.teka.com\/es-mx\/wp-json\/wp\/v2\/product_serie?post=68765"},{"taxonomy":"product_features","embeddable":true,"href":"https:\/\/www.teka.com\/es-mx\/wp-json\/wp\/v2\/product_features?post=68765"},{"taxonomy":"finishes","embeddable":true,"href":"https:\/\/www.teka.com\/es-mx\/wp-json\/wp\/v2\/finishes?post=68765"},{"taxonomy":"product_bundles","embeddable":true,"href":"https:\/\/www.teka.com\/es-mx\/wp-json\/wp\/v2\/product_bundles?post=68765"},{"taxonomy":"product_energy_efficiency","embeddable":true,"href":"https:\/\/www.teka.com\/es-mx\/wp-json\/wp\/v2\/product_energy_efficiency?post=68765"},{"taxonomy":"product_video_training","embeddable":true,"href":"https:\/\/www.teka.com\/es-mx\/wp-json\/wp\/v2\/product_video_training?post=68765"}],"curies":[{"name":"wp","href":"https:\/\/api.w.org\/{rel}","templated":true}]}}