{"id":71152,"date":"2026-04-28T23:29:32","date_gmt":"2026-04-28T23:29:32","guid":{"rendered":"https:\/\/teka.com\/en-int\/cp-15-gs_40589920"},"modified":"2026-04-28T08:07:19","modified_gmt":"2026-04-28T09:07:19","slug":"cp-15-gs_40589920","status":"publish","type":"product","link":"https:\/\/www.teka.com\/es-mx\/producto\/cp-15-gs_40589920\/","title":{"rendered":"CP 15 GS"},"content":{"rendered":"<ul>\n<li>Ideal para las personas que buscan servir los alimentos a la temperatura perfecta valorando una experiencia de cocina profesional en casa.<\/li>\n<li>Cristal negro y marco en acero inoxidable con antihuella que mantiene el horno limpio, elegante y f\u00e1cil de cuidar.<\/li>\n<li>Sistema de apertura push-pull para tener a la mano los platos.<\/li>\n<li>Tapete antiderrapante para evitar que la vajilla se mueva al cerrar o abrir el caj\u00f3n.<\/li>\n<li>Regulador de temperatura: 30 &#8211; 80\u00b0 C<\/li>\n<li>Capacidad: (6 servicios \u00f3 6 platos (24 cm), 6 tazones (10 cm), 1 plato para servir (17 cm), 1 plato para servir (19 cm) y 1 plato para servir (32 cm) \u00f3 20 platos (28 cm) \u00f3 80 tazas para caf\u00e9 \u00f3 40 tazas para t\u00e9)<\/li>\n<\/ul>\n","protected":false},"featured_media":0,"parent":0,"template":"","product_cat":[3409],"product_cleaning_system":[],"product_3rd_basket":[],"product_drawers":[],"product_type_of_installation":[56382],"product_edition":[],"product_serie":[],"product_features":[],"finishes":[],"product_bundles":[],"product_energy_efficiency":[],"product_video_training":[],"class_list":["post-71152","product","type-product","status-publish","hentry","product_cat-hornos","usp-platewarmer-01","usp-platewarmer-02","usp-platewarmer-03","usp-platewarmer-04","usp-cookinglovers-01","color-cristal-negro-con-marco","product_type_of_appliance-modulos-para-hornos","product_ambient-ambient-03","product_ambient-ambient-09","product_type_of_installation-integrable"],"acf":[],"yoast_head":"<!-- This site is optimized with the Yoast SEO plugin v27.5 - https:\/\/yoast.com\/product\/yoast-seo-wordpress\/ -->\n<title>Teka Caj\u00f3n Calientaplatos con Cristal Negro y Acero<\/title>\n<meta name=\"description\" content=\"Caj\u00f3n calientaplatos con sistema push-pull, control 30-80\u00b0C, capacidad para 6 servicios y acabado en cristal negro con marco acero antihuella.\" \/>\n<meta name=\"robots\" content=\"index, follow, max-snippet:-1, max-image-preview:large, max-video-preview:-1\" \/>\n<link rel=\"canonical\" href=\"https:\/\/www.teka.com\/es-mx\/producto\/cp-15-gs_40589920\/\" \/>\n<meta property=\"og:locale\" content=\"es_MX\" \/>\n<meta property=\"og:type\" content=\"article\" \/>\n<meta property=\"og:title\" content=\"Teka Caj\u00f3n Calientaplatos con Cristal Negro y Acero\" \/>\n<meta property=\"og:description\" content=\"Caj\u00f3n calientaplatos con sistema push-pull, control 30-80\u00b0C, capacidad para 6 servicios y acabado en cristal negro con marco acero antihuella.\" \/>\n<meta property=\"og:url\" content=\"https:\/\/www.teka.com\/es-mx\/producto\/cp-15-gs_40589920\/\" \/>\n<meta property=\"og:site_name\" content=\"Teka M\u00e9xico\" \/>\n<meta name=\"twitter:card\" content=\"summary_large_image\" \/>\n<script type=\"application\/ld+json\" class=\"yoast-schema-graph\">{\"@context\":\"https:\\\/\\\/schema.org\",\"@graph\":[{\"@type\":\"WebPage\",\"@id\":\"https:\\\/\\\/www.teka.com\\\/es-mx\\\/producto\\\/cp-15-gs_40589920\\\/\",\"url\":\"https:\\\/\\\/www.teka.com\\\/es-mx\\\/producto\\\/cp-15-gs_40589920\\\/\",\"name\":\"Teka Caj\u00f3n Calientaplatos con Cristal Negro y Acero\",\"isPartOf\":{\"@id\":\"https:\\\/\\\/www.teka.com\\\/es-mx\\\/#website\"},\"datePublished\":\"2026-04-28T23:29:32+00:00\",\"description\":\"Caj\u00f3n calientaplatos con sistema push-pull, control 30-80\u00b0C, capacidad para 6 servicios y acabado en cristal negro con marco acero antihuella.\",\"inLanguage\":\"es\",\"potentialAction\":[{\"@type\":\"ReadAction\",\"target\":[\"https:\\\/\\\/www.teka.com\\\/es-mx\\\/producto\\\/cp-15-gs_40589920\\\/\"]}]},{\"@type\":\"WebSite\",\"@id\":\"https:\\\/\\\/www.teka.com\\\/es-mx\\\/#website\",\"url\":\"https:\\\/\\\/www.teka.com\\\/es-mx\\\/\",\"name\":\"Teka M\u00e9xico\",\"description\":\"\",\"publisher\":{\"@id\":\"https:\\\/\\\/www.teka.com\\\/es-mx\\\/#organization\"},\"potentialAction\":[{\"@type\":\"SearchAction\",\"target\":{\"@type\":\"EntryPoint\",\"urlTemplate\":\"https:\\\/\\\/www.teka.com\\\/es-mx\\\/?s={search_term_string}\"},\"query-input\":{\"@type\":\"PropertyValueSpecification\",\"valueRequired\":true,\"valueName\":\"search_term_string\"}}],\"inLanguage\":\"es\"},{\"@type\":\"Organization\",\"@id\":\"https:\\\/\\\/www.teka.com\\\/es-mx\\\/#organization\",\"name\":\"Teka M\u00e9xico\",\"url\":\"https:\\\/\\\/www.teka.com\\\/es-mx\\\/\",\"logo\":{\"@type\":\"ImageObject\",\"inLanguage\":\"es\",\"@id\":\"https:\\\/\\\/www.teka.com\\\/es-mx\\\/#\\\/schema\\\/logo\\\/image\\\/\",\"url\":\"https:\\\/\\\/www.teka.com\\\/es-mx\\\/wp-content\\\/uploads\\\/sites\\\/11\\\/2024\\\/08\\\/Teka_100years_logo_red_greyscale_square_RGB-5.png\",\"contentUrl\":\"https:\\\/\\\/www.teka.com\\\/es-mx\\\/wp-content\\\/uploads\\\/sites\\\/11\\\/2024\\\/08\\\/Teka_100years_logo_red_greyscale_square_RGB-5.png\",\"width\":4042,\"height\":4042,\"caption\":\"Teka M\u00e9xico\"},\"image\":{\"@id\":\"https:\\\/\\\/www.teka.com\\\/es-mx\\\/#\\\/schema\\\/logo\\\/image\\\/\"}}]}<\/script>\n<!-- \/ Yoast SEO plugin. -->","yoast_head_json":{"title":"Teka Caj\u00f3n Calientaplatos con Cristal Negro y Acero","description":"Caj\u00f3n calientaplatos con sistema push-pull, control 30-80\u00b0C, capacidad para 6 servicios y acabado en cristal negro con marco acero antihuella.","robots":{"index":"index","follow":"follow","max-snippet":"max-snippet:-1","max-image-preview":"max-image-preview:large","max-video-preview":"max-video-preview:-1"},"canonical":"https:\/\/www.teka.com\/es-mx\/producto\/cp-15-gs_40589920\/","og_locale":"es_MX","og_type":"article","og_title":"Teka Caj\u00f3n Calientaplatos con Cristal Negro y Acero","og_description":"Caj\u00f3n calientaplatos con sistema push-pull, control 30-80\u00b0C, capacidad para 6 servicios y acabado en cristal negro con marco acero antihuella.","og_url":"https:\/\/www.teka.com\/es-mx\/producto\/cp-15-gs_40589920\/","og_site_name":"Teka M\u00e9xico","twitter_card":"summary_large_image","schema":{"@context":"https:\/\/schema.org","@graph":[{"@type":"WebPage","@id":"https:\/\/www.teka.com\/es-mx\/producto\/cp-15-gs_40589920\/","url":"https:\/\/www.teka.com\/es-mx\/producto\/cp-15-gs_40589920\/","name":"Teka Caj\u00f3n Calientaplatos con Cristal Negro y Acero","isPartOf":{"@id":"https:\/\/www.teka.com\/es-mx\/#website"},"datePublished":"2026-04-28T23:29:32+00:00","description":"Caj\u00f3n calientaplatos con sistema push-pull, control 30-80\u00b0C, capacidad para 6 servicios y acabado en cristal negro con marco acero antihuella.","inLanguage":"es","potentialAction":[{"@type":"ReadAction","target":["https:\/\/www.teka.com\/es-mx\/producto\/cp-15-gs_40589920\/"]}]},{"@type":"WebSite","@id":"https:\/\/www.teka.com\/es-mx\/#website","url":"https:\/\/www.teka.com\/es-mx\/","name":"Teka M\u00e9xico","description":"","publisher":{"@id":"https:\/\/www.teka.com\/es-mx\/#organization"},"potentialAction":[{"@type":"SearchAction","target":{"@type":"EntryPoint","urlTemplate":"https:\/\/www.teka.com\/es-mx\/?s={search_term_string}"},"query-input":{"@type":"PropertyValueSpecification","valueRequired":true,"valueName":"search_term_string"}}],"inLanguage":"es"},{"@type":"Organization","@id":"https:\/\/www.teka.com\/es-mx\/#organization","name":"Teka M\u00e9xico","url":"https:\/\/www.teka.com\/es-mx\/","logo":{"@type":"ImageObject","inLanguage":"es","@id":"https:\/\/www.teka.com\/es-mx\/#\/schema\/logo\/image\/","url":"https:\/\/www.teka.com\/es-mx\/wp-content\/uploads\/sites\/11\/2024\/08\/Teka_100years_logo_red_greyscale_square_RGB-5.png","contentUrl":"https:\/\/www.teka.com\/es-mx\/wp-content\/uploads\/sites\/11\/2024\/08\/Teka_100years_logo_red_greyscale_square_RGB-5.png","width":4042,"height":4042,"caption":"Teka M\u00e9xico"},"image":{"@id":"https:\/\/www.teka.com\/es-mx\/#\/schema\/logo\/image\/"}}]}},"_links":{"self":[{"href":"https:\/\/www.teka.com\/es-mx\/wp-json\/wp\/v2\/product\/71152","targetHints":{"allow":["GET"]}}],"collection":[{"href":"https:\/\/www.teka.com\/es-mx\/wp-json\/wp\/v2\/product"}],"about":[{"href":"https:\/\/www.teka.com\/es-mx\/wp-json\/wp\/v2\/types\/product"}],"wp:attachment":[{"href":"https:\/\/www.teka.com\/es-mx\/wp-json\/wp\/v2\/media?parent=71152"}],"wp:term":[{"taxonomy":"product_cat","embeddable":true,"href":"https:\/\/www.teka.com\/es-mx\/wp-json\/wp\/v2\/product_cat?post=71152"},{"taxonomy":"product_cleaning_system","embeddable":true,"href":"https:\/\/www.teka.com\/es-mx\/wp-json\/wp\/v2\/product_cleaning_system?post=71152"},{"taxonomy":"product_3rd_basket","embeddable":true,"href":"https:\/\/www.teka.com\/es-mx\/wp-json\/wp\/v2\/product_3rd_basket?post=71152"},{"taxonomy":"product_drawers","embeddable":true,"href":"https:\/\/www.teka.com\/es-mx\/wp-json\/wp\/v2\/product_drawers?post=71152"},{"taxonomy":"product_type_of_installation","embeddable":true,"href":"https:\/\/www.teka.com\/es-mx\/wp-json\/wp\/v2\/product_type_of_installation?post=71152"},{"taxonomy":"product_edition","embeddable":true,"href":"https:\/\/www.teka.com\/es-mx\/wp-json\/wp\/v2\/product_edition?post=71152"},{"taxonomy":"product_serie","embeddable":true,"href":"https:\/\/www.teka.com\/es-mx\/wp-json\/wp\/v2\/product_serie?post=71152"},{"taxonomy":"product_features","embeddable":true,"href":"https:\/\/www.teka.com\/es-mx\/wp-json\/wp\/v2\/product_features?post=71152"},{"taxonomy":"finishes","embeddable":true,"href":"https:\/\/www.teka.com\/es-mx\/wp-json\/wp\/v2\/finishes?post=71152"},{"taxonomy":"product_bundles","embeddable":true,"href":"https:\/\/www.teka.com\/es-mx\/wp-json\/wp\/v2\/product_bundles?post=71152"},{"taxonomy":"product_energy_efficiency","embeddable":true,"href":"https:\/\/www.teka.com\/es-mx\/wp-json\/wp\/v2\/product_energy_efficiency?post=71152"},{"taxonomy":"product_video_training","embeddable":true,"href":"https:\/\/www.teka.com\/es-mx\/wp-json\/wp\/v2\/product_video_training?post=71152"}],"curies":[{"name":"wp","href":"https:\/\/api.w.org\/{rel}","templated":true}]}}