{"id":72751,"date":"2026-04-07T20:56:43","date_gmt":"2026-04-07T20:56:43","guid":{"rendered":"https:\/\/teka.com\/es-mx\/dvi-88-g1-eos-bm_112930063"},"modified":"2026-03-14T08:21:59","modified_gmt":"2026-03-14T09:21:59","slug":"dvi-88-g1-eos-bm_112930063","status":"publish","type":"product","link":"https:\/\/www.teka.com\/es-mx\/producto\/dvi-88-g1-eos-bm_112930063\/","title":{"rendered":"DVI 88-G1 EOS BM"},"content":{"rendered":"<ul>\n<li>Dise\u00f1ado en Italia por Italdesign Giugiaro. Ideal para quienes buscan funcionalidad y potencia en un solo equipo.<\/li>\n<li>Funci\u00f3n FreshAir renueva el aire peri\u00f3dicamente, manteniendo la cocina fresca y libre de olores.<\/li>\n<li>Extracci\u00f3n perimetral a trav\u00e9s de un sistema de extracci\u00f3n perimetral que mejora la captaci\u00f3n de humos y vapores, aumentando la eficiencia.<\/li>\n<li>Motor EcoPower sin escobillas menor consumo energ\u00e9tico y funcionamiento silencioso.<\/li>\n<li>3 velocidades + 1 intensiva capacidad de extracci\u00f3n que garantiza aire limpio.<\/li>\n<li>2 l\u00e1mparas LED que proporciona mayor visibilidad y ahorro energ\u00e9tico.<\/li>\n<li>1 filtro de aluminio duradero y f\u00e1cil de limpiar, apto para lavavajillas.<\/li>\n<li>Temporizador que permite programar el apagado autom\u00e1tico para mayor comodidad.<\/li>\n<li>Indicador de saturaci\u00f3n de filtros que avisa cu\u00e1ndo limpiar o cambiar los filtros, manteniendo el rendimiento \u00f3ptimo.<\/li>\n<li>V\u00e1lvula antirretorno incluida que evita el retorno de aire y olores al interior.<\/li>\n<li>Incluye:<\/li>\n<li>Kit de recirculaci\u00f3n con cubretubos: CFH 15200 L3C<\/li>\n<li>Kit de recirculaci\u00f3n regenerativo con cubretubos: RFH 15200 L3C<\/li>\n<li>Kit de recirculaci\u00f3n sin cubretubos: CFH 15200 L3C<\/li>\n<li>Kit de recirculaci\u00f3n regenerativo sin cubretubos: RFH 15200 L3C<\/li>\n<li>Filtro de carb\u00f3n: C1RTK<\/li>\n<li>Filtro regenerativo: R1RT<\/li>\n<\/ul>\n","protected":false},"featured_media":0,"parent":0,"template":"","product_cat":[3406],"product_cleaning_system":[],"product_3rd_basket":[],"product_drawers":[],"product_type_of_installation":[],"product_edition":[],"product_serie":[],"product_features":[],"finishes":[],"product_bundles":[],"product_energy_efficiency":[56994],"product_video_training":[],"class_list":["post-72751","product","type-product","status-publish","hentry","product_cat-campanas","usp-infinityg1-01","usp-infinityg1-02","usp-infinityg1-03","usp-infinityg1-11","usp-infinityg1-12","usp-infinityg1-13","usp-cookinglovers-13","color-negro-mate","product_type_of_appliance-decorativas","product_ambient-infinityg1","product_icons-freshair","product_icons-led","product_icons-perimeter-extraction","product_icons-stop-delay-timer","product_energy_efficiency-d-icon"],"acf":[],"yoast_head":"<!-- This site is optimized with the Yoast SEO plugin v27.2 - https:\/\/yoast.com\/product\/yoast-seo-wordpress\/ -->\n<title>Teka Campana Vertical de Cocina<\/title>\n<meta name=\"description\" content=\"Descubre la Campana Vertical de Cocina negro mate con funci\u00f3n FreshAir, extracci\u00f3n perimetral, motor EcoPower, 3 velocidades y 1 filtro f\u00e1cil de limpiar.\" \/>\n<meta name=\"robots\" content=\"index, follow, max-snippet:-1, max-image-preview:large, max-video-preview:-1\" \/>\n<link rel=\"canonical\" href=\"https:\/\/www.teka.com\/es-mx\/producto\/dvi-88-g1-eos-bm_112930063\/\" \/>\n<meta property=\"og:locale\" content=\"es_MX\" \/>\n<meta property=\"og:type\" content=\"article\" \/>\n<meta property=\"og:title\" content=\"Teka Campana Vertical de Cocina\" \/>\n<meta property=\"og:description\" content=\"Descubre la Campana Vertical de Cocina negro mate con funci\u00f3n FreshAir, extracci\u00f3n perimetral, motor EcoPower, 3 velocidades y 1 filtro f\u00e1cil de limpiar.\" \/>\n<meta property=\"og:url\" content=\"https:\/\/www.teka.com\/es-mx\/producto\/dvi-88-g1-eos-bm_112930063\/\" \/>\n<meta property=\"og:site_name\" content=\"Teka M\u00e9xico\" \/>\n<meta name=\"twitter:card\" content=\"summary_large_image\" \/>\n<meta name=\"twitter:label1\" content=\"Tiempo de lectura\" \/>\n\t<meta name=\"twitter:data1\" content=\"1 minuto\" \/>\n<script type=\"application\/ld+json\" class=\"yoast-schema-graph\">{\"@context\":\"https:\/\/schema.org\",\"@graph\":[{\"@type\":\"WebPage\",\"@id\":\"https:\/\/www.teka.com\/es-mx\/producto\/dvi-88-g1-eos-bm_112930063\/\",\"url\":\"https:\/\/www.teka.com\/es-mx\/producto\/dvi-88-g1-eos-bm_112930063\/\",\"name\":\"Teka Campana Vertical de Cocina\",\"isPartOf\":{\"@id\":\"https:\/\/www.teka.com\/es-mx\/#website\"},\"datePublished\":\"2026-04-07T20:56:43+00:00\",\"description\":\"Descubre la Campana Vertical de Cocina negro mate con funci\u00f3n FreshAir, extracci\u00f3n perimetral, motor EcoPower, 3 velocidades y 1 filtro f\u00e1cil de limpiar.\",\"inLanguage\":\"es\",\"potentialAction\":[{\"@type\":\"ReadAction\",\"target\":[\"https:\/\/www.teka.com\/es-mx\/producto\/dvi-88-g1-eos-bm_112930063\/\"]}]},{\"@type\":\"WebSite\",\"@id\":\"https:\/\/www.teka.com\/es-mx\/#website\",\"url\":\"https:\/\/www.teka.com\/es-mx\/\",\"name\":\"Teka M\u00e9xico\",\"description\":\"\",\"publisher\":{\"@id\":\"https:\/\/www.teka.com\/es-mx\/#organization\"},\"potentialAction\":[{\"@type\":\"SearchAction\",\"target\":{\"@type\":\"EntryPoint\",\"urlTemplate\":\"https:\/\/www.teka.com\/es-mx\/?s={search_term_string}\"},\"query-input\":{\"@type\":\"PropertyValueSpecification\",\"valueRequired\":true,\"valueName\":\"search_term_string\"}}],\"inLanguage\":\"es\"},{\"@type\":\"Organization\",\"@id\":\"https:\/\/www.teka.com\/es-mx\/#organization\",\"name\":\"Teka M\u00e9xico\",\"url\":\"https:\/\/www.teka.com\/es-mx\/\",\"logo\":{\"@type\":\"ImageObject\",\"inLanguage\":\"es\",\"@id\":\"https:\/\/www.teka.com\/es-mx\/#\/schema\/logo\/image\/\",\"url\":\"https:\/\/www.teka.com\/es-mx\/wp-content\/uploads\/sites\/11\/2024\/08\/Teka_100years_logo_red_greyscale_square_RGB-5.png\",\"contentUrl\":\"https:\/\/www.teka.com\/es-mx\/wp-content\/uploads\/sites\/11\/2024\/08\/Teka_100years_logo_red_greyscale_square_RGB-5.png\",\"width\":4042,\"height\":4042,\"caption\":\"Teka M\u00e9xico\"},\"image\":{\"@id\":\"https:\/\/www.teka.com\/es-mx\/#\/schema\/logo\/image\/\"}}]}<\/script>\n<!-- \/ Yoast SEO plugin. -->","yoast_head_json":{"title":"Teka Campana Vertical de Cocina","description":"Descubre la Campana Vertical de Cocina negro mate con funci\u00f3n FreshAir, extracci\u00f3n perimetral, motor EcoPower, 3 velocidades y 1 filtro f\u00e1cil de limpiar.","robots":{"index":"index","follow":"follow","max-snippet":"max-snippet:-1","max-image-preview":"max-image-preview:large","max-video-preview":"max-video-preview:-1"},"canonical":"https:\/\/www.teka.com\/es-mx\/producto\/dvi-88-g1-eos-bm_112930063\/","og_locale":"es_MX","og_type":"article","og_title":"Teka Campana Vertical de Cocina","og_description":"Descubre la Campana Vertical de Cocina negro mate con funci\u00f3n FreshAir, extracci\u00f3n perimetral, motor EcoPower, 3 velocidades y 1 filtro f\u00e1cil de limpiar.","og_url":"https:\/\/www.teka.com\/es-mx\/producto\/dvi-88-g1-eos-bm_112930063\/","og_site_name":"Teka M\u00e9xico","twitter_card":"summary_large_image","twitter_misc":{"Tiempo de lectura":"1 minuto"},"schema":{"@context":"https:\/\/schema.org","@graph":[{"@type":"WebPage","@id":"https:\/\/www.teka.com\/es-mx\/producto\/dvi-88-g1-eos-bm_112930063\/","url":"https:\/\/www.teka.com\/es-mx\/producto\/dvi-88-g1-eos-bm_112930063\/","name":"Teka Campana Vertical de Cocina","isPartOf":{"@id":"https:\/\/www.teka.com\/es-mx\/#website"},"datePublished":"2026-04-07T20:56:43+00:00","description":"Descubre la Campana Vertical de Cocina negro mate con funci\u00f3n FreshAir, extracci\u00f3n perimetral, motor EcoPower, 3 velocidades y 1 filtro f\u00e1cil de limpiar.","inLanguage":"es","potentialAction":[{"@type":"ReadAction","target":["https:\/\/www.teka.com\/es-mx\/producto\/dvi-88-g1-eos-bm_112930063\/"]}]},{"@type":"WebSite","@id":"https:\/\/www.teka.com\/es-mx\/#website","url":"https:\/\/www.teka.com\/es-mx\/","name":"Teka M\u00e9xico","description":"","publisher":{"@id":"https:\/\/www.teka.com\/es-mx\/#organization"},"potentialAction":[{"@type":"SearchAction","target":{"@type":"EntryPoint","urlTemplate":"https:\/\/www.teka.com\/es-mx\/?s={search_term_string}"},"query-input":{"@type":"PropertyValueSpecification","valueRequired":true,"valueName":"search_term_string"}}],"inLanguage":"es"},{"@type":"Organization","@id":"https:\/\/www.teka.com\/es-mx\/#organization","name":"Teka M\u00e9xico","url":"https:\/\/www.teka.com\/es-mx\/","logo":{"@type":"ImageObject","inLanguage":"es","@id":"https:\/\/www.teka.com\/es-mx\/#\/schema\/logo\/image\/","url":"https:\/\/www.teka.com\/es-mx\/wp-content\/uploads\/sites\/11\/2024\/08\/Teka_100years_logo_red_greyscale_square_RGB-5.png","contentUrl":"https:\/\/www.teka.com\/es-mx\/wp-content\/uploads\/sites\/11\/2024\/08\/Teka_100years_logo_red_greyscale_square_RGB-5.png","width":4042,"height":4042,"caption":"Teka M\u00e9xico"},"image":{"@id":"https:\/\/www.teka.com\/es-mx\/#\/schema\/logo\/image\/"}}]}},"_links":{"self":[{"href":"https:\/\/www.teka.com\/es-mx\/wp-json\/wp\/v2\/product\/72751","targetHints":{"allow":["GET"]}}],"collection":[{"href":"https:\/\/www.teka.com\/es-mx\/wp-json\/wp\/v2\/product"}],"about":[{"href":"https:\/\/www.teka.com\/es-mx\/wp-json\/wp\/v2\/types\/product"}],"wp:attachment":[{"href":"https:\/\/www.teka.com\/es-mx\/wp-json\/wp\/v2\/media?parent=72751"}],"wp:term":[{"taxonomy":"product_cat","embeddable":true,"href":"https:\/\/www.teka.com\/es-mx\/wp-json\/wp\/v2\/product_cat?post=72751"},{"taxonomy":"product_cleaning_system","embeddable":true,"href":"https:\/\/www.teka.com\/es-mx\/wp-json\/wp\/v2\/product_cleaning_system?post=72751"},{"taxonomy":"product_3rd_basket","embeddable":true,"href":"https:\/\/www.teka.com\/es-mx\/wp-json\/wp\/v2\/product_3rd_basket?post=72751"},{"taxonomy":"product_drawers","embeddable":true,"href":"https:\/\/www.teka.com\/es-mx\/wp-json\/wp\/v2\/product_drawers?post=72751"},{"taxonomy":"product_type_of_installation","embeddable":true,"href":"https:\/\/www.teka.com\/es-mx\/wp-json\/wp\/v2\/product_type_of_installation?post=72751"},{"taxonomy":"product_edition","embeddable":true,"href":"https:\/\/www.teka.com\/es-mx\/wp-json\/wp\/v2\/product_edition?post=72751"},{"taxonomy":"product_serie","embeddable":true,"href":"https:\/\/www.teka.com\/es-mx\/wp-json\/wp\/v2\/product_serie?post=72751"},{"taxonomy":"product_features","embeddable":true,"href":"https:\/\/www.teka.com\/es-mx\/wp-json\/wp\/v2\/product_features?post=72751"},{"taxonomy":"finishes","embeddable":true,"href":"https:\/\/www.teka.com\/es-mx\/wp-json\/wp\/v2\/finishes?post=72751"},{"taxonomy":"product_bundles","embeddable":true,"href":"https:\/\/www.teka.com\/es-mx\/wp-json\/wp\/v2\/product_bundles?post=72751"},{"taxonomy":"product_energy_efficiency","embeddable":true,"href":"https:\/\/www.teka.com\/es-mx\/wp-json\/wp\/v2\/product_energy_efficiency?post=72751"},{"taxonomy":"product_video_training","embeddable":true,"href":"https:\/\/www.teka.com\/es-mx\/wp-json\/wp\/v2\/product_video_training?post=72751"}],"curies":[{"name":"wp","href":"https:\/\/api.w.org\/{rel}","templated":true}]}}