{"id":73253,"date":"2026-04-26T03:53:28","date_gmt":"2026-04-26T03:53:28","guid":{"rendered":"https:\/\/teka.com\/es-mx\/nfl-346-mx_113410006"},"modified":"2026-03-14T07:56:50","modified_gmt":"2026-03-14T08:56:50","slug":"nfl-346-mx_113410006","status":"publish","type":"product","link":"https:\/\/www.teka.com\/es-mx\/producto\/nfl-346-mx_113410006\/","title":{"rendered":"NFL 346 MX"},"content":{"rendered":"<ul>\n<li>Refrigerador tipo bottom freezer (congelador abajo) est\u00e1 pensado para hogares que buscan combinaci\u00f3n de funcionalidad, eficiencia y dise\u00f1o moderno.<\/li>\n<li>Iluminaci\u00f3n LED Brillante: Ilumina cada rinc\u00f3n del refrigerador, facilitando la localizaci\u00f3n de tus productos.<\/li>\n<li>Funci\u00f3n S\u00faper Congelado (congela grandes cantidades de alimento r\u00e1pidamente) o S\u00faper Fr\u00edo (ayuda a mantener las condiciones \u00f3ptimas del proceso de congelaci\u00f3n)<\/li>\n<li>Sistema de enfriamiento Full NF: tecnolog\u00eda que permite un enfriamiento eficiente y prolongado en los alimentos)<\/li>\n<li>Amplia capacidad de 12 pies: Ideal para familias medianas o para quienes necesitan gran espacio de almacenamiento.<\/li>\n<\/ul>\n","protected":false},"featured_media":0,"parent":0,"template":"","product_cat":[57046],"product_cleaning_system":[],"product_3rd_basket":[],"product_drawers":[56403],"product_type_of_installation":[56390],"product_edition":[],"product_serie":[],"product_features":[],"finishes":[],"product_bundles":[],"product_energy_efficiency":[56464],"product_video_training":[],"class_list":["post-73253","product","type-product","status-publish","hentry","product_cat-refrigeradores","usp-coldline-01","usp-coldline-02","usp-coldline-06","color-inox","product_type_of_appliance-refrigeradores","product_icons-motor-inverter","product_icons-led","product_icons-fresh-box","product_icons-full-no-frost","product_drawers-fresh-box","product_type_of_installation-libre-instalacion","product_energy_efficiency-a-ue-icon-new"],"acf":[],"yoast_head":"<!-- This site is optimized with the Yoast SEO plugin v27.5 - https:\/\/yoast.com\/product\/yoast-seo-wordpress\/ -->\n<title>Teka Refrigerador con Congelador Abajo Libre Instalaci\u00f3n de 12 pies<\/title>\n<meta name=\"description\" content=\"Descubre el Refrigerador NFL 346 MX con Congelador Abajo Libre Instalaci\u00f3n de 12 pies con funci\u00f3n S\u00faper Congelado o S\u00faper Fr\u00edo y sistema de enfriamiento Full NF\" \/>\n<meta name=\"robots\" content=\"index, follow, max-snippet:-1, max-image-preview:large, max-video-preview:-1\" \/>\n<link rel=\"canonical\" href=\"https:\/\/www.teka.com\/es-mx\/producto\/nfl-346-mx_113410006\/\" \/>\n<meta property=\"og:locale\" content=\"es_MX\" \/>\n<meta property=\"og:type\" content=\"article\" \/>\n<meta property=\"og:title\" content=\"Teka Refrigerador con Congelador Abajo Libre Instalaci\u00f3n de 12 pies\" \/>\n<meta property=\"og:description\" content=\"Descubre el Refrigerador NFL 346 MX con Congelador Abajo Libre Instalaci\u00f3n de 12 pies con funci\u00f3n S\u00faper Congelado o S\u00faper Fr\u00edo y sistema de enfriamiento Full NF\" \/>\n<meta property=\"og:url\" content=\"https:\/\/www.teka.com\/es-mx\/producto\/nfl-346-mx_113410006\/\" \/>\n<meta property=\"og:site_name\" content=\"Teka M\u00e9xico\" \/>\n<meta name=\"twitter:card\" content=\"summary_large_image\" \/>\n<script type=\"application\/ld+json\" class=\"yoast-schema-graph\">{\"@context\":\"https:\\\/\\\/schema.org\",\"@graph\":[{\"@type\":\"WebPage\",\"@id\":\"https:\\\/\\\/www.teka.com\\\/es-mx\\\/producto\\\/nfl-346-mx_113410006\\\/\",\"url\":\"https:\\\/\\\/www.teka.com\\\/es-mx\\\/producto\\\/nfl-346-mx_113410006\\\/\",\"name\":\"Teka Refrigerador con Congelador Abajo Libre Instalaci\u00f3n de 12 pies\",\"isPartOf\":{\"@id\":\"https:\\\/\\\/www.teka.com\\\/es-mx\\\/#website\"},\"datePublished\":\"2026-04-26T03:53:28+00:00\",\"description\":\"Descubre el Refrigerador NFL 346 MX con Congelador Abajo Libre Instalaci\u00f3n de 12 pies con funci\u00f3n S\u00faper Congelado o S\u00faper Fr\u00edo y sistema de enfriamiento Full NF\",\"inLanguage\":\"es\",\"potentialAction\":[{\"@type\":\"ReadAction\",\"target\":[\"https:\\\/\\\/www.teka.com\\\/es-mx\\\/producto\\\/nfl-346-mx_113410006\\\/\"]}]},{\"@type\":\"WebSite\",\"@id\":\"https:\\\/\\\/www.teka.com\\\/es-mx\\\/#website\",\"url\":\"https:\\\/\\\/www.teka.com\\\/es-mx\\\/\",\"name\":\"Teka M\u00e9xico\",\"description\":\"\",\"publisher\":{\"@id\":\"https:\\\/\\\/www.teka.com\\\/es-mx\\\/#organization\"},\"potentialAction\":[{\"@type\":\"SearchAction\",\"target\":{\"@type\":\"EntryPoint\",\"urlTemplate\":\"https:\\\/\\\/www.teka.com\\\/es-mx\\\/?s={search_term_string}\"},\"query-input\":{\"@type\":\"PropertyValueSpecification\",\"valueRequired\":true,\"valueName\":\"search_term_string\"}}],\"inLanguage\":\"es\"},{\"@type\":\"Organization\",\"@id\":\"https:\\\/\\\/www.teka.com\\\/es-mx\\\/#organization\",\"name\":\"Teka M\u00e9xico\",\"url\":\"https:\\\/\\\/www.teka.com\\\/es-mx\\\/\",\"logo\":{\"@type\":\"ImageObject\",\"inLanguage\":\"es\",\"@id\":\"https:\\\/\\\/www.teka.com\\\/es-mx\\\/#\\\/schema\\\/logo\\\/image\\\/\",\"url\":\"https:\\\/\\\/www.teka.com\\\/es-mx\\\/wp-content\\\/uploads\\\/sites\\\/11\\\/2024\\\/08\\\/Teka_100years_logo_red_greyscale_square_RGB-5.png\",\"contentUrl\":\"https:\\\/\\\/www.teka.com\\\/es-mx\\\/wp-content\\\/uploads\\\/sites\\\/11\\\/2024\\\/08\\\/Teka_100years_logo_red_greyscale_square_RGB-5.png\",\"width\":4042,\"height\":4042,\"caption\":\"Teka M\u00e9xico\"},\"image\":{\"@id\":\"https:\\\/\\\/www.teka.com\\\/es-mx\\\/#\\\/schema\\\/logo\\\/image\\\/\"}}]}<\/script>\n<!-- \/ Yoast SEO plugin. -->","yoast_head_json":{"title":"Teka Refrigerador con Congelador Abajo Libre Instalaci\u00f3n de 12 pies","description":"Descubre el Refrigerador NFL 346 MX con Congelador Abajo Libre Instalaci\u00f3n de 12 pies con funci\u00f3n S\u00faper Congelado o S\u00faper Fr\u00edo y sistema de enfriamiento Full NF","robots":{"index":"index","follow":"follow","max-snippet":"max-snippet:-1","max-image-preview":"max-image-preview:large","max-video-preview":"max-video-preview:-1"},"canonical":"https:\/\/www.teka.com\/es-mx\/producto\/nfl-346-mx_113410006\/","og_locale":"es_MX","og_type":"article","og_title":"Teka Refrigerador con Congelador Abajo Libre Instalaci\u00f3n de 12 pies","og_description":"Descubre el Refrigerador NFL 346 MX con Congelador Abajo Libre Instalaci\u00f3n de 12 pies con funci\u00f3n S\u00faper Congelado o S\u00faper Fr\u00edo y sistema de enfriamiento Full NF","og_url":"https:\/\/www.teka.com\/es-mx\/producto\/nfl-346-mx_113410006\/","og_site_name":"Teka M\u00e9xico","twitter_card":"summary_large_image","schema":{"@context":"https:\/\/schema.org","@graph":[{"@type":"WebPage","@id":"https:\/\/www.teka.com\/es-mx\/producto\/nfl-346-mx_113410006\/","url":"https:\/\/www.teka.com\/es-mx\/producto\/nfl-346-mx_113410006\/","name":"Teka Refrigerador con Congelador Abajo Libre Instalaci\u00f3n de 12 pies","isPartOf":{"@id":"https:\/\/www.teka.com\/es-mx\/#website"},"datePublished":"2026-04-26T03:53:28+00:00","description":"Descubre el Refrigerador NFL 346 MX con Congelador Abajo Libre Instalaci\u00f3n de 12 pies con funci\u00f3n S\u00faper Congelado o S\u00faper Fr\u00edo y sistema de enfriamiento Full NF","inLanguage":"es","potentialAction":[{"@type":"ReadAction","target":["https:\/\/www.teka.com\/es-mx\/producto\/nfl-346-mx_113410006\/"]}]},{"@type":"WebSite","@id":"https:\/\/www.teka.com\/es-mx\/#website","url":"https:\/\/www.teka.com\/es-mx\/","name":"Teka M\u00e9xico","description":"","publisher":{"@id":"https:\/\/www.teka.com\/es-mx\/#organization"},"potentialAction":[{"@type":"SearchAction","target":{"@type":"EntryPoint","urlTemplate":"https:\/\/www.teka.com\/es-mx\/?s={search_term_string}"},"query-input":{"@type":"PropertyValueSpecification","valueRequired":true,"valueName":"search_term_string"}}],"inLanguage":"es"},{"@type":"Organization","@id":"https:\/\/www.teka.com\/es-mx\/#organization","name":"Teka M\u00e9xico","url":"https:\/\/www.teka.com\/es-mx\/","logo":{"@type":"ImageObject","inLanguage":"es","@id":"https:\/\/www.teka.com\/es-mx\/#\/schema\/logo\/image\/","url":"https:\/\/www.teka.com\/es-mx\/wp-content\/uploads\/sites\/11\/2024\/08\/Teka_100years_logo_red_greyscale_square_RGB-5.png","contentUrl":"https:\/\/www.teka.com\/es-mx\/wp-content\/uploads\/sites\/11\/2024\/08\/Teka_100years_logo_red_greyscale_square_RGB-5.png","width":4042,"height":4042,"caption":"Teka M\u00e9xico"},"image":{"@id":"https:\/\/www.teka.com\/es-mx\/#\/schema\/logo\/image\/"}}]}},"_links":{"self":[{"href":"https:\/\/www.teka.com\/es-mx\/wp-json\/wp\/v2\/product\/73253","targetHints":{"allow":["GET"]}}],"collection":[{"href":"https:\/\/www.teka.com\/es-mx\/wp-json\/wp\/v2\/product"}],"about":[{"href":"https:\/\/www.teka.com\/es-mx\/wp-json\/wp\/v2\/types\/product"}],"wp:attachment":[{"href":"https:\/\/www.teka.com\/es-mx\/wp-json\/wp\/v2\/media?parent=73253"}],"wp:term":[{"taxonomy":"product_cat","embeddable":true,"href":"https:\/\/www.teka.com\/es-mx\/wp-json\/wp\/v2\/product_cat?post=73253"},{"taxonomy":"product_cleaning_system","embeddable":true,"href":"https:\/\/www.teka.com\/es-mx\/wp-json\/wp\/v2\/product_cleaning_system?post=73253"},{"taxonomy":"product_3rd_basket","embeddable":true,"href":"https:\/\/www.teka.com\/es-mx\/wp-json\/wp\/v2\/product_3rd_basket?post=73253"},{"taxonomy":"product_drawers","embeddable":true,"href":"https:\/\/www.teka.com\/es-mx\/wp-json\/wp\/v2\/product_drawers?post=73253"},{"taxonomy":"product_type_of_installation","embeddable":true,"href":"https:\/\/www.teka.com\/es-mx\/wp-json\/wp\/v2\/product_type_of_installation?post=73253"},{"taxonomy":"product_edition","embeddable":true,"href":"https:\/\/www.teka.com\/es-mx\/wp-json\/wp\/v2\/product_edition?post=73253"},{"taxonomy":"product_serie","embeddable":true,"href":"https:\/\/www.teka.com\/es-mx\/wp-json\/wp\/v2\/product_serie?post=73253"},{"taxonomy":"product_features","embeddable":true,"href":"https:\/\/www.teka.com\/es-mx\/wp-json\/wp\/v2\/product_features?post=73253"},{"taxonomy":"finishes","embeddable":true,"href":"https:\/\/www.teka.com\/es-mx\/wp-json\/wp\/v2\/finishes?post=73253"},{"taxonomy":"product_bundles","embeddable":true,"href":"https:\/\/www.teka.com\/es-mx\/wp-json\/wp\/v2\/product_bundles?post=73253"},{"taxonomy":"product_energy_efficiency","embeddable":true,"href":"https:\/\/www.teka.com\/es-mx\/wp-json\/wp\/v2\/product_energy_efficiency?post=73253"},{"taxonomy":"product_video_training","embeddable":true,"href":"https:\/\/www.teka.com\/es-mx\/wp-json\/wp\/v2\/product_video_training?post=73253"}],"curies":[{"name":"wp","href":"https:\/\/api.w.org\/{rel}","templated":true}]}}