{"id":67461,"date":"2026-04-24T21:22:20","date_gmt":"2026-04-24T21:22:20","guid":{"rendered":"https:\/\/www.teka.com\/es-ni\/producto\/efx-32300-ih_112510006\/"},"modified":"2026-03-14T06:43:39","modified_gmt":"2026-03-14T07:43:39","slug":"efx-32300-ih_112510006","status":"publish","type":"product","link":"https:\/\/www.teka.com\/es-ni\/producto\/efx-32300-ih_112510006\/","title":{"rendered":"EFX 32300 IH"},"content":{"rendered":"<ul>\n<li>Ideal para hogares modernos y quienes buscan precisi\u00f3n, seguridad y alto rendimiento a la hora de cocinar sus alimentos.<\/li>\n<li>Cristal vitrocer\u00e1mico biselado frontal Schott Cerancon marco de acero inoxidable que queda perfecta en cualquier cocina.<\/li>\n<li>Touchcontrol con sensores ac\u00fasticos sistema de control de temperatura que permite a los usuarios seleccionar la potencia y la zona de cocci\u00f3n de manera precisa y segura.<\/li>\n<li>Programaci\u00f3n del tiempo de cocci\u00f3n hasta 99 minutos con alarma ac\u00fastica (posibilidad de programar todas las zonas de cocci\u00f3n a la vez).<\/li>\n<li>Funci\u00f3n PowerPlus permite alcanzar la m\u00e1xima potencia en un tiempo muy reducido.<\/li>\n<li>Detector de recipientes que te ayuda a cocinar de forma eficiente.<\/li>\n<li>2 placas de inducci\u00f3n en la zona de cocci\u00f3n con indicadores de calor residual.<\/li>\n<\/ul>\n","protected":false},"featured_media":0,"parent":0,"template":"","product_cat":[59121],"product_cleaning_system":[],"product_3rd_basket":[],"product_drawers":[],"product_type_of_installation":[],"product_edition":[],"product_serie":[],"product_features":[],"finishes":[],"product_bundles":[],"product_energy_efficiency":[],"product_video_training":[60249],"class_list":["post-67461","product","type-product","status-publish","hentry","product_cat-parrillas","usp-gas-02","usp-cookinglovers-01","color-inox","product_type_of_appliance-induccion","product_video_training-traininghobs-14"],"acf":[],"yoast_head":"<!-- This site is optimized with the Yoast SEO plugin v27.2 - https:\/\/yoast.com\/product\/yoast-seo-wordpress\/ -->\n<title>Teka Parrilla Vitrocer\u00e1mica de Inducci\u00f3n de 40x305x510 mm<\/title>\n<meta name=\"description\" content=\"Descubre la Parrilla Vitrocer\u00e1mica de Inducci\u00f3n con touch control, funci\u00f3n power plus, detector de recipientes y programaci\u00f3n del tiempo de cocci\u00f3n.\" \/>\n<meta name=\"robots\" content=\"index, follow, max-snippet:-1, max-image-preview:large, max-video-preview:-1\" \/>\n<link rel=\"canonical\" href=\"https:\/\/www.teka.com\/es-ni\/producto\/efx-32300-ih_112510006\/\" \/>\n<meta property=\"og:locale\" content=\"es_ES\" \/>\n<meta property=\"og:type\" content=\"article\" \/>\n<meta property=\"og:title\" content=\"Teka Parrilla Vitrocer\u00e1mica de Inducci\u00f3n de 40x305x510 mm\" \/>\n<meta property=\"og:description\" content=\"Descubre la Parrilla Vitrocer\u00e1mica de Inducci\u00f3n con touch control, funci\u00f3n power plus, detector de recipientes y programaci\u00f3n del tiempo de cocci\u00f3n.\" \/>\n<meta property=\"og:url\" content=\"https:\/\/www.teka.com\/es-ni\/producto\/efx-32300-ih_112510006\/\" \/>\n<meta property=\"og:site_name\" content=\"Teka Nicaragua\" \/>\n<meta name=\"twitter:card\" content=\"summary_large_image\" \/>\n<meta name=\"twitter:label1\" content=\"Tiempo de lectura\" \/>\n\t<meta name=\"twitter:data1\" content=\"1 minuto\" \/>\n<script type=\"application\/ld+json\" class=\"yoast-schema-graph\">{\"@context\":\"https:\/\/schema.org\",\"@graph\":[{\"@type\":\"WebPage\",\"@id\":\"https:\/\/www.teka.com\/es-ni\/producto\/efx-32300-ih_112510006\/\",\"url\":\"https:\/\/www.teka.com\/es-ni\/producto\/efx-32300-ih_112510006\/\",\"name\":\"Teka Parrilla Vitrocer\u00e1mica de Inducci\u00f3n de 40x305x510 mm\",\"isPartOf\":{\"@id\":\"https:\/\/www.teka.com\/es-ni\/#website\"},\"datePublished\":\"2026-04-24T21:22:20+00:00\",\"description\":\"Descubre la Parrilla Vitrocer\u00e1mica de Inducci\u00f3n con touch control, funci\u00f3n power plus, detector de recipientes y programaci\u00f3n del tiempo de cocci\u00f3n.\",\"inLanguage\":\"es\",\"potentialAction\":[{\"@type\":\"ReadAction\",\"target\":[\"https:\/\/www.teka.com\/es-ni\/producto\/efx-32300-ih_112510006\/\"]}]},{\"@type\":\"WebSite\",\"@id\":\"https:\/\/www.teka.com\/es-ni\/#website\",\"url\":\"https:\/\/www.teka.com\/es-ni\/\",\"name\":\"Teka Nicaragua\",\"description\":\"\",\"publisher\":{\"@id\":\"https:\/\/www.teka.com\/es-ni\/#organization\"},\"potentialAction\":[{\"@type\":\"SearchAction\",\"target\":{\"@type\":\"EntryPoint\",\"urlTemplate\":\"https:\/\/www.teka.com\/es-ni\/?s={search_term_string}\"},\"query-input\":{\"@type\":\"PropertyValueSpecification\",\"valueRequired\":true,\"valueName\":\"search_term_string\"}}],\"inLanguage\":\"es\"},{\"@type\":\"Organization\",\"@id\":\"https:\/\/www.teka.com\/es-ni\/#organization\",\"name\":\"Teka Nicaragua\",\"url\":\"https:\/\/www.teka.com\/es-ni\/\",\"logo\":{\"@type\":\"ImageObject\",\"inLanguage\":\"es\",\"@id\":\"https:\/\/www.teka.com\/es-ni\/#\/schema\/logo\/image\/\",\"url\":\"https:\/\/www.teka.com\/es-ni\/wp-content\/uploads\/sites\/92\/2018\/10\/404-teka.png\",\"contentUrl\":\"https:\/\/www.teka.com\/es-ni\/wp-content\/uploads\/sites\/92\/2018\/10\/404-teka.png\",\"width\":200,\"height\":200,\"caption\":\"Teka Nicaragua\"},\"image\":{\"@id\":\"https:\/\/www.teka.com\/es-ni\/#\/schema\/logo\/image\/\"}}]}<\/script>\n<!-- \/ Yoast SEO plugin. -->","yoast_head_json":{"title":"Teka Parrilla Vitrocer\u00e1mica de Inducci\u00f3n de 40x305x510 mm","description":"Descubre la Parrilla Vitrocer\u00e1mica de Inducci\u00f3n con touch control, funci\u00f3n power plus, detector de recipientes y programaci\u00f3n del tiempo de cocci\u00f3n.","robots":{"index":"index","follow":"follow","max-snippet":"max-snippet:-1","max-image-preview":"max-image-preview:large","max-video-preview":"max-video-preview:-1"},"canonical":"https:\/\/www.teka.com\/es-ni\/producto\/efx-32300-ih_112510006\/","og_locale":"es_ES","og_type":"article","og_title":"Teka Parrilla Vitrocer\u00e1mica de Inducci\u00f3n de 40x305x510 mm","og_description":"Descubre la Parrilla Vitrocer\u00e1mica de Inducci\u00f3n con touch control, funci\u00f3n power plus, detector de recipientes y programaci\u00f3n del tiempo de cocci\u00f3n.","og_url":"https:\/\/www.teka.com\/es-ni\/producto\/efx-32300-ih_112510006\/","og_site_name":"Teka Nicaragua","twitter_card":"summary_large_image","twitter_misc":{"Tiempo de lectura":"1 minuto"},"schema":{"@context":"https:\/\/schema.org","@graph":[{"@type":"WebPage","@id":"https:\/\/www.teka.com\/es-ni\/producto\/efx-32300-ih_112510006\/","url":"https:\/\/www.teka.com\/es-ni\/producto\/efx-32300-ih_112510006\/","name":"Teka Parrilla Vitrocer\u00e1mica de Inducci\u00f3n de 40x305x510 mm","isPartOf":{"@id":"https:\/\/www.teka.com\/es-ni\/#website"},"datePublished":"2026-04-24T21:22:20+00:00","description":"Descubre la Parrilla Vitrocer\u00e1mica de Inducci\u00f3n con touch control, funci\u00f3n power plus, detector de recipientes y programaci\u00f3n del tiempo de cocci\u00f3n.","inLanguage":"es","potentialAction":[{"@type":"ReadAction","target":["https:\/\/www.teka.com\/es-ni\/producto\/efx-32300-ih_112510006\/"]}]},{"@type":"WebSite","@id":"https:\/\/www.teka.com\/es-ni\/#website","url":"https:\/\/www.teka.com\/es-ni\/","name":"Teka Nicaragua","description":"","publisher":{"@id":"https:\/\/www.teka.com\/es-ni\/#organization"},"potentialAction":[{"@type":"SearchAction","target":{"@type":"EntryPoint","urlTemplate":"https:\/\/www.teka.com\/es-ni\/?s={search_term_string}"},"query-input":{"@type":"PropertyValueSpecification","valueRequired":true,"valueName":"search_term_string"}}],"inLanguage":"es"},{"@type":"Organization","@id":"https:\/\/www.teka.com\/es-ni\/#organization","name":"Teka Nicaragua","url":"https:\/\/www.teka.com\/es-ni\/","logo":{"@type":"ImageObject","inLanguage":"es","@id":"https:\/\/www.teka.com\/es-ni\/#\/schema\/logo\/image\/","url":"https:\/\/www.teka.com\/es-ni\/wp-content\/uploads\/sites\/92\/2018\/10\/404-teka.png","contentUrl":"https:\/\/www.teka.com\/es-ni\/wp-content\/uploads\/sites\/92\/2018\/10\/404-teka.png","width":200,"height":200,"caption":"Teka Nicaragua"},"image":{"@id":"https:\/\/www.teka.com\/es-ni\/#\/schema\/logo\/image\/"}}]}},"_links":{"self":[{"href":"https:\/\/www.teka.com\/es-ni\/wp-json\/wp\/v2\/product\/67461","targetHints":{"allow":["GET"]}}],"collection":[{"href":"https:\/\/www.teka.com\/es-ni\/wp-json\/wp\/v2\/product"}],"about":[{"href":"https:\/\/www.teka.com\/es-ni\/wp-json\/wp\/v2\/types\/product"}],"wp:attachment":[{"href":"https:\/\/www.teka.com\/es-ni\/wp-json\/wp\/v2\/media?parent=67461"}],"wp:term":[{"taxonomy":"product_cat","embeddable":true,"href":"https:\/\/www.teka.com\/es-ni\/wp-json\/wp\/v2\/product_cat?post=67461"},{"taxonomy":"product_cleaning_system","embeddable":true,"href":"https:\/\/www.teka.com\/es-ni\/wp-json\/wp\/v2\/product_cleaning_system?post=67461"},{"taxonomy":"product_3rd_basket","embeddable":true,"href":"https:\/\/www.teka.com\/es-ni\/wp-json\/wp\/v2\/product_3rd_basket?post=67461"},{"taxonomy":"product_drawers","embeddable":true,"href":"https:\/\/www.teka.com\/es-ni\/wp-json\/wp\/v2\/product_drawers?post=67461"},{"taxonomy":"product_type_of_installation","embeddable":true,"href":"https:\/\/www.teka.com\/es-ni\/wp-json\/wp\/v2\/product_type_of_installation?post=67461"},{"taxonomy":"product_edition","embeddable":true,"href":"https:\/\/www.teka.com\/es-ni\/wp-json\/wp\/v2\/product_edition?post=67461"},{"taxonomy":"product_serie","embeddable":true,"href":"https:\/\/www.teka.com\/es-ni\/wp-json\/wp\/v2\/product_serie?post=67461"},{"taxonomy":"product_features","embeddable":true,"href":"https:\/\/www.teka.com\/es-ni\/wp-json\/wp\/v2\/product_features?post=67461"},{"taxonomy":"finishes","embeddable":true,"href":"https:\/\/www.teka.com\/es-ni\/wp-json\/wp\/v2\/finishes?post=67461"},{"taxonomy":"product_bundles","embeddable":true,"href":"https:\/\/www.teka.com\/es-ni\/wp-json\/wp\/v2\/product_bundles?post=67461"},{"taxonomy":"product_energy_efficiency","embeddable":true,"href":"https:\/\/www.teka.com\/es-ni\/wp-json\/wp\/v2\/product_energy_efficiency?post=67461"},{"taxonomy":"product_video_training","embeddable":true,"href":"https:\/\/www.teka.com\/es-ni\/wp-json\/wp\/v2\/product_video_training?post=67461"}],"curies":[{"name":"wp","href":"https:\/\/api.w.org\/{rel}","templated":true}]}}