{"id":68976,"date":"2026-04-26T02:04:20","date_gmt":"2026-04-26T02:04:20","guid":{"rendered":"https:\/\/teka.com\/en-int\/fregadero-de-acero-inoxidable-de-instalacion-3-en-1-con-una-cubeta-y-silentsmart-de-795mm_115000056"},"modified":"2026-03-14T07:54:20","modified_gmt":"2026-03-14T08:54:20","slug":"fregadero-de-acero-inoxidable-de-instalacion-3-en-1-con-una-cubeta-y-silentsmart-de-795mm_115000056","status":"publish","type":"product","link":"https:\/\/www.teka.com\/es-ni\/producto\/fregadero-de-acero-inoxidable-de-instalacion-3-en-1-con-una-cubeta-y-silentsmart-de-795mm_115000056\/","title":{"rendered":"American Professional 80 M-XP 1C"},"content":{"rendered":"<ul>\n<li>Fregadero Triple Mount de una cubeta con frente visto, fabricado en acero inoxidable con acabado pulido que combina resistencia, funcionalidad y dise\u00f1o moderno para la cocina. Su sistema de instalaci\u00f3n Triple Mount permite colocarlo sobre encimera, enrasado o bajo encimera, ofreciendo versatilidad para adaptarse a diferentes estilos y necesidades de instalaci\u00f3n.<\/li>\n<li><\/li>\n<li>Est\u00e1 fabricado en calibre 20 para garantizar durabilidad y un excelente desempe\u00f1o en el uso diario. Su cubeta con radio R15 facilita la limpieza y mejora la evacuaci\u00f3n del agua, evitando acumulaciones en las esquinas. Adem\u00e1s, cuenta con una profundidad de 200 mm que proporciona mayor capacidad y comodidad al lavar utensilios de gran tama\u00f1o.<\/li>\n<li><\/li>\n<li>Incluye desag\u00fce cuadrado con v\u00e1lvula canasta de 3 \u00bd\u201d y sif\u00f3n para un drenaje eficiente. Incorpora tecnolog\u00eda SilentSmart, dise\u00f1ada para reducir hasta un 50% la rumorosidad provocada por el impacto del agua o utensilios, ofreciendo una experiencia m\u00e1s silenciosa y confortable en la cocina. Es compatible con muebles de 80 cm, convirti\u00e9ndolo en una opci\u00f3n pr\u00e1ctica, elegante y funcional.<\/li>\n<\/ul>\n","protected":false},"featured_media":0,"parent":0,"template":"","product_cat":[59129],"product_cleaning_system":[],"product_3rd_basket":[],"product_drawers":[],"product_type_of_installation":[59418,59435,59436],"product_edition":[],"product_serie":[],"product_features":[],"finishes":[],"product_bundles":[],"product_energy_efficiency":[],"product_video_training":[],"class_list":["post-68976","product","type-product","status-publish","hentry","product_cat-fregaderos","usp-americanpro-01","usp-americanpro-02","usp-sinks-02","usp-sinks-05","usp-sinks-06","usp-sinks-installation-01","color-inox","product_type_of_appliance-acero-inoxidable","product_ambient-ambient-06","product_icons-200mm","product_icons-hygiene","product_type_of_installation-submontar","product_type_of_installation-enrasar","product_type_of_installation-empotre-top"],"acf":[],"yoast_head":"<!-- This site is optimized with the Yoast SEO plugin v27.2 - https:\/\/yoast.com\/product\/yoast-seo-wordpress\/ -->\n<title>Fregadero Encastrado | Acero Inoxidable | AMERICAN PRO 8<\/title>\n<meta name=\"description\" content=\"Fregadero Triple Mount de acero inoxidable cuenta con caracter\u00edsticas insuperables gracias a su tecnolog\u00eda que disminuye el ruido en un 50%\" \/>\n<meta name=\"robots\" content=\"index, follow, max-snippet:-1, max-image-preview:large, max-video-preview:-1\" \/>\n<link rel=\"canonical\" href=\"https:\/\/www.teka.com\/es-ni\/producto\/fregadero-de-acero-inoxidable-de-instalacion-3-en-1-con-una-cubeta-y-silentsmart-de-795mm_115000056\/\" \/>\n<meta property=\"og:locale\" content=\"es_ES\" \/>\n<meta property=\"og:type\" content=\"article\" \/>\n<meta property=\"og:title\" content=\"Fregadero Encastrado | Acero Inoxidable | AMERICAN PRO 8\" \/>\n<meta property=\"og:description\" content=\"Fregadero Triple Mount de acero inoxidable cuenta con caracter\u00edsticas insuperables gracias a su tecnolog\u00eda que disminuye el ruido en un 50%\" \/>\n<meta property=\"og:url\" content=\"https:\/\/www.teka.com\/es-ni\/producto\/fregadero-de-acero-inoxidable-de-instalacion-3-en-1-con-una-cubeta-y-silentsmart-de-795mm_115000056\/\" \/>\n<meta property=\"og:site_name\" content=\"Teka Nicaragua\" \/>\n<meta name=\"twitter:card\" content=\"summary_large_image\" \/>\n<meta name=\"twitter:label1\" content=\"Tiempo de lectura\" \/>\n\t<meta name=\"twitter:data1\" content=\"1 minuto\" \/>\n<script type=\"application\/ld+json\" class=\"yoast-schema-graph\">{\"@context\":\"https:\/\/schema.org\",\"@graph\":[{\"@type\":\"WebPage\",\"@id\":\"https:\/\/www.teka.com\/es-ni\/producto\/fregadero-de-acero-inoxidable-de-instalacion-3-en-1-con-una-cubeta-y-silentsmart-de-795mm_115000056\/\",\"url\":\"https:\/\/www.teka.com\/es-ni\/producto\/fregadero-de-acero-inoxidable-de-instalacion-3-en-1-con-una-cubeta-y-silentsmart-de-795mm_115000056\/\",\"name\":\"Fregadero Encastrado | Acero Inoxidable | AMERICAN PRO 8\",\"isPartOf\":{\"@id\":\"https:\/\/www.teka.com\/es-ni\/#website\"},\"datePublished\":\"2026-04-26T02:04:20+00:00\",\"description\":\"Fregadero Triple Mount de acero inoxidable cuenta con caracter\u00edsticas insuperables gracias a su tecnolog\u00eda que disminuye el ruido en un 50%\",\"inLanguage\":\"es\",\"potentialAction\":[{\"@type\":\"ReadAction\",\"target\":[\"https:\/\/www.teka.com\/es-ni\/producto\/fregadero-de-acero-inoxidable-de-instalacion-3-en-1-con-una-cubeta-y-silentsmart-de-795mm_115000056\/\"]}]},{\"@type\":\"WebSite\",\"@id\":\"https:\/\/www.teka.com\/es-ni\/#website\",\"url\":\"https:\/\/www.teka.com\/es-ni\/\",\"name\":\"Teka Nicaragua\",\"description\":\"\",\"publisher\":{\"@id\":\"https:\/\/www.teka.com\/es-ni\/#organization\"},\"potentialAction\":[{\"@type\":\"SearchAction\",\"target\":{\"@type\":\"EntryPoint\",\"urlTemplate\":\"https:\/\/www.teka.com\/es-ni\/?s={search_term_string}\"},\"query-input\":{\"@type\":\"PropertyValueSpecification\",\"valueRequired\":true,\"valueName\":\"search_term_string\"}}],\"inLanguage\":\"es\"},{\"@type\":\"Organization\",\"@id\":\"https:\/\/www.teka.com\/es-ni\/#organization\",\"name\":\"Teka Nicaragua\",\"url\":\"https:\/\/www.teka.com\/es-ni\/\",\"logo\":{\"@type\":\"ImageObject\",\"inLanguage\":\"es\",\"@id\":\"https:\/\/www.teka.com\/es-ni\/#\/schema\/logo\/image\/\",\"url\":\"https:\/\/www.teka.com\/es-ni\/wp-content\/uploads\/sites\/92\/2018\/10\/404-teka.png\",\"contentUrl\":\"https:\/\/www.teka.com\/es-ni\/wp-content\/uploads\/sites\/92\/2018\/10\/404-teka.png\",\"width\":200,\"height\":200,\"caption\":\"Teka Nicaragua\"},\"image\":{\"@id\":\"https:\/\/www.teka.com\/es-ni\/#\/schema\/logo\/image\/\"}}]}<\/script>\n<!-- \/ Yoast SEO plugin. -->","yoast_head_json":{"title":"Fregadero Encastrado | Acero Inoxidable | AMERICAN PRO 8","description":"Fregadero Triple Mount de acero inoxidable cuenta con caracter\u00edsticas insuperables gracias a su tecnolog\u00eda que disminuye el ruido en un 50%","robots":{"index":"index","follow":"follow","max-snippet":"max-snippet:-1","max-image-preview":"max-image-preview:large","max-video-preview":"max-video-preview:-1"},"canonical":"https:\/\/www.teka.com\/es-ni\/producto\/fregadero-de-acero-inoxidable-de-instalacion-3-en-1-con-una-cubeta-y-silentsmart-de-795mm_115000056\/","og_locale":"es_ES","og_type":"article","og_title":"Fregadero Encastrado | Acero Inoxidable | AMERICAN PRO 8","og_description":"Fregadero Triple Mount de acero inoxidable cuenta con caracter\u00edsticas insuperables gracias a su tecnolog\u00eda que disminuye el ruido en un 50%","og_url":"https:\/\/www.teka.com\/es-ni\/producto\/fregadero-de-acero-inoxidable-de-instalacion-3-en-1-con-una-cubeta-y-silentsmart-de-795mm_115000056\/","og_site_name":"Teka Nicaragua","twitter_card":"summary_large_image","twitter_misc":{"Tiempo de lectura":"1 minuto"},"schema":{"@context":"https:\/\/schema.org","@graph":[{"@type":"WebPage","@id":"https:\/\/www.teka.com\/es-ni\/producto\/fregadero-de-acero-inoxidable-de-instalacion-3-en-1-con-una-cubeta-y-silentsmart-de-795mm_115000056\/","url":"https:\/\/www.teka.com\/es-ni\/producto\/fregadero-de-acero-inoxidable-de-instalacion-3-en-1-con-una-cubeta-y-silentsmart-de-795mm_115000056\/","name":"Fregadero Encastrado | Acero Inoxidable | AMERICAN PRO 8","isPartOf":{"@id":"https:\/\/www.teka.com\/es-ni\/#website"},"datePublished":"2026-04-26T02:04:20+00:00","description":"Fregadero Triple Mount de acero inoxidable cuenta con caracter\u00edsticas insuperables gracias a su tecnolog\u00eda que disminuye el ruido en un 50%","inLanguage":"es","potentialAction":[{"@type":"ReadAction","target":["https:\/\/www.teka.com\/es-ni\/producto\/fregadero-de-acero-inoxidable-de-instalacion-3-en-1-con-una-cubeta-y-silentsmart-de-795mm_115000056\/"]}]},{"@type":"WebSite","@id":"https:\/\/www.teka.com\/es-ni\/#website","url":"https:\/\/www.teka.com\/es-ni\/","name":"Teka Nicaragua","description":"","publisher":{"@id":"https:\/\/www.teka.com\/es-ni\/#organization"},"potentialAction":[{"@type":"SearchAction","target":{"@type":"EntryPoint","urlTemplate":"https:\/\/www.teka.com\/es-ni\/?s={search_term_string}"},"query-input":{"@type":"PropertyValueSpecification","valueRequired":true,"valueName":"search_term_string"}}],"inLanguage":"es"},{"@type":"Organization","@id":"https:\/\/www.teka.com\/es-ni\/#organization","name":"Teka Nicaragua","url":"https:\/\/www.teka.com\/es-ni\/","logo":{"@type":"ImageObject","inLanguage":"es","@id":"https:\/\/www.teka.com\/es-ni\/#\/schema\/logo\/image\/","url":"https:\/\/www.teka.com\/es-ni\/wp-content\/uploads\/sites\/92\/2018\/10\/404-teka.png","contentUrl":"https:\/\/www.teka.com\/es-ni\/wp-content\/uploads\/sites\/92\/2018\/10\/404-teka.png","width":200,"height":200,"caption":"Teka Nicaragua"},"image":{"@id":"https:\/\/www.teka.com\/es-ni\/#\/schema\/logo\/image\/"}}]}},"_links":{"self":[{"href":"https:\/\/www.teka.com\/es-ni\/wp-json\/wp\/v2\/product\/68976","targetHints":{"allow":["GET"]}}],"collection":[{"href":"https:\/\/www.teka.com\/es-ni\/wp-json\/wp\/v2\/product"}],"about":[{"href":"https:\/\/www.teka.com\/es-ni\/wp-json\/wp\/v2\/types\/product"}],"wp:attachment":[{"href":"https:\/\/www.teka.com\/es-ni\/wp-json\/wp\/v2\/media?parent=68976"}],"wp:term":[{"taxonomy":"product_cat","embeddable":true,"href":"https:\/\/www.teka.com\/es-ni\/wp-json\/wp\/v2\/product_cat?post=68976"},{"taxonomy":"product_cleaning_system","embeddable":true,"href":"https:\/\/www.teka.com\/es-ni\/wp-json\/wp\/v2\/product_cleaning_system?post=68976"},{"taxonomy":"product_3rd_basket","embeddable":true,"href":"https:\/\/www.teka.com\/es-ni\/wp-json\/wp\/v2\/product_3rd_basket?post=68976"},{"taxonomy":"product_drawers","embeddable":true,"href":"https:\/\/www.teka.com\/es-ni\/wp-json\/wp\/v2\/product_drawers?post=68976"},{"taxonomy":"product_type_of_installation","embeddable":true,"href":"https:\/\/www.teka.com\/es-ni\/wp-json\/wp\/v2\/product_type_of_installation?post=68976"},{"taxonomy":"product_edition","embeddable":true,"href":"https:\/\/www.teka.com\/es-ni\/wp-json\/wp\/v2\/product_edition?post=68976"},{"taxonomy":"product_serie","embeddable":true,"href":"https:\/\/www.teka.com\/es-ni\/wp-json\/wp\/v2\/product_serie?post=68976"},{"taxonomy":"product_features","embeddable":true,"href":"https:\/\/www.teka.com\/es-ni\/wp-json\/wp\/v2\/product_features?post=68976"},{"taxonomy":"finishes","embeddable":true,"href":"https:\/\/www.teka.com\/es-ni\/wp-json\/wp\/v2\/finishes?post=68976"},{"taxonomy":"product_bundles","embeddable":true,"href":"https:\/\/www.teka.com\/es-ni\/wp-json\/wp\/v2\/product_bundles?post=68976"},{"taxonomy":"product_energy_efficiency","embeddable":true,"href":"https:\/\/www.teka.com\/es-ni\/wp-json\/wp\/v2\/product_energy_efficiency?post=68976"},{"taxonomy":"product_video_training","embeddable":true,"href":"https:\/\/www.teka.com\/es-ni\/wp-json\/wp\/v2\/product_video_training?post=68976"}],"curies":[{"name":"wp","href":"https:\/\/api.w.org\/{rel}","templated":true}]}}