{"id":69013,"date":"2026-04-05T02:07:11","date_gmt":"2026-04-05T02:07:11","guid":{"rendered":"https:\/\/teka.com\/en-int\/hlb-760-g-ss_111030000"},"modified":"2026-03-14T06:03:25","modified_gmt":"2026-03-14T07:03:25","slug":"hlb-760-g-ss_111030000","status":"publish","type":"product","link":"https:\/\/www.teka.com\/es-ni\/producto\/hlb-760-g-ss_111030000\/","title":{"rendered":"HLB 760 G"},"content":{"rendered":"<ul>\n<li>Ideal para quienes buscan funcionalidad, potencia y cocci\u00f3n precisa en un solo equipo.<\/li>\n<li>Cristal negro y marco en acero inoxidable con antihuella que mantiene el horno limpio, elegante y f\u00e1cil de cuidar.<\/li>\n<li>5 funciones de cocinado + Multicook (cocinar al vapor) logrando platillos m\u00e1s saludables, conservando mejor los nutrientes, el sabor y la textura de los alimentos.<\/li>\n<li>Display touch control que ofrece manejo intuitivo, lectura clara y control preciso de las funciones.<\/li>\n<li>Iluminaci\u00f3n hal\u00f3gena en el interior que ofrece luz c\u00e1lida y directa para una correcta visualizaci\u00f3n del interior del horno.<\/li>\n<li>Puerta de doble cristal que mejora el aislamiento t\u00e9rmico y la seguridad, manteniendo el exterior m\u00e1s fr\u00edo.<\/li>\n<li>Ventilaci\u00f3n tangencial forzada que protege los muebles y mejora la disipaci\u00f3n del calor durante el uso.<\/li>\n<li>Seguridad por termopar integrada en el quemador: v\u00e1lvula de seguridad que bloquea el paso del gas por seguridad en caso de ausencia (derrame o aire).<\/li>\n<li>Termostato para control de temperatura y encendido electr\u00f3nico integrado en la perilla para que tenga un uso f\u00e1cil y r\u00e1pido.<\/li>\n<li>1 quemador de gas de 2,350 W (8,460 BTU).<\/li>\n<li>Tipos de gas: LP (butano\/propano) o natural<\/li>\n<li>Esmalte interior CrystalClean\u00ae que ofrece una superficie antiadherente, mayor durabilidad y limpieza m\u00e1s sencilla.<\/li>\n<li>Incluye: Bandeja profunda con esmalte CrystalClean\u00ae y Bandeja Steambox (cocinar al vapor).<\/li>\n<\/ul>\n","protected":false},"featured_media":0,"parent":0,"template":"","product_cat":[59126],"product_cleaning_system":[],"product_3rd_basket":[],"product_drawers":[],"product_type_of_installation":[59403],"product_edition":[],"product_serie":[],"product_features":[],"finishes":[],"product_bundles":[],"product_energy_efficiency":[60005],"product_video_training":[60068,60078,60091,60092,60251],"class_list":["post-69013","product","type-product","status-publish","hentry","product_cat-hornos","usp-ovens-06","usp-ovens-11","usp-cookinglovers-01","usp-renewableenergy-01","color-cristal-negro-con-marco","product_type_of_appliance-multifuncion","product_icons-the-steambox-included","product_type_of_installation-integrable","product_energy_efficiency-a-plus-icon","product_video_training-trainingovens-01","product_video_training-trainingovens-05","product_video_training-trainingovens-11","product_video_training-trainingovens-12","product_video_training-trainingovens-22"],"acf":[],"yoast_head":"<!-- This site is optimized with the Yoast SEO plugin v27.2 - https:\/\/yoast.com\/product\/yoast-seo-wordpress\/ -->\n<title>Teka Horno El\u00e9ctrico y a Gas Multifunci\u00f3n con Convecci\u00f3n con capacidad de 65 L<\/title>\n<meta name=\"description\" content=\"Descubre el Teka Horno El\u00e9ctrico y a Gas Multifunci\u00f3n con Convecci\u00f3n con 5 funciones de cocinado, puerta de doble cristal, 1 quemador y esmalte CrystalClean\u00ae.\" \/>\n<meta name=\"robots\" content=\"index, follow, max-snippet:-1, max-image-preview:large, max-video-preview:-1\" \/>\n<link rel=\"canonical\" href=\"https:\/\/www.teka.com\/es-ni\/producto\/hlb-760-g-ss_111030000\/\" \/>\n<meta property=\"og:locale\" content=\"es_ES\" \/>\n<meta property=\"og:type\" content=\"article\" \/>\n<meta property=\"og:title\" content=\"Teka Horno El\u00e9ctrico y a Gas Multifunci\u00f3n con Convecci\u00f3n con capacidad de 65 L\" \/>\n<meta property=\"og:description\" content=\"Descubre el Teka Horno El\u00e9ctrico y a Gas Multifunci\u00f3n con Convecci\u00f3n con 5 funciones de cocinado, puerta de doble cristal, 1 quemador y esmalte CrystalClean\u00ae.\" \/>\n<meta property=\"og:url\" content=\"https:\/\/www.teka.com\/es-ni\/producto\/hlb-760-g-ss_111030000\/\" \/>\n<meta property=\"og:site_name\" content=\"Teka Nicaragua\" \/>\n<meta name=\"twitter:card\" content=\"summary_large_image\" \/>\n<meta name=\"twitter:label1\" content=\"Tiempo de lectura\" \/>\n\t<meta name=\"twitter:data1\" content=\"1 minuto\" \/>\n<script type=\"application\/ld+json\" class=\"yoast-schema-graph\">{\"@context\":\"https:\/\/schema.org\",\"@graph\":[{\"@type\":\"WebPage\",\"@id\":\"https:\/\/www.teka.com\/es-ni\/producto\/hlb-760-g-ss_111030000\/\",\"url\":\"https:\/\/www.teka.com\/es-ni\/producto\/hlb-760-g-ss_111030000\/\",\"name\":\"Teka Horno El\u00e9ctrico y a Gas Multifunci\u00f3n con Convecci\u00f3n con capacidad de 65 L\",\"isPartOf\":{\"@id\":\"https:\/\/www.teka.com\/es-ni\/#website\"},\"datePublished\":\"2026-04-05T02:07:11+00:00\",\"description\":\"Descubre el Teka Horno El\u00e9ctrico y a Gas Multifunci\u00f3n con Convecci\u00f3n con 5 funciones de cocinado, puerta de doble cristal, 1 quemador y esmalte CrystalClean\u00ae.\",\"inLanguage\":\"es\",\"potentialAction\":[{\"@type\":\"ReadAction\",\"target\":[\"https:\/\/www.teka.com\/es-ni\/producto\/hlb-760-g-ss_111030000\/\"]}]},{\"@type\":\"WebSite\",\"@id\":\"https:\/\/www.teka.com\/es-ni\/#website\",\"url\":\"https:\/\/www.teka.com\/es-ni\/\",\"name\":\"Teka Nicaragua\",\"description\":\"\",\"publisher\":{\"@id\":\"https:\/\/www.teka.com\/es-ni\/#organization\"},\"potentialAction\":[{\"@type\":\"SearchAction\",\"target\":{\"@type\":\"EntryPoint\",\"urlTemplate\":\"https:\/\/www.teka.com\/es-ni\/?s={search_term_string}\"},\"query-input\":{\"@type\":\"PropertyValueSpecification\",\"valueRequired\":true,\"valueName\":\"search_term_string\"}}],\"inLanguage\":\"es\"},{\"@type\":\"Organization\",\"@id\":\"https:\/\/www.teka.com\/es-ni\/#organization\",\"name\":\"Teka Nicaragua\",\"url\":\"https:\/\/www.teka.com\/es-ni\/\",\"logo\":{\"@type\":\"ImageObject\",\"inLanguage\":\"es\",\"@id\":\"https:\/\/www.teka.com\/es-ni\/#\/schema\/logo\/image\/\",\"url\":\"https:\/\/www.teka.com\/es-ni\/wp-content\/uploads\/sites\/92\/2018\/10\/404-teka.png\",\"contentUrl\":\"https:\/\/www.teka.com\/es-ni\/wp-content\/uploads\/sites\/92\/2018\/10\/404-teka.png\",\"width\":200,\"height\":200,\"caption\":\"Teka Nicaragua\"},\"image\":{\"@id\":\"https:\/\/www.teka.com\/es-ni\/#\/schema\/logo\/image\/\"}}]}<\/script>\n<!-- \/ Yoast SEO plugin. -->","yoast_head_json":{"title":"Teka Horno El\u00e9ctrico y a Gas Multifunci\u00f3n con Convecci\u00f3n con capacidad de 65 L","description":"Descubre el Teka Horno El\u00e9ctrico y a Gas Multifunci\u00f3n con Convecci\u00f3n con 5 funciones de cocinado, puerta de doble cristal, 1 quemador y esmalte CrystalClean\u00ae.","robots":{"index":"index","follow":"follow","max-snippet":"max-snippet:-1","max-image-preview":"max-image-preview:large","max-video-preview":"max-video-preview:-1"},"canonical":"https:\/\/www.teka.com\/es-ni\/producto\/hlb-760-g-ss_111030000\/","og_locale":"es_ES","og_type":"article","og_title":"Teka Horno El\u00e9ctrico y a Gas Multifunci\u00f3n con Convecci\u00f3n con capacidad de 65 L","og_description":"Descubre el Teka Horno El\u00e9ctrico y a Gas Multifunci\u00f3n con Convecci\u00f3n con 5 funciones de cocinado, puerta de doble cristal, 1 quemador y esmalte CrystalClean\u00ae.","og_url":"https:\/\/www.teka.com\/es-ni\/producto\/hlb-760-g-ss_111030000\/","og_site_name":"Teka Nicaragua","twitter_card":"summary_large_image","twitter_misc":{"Tiempo de lectura":"1 minuto"},"schema":{"@context":"https:\/\/schema.org","@graph":[{"@type":"WebPage","@id":"https:\/\/www.teka.com\/es-ni\/producto\/hlb-760-g-ss_111030000\/","url":"https:\/\/www.teka.com\/es-ni\/producto\/hlb-760-g-ss_111030000\/","name":"Teka Horno El\u00e9ctrico y a Gas Multifunci\u00f3n con Convecci\u00f3n con capacidad de 65 L","isPartOf":{"@id":"https:\/\/www.teka.com\/es-ni\/#website"},"datePublished":"2026-04-05T02:07:11+00:00","description":"Descubre el Teka Horno El\u00e9ctrico y a Gas Multifunci\u00f3n con Convecci\u00f3n con 5 funciones de cocinado, puerta de doble cristal, 1 quemador y esmalte CrystalClean\u00ae.","inLanguage":"es","potentialAction":[{"@type":"ReadAction","target":["https:\/\/www.teka.com\/es-ni\/producto\/hlb-760-g-ss_111030000\/"]}]},{"@type":"WebSite","@id":"https:\/\/www.teka.com\/es-ni\/#website","url":"https:\/\/www.teka.com\/es-ni\/","name":"Teka Nicaragua","description":"","publisher":{"@id":"https:\/\/www.teka.com\/es-ni\/#organization"},"potentialAction":[{"@type":"SearchAction","target":{"@type":"EntryPoint","urlTemplate":"https:\/\/www.teka.com\/es-ni\/?s={search_term_string}"},"query-input":{"@type":"PropertyValueSpecification","valueRequired":true,"valueName":"search_term_string"}}],"inLanguage":"es"},{"@type":"Organization","@id":"https:\/\/www.teka.com\/es-ni\/#organization","name":"Teka Nicaragua","url":"https:\/\/www.teka.com\/es-ni\/","logo":{"@type":"ImageObject","inLanguage":"es","@id":"https:\/\/www.teka.com\/es-ni\/#\/schema\/logo\/image\/","url":"https:\/\/www.teka.com\/es-ni\/wp-content\/uploads\/sites\/92\/2018\/10\/404-teka.png","contentUrl":"https:\/\/www.teka.com\/es-ni\/wp-content\/uploads\/sites\/92\/2018\/10\/404-teka.png","width":200,"height":200,"caption":"Teka Nicaragua"},"image":{"@id":"https:\/\/www.teka.com\/es-ni\/#\/schema\/logo\/image\/"}}]}},"_links":{"self":[{"href":"https:\/\/www.teka.com\/es-ni\/wp-json\/wp\/v2\/product\/69013","targetHints":{"allow":["GET"]}}],"collection":[{"href":"https:\/\/www.teka.com\/es-ni\/wp-json\/wp\/v2\/product"}],"about":[{"href":"https:\/\/www.teka.com\/es-ni\/wp-json\/wp\/v2\/types\/product"}],"wp:attachment":[{"href":"https:\/\/www.teka.com\/es-ni\/wp-json\/wp\/v2\/media?parent=69013"}],"wp:term":[{"taxonomy":"product_cat","embeddable":true,"href":"https:\/\/www.teka.com\/es-ni\/wp-json\/wp\/v2\/product_cat?post=69013"},{"taxonomy":"product_cleaning_system","embeddable":true,"href":"https:\/\/www.teka.com\/es-ni\/wp-json\/wp\/v2\/product_cleaning_system?post=69013"},{"taxonomy":"product_3rd_basket","embeddable":true,"href":"https:\/\/www.teka.com\/es-ni\/wp-json\/wp\/v2\/product_3rd_basket?post=69013"},{"taxonomy":"product_drawers","embeddable":true,"href":"https:\/\/www.teka.com\/es-ni\/wp-json\/wp\/v2\/product_drawers?post=69013"},{"taxonomy":"product_type_of_installation","embeddable":true,"href":"https:\/\/www.teka.com\/es-ni\/wp-json\/wp\/v2\/product_type_of_installation?post=69013"},{"taxonomy":"product_edition","embeddable":true,"href":"https:\/\/www.teka.com\/es-ni\/wp-json\/wp\/v2\/product_edition?post=69013"},{"taxonomy":"product_serie","embeddable":true,"href":"https:\/\/www.teka.com\/es-ni\/wp-json\/wp\/v2\/product_serie?post=69013"},{"taxonomy":"product_features","embeddable":true,"href":"https:\/\/www.teka.com\/es-ni\/wp-json\/wp\/v2\/product_features?post=69013"},{"taxonomy":"finishes","embeddable":true,"href":"https:\/\/www.teka.com\/es-ni\/wp-json\/wp\/v2\/finishes?post=69013"},{"taxonomy":"product_bundles","embeddable":true,"href":"https:\/\/www.teka.com\/es-ni\/wp-json\/wp\/v2\/product_bundles?post=69013"},{"taxonomy":"product_energy_efficiency","embeddable":true,"href":"https:\/\/www.teka.com\/es-ni\/wp-json\/wp\/v2\/product_energy_efficiency?post=69013"},{"taxonomy":"product_video_training","embeddable":true,"href":"https:\/\/www.teka.com\/es-ni\/wp-json\/wp\/v2\/product_video_training?post=69013"}],"curies":[{"name":"wp","href":"https:\/\/api.w.org\/{rel}","templated":true}]}}