{"id":69392,"date":"2026-04-26T19:07:12","date_gmt":"2026-04-26T19:07:12","guid":{"rendered":"https:\/\/teka.com\/es-mx\/steakmaster_111000090"},"modified":"2026-03-14T08:42:49","modified_gmt":"2026-03-14T09:42:49","slug":"steakmaster_111000090","status":"publish","type":"product","link":"https:\/\/www.teka.com\/es-ni\/producto\/steakmaster_111000090\/","title":{"rendered":"SteakMaster"},"content":{"rendered":"<ul>\n<li>Ideal para los que disfrutan de un corte de carne a la parrilla con un solo equipo.<\/li>\n<li>Ganador de Design Intelligence Award (innovaci\u00f3n y tecnolog\u00eda exclusiva), IF Design Award (sello de excelencia en el dise\u00f1o) y Good Design Award (Reconocido por su dise\u00f1o y funcionalidad).<\/li>\n<li>Cristal negro con anti huella que mantiene el horno limpio, elegante y f\u00e1cil de cuidar.<\/li>\n<li>Clase energ\u00e9tica: A (Bajo consumo de energ\u00eda) que garantiza mayor eficiencia y ahorro de energ\u00eda sin sacrificar rendimiento.<\/li>\n<li>12 funciones de cocinado + Sistema de limpieza Dual Clean Auto limpieza Pirol\u00edtica (3 niveles) + Hydroclean\u00ae Pro para una limpieza profunda y personalizada.<\/li>\n<li>Asesor personal de cocinado (20 recetas pre programadas) + 20 Programas autom\u00e1ticos especiales para carne que te permiten tener la cocci\u00f3n que requieres de acuerdo a lo que cocines.<\/li>\n<li>Display TFT de 4\u201d (touch control) permite un manejo preciso, r\u00e1pido y moderno, facilitando la selecci\u00f3n de modos de cocci\u00f3n y el control total del electrodom\u00e9stico.<\/li>\n<li>Iluminaci\u00f3n de hal\u00f3geno interior que permite visualizar la cocci\u00f3n sin abrir la puerta.<\/li>\n<li>Puerta de cuatro cristales que mejora el aislamiento t\u00e9rmico y la seguridad, manteniendo el exterior m\u00e1s fr\u00edo.<\/li>\n<li>Ventilaci\u00f3n tangencial de dos velocidades que protege los muebles y mantiene una temperatura exterior segura.<\/li>\n<li>Bloqueo de seguridad para ni\u00f1os que evita accidentes, brindando mayor seguridad en hogares con ni\u00f1os.<\/li>\n<li>Cierre autom\u00e1tico de seguridad durante la pir\u00f3lisis o cocinado que garantiza m\u00e1xima seguridad, protege al usuario de altas temperaturas y asegura un funcionamiento correcto del horno.<\/li>\n<li>Esmalte interior Crystal Clean\u00ae que ofrece una superficie antiadherente, mayor durabilidad y limpieza m\u00e1s sencilla.<\/li>\n<li>Incluye: cuchillo profesional Arcos\u00ae\ufe0f de 210 mm y guante especial para parrilla<\/li>\n<\/ul>\n","protected":false},"featured_media":0,"parent":0,"template":"","product_cat":[59126],"product_cleaning_system":[2738,3162],"product_3rd_basket":[],"product_drawers":[],"product_type_of_installation":[],"product_edition":[],"product_serie":[],"product_features":[],"finishes":[],"product_bundles":[],"product_energy_efficiency":[60001],"product_video_training":[60068,60072,60078,60081,60087,60088,60089,60090,60092,60251],"class_list":["post-69392","product","type-product","status-publish","hentry","product_cat-hornos","usp-steakmaster-08","usp-steakmaster-01","usp-steakmaster-02","usp-steakmaster-03","usp-steakmaster-05","usp-steakmaster-06","usp-steakmaster-04","usp-compacts-08","usp-renewableenergy-01","color-negro","product_type_of_appliance-multifuncion","product_icons-hydroclean","product_icons-pyrolysis","product_icons-softclose","product_icons-surroundtemp","product_cleaning_system-pirolitico","product_cleaning_system-hydroclean","product_energy_efficiency-a-icon","product_video_training-trainingovens-01","product_video_training-trainingovens-02","product_video_training-trainingovens-05","product_video_training-trainingovens-06","product_video_training-trainingovens-07","product_video_training-trainingovens-08","product_video_training-trainingovens-09","product_video_training-trainingovens-10","product_video_training-trainingovens-12","product_video_training-trainingovens-22"],"acf":[],"yoast_head":"<!-- This site is optimized with the Yoast SEO plugin v27.5 - https:\/\/yoast.com\/product\/yoast-seo-wordpress\/ -->\n<title>Teka Steakmaster I Horno El\u00e9ctrico Especializado en Carnes | 70 L | 3,552W<\/title>\n<meta name=\"description\" content=\"Descubre el SteakMaster Especializado en Carnes | 70 L con sistema de limpieza DualClean con Pir\u00f3lisis+ Hydroclean\u00ae PRO para enfocarte en disfrutar.\" \/>\n<meta name=\"robots\" content=\"index, follow, max-snippet:-1, max-image-preview:large, max-video-preview:-1\" \/>\n<link rel=\"canonical\" href=\"https:\/\/www.teka.com\/es-ni\/producto\/steakmaster_111000090\/\" \/>\n<meta property=\"og:locale\" content=\"es_ES\" \/>\n<meta property=\"og:type\" content=\"article\" \/>\n<meta property=\"og:title\" content=\"Teka Steakmaster I Horno El\u00e9ctrico Especializado en Carnes | 70 L | 3,552W\" \/>\n<meta property=\"og:description\" content=\"Descubre el SteakMaster Especializado en Carnes | 70 L con sistema de limpieza DualClean con Pir\u00f3lisis+ Hydroclean\u00ae PRO para enfocarte en disfrutar.\" \/>\n<meta property=\"og:url\" content=\"https:\/\/www.teka.com\/es-ni\/producto\/steakmaster_111000090\/\" \/>\n<meta property=\"og:site_name\" content=\"Teka Nicaragua\" \/>\n<meta name=\"twitter:card\" content=\"summary_large_image\" \/>\n<meta name=\"twitter:label1\" content=\"Tiempo de lectura\" \/>\n\t<meta name=\"twitter:data1\" content=\"1 minuto\" \/>\n<script type=\"application\/ld+json\" class=\"yoast-schema-graph\">{\"@context\":\"https:\\\/\\\/schema.org\",\"@graph\":[{\"@type\":\"WebPage\",\"@id\":\"https:\\\/\\\/www.teka.com\\\/es-ni\\\/producto\\\/steakmaster_111000090\\\/\",\"url\":\"https:\\\/\\\/www.teka.com\\\/es-ni\\\/producto\\\/steakmaster_111000090\\\/\",\"name\":\"Teka Steakmaster I Horno El\u00e9ctrico Especializado en Carnes | 70 L | 3,552W\",\"isPartOf\":{\"@id\":\"https:\\\/\\\/www.teka.com\\\/es-ni\\\/#website\"},\"datePublished\":\"2026-04-26T19:07:12+00:00\",\"description\":\"Descubre el SteakMaster Especializado en Carnes | 70 L con sistema de limpieza DualClean con Pir\u00f3lisis+ Hydroclean\u00ae PRO para enfocarte en disfrutar.\",\"inLanguage\":\"es\",\"potentialAction\":[{\"@type\":\"ReadAction\",\"target\":[\"https:\\\/\\\/www.teka.com\\\/es-ni\\\/producto\\\/steakmaster_111000090\\\/\"]}]},{\"@type\":\"WebSite\",\"@id\":\"https:\\\/\\\/www.teka.com\\\/es-ni\\\/#website\",\"url\":\"https:\\\/\\\/www.teka.com\\\/es-ni\\\/\",\"name\":\"Teka Nicaragua\",\"description\":\"\",\"publisher\":{\"@id\":\"https:\\\/\\\/www.teka.com\\\/es-ni\\\/#organization\"},\"potentialAction\":[{\"@type\":\"SearchAction\",\"target\":{\"@type\":\"EntryPoint\",\"urlTemplate\":\"https:\\\/\\\/www.teka.com\\\/es-ni\\\/?s={search_term_string}\"},\"query-input\":{\"@type\":\"PropertyValueSpecification\",\"valueRequired\":true,\"valueName\":\"search_term_string\"}}],\"inLanguage\":\"es\"},{\"@type\":\"Organization\",\"@id\":\"https:\\\/\\\/www.teka.com\\\/es-ni\\\/#organization\",\"name\":\"Teka Nicaragua\",\"url\":\"https:\\\/\\\/www.teka.com\\\/es-ni\\\/\",\"logo\":{\"@type\":\"ImageObject\",\"inLanguage\":\"es\",\"@id\":\"https:\\\/\\\/www.teka.com\\\/es-ni\\\/#\\\/schema\\\/logo\\\/image\\\/\",\"url\":\"https:\\\/\\\/www.teka.com\\\/es-ni\\\/wp-content\\\/uploads\\\/sites\\\/92\\\/2018\\\/10\\\/404-teka.png\",\"contentUrl\":\"https:\\\/\\\/www.teka.com\\\/es-ni\\\/wp-content\\\/uploads\\\/sites\\\/92\\\/2018\\\/10\\\/404-teka.png\",\"width\":200,\"height\":200,\"caption\":\"Teka Nicaragua\"},\"image\":{\"@id\":\"https:\\\/\\\/www.teka.com\\\/es-ni\\\/#\\\/schema\\\/logo\\\/image\\\/\"}}]}<\/script>\n<!-- \/ Yoast SEO plugin. -->","yoast_head_json":{"title":"Teka Steakmaster I Horno El\u00e9ctrico Especializado en Carnes | 70 L | 3,552W","description":"Descubre el SteakMaster Especializado en Carnes | 70 L con sistema de limpieza DualClean con Pir\u00f3lisis+ Hydroclean\u00ae PRO para enfocarte en disfrutar.","robots":{"index":"index","follow":"follow","max-snippet":"max-snippet:-1","max-image-preview":"max-image-preview:large","max-video-preview":"max-video-preview:-1"},"canonical":"https:\/\/www.teka.com\/es-ni\/producto\/steakmaster_111000090\/","og_locale":"es_ES","og_type":"article","og_title":"Teka Steakmaster I Horno El\u00e9ctrico Especializado en Carnes | 70 L | 3,552W","og_description":"Descubre el SteakMaster Especializado en Carnes | 70 L con sistema de limpieza DualClean con Pir\u00f3lisis+ Hydroclean\u00ae PRO para enfocarte en disfrutar.","og_url":"https:\/\/www.teka.com\/es-ni\/producto\/steakmaster_111000090\/","og_site_name":"Teka Nicaragua","twitter_card":"summary_large_image","twitter_misc":{"Tiempo de lectura":"1 minuto"},"schema":{"@context":"https:\/\/schema.org","@graph":[{"@type":"WebPage","@id":"https:\/\/www.teka.com\/es-ni\/producto\/steakmaster_111000090\/","url":"https:\/\/www.teka.com\/es-ni\/producto\/steakmaster_111000090\/","name":"Teka Steakmaster I Horno El\u00e9ctrico Especializado en Carnes | 70 L | 3,552W","isPartOf":{"@id":"https:\/\/www.teka.com\/es-ni\/#website"},"datePublished":"2026-04-26T19:07:12+00:00","description":"Descubre el SteakMaster Especializado en Carnes | 70 L con sistema de limpieza DualClean con Pir\u00f3lisis+ Hydroclean\u00ae PRO para enfocarte en disfrutar.","inLanguage":"es","potentialAction":[{"@type":"ReadAction","target":["https:\/\/www.teka.com\/es-ni\/producto\/steakmaster_111000090\/"]}]},{"@type":"WebSite","@id":"https:\/\/www.teka.com\/es-ni\/#website","url":"https:\/\/www.teka.com\/es-ni\/","name":"Teka Nicaragua","description":"","publisher":{"@id":"https:\/\/www.teka.com\/es-ni\/#organization"},"potentialAction":[{"@type":"SearchAction","target":{"@type":"EntryPoint","urlTemplate":"https:\/\/www.teka.com\/es-ni\/?s={search_term_string}"},"query-input":{"@type":"PropertyValueSpecification","valueRequired":true,"valueName":"search_term_string"}}],"inLanguage":"es"},{"@type":"Organization","@id":"https:\/\/www.teka.com\/es-ni\/#organization","name":"Teka Nicaragua","url":"https:\/\/www.teka.com\/es-ni\/","logo":{"@type":"ImageObject","inLanguage":"es","@id":"https:\/\/www.teka.com\/es-ni\/#\/schema\/logo\/image\/","url":"https:\/\/www.teka.com\/es-ni\/wp-content\/uploads\/sites\/92\/2018\/10\/404-teka.png","contentUrl":"https:\/\/www.teka.com\/es-ni\/wp-content\/uploads\/sites\/92\/2018\/10\/404-teka.png","width":200,"height":200,"caption":"Teka Nicaragua"},"image":{"@id":"https:\/\/www.teka.com\/es-ni\/#\/schema\/logo\/image\/"}}]}},"_links":{"self":[{"href":"https:\/\/www.teka.com\/es-ni\/wp-json\/wp\/v2\/product\/69392","targetHints":{"allow":["GET"]}}],"collection":[{"href":"https:\/\/www.teka.com\/es-ni\/wp-json\/wp\/v2\/product"}],"about":[{"href":"https:\/\/www.teka.com\/es-ni\/wp-json\/wp\/v2\/types\/product"}],"wp:attachment":[{"href":"https:\/\/www.teka.com\/es-ni\/wp-json\/wp\/v2\/media?parent=69392"}],"wp:term":[{"taxonomy":"product_cat","embeddable":true,"href":"https:\/\/www.teka.com\/es-ni\/wp-json\/wp\/v2\/product_cat?post=69392"},{"taxonomy":"product_cleaning_system","embeddable":true,"href":"https:\/\/www.teka.com\/es-ni\/wp-json\/wp\/v2\/product_cleaning_system?post=69392"},{"taxonomy":"product_3rd_basket","embeddable":true,"href":"https:\/\/www.teka.com\/es-ni\/wp-json\/wp\/v2\/product_3rd_basket?post=69392"},{"taxonomy":"product_drawers","embeddable":true,"href":"https:\/\/www.teka.com\/es-ni\/wp-json\/wp\/v2\/product_drawers?post=69392"},{"taxonomy":"product_type_of_installation","embeddable":true,"href":"https:\/\/www.teka.com\/es-ni\/wp-json\/wp\/v2\/product_type_of_installation?post=69392"},{"taxonomy":"product_edition","embeddable":true,"href":"https:\/\/www.teka.com\/es-ni\/wp-json\/wp\/v2\/product_edition?post=69392"},{"taxonomy":"product_serie","embeddable":true,"href":"https:\/\/www.teka.com\/es-ni\/wp-json\/wp\/v2\/product_serie?post=69392"},{"taxonomy":"product_features","embeddable":true,"href":"https:\/\/www.teka.com\/es-ni\/wp-json\/wp\/v2\/product_features?post=69392"},{"taxonomy":"finishes","embeddable":true,"href":"https:\/\/www.teka.com\/es-ni\/wp-json\/wp\/v2\/finishes?post=69392"},{"taxonomy":"product_bundles","embeddable":true,"href":"https:\/\/www.teka.com\/es-ni\/wp-json\/wp\/v2\/product_bundles?post=69392"},{"taxonomy":"product_energy_efficiency","embeddable":true,"href":"https:\/\/www.teka.com\/es-ni\/wp-json\/wp\/v2\/product_energy_efficiency?post=69392"},{"taxonomy":"product_video_training","embeddable":true,"href":"https:\/\/www.teka.com\/es-ni\/wp-json\/wp\/v2\/product_video_training?post=69392"}],"curies":[{"name":"wp","href":"https:\/\/api.w.org\/{rel}","templated":true}]}}