{"id":67228,"date":"2026-04-07T19:38:26","date_gmt":"2026-04-07T19:38:26","guid":{"rendered":"https:\/\/www.teka.com\/es-pa\/producto\/clc-855-gm_41598031\/"},"modified":"2026-03-14T05:16:48","modified_gmt":"2026-03-14T06:16:48","slug":"clc-855-gm_41598031","status":"publish","type":"product","link":"https:\/\/www.teka.com\/es-pa\/producto\/clc-855-gm_41598031\/","title":{"rendered":"CLC 855 GM"},"content":{"rendered":"<ul>\n<li>Ideal para quienes buscan funcionalidad y variedad de bebidas con caf\u00e9 que van del grano a la taza. Disfruta de una experiencia de preparaci\u00f3n de caf\u00e9 como si estuvieras en una cafeter\u00eda.<\/li>\n<li>Capacidad para preparar 2 tazas a la vez, ideal para compartir y ahorrar tiempo.<\/li>\n<li>3 funciones: caf\u00e9, vapor y agua caliente prepara expreso, espuma de leche para capuchinos o t\u00e9 con un solo equipo.<\/li>\n<li>30 programas autom\u00e1ticos con m\u00faltiples configuraciones para un caf\u00e9 siempre perfecto.<\/li>\n<li>Molino de caf\u00e9 integrado que muele el grano al momento para conservar aroma, frescura y mejor sabor.<\/li>\n<li>3 niveles de cantidad de caf\u00e9: corto, normal y largo que permite ajustar la intensidad del caf\u00e9 seg\u00fan tu preferencia en cada taza.<\/li>\n<li>Funci\u00f3n autom\u00e1tica de descalcificaci\u00f3n que facilita el mantenimiento y prolonga la vida \u00fatil de la cafetera.<\/li>\n<li>5 niveles de intensidad del caf\u00e9 que permite elegir desde un caf\u00e9 suave hasta uno m\u00e1s intenso, seg\u00fan tu gusto.<\/li>\n<\/ul>\n","protected":false},"featured_media":0,"parent":0,"template":"","product_cat":[61248],"product_cleaning_system":[],"product_3rd_basket":[],"product_drawers":[],"product_type_of_installation":[61134],"product_edition":[],"product_serie":[],"product_features":[],"finishes":[],"product_bundles":[],"product_energy_efficiency":[],"product_video_training":[],"class_list":["post-67228","product","type-product","status-publish","hentry","product_cat-cafeteras-empotrables","usp-coffeemachine-01","usp-coffeemachine-02","usp-cookinglovers-10","color-cristal-negro-con-marco","product_ambient-ambient-08","product_ambient-ambient-09","product_ambient-ambient-12","product_icons-coffee-beans","product_icons-ground-coffee","product_type_of_installation-integrable"],"acf":[],"yoast_head":"<!-- This site is optimized with the Yoast SEO plugin v27.2 - https:\/\/yoast.com\/product\/yoast-seo-wordpress\/ -->\n<title>Teka Cafetera Autom\u00e1tica con capacidad 2 tazas I 1,350 W<\/title>\n<meta name=\"description\" content=\"Descubre la Cafetera Autom\u00e1tica con capacidad para preparar 2 tazas a la vez, 30 programas, 3 funciones, 3 niveles de caf\u00e9 y molino integrado.\" \/>\n<meta name=\"robots\" content=\"index, follow, max-snippet:-1, max-image-preview:large, max-video-preview:-1\" \/>\n<link rel=\"canonical\" href=\"https:\/\/www.teka.com\/es-pa\/producto\/clc-855-gm_41598031\/\" \/>\n<meta property=\"og:locale\" content=\"es_ES\" \/>\n<meta property=\"og:type\" content=\"article\" \/>\n<meta property=\"og:title\" content=\"Teka Cafetera Autom\u00e1tica con capacidad 2 tazas I 1,350 W\" \/>\n<meta property=\"og:description\" content=\"Descubre la Cafetera Autom\u00e1tica con capacidad para preparar 2 tazas a la vez, 30 programas, 3 funciones, 3 niveles de caf\u00e9 y molino integrado.\" \/>\n<meta property=\"og:url\" content=\"https:\/\/www.teka.com\/es-pa\/producto\/clc-855-gm_41598031\/\" \/>\n<meta property=\"og:site_name\" content=\"Teka Panam\u00e1\" \/>\n<meta name=\"twitter:card\" content=\"summary_large_image\" \/>\n<meta name=\"twitter:label1\" content=\"Tiempo de lectura\" \/>\n\t<meta name=\"twitter:data1\" content=\"1 minuto\" \/>\n<script type=\"application\/ld+json\" class=\"yoast-schema-graph\">{\"@context\":\"https:\/\/schema.org\",\"@graph\":[{\"@type\":\"WebPage\",\"@id\":\"https:\/\/www.teka.com\/es-pa\/producto\/clc-855-gm_41598031\/\",\"url\":\"https:\/\/www.teka.com\/es-pa\/producto\/clc-855-gm_41598031\/\",\"name\":\"Teka Cafetera Autom\u00e1tica con capacidad 2 tazas I 1,350 W\",\"isPartOf\":{\"@id\":\"https:\/\/www.teka.com\/es-pa\/#website\"},\"datePublished\":\"2026-04-07T19:38:26+00:00\",\"description\":\"Descubre la Cafetera Autom\u00e1tica con capacidad para preparar 2 tazas a la vez, 30 programas, 3 funciones, 3 niveles de caf\u00e9 y molino integrado.\",\"inLanguage\":\"es\",\"potentialAction\":[{\"@type\":\"ReadAction\",\"target\":[\"https:\/\/www.teka.com\/es-pa\/producto\/clc-855-gm_41598031\/\"]}]},{\"@type\":\"WebSite\",\"@id\":\"https:\/\/www.teka.com\/es-pa\/#website\",\"url\":\"https:\/\/www.teka.com\/es-pa\/\",\"name\":\"Teka Panam\u00e1\",\"description\":\"\",\"publisher\":{\"@id\":\"https:\/\/www.teka.com\/es-pa\/#organization\"},\"potentialAction\":[{\"@type\":\"SearchAction\",\"target\":{\"@type\":\"EntryPoint\",\"urlTemplate\":\"https:\/\/www.teka.com\/es-pa\/?s={search_term_string}\"},\"query-input\":{\"@type\":\"PropertyValueSpecification\",\"valueRequired\":true,\"valueName\":\"search_term_string\"}}],\"inLanguage\":\"es\"},{\"@type\":\"Organization\",\"@id\":\"https:\/\/www.teka.com\/es-pa\/#organization\",\"name\":\"Teka Panam\u00e1\",\"url\":\"https:\/\/www.teka.com\/es-pa\/\",\"logo\":{\"@type\":\"ImageObject\",\"inLanguage\":\"es\",\"@id\":\"https:\/\/www.teka.com\/es-pa\/#\/schema\/logo\/image\/\",\"url\":\"https:\/\/www.teka.com\/es-pa\/wp-content\/uploads\/sites\/93\/2018\/10\/404-teka.png\",\"contentUrl\":\"https:\/\/www.teka.com\/es-pa\/wp-content\/uploads\/sites\/93\/2018\/10\/404-teka.png\",\"width\":200,\"height\":200,\"caption\":\"Teka Panam\u00e1\"},\"image\":{\"@id\":\"https:\/\/www.teka.com\/es-pa\/#\/schema\/logo\/image\/\"}}]}<\/script>\n<!-- \/ Yoast SEO plugin. -->","yoast_head_json":{"title":"Teka Cafetera Autom\u00e1tica con capacidad 2 tazas I 1,350 W","description":"Descubre la Cafetera Autom\u00e1tica con capacidad para preparar 2 tazas a la vez, 30 programas, 3 funciones, 3 niveles de caf\u00e9 y molino integrado.","robots":{"index":"index","follow":"follow","max-snippet":"max-snippet:-1","max-image-preview":"max-image-preview:large","max-video-preview":"max-video-preview:-1"},"canonical":"https:\/\/www.teka.com\/es-pa\/producto\/clc-855-gm_41598031\/","og_locale":"es_ES","og_type":"article","og_title":"Teka Cafetera Autom\u00e1tica con capacidad 2 tazas I 1,350 W","og_description":"Descubre la Cafetera Autom\u00e1tica con capacidad para preparar 2 tazas a la vez, 30 programas, 3 funciones, 3 niveles de caf\u00e9 y molino integrado.","og_url":"https:\/\/www.teka.com\/es-pa\/producto\/clc-855-gm_41598031\/","og_site_name":"Teka Panam\u00e1","twitter_card":"summary_large_image","twitter_misc":{"Tiempo de lectura":"1 minuto"},"schema":{"@context":"https:\/\/schema.org","@graph":[{"@type":"WebPage","@id":"https:\/\/www.teka.com\/es-pa\/producto\/clc-855-gm_41598031\/","url":"https:\/\/www.teka.com\/es-pa\/producto\/clc-855-gm_41598031\/","name":"Teka Cafetera Autom\u00e1tica con capacidad 2 tazas I 1,350 W","isPartOf":{"@id":"https:\/\/www.teka.com\/es-pa\/#website"},"datePublished":"2026-04-07T19:38:26+00:00","description":"Descubre la Cafetera Autom\u00e1tica con capacidad para preparar 2 tazas a la vez, 30 programas, 3 funciones, 3 niveles de caf\u00e9 y molino integrado.","inLanguage":"es","potentialAction":[{"@type":"ReadAction","target":["https:\/\/www.teka.com\/es-pa\/producto\/clc-855-gm_41598031\/"]}]},{"@type":"WebSite","@id":"https:\/\/www.teka.com\/es-pa\/#website","url":"https:\/\/www.teka.com\/es-pa\/","name":"Teka Panam\u00e1","description":"","publisher":{"@id":"https:\/\/www.teka.com\/es-pa\/#organization"},"potentialAction":[{"@type":"SearchAction","target":{"@type":"EntryPoint","urlTemplate":"https:\/\/www.teka.com\/es-pa\/?s={search_term_string}"},"query-input":{"@type":"PropertyValueSpecification","valueRequired":true,"valueName":"search_term_string"}}],"inLanguage":"es"},{"@type":"Organization","@id":"https:\/\/www.teka.com\/es-pa\/#organization","name":"Teka Panam\u00e1","url":"https:\/\/www.teka.com\/es-pa\/","logo":{"@type":"ImageObject","inLanguage":"es","@id":"https:\/\/www.teka.com\/es-pa\/#\/schema\/logo\/image\/","url":"https:\/\/www.teka.com\/es-pa\/wp-content\/uploads\/sites\/93\/2018\/10\/404-teka.png","contentUrl":"https:\/\/www.teka.com\/es-pa\/wp-content\/uploads\/sites\/93\/2018\/10\/404-teka.png","width":200,"height":200,"caption":"Teka Panam\u00e1"},"image":{"@id":"https:\/\/www.teka.com\/es-pa\/#\/schema\/logo\/image\/"}}]}},"_links":{"self":[{"href":"https:\/\/www.teka.com\/es-pa\/wp-json\/wp\/v2\/product\/67228","targetHints":{"allow":["GET"]}}],"collection":[{"href":"https:\/\/www.teka.com\/es-pa\/wp-json\/wp\/v2\/product"}],"about":[{"href":"https:\/\/www.teka.com\/es-pa\/wp-json\/wp\/v2\/types\/product"}],"wp:attachment":[{"href":"https:\/\/www.teka.com\/es-pa\/wp-json\/wp\/v2\/media?parent=67228"}],"wp:term":[{"taxonomy":"product_cat","embeddable":true,"href":"https:\/\/www.teka.com\/es-pa\/wp-json\/wp\/v2\/product_cat?post=67228"},{"taxonomy":"product_cleaning_system","embeddable":true,"href":"https:\/\/www.teka.com\/es-pa\/wp-json\/wp\/v2\/product_cleaning_system?post=67228"},{"taxonomy":"product_3rd_basket","embeddable":true,"href":"https:\/\/www.teka.com\/es-pa\/wp-json\/wp\/v2\/product_3rd_basket?post=67228"},{"taxonomy":"product_drawers","embeddable":true,"href":"https:\/\/www.teka.com\/es-pa\/wp-json\/wp\/v2\/product_drawers?post=67228"},{"taxonomy":"product_type_of_installation","embeddable":true,"href":"https:\/\/www.teka.com\/es-pa\/wp-json\/wp\/v2\/product_type_of_installation?post=67228"},{"taxonomy":"product_edition","embeddable":true,"href":"https:\/\/www.teka.com\/es-pa\/wp-json\/wp\/v2\/product_edition?post=67228"},{"taxonomy":"product_serie","embeddable":true,"href":"https:\/\/www.teka.com\/es-pa\/wp-json\/wp\/v2\/product_serie?post=67228"},{"taxonomy":"product_features","embeddable":true,"href":"https:\/\/www.teka.com\/es-pa\/wp-json\/wp\/v2\/product_features?post=67228"},{"taxonomy":"finishes","embeddable":true,"href":"https:\/\/www.teka.com\/es-pa\/wp-json\/wp\/v2\/finishes?post=67228"},{"taxonomy":"product_bundles","embeddable":true,"href":"https:\/\/www.teka.com\/es-pa\/wp-json\/wp\/v2\/product_bundles?post=67228"},{"taxonomy":"product_energy_efficiency","embeddable":true,"href":"https:\/\/www.teka.com\/es-pa\/wp-json\/wp\/v2\/product_energy_efficiency?post=67228"},{"taxonomy":"product_video_training","embeddable":true,"href":"https:\/\/www.teka.com\/es-pa\/wp-json\/wp\/v2\/product_video_training?post=67228"}],"curies":[{"name":"wp","href":"https:\/\/api.w.org\/{rel}","templated":true}]}}