{"id":68807,"date":"2026-04-08T23:37:00","date_gmt":"2026-04-08T23:37:00","guid":{"rendered":"https:\/\/teka.com\/es-mx\/pro-my1_18161002"},"modified":"2026-04-08T08:22:09","modified_gmt":"2026-04-08T09:22:09","slug":"pro-my1_18161002","status":"publish","type":"product","link":"https:\/\/www.teka.com\/es-pa\/producto\/pro-my1_18161002\/","title":{"rendered":"Pro (MY1)"},"content":{"rendered":"<ul>\n<li>Ideal para personas o familias que desean mejorar la funcionalidad, est\u00e9tica y comodidad de su cocina, especialmente si cocinan con frecuencia y buscan un dise\u00f1o moderno en su espacio.<\/li>\n<li>Maneral extra\u00edble con 2 funciones: chorro y regadera que se ajusta a las necesidades de lo que necesitas en la cocina.<\/li>\n<li>Cartucho cer\u00e1mico de gran duraci\u00f3n mecanismo interno del grifo que permite regular el flujo y la temperatura del agua de forma suave, precisa y sin fugas.<\/li>\n<li>Presi\u00f3n de funcionamiento: 1 \u2013 10 bar (kg\/cm) (presi\u00f3n de funcionamiento recomendada: 2 -5 bar (kg\/cm))<\/li>\n<li>Con 5 a\u00f1os de garant\u00eda.<\/li>\n<\/ul>\n","protected":false},"featured_media":0,"parent":0,"template":"","product_cat":[60856],"product_cleaning_system":[],"product_3rd_basket":[],"product_drawers":[],"product_type_of_installation":[61147],"product_edition":[],"product_serie":[],"product_features":[],"finishes":[],"product_bundles":[],"product_energy_efficiency":[],"product_video_training":[],"class_list":["post-68807","product","type-product","status-publish","hentry","product_cat-griferia-de-cocina","color-cromo","product_type_of_appliance-profesionales","product_type_of_appliance-cano-alto","product_icons-anti-scale_aerator","product_icons-high_resistance","product_icons-pull_down_shower","product_icons-swivel_spout","product_type_of_installation-libre-instalacion"],"acf":[],"yoast_head":"<!-- This site is optimized with the Yoast SEO plugin v27.2 - https:\/\/yoast.com\/product\/yoast-seo-wordpress\/ -->\n<title>Pro (MY1) | Teka Panam\u00e1<\/title>\n<meta name=\"description\" content=\"Descubre el Grifo de Cocina Monomando con ca\u00f1o giratorio y flexible con funci\u00f3n de chorro y regadera, cartucho cer\u00e1mico y 5 a\u00f1os de garant\u00eda.\" \/>\n<meta name=\"robots\" content=\"index, follow, max-snippet:-1, max-image-preview:large, max-video-preview:-1\" \/>\n<link rel=\"canonical\" href=\"https:\/\/www.teka.com\/es-pa\/producto\/pro-my1_18161002\/\" \/>\n<meta property=\"og:locale\" content=\"es_ES\" \/>\n<meta property=\"og:type\" content=\"article\" \/>\n<meta property=\"og:title\" content=\"Pro (MY1) | Teka Panam\u00e1\" \/>\n<meta property=\"og:description\" content=\"Descubre el Grifo de Cocina Monomando con ca\u00f1o giratorio y flexible con funci\u00f3n de chorro y regadera, cartucho cer\u00e1mico y 5 a\u00f1os de garant\u00eda.\" \/>\n<meta property=\"og:url\" content=\"https:\/\/www.teka.com\/es-pa\/producto\/pro-my1_18161002\/\" \/>\n<meta property=\"og:site_name\" content=\"Teka Panam\u00e1\" \/>\n<meta name=\"twitter:card\" content=\"summary_large_image\" \/>\n<meta name=\"twitter:label1\" content=\"Tiempo de lectura\" \/>\n\t<meta name=\"twitter:data1\" content=\"1 minuto\" \/>\n<script type=\"application\/ld+json\" class=\"yoast-schema-graph\">{\"@context\":\"https:\/\/schema.org\",\"@graph\":[{\"@type\":\"WebPage\",\"@id\":\"https:\/\/www.teka.com\/es-pa\/producto\/pro-my1_18161002\/\",\"url\":\"https:\/\/www.teka.com\/es-pa\/producto\/pro-my1_18161002\/\",\"name\":\"Pro (MY1) | Teka Panam\u00e1\",\"isPartOf\":{\"@id\":\"https:\/\/www.teka.com\/es-pa\/#website\"},\"datePublished\":\"2026-04-08T23:37:00+00:00\",\"description\":\"Descubre el Grifo de Cocina Monomando con ca\u00f1o giratorio y flexible con funci\u00f3n de chorro y regadera, cartucho cer\u00e1mico y 5 a\u00f1os de garant\u00eda.\",\"inLanguage\":\"es\",\"potentialAction\":[{\"@type\":\"ReadAction\",\"target\":[\"https:\/\/www.teka.com\/es-pa\/producto\/pro-my1_18161002\/\"]}]},{\"@type\":\"WebSite\",\"@id\":\"https:\/\/www.teka.com\/es-pa\/#website\",\"url\":\"https:\/\/www.teka.com\/es-pa\/\",\"name\":\"Teka Panam\u00e1\",\"description\":\"\",\"publisher\":{\"@id\":\"https:\/\/www.teka.com\/es-pa\/#organization\"},\"potentialAction\":[{\"@type\":\"SearchAction\",\"target\":{\"@type\":\"EntryPoint\",\"urlTemplate\":\"https:\/\/www.teka.com\/es-pa\/?s={search_term_string}\"},\"query-input\":{\"@type\":\"PropertyValueSpecification\",\"valueRequired\":true,\"valueName\":\"search_term_string\"}}],\"inLanguage\":\"es\"},{\"@type\":\"Organization\",\"@id\":\"https:\/\/www.teka.com\/es-pa\/#organization\",\"name\":\"Teka Panam\u00e1\",\"url\":\"https:\/\/www.teka.com\/es-pa\/\",\"logo\":{\"@type\":\"ImageObject\",\"inLanguage\":\"es\",\"@id\":\"https:\/\/www.teka.com\/es-pa\/#\/schema\/logo\/image\/\",\"url\":\"https:\/\/www.teka.com\/es-pa\/wp-content\/uploads\/sites\/93\/2018\/10\/404-teka.png\",\"contentUrl\":\"https:\/\/www.teka.com\/es-pa\/wp-content\/uploads\/sites\/93\/2018\/10\/404-teka.png\",\"width\":200,\"height\":200,\"caption\":\"Teka Panam\u00e1\"},\"image\":{\"@id\":\"https:\/\/www.teka.com\/es-pa\/#\/schema\/logo\/image\/\"}}]}<\/script>\n<!-- \/ Yoast SEO plugin. -->","yoast_head_json":{"title":"Pro (MY1) | Teka Panam\u00e1","description":"Descubre el Grifo de Cocina Monomando con ca\u00f1o giratorio y flexible con funci\u00f3n de chorro y regadera, cartucho cer\u00e1mico y 5 a\u00f1os de garant\u00eda.","robots":{"index":"index","follow":"follow","max-snippet":"max-snippet:-1","max-image-preview":"max-image-preview:large","max-video-preview":"max-video-preview:-1"},"canonical":"https:\/\/www.teka.com\/es-pa\/producto\/pro-my1_18161002\/","og_locale":"es_ES","og_type":"article","og_title":"Pro (MY1) | Teka Panam\u00e1","og_description":"Descubre el Grifo de Cocina Monomando con ca\u00f1o giratorio y flexible con funci\u00f3n de chorro y regadera, cartucho cer\u00e1mico y 5 a\u00f1os de garant\u00eda.","og_url":"https:\/\/www.teka.com\/es-pa\/producto\/pro-my1_18161002\/","og_site_name":"Teka Panam\u00e1","twitter_card":"summary_large_image","twitter_misc":{"Tiempo de lectura":"1 minuto"},"schema":{"@context":"https:\/\/schema.org","@graph":[{"@type":"WebPage","@id":"https:\/\/www.teka.com\/es-pa\/producto\/pro-my1_18161002\/","url":"https:\/\/www.teka.com\/es-pa\/producto\/pro-my1_18161002\/","name":"Pro (MY1) | Teka Panam\u00e1","isPartOf":{"@id":"https:\/\/www.teka.com\/es-pa\/#website"},"datePublished":"2026-04-08T23:37:00+00:00","description":"Descubre el Grifo de Cocina Monomando con ca\u00f1o giratorio y flexible con funci\u00f3n de chorro y regadera, cartucho cer\u00e1mico y 5 a\u00f1os de garant\u00eda.","inLanguage":"es","potentialAction":[{"@type":"ReadAction","target":["https:\/\/www.teka.com\/es-pa\/producto\/pro-my1_18161002\/"]}]},{"@type":"WebSite","@id":"https:\/\/www.teka.com\/es-pa\/#website","url":"https:\/\/www.teka.com\/es-pa\/","name":"Teka Panam\u00e1","description":"","publisher":{"@id":"https:\/\/www.teka.com\/es-pa\/#organization"},"potentialAction":[{"@type":"SearchAction","target":{"@type":"EntryPoint","urlTemplate":"https:\/\/www.teka.com\/es-pa\/?s={search_term_string}"},"query-input":{"@type":"PropertyValueSpecification","valueRequired":true,"valueName":"search_term_string"}}],"inLanguage":"es"},{"@type":"Organization","@id":"https:\/\/www.teka.com\/es-pa\/#organization","name":"Teka Panam\u00e1","url":"https:\/\/www.teka.com\/es-pa\/","logo":{"@type":"ImageObject","inLanguage":"es","@id":"https:\/\/www.teka.com\/es-pa\/#\/schema\/logo\/image\/","url":"https:\/\/www.teka.com\/es-pa\/wp-content\/uploads\/sites\/93\/2018\/10\/404-teka.png","contentUrl":"https:\/\/www.teka.com\/es-pa\/wp-content\/uploads\/sites\/93\/2018\/10\/404-teka.png","width":200,"height":200,"caption":"Teka Panam\u00e1"},"image":{"@id":"https:\/\/www.teka.com\/es-pa\/#\/schema\/logo\/image\/"}}]}},"_links":{"self":[{"href":"https:\/\/www.teka.com\/es-pa\/wp-json\/wp\/v2\/product\/68807","targetHints":{"allow":["GET"]}}],"collection":[{"href":"https:\/\/www.teka.com\/es-pa\/wp-json\/wp\/v2\/product"}],"about":[{"href":"https:\/\/www.teka.com\/es-pa\/wp-json\/wp\/v2\/types\/product"}],"wp:attachment":[{"href":"https:\/\/www.teka.com\/es-pa\/wp-json\/wp\/v2\/media?parent=68807"}],"wp:term":[{"taxonomy":"product_cat","embeddable":true,"href":"https:\/\/www.teka.com\/es-pa\/wp-json\/wp\/v2\/product_cat?post=68807"},{"taxonomy":"product_cleaning_system","embeddable":true,"href":"https:\/\/www.teka.com\/es-pa\/wp-json\/wp\/v2\/product_cleaning_system?post=68807"},{"taxonomy":"product_3rd_basket","embeddable":true,"href":"https:\/\/www.teka.com\/es-pa\/wp-json\/wp\/v2\/product_3rd_basket?post=68807"},{"taxonomy":"product_drawers","embeddable":true,"href":"https:\/\/www.teka.com\/es-pa\/wp-json\/wp\/v2\/product_drawers?post=68807"},{"taxonomy":"product_type_of_installation","embeddable":true,"href":"https:\/\/www.teka.com\/es-pa\/wp-json\/wp\/v2\/product_type_of_installation?post=68807"},{"taxonomy":"product_edition","embeddable":true,"href":"https:\/\/www.teka.com\/es-pa\/wp-json\/wp\/v2\/product_edition?post=68807"},{"taxonomy":"product_serie","embeddable":true,"href":"https:\/\/www.teka.com\/es-pa\/wp-json\/wp\/v2\/product_serie?post=68807"},{"taxonomy":"product_features","embeddable":true,"href":"https:\/\/www.teka.com\/es-pa\/wp-json\/wp\/v2\/product_features?post=68807"},{"taxonomy":"finishes","embeddable":true,"href":"https:\/\/www.teka.com\/es-pa\/wp-json\/wp\/v2\/finishes?post=68807"},{"taxonomy":"product_bundles","embeddable":true,"href":"https:\/\/www.teka.com\/es-pa\/wp-json\/wp\/v2\/product_bundles?post=68807"},{"taxonomy":"product_energy_efficiency","embeddable":true,"href":"https:\/\/www.teka.com\/es-pa\/wp-json\/wp\/v2\/product_energy_efficiency?post=68807"},{"taxonomy":"product_video_training","embeddable":true,"href":"https:\/\/www.teka.com\/es-pa\/wp-json\/wp\/v2\/product_video_training?post=68807"}],"curies":[{"name":"wp","href":"https:\/\/api.w.org\/{rel}","templated":true}]}}