{"id":68980,"date":"2026-04-03T20:32:05","date_gmt":"2026-04-03T20:32:05","guid":{"rendered":"https:\/\/teka.com\/en-int\/placa-vitroceramica-de-4-zonas-de-60-cm_112550009"},"modified":"2026-03-14T07:00:33","modified_gmt":"2026-03-14T08:00:33","slug":"placa-vitroceramica-de-4-zonas-de-60-cm_112550009","status":"publish","type":"product","link":"https:\/\/www.teka.com\/es-pa\/producto\/placa-vitroceramica-de-4-zonas-de-60-cm_112550009\/","title":{"rendered":"TBC 64000 XFL BK"},"content":{"rendered":"<ul>\n<li>Cristal vitrocer\u00e1mico frontal Quartzium Ceran<\/li>\n<li>Mandos de perillas laterales<\/li>\n<li>12 niveles de potencia<\/li>\n<li>Indicadores de calor residual<\/li>\n<li>Sistema f\u00e1cil instalaci\u00f3n Fast-Click<\/li>\n<\/ul>\n","protected":false},"featured_media":0,"parent":0,"template":"","product_cat":[60849],"product_cleaning_system":[],"product_3rd_basket":[],"product_drawers":[],"product_type_of_installation":[],"product_edition":[61171],"product_serie":[],"product_features":[],"finishes":[],"product_bundles":[],"product_energy_efficiency":[],"product_video_training":[61980],"class_list":["post-68980","product","type-product","status-publish","hentry","product_cat-parrillas","usp-vitroceramics-02","usp-cookinglovers-01","color-cristal-negro","product_type_of_appliance-vitroceramica","product_ambient-urban-colors-01","product_ambient-urban-colors-02","product_ambient-urban-colors-03","product_icons-autolock","product_icons-easy-installation","product_edition-night-river-black","product_video_training-traininghobs-14"],"acf":[],"yoast_head":"<!-- This site is optimized with the Yoast SEO plugin v27.2 - https:\/\/yoast.com\/product\/yoast-seo-wordpress\/ -->\n<title>Placa Modular Vitrocer\u00e1mica TBC 64000 XFL | Teka Mexico<\/title>\n<meta name=\"description\" content=\"Toda la informaci\u00f3n sobre la Placa vitrocer\u00e1mica modular de 30cm con control t\u00e1ctil TBC 64000 XFL en la web oficial de Teka Mexico.\" \/>\n<meta name=\"robots\" content=\"index, follow, max-snippet:-1, max-image-preview:large, max-video-preview:-1\" \/>\n<link rel=\"canonical\" href=\"https:\/\/www.teka.com\/es-pa\/producto\/placa-vitroceramica-de-4-zonas-de-60-cm_112550009\/\" \/>\n<meta property=\"og:locale\" content=\"es_ES\" \/>\n<meta property=\"og:type\" content=\"article\" \/>\n<meta property=\"og:title\" content=\"Placa Modular Vitrocer\u00e1mica TBC 64000 XFL | Teka Mexico\" \/>\n<meta property=\"og:description\" content=\"Toda la informaci\u00f3n sobre la Placa vitrocer\u00e1mica modular de 30cm con control t\u00e1ctil TBC 64000 XFL en la web oficial de Teka Mexico.\" \/>\n<meta property=\"og:url\" content=\"https:\/\/www.teka.com\/es-pa\/producto\/placa-vitroceramica-de-4-zonas-de-60-cm_112550009\/\" \/>\n<meta property=\"og:site_name\" content=\"Teka Panam\u00e1\" \/>\n<meta name=\"twitter:card\" content=\"summary_large_image\" \/>\n<script type=\"application\/ld+json\" class=\"yoast-schema-graph\">{\"@context\":\"https:\/\/schema.org\",\"@graph\":[{\"@type\":\"WebPage\",\"@id\":\"https:\/\/www.teka.com\/es-pa\/producto\/placa-vitroceramica-de-4-zonas-de-60-cm_112550009\/\",\"url\":\"https:\/\/www.teka.com\/es-pa\/producto\/placa-vitroceramica-de-4-zonas-de-60-cm_112550009\/\",\"name\":\"Placa Modular Vitrocer\u00e1mica TBC 64000 XFL | Teka Mexico\",\"isPartOf\":{\"@id\":\"https:\/\/www.teka.com\/es-pa\/#website\"},\"datePublished\":\"2026-04-03T20:32:05+00:00\",\"description\":\"Toda la informaci\u00f3n sobre la Placa vitrocer\u00e1mica modular de 30cm con control t\u00e1ctil TBC 64000 XFL en la web oficial de Teka Mexico.\",\"inLanguage\":\"es\",\"potentialAction\":[{\"@type\":\"ReadAction\",\"target\":[\"https:\/\/www.teka.com\/es-pa\/producto\/placa-vitroceramica-de-4-zonas-de-60-cm_112550009\/\"]}]},{\"@type\":\"WebSite\",\"@id\":\"https:\/\/www.teka.com\/es-pa\/#website\",\"url\":\"https:\/\/www.teka.com\/es-pa\/\",\"name\":\"Teka Panam\u00e1\",\"description\":\"\",\"publisher\":{\"@id\":\"https:\/\/www.teka.com\/es-pa\/#organization\"},\"potentialAction\":[{\"@type\":\"SearchAction\",\"target\":{\"@type\":\"EntryPoint\",\"urlTemplate\":\"https:\/\/www.teka.com\/es-pa\/?s={search_term_string}\"},\"query-input\":{\"@type\":\"PropertyValueSpecification\",\"valueRequired\":true,\"valueName\":\"search_term_string\"}}],\"inLanguage\":\"es\"},{\"@type\":\"Organization\",\"@id\":\"https:\/\/www.teka.com\/es-pa\/#organization\",\"name\":\"Teka Panam\u00e1\",\"url\":\"https:\/\/www.teka.com\/es-pa\/\",\"logo\":{\"@type\":\"ImageObject\",\"inLanguage\":\"es\",\"@id\":\"https:\/\/www.teka.com\/es-pa\/#\/schema\/logo\/image\/\",\"url\":\"https:\/\/www.teka.com\/es-pa\/wp-content\/uploads\/sites\/93\/2018\/10\/404-teka.png\",\"contentUrl\":\"https:\/\/www.teka.com\/es-pa\/wp-content\/uploads\/sites\/93\/2018\/10\/404-teka.png\",\"width\":200,\"height\":200,\"caption\":\"Teka Panam\u00e1\"},\"image\":{\"@id\":\"https:\/\/www.teka.com\/es-pa\/#\/schema\/logo\/image\/\"}}]}<\/script>\n<!-- \/ Yoast SEO plugin. -->","yoast_head_json":{"title":"Placa Modular Vitrocer\u00e1mica TBC 64000 XFL | Teka Mexico","description":"Toda la informaci\u00f3n sobre la Placa vitrocer\u00e1mica modular de 30cm con control t\u00e1ctil TBC 64000 XFL en la web oficial de Teka Mexico.","robots":{"index":"index","follow":"follow","max-snippet":"max-snippet:-1","max-image-preview":"max-image-preview:large","max-video-preview":"max-video-preview:-1"},"canonical":"https:\/\/www.teka.com\/es-pa\/producto\/placa-vitroceramica-de-4-zonas-de-60-cm_112550009\/","og_locale":"es_ES","og_type":"article","og_title":"Placa Modular Vitrocer\u00e1mica TBC 64000 XFL | Teka Mexico","og_description":"Toda la informaci\u00f3n sobre la Placa vitrocer\u00e1mica modular de 30cm con control t\u00e1ctil TBC 64000 XFL en la web oficial de Teka Mexico.","og_url":"https:\/\/www.teka.com\/es-pa\/producto\/placa-vitroceramica-de-4-zonas-de-60-cm_112550009\/","og_site_name":"Teka Panam\u00e1","twitter_card":"summary_large_image","schema":{"@context":"https:\/\/schema.org","@graph":[{"@type":"WebPage","@id":"https:\/\/www.teka.com\/es-pa\/producto\/placa-vitroceramica-de-4-zonas-de-60-cm_112550009\/","url":"https:\/\/www.teka.com\/es-pa\/producto\/placa-vitroceramica-de-4-zonas-de-60-cm_112550009\/","name":"Placa Modular Vitrocer\u00e1mica TBC 64000 XFL | Teka Mexico","isPartOf":{"@id":"https:\/\/www.teka.com\/es-pa\/#website"},"datePublished":"2026-04-03T20:32:05+00:00","description":"Toda la informaci\u00f3n sobre la Placa vitrocer\u00e1mica modular de 30cm con control t\u00e1ctil TBC 64000 XFL en la web oficial de Teka Mexico.","inLanguage":"es","potentialAction":[{"@type":"ReadAction","target":["https:\/\/www.teka.com\/es-pa\/producto\/placa-vitroceramica-de-4-zonas-de-60-cm_112550009\/"]}]},{"@type":"WebSite","@id":"https:\/\/www.teka.com\/es-pa\/#website","url":"https:\/\/www.teka.com\/es-pa\/","name":"Teka Panam\u00e1","description":"","publisher":{"@id":"https:\/\/www.teka.com\/es-pa\/#organization"},"potentialAction":[{"@type":"SearchAction","target":{"@type":"EntryPoint","urlTemplate":"https:\/\/www.teka.com\/es-pa\/?s={search_term_string}"},"query-input":{"@type":"PropertyValueSpecification","valueRequired":true,"valueName":"search_term_string"}}],"inLanguage":"es"},{"@type":"Organization","@id":"https:\/\/www.teka.com\/es-pa\/#organization","name":"Teka Panam\u00e1","url":"https:\/\/www.teka.com\/es-pa\/","logo":{"@type":"ImageObject","inLanguage":"es","@id":"https:\/\/www.teka.com\/es-pa\/#\/schema\/logo\/image\/","url":"https:\/\/www.teka.com\/es-pa\/wp-content\/uploads\/sites\/93\/2018\/10\/404-teka.png","contentUrl":"https:\/\/www.teka.com\/es-pa\/wp-content\/uploads\/sites\/93\/2018\/10\/404-teka.png","width":200,"height":200,"caption":"Teka Panam\u00e1"},"image":{"@id":"https:\/\/www.teka.com\/es-pa\/#\/schema\/logo\/image\/"}}]}},"_links":{"self":[{"href":"https:\/\/www.teka.com\/es-pa\/wp-json\/wp\/v2\/product\/68980","targetHints":{"allow":["GET"]}}],"collection":[{"href":"https:\/\/www.teka.com\/es-pa\/wp-json\/wp\/v2\/product"}],"about":[{"href":"https:\/\/www.teka.com\/es-pa\/wp-json\/wp\/v2\/types\/product"}],"wp:attachment":[{"href":"https:\/\/www.teka.com\/es-pa\/wp-json\/wp\/v2\/media?parent=68980"}],"wp:term":[{"taxonomy":"product_cat","embeddable":true,"href":"https:\/\/www.teka.com\/es-pa\/wp-json\/wp\/v2\/product_cat?post=68980"},{"taxonomy":"product_cleaning_system","embeddable":true,"href":"https:\/\/www.teka.com\/es-pa\/wp-json\/wp\/v2\/product_cleaning_system?post=68980"},{"taxonomy":"product_3rd_basket","embeddable":true,"href":"https:\/\/www.teka.com\/es-pa\/wp-json\/wp\/v2\/product_3rd_basket?post=68980"},{"taxonomy":"product_drawers","embeddable":true,"href":"https:\/\/www.teka.com\/es-pa\/wp-json\/wp\/v2\/product_drawers?post=68980"},{"taxonomy":"product_type_of_installation","embeddable":true,"href":"https:\/\/www.teka.com\/es-pa\/wp-json\/wp\/v2\/product_type_of_installation?post=68980"},{"taxonomy":"product_edition","embeddable":true,"href":"https:\/\/www.teka.com\/es-pa\/wp-json\/wp\/v2\/product_edition?post=68980"},{"taxonomy":"product_serie","embeddable":true,"href":"https:\/\/www.teka.com\/es-pa\/wp-json\/wp\/v2\/product_serie?post=68980"},{"taxonomy":"product_features","embeddable":true,"href":"https:\/\/www.teka.com\/es-pa\/wp-json\/wp\/v2\/product_features?post=68980"},{"taxonomy":"finishes","embeddable":true,"href":"https:\/\/www.teka.com\/es-pa\/wp-json\/wp\/v2\/finishes?post=68980"},{"taxonomy":"product_bundles","embeddable":true,"href":"https:\/\/www.teka.com\/es-pa\/wp-json\/wp\/v2\/product_bundles?post=68980"},{"taxonomy":"product_energy_efficiency","embeddable":true,"href":"https:\/\/www.teka.com\/es-pa\/wp-json\/wp\/v2\/product_energy_efficiency?post=68980"},{"taxonomy":"product_video_training","embeddable":true,"href":"https:\/\/www.teka.com\/es-pa\/wp-json\/wp\/v2\/product_video_training?post=68980"}],"curies":[{"name":"wp","href":"https:\/\/api.w.org\/{rel}","templated":true}]}}