{"id":69161,"date":"2026-04-05T02:24:58","date_gmt":"2026-04-05T02:24:58","guid":{"rendered":"https:\/\/teka.com\/es-es\/teka-home-dlv-99677_112930051"},"modified":"2026-03-14T08:14:38","modified_gmt":"2026-03-14T09:14:38","slug":"teka-home-dlv-99677_112930051","status":"publish","type":"product","link":"https:\/\/www.teka.com\/es-pa\/producto\/teka-home-dlv-99677_112930051\/","title":{"rendered":"Teka Home DLV 99677"},"content":{"rendered":"<ul>\n<li>Touch Control<\/li>\n<li>Funci\u00f3n HobtoHood<\/li>\n<li>Funci\u00f3n FreshAir<\/li>\n<li>Extracci\u00f3n perimetral<\/li>\n<li>Motor EcoPower sin escobillas<\/li>\n<\/ul>\n","protected":false},"featured_media":0,"parent":0,"template":"","product_cat":[60850],"product_cleaning_system":[],"product_3rd_basket":[],"product_drawers":[],"product_type_of_installation":[],"product_edition":[],"product_serie":[],"product_features":[],"finishes":[],"product_bundles":[],"product_energy_efficiency":[61735],"product_video_training":[],"class_list":["post-69161","product","type-product","status-publish","hentry","product_cat-campanas","usp-tekahome-05","usp-tekahome-01","usp-tekahome-02","usp-tekahome-07","usp-tekahome-08","usp-cookinglovers-03","color-negro","product_type_of_appliance-decorativas","product_ambient-tekahome-01","product_ambient-ambient-05","product_icons-led","product_icons-perimeter-extraction","product_icons-stop-delay-timer","product_icons-freshair","product_energy_efficiency-a-3plus-icon"],"acf":[],"yoast_head":"<!-- This site is optimized with the Yoast SEO plugin v27.2 - https:\/\/yoast.com\/product\/yoast-seo-wordpress\/ -->\n<title>Campana Vertical Inteligente con HobToHood WiFi<\/title>\n<meta name=\"description\" content=\"Campana decorativa vertical con conexi\u00f3n WiFi, HobToHood, motor EcoPower sin escobillas, extracci\u00f3n perimetral y funci\u00f3n FreshAir. Control incluido.\" \/>\n<meta name=\"robots\" content=\"index, follow, max-snippet:-1, max-image-preview:large, max-video-preview:-1\" \/>\n<link rel=\"canonical\" href=\"https:\/\/www.teka.com\/es-pa\/producto\/teka-home-dlv-99677_112930051\/\" \/>\n<meta property=\"og:locale\" content=\"es_ES\" \/>\n<meta property=\"og:type\" content=\"article\" \/>\n<meta property=\"og:title\" content=\"Campana Vertical Inteligente con HobToHood WiFi\" \/>\n<meta property=\"og:description\" content=\"Campana decorativa vertical con conexi\u00f3n WiFi, HobToHood, motor EcoPower sin escobillas, extracci\u00f3n perimetral y funci\u00f3n FreshAir. Control incluido.\" \/>\n<meta property=\"og:url\" content=\"https:\/\/www.teka.com\/es-pa\/producto\/teka-home-dlv-99677_112930051\/\" \/>\n<meta property=\"og:site_name\" content=\"Teka Panam\u00e1\" \/>\n<meta name=\"twitter:card\" content=\"summary_large_image\" \/>\n<script type=\"application\/ld+json\" class=\"yoast-schema-graph\">{\"@context\":\"https:\/\/schema.org\",\"@graph\":[{\"@type\":\"WebPage\",\"@id\":\"https:\/\/www.teka.com\/es-pa\/producto\/teka-home-dlv-99677_112930051\/\",\"url\":\"https:\/\/www.teka.com\/es-pa\/producto\/teka-home-dlv-99677_112930051\/\",\"name\":\"Campana Vertical Inteligente con HobToHood WiFi\",\"isPartOf\":{\"@id\":\"https:\/\/www.teka.com\/es-pa\/#website\"},\"datePublished\":\"2026-04-05T02:24:58+00:00\",\"description\":\"Campana decorativa vertical con conexi\u00f3n WiFi, HobToHood, motor EcoPower sin escobillas, extracci\u00f3n perimetral y funci\u00f3n FreshAir. Control incluido.\",\"inLanguage\":\"es\",\"potentialAction\":[{\"@type\":\"ReadAction\",\"target\":[\"https:\/\/www.teka.com\/es-pa\/producto\/teka-home-dlv-99677_112930051\/\"]}]},{\"@type\":\"WebSite\",\"@id\":\"https:\/\/www.teka.com\/es-pa\/#website\",\"url\":\"https:\/\/www.teka.com\/es-pa\/\",\"name\":\"Teka Panam\u00e1\",\"description\":\"\",\"publisher\":{\"@id\":\"https:\/\/www.teka.com\/es-pa\/#organization\"},\"potentialAction\":[{\"@type\":\"SearchAction\",\"target\":{\"@type\":\"EntryPoint\",\"urlTemplate\":\"https:\/\/www.teka.com\/es-pa\/?s={search_term_string}\"},\"query-input\":{\"@type\":\"PropertyValueSpecification\",\"valueRequired\":true,\"valueName\":\"search_term_string\"}}],\"inLanguage\":\"es\"},{\"@type\":\"Organization\",\"@id\":\"https:\/\/www.teka.com\/es-pa\/#organization\",\"name\":\"Teka Panam\u00e1\",\"url\":\"https:\/\/www.teka.com\/es-pa\/\",\"logo\":{\"@type\":\"ImageObject\",\"inLanguage\":\"es\",\"@id\":\"https:\/\/www.teka.com\/es-pa\/#\/schema\/logo\/image\/\",\"url\":\"https:\/\/www.teka.com\/es-pa\/wp-content\/uploads\/sites\/93\/2018\/10\/404-teka.png\",\"contentUrl\":\"https:\/\/www.teka.com\/es-pa\/wp-content\/uploads\/sites\/93\/2018\/10\/404-teka.png\",\"width\":200,\"height\":200,\"caption\":\"Teka Panam\u00e1\"},\"image\":{\"@id\":\"https:\/\/www.teka.com\/es-pa\/#\/schema\/logo\/image\/\"}}]}<\/script>\n<!-- \/ Yoast SEO plugin. -->","yoast_head_json":{"title":"Campana Vertical Inteligente con HobToHood WiFi","description":"Campana decorativa vertical con conexi\u00f3n WiFi, HobToHood, motor EcoPower sin escobillas, extracci\u00f3n perimetral y funci\u00f3n FreshAir. Control incluido.","robots":{"index":"index","follow":"follow","max-snippet":"max-snippet:-1","max-image-preview":"max-image-preview:large","max-video-preview":"max-video-preview:-1"},"canonical":"https:\/\/www.teka.com\/es-pa\/producto\/teka-home-dlv-99677_112930051\/","og_locale":"es_ES","og_type":"article","og_title":"Campana Vertical Inteligente con HobToHood WiFi","og_description":"Campana decorativa vertical con conexi\u00f3n WiFi, HobToHood, motor EcoPower sin escobillas, extracci\u00f3n perimetral y funci\u00f3n FreshAir. Control incluido.","og_url":"https:\/\/www.teka.com\/es-pa\/producto\/teka-home-dlv-99677_112930051\/","og_site_name":"Teka Panam\u00e1","twitter_card":"summary_large_image","schema":{"@context":"https:\/\/schema.org","@graph":[{"@type":"WebPage","@id":"https:\/\/www.teka.com\/es-pa\/producto\/teka-home-dlv-99677_112930051\/","url":"https:\/\/www.teka.com\/es-pa\/producto\/teka-home-dlv-99677_112930051\/","name":"Campana Vertical Inteligente con HobToHood WiFi","isPartOf":{"@id":"https:\/\/www.teka.com\/es-pa\/#website"},"datePublished":"2026-04-05T02:24:58+00:00","description":"Campana decorativa vertical con conexi\u00f3n WiFi, HobToHood, motor EcoPower sin escobillas, extracci\u00f3n perimetral y funci\u00f3n FreshAir. Control incluido.","inLanguage":"es","potentialAction":[{"@type":"ReadAction","target":["https:\/\/www.teka.com\/es-pa\/producto\/teka-home-dlv-99677_112930051\/"]}]},{"@type":"WebSite","@id":"https:\/\/www.teka.com\/es-pa\/#website","url":"https:\/\/www.teka.com\/es-pa\/","name":"Teka Panam\u00e1","description":"","publisher":{"@id":"https:\/\/www.teka.com\/es-pa\/#organization"},"potentialAction":[{"@type":"SearchAction","target":{"@type":"EntryPoint","urlTemplate":"https:\/\/www.teka.com\/es-pa\/?s={search_term_string}"},"query-input":{"@type":"PropertyValueSpecification","valueRequired":true,"valueName":"search_term_string"}}],"inLanguage":"es"},{"@type":"Organization","@id":"https:\/\/www.teka.com\/es-pa\/#organization","name":"Teka Panam\u00e1","url":"https:\/\/www.teka.com\/es-pa\/","logo":{"@type":"ImageObject","inLanguage":"es","@id":"https:\/\/www.teka.com\/es-pa\/#\/schema\/logo\/image\/","url":"https:\/\/www.teka.com\/es-pa\/wp-content\/uploads\/sites\/93\/2018\/10\/404-teka.png","contentUrl":"https:\/\/www.teka.com\/es-pa\/wp-content\/uploads\/sites\/93\/2018\/10\/404-teka.png","width":200,"height":200,"caption":"Teka Panam\u00e1"},"image":{"@id":"https:\/\/www.teka.com\/es-pa\/#\/schema\/logo\/image\/"}}]}},"_links":{"self":[{"href":"https:\/\/www.teka.com\/es-pa\/wp-json\/wp\/v2\/product\/69161","targetHints":{"allow":["GET"]}}],"collection":[{"href":"https:\/\/www.teka.com\/es-pa\/wp-json\/wp\/v2\/product"}],"about":[{"href":"https:\/\/www.teka.com\/es-pa\/wp-json\/wp\/v2\/types\/product"}],"wp:attachment":[{"href":"https:\/\/www.teka.com\/es-pa\/wp-json\/wp\/v2\/media?parent=69161"}],"wp:term":[{"taxonomy":"product_cat","embeddable":true,"href":"https:\/\/www.teka.com\/es-pa\/wp-json\/wp\/v2\/product_cat?post=69161"},{"taxonomy":"product_cleaning_system","embeddable":true,"href":"https:\/\/www.teka.com\/es-pa\/wp-json\/wp\/v2\/product_cleaning_system?post=69161"},{"taxonomy":"product_3rd_basket","embeddable":true,"href":"https:\/\/www.teka.com\/es-pa\/wp-json\/wp\/v2\/product_3rd_basket?post=69161"},{"taxonomy":"product_drawers","embeddable":true,"href":"https:\/\/www.teka.com\/es-pa\/wp-json\/wp\/v2\/product_drawers?post=69161"},{"taxonomy":"product_type_of_installation","embeddable":true,"href":"https:\/\/www.teka.com\/es-pa\/wp-json\/wp\/v2\/product_type_of_installation?post=69161"},{"taxonomy":"product_edition","embeddable":true,"href":"https:\/\/www.teka.com\/es-pa\/wp-json\/wp\/v2\/product_edition?post=69161"},{"taxonomy":"product_serie","embeddable":true,"href":"https:\/\/www.teka.com\/es-pa\/wp-json\/wp\/v2\/product_serie?post=69161"},{"taxonomy":"product_features","embeddable":true,"href":"https:\/\/www.teka.com\/es-pa\/wp-json\/wp\/v2\/product_features?post=69161"},{"taxonomy":"finishes","embeddable":true,"href":"https:\/\/www.teka.com\/es-pa\/wp-json\/wp\/v2\/finishes?post=69161"},{"taxonomy":"product_bundles","embeddable":true,"href":"https:\/\/www.teka.com\/es-pa\/wp-json\/wp\/v2\/product_bundles?post=69161"},{"taxonomy":"product_energy_efficiency","embeddable":true,"href":"https:\/\/www.teka.com\/es-pa\/wp-json\/wp\/v2\/product_energy_efficiency?post=69161"},{"taxonomy":"product_video_training","embeddable":true,"href":"https:\/\/www.teka.com\/es-pa\/wp-json\/wp\/v2\/product_video_training?post=69161"}],"curies":[{"name":"wp","href":"https:\/\/api.w.org\/{rel}","templated":true}]}}