{"id":69170,"date":"2026-04-07T21:05:20","date_gmt":"2026-04-07T21:05:20","guid":{"rendered":"https:\/\/teka.com\/es-mx\/duetto-crystal-60_112750011"},"modified":"2026-03-14T08:30:24","modified_gmt":"2026-03-14T09:30:24","slug":"duetto-crystal-60_112750011","status":"publish","type":"product","link":"https:\/\/www.teka.com\/es-pa\/producto\/duetto-crystal-60_112750011\/","title":{"rendered":"DUETTO CRYSTAL 60"},"content":{"rendered":"<ul>\n<li>Ideal para aquellas personas que buscan practicidad y soluci\u00f3n en la cocina.<\/li>\n<li>CAMPANA<\/li>\n<li>Campana extractora o purificadora que elimina humos y olores con extracci\u00f3n al exterior o recirculaci\u00f3n eficiente del aire.<\/li>\n<li>Tres velocidades para ajustar la potencia de extracci\u00f3n seg\u00fan el nivel de cocci\u00f3n.<\/li>\n<li>Filtros met\u00e1licos lavables en lavavajillas y facilitan la limpieza.<\/li>\n<li>Nivel sonoro: min. 55 \u2013 m\u00e1x. 78 dB para un confort ac\u00fastico.<\/li>\n<li>Filtro de carb\u00f3n activo para recirculaci\u00f3n del aire que neutraliza olores y devuelve aire limpio a la cocina sin salida exterior.<\/li>\n<li>PARRILLA<\/li>\n<li>Parrillas individuales y tapas de quemadores de hierro fundido con perillas ergon\u00f3micas laterales (4 quemadores a gas).<\/li>\n<li>Encendido electr\u00f3nico integrado en cada perilla.<\/li>\n<li>Tipos de gas: LP (butano\/propano) y Natural<\/li>\n<\/ul>\n","protected":false},"featured_media":0,"parent":0,"template":"","product_cat":[60849,60850],"product_cleaning_system":[],"product_3rd_basket":[],"product_drawers":[],"product_type_of_installation":[],"product_edition":[],"product_serie":[],"product_features":[],"finishes":[],"product_bundles":[],"product_energy_efficiency":[],"product_video_training":[],"class_list":["post-69170","product","type-product","status-publish","hentry","product_cat-parrillas","product_cat-campanas","color-negro"],"acf":[],"yoast_head":"<!-- This site is optimized with the Yoast SEO plugin v27.2 - https:\/\/yoast.com\/product\/yoast-seo-wordpress\/ -->\n<title>Teka Duetto Campana + parrilla a gas<\/title>\n<meta name=\"description\" content=\"Descubre el Duetto Campana extractora con tres velocidades, l\u00e1mparas led y filtro de carb\u00f3n activado + parrilla a gas con 4 quemadores.\" \/>\n<meta name=\"robots\" content=\"index, follow, max-snippet:-1, max-image-preview:large, max-video-preview:-1\" \/>\n<link rel=\"canonical\" href=\"https:\/\/www.teka.com\/es-pa\/producto\/duetto-crystal-60_112750011\/\" \/>\n<meta property=\"og:locale\" content=\"es_ES\" \/>\n<meta property=\"og:type\" content=\"article\" \/>\n<meta property=\"og:title\" content=\"Teka Duetto Campana + parrilla a gas\" \/>\n<meta property=\"og:description\" content=\"Descubre el Duetto Campana extractora con tres velocidades, l\u00e1mparas led y filtro de carb\u00f3n activado + parrilla a gas con 4 quemadores.\" \/>\n<meta property=\"og:url\" content=\"https:\/\/www.teka.com\/es-pa\/producto\/duetto-crystal-60_112750011\/\" \/>\n<meta property=\"og:site_name\" content=\"Teka Panam\u00e1\" \/>\n<meta name=\"twitter:card\" content=\"summary_large_image\" \/>\n<meta name=\"twitter:label1\" content=\"Tiempo de lectura\" \/>\n\t<meta name=\"twitter:data1\" content=\"1 minuto\" \/>\n<script type=\"application\/ld+json\" class=\"yoast-schema-graph\">{\"@context\":\"https:\/\/schema.org\",\"@graph\":[{\"@type\":\"WebPage\",\"@id\":\"https:\/\/www.teka.com\/es-pa\/producto\/duetto-crystal-60_112750011\/\",\"url\":\"https:\/\/www.teka.com\/es-pa\/producto\/duetto-crystal-60_112750011\/\",\"name\":\"Teka Duetto Campana + parrilla a gas\",\"isPartOf\":{\"@id\":\"https:\/\/www.teka.com\/es-pa\/#website\"},\"datePublished\":\"2026-04-07T21:05:20+00:00\",\"description\":\"Descubre el Duetto Campana extractora con tres velocidades, l\u00e1mparas led y filtro de carb\u00f3n activado + parrilla a gas con 4 quemadores.\",\"inLanguage\":\"es\",\"potentialAction\":[{\"@type\":\"ReadAction\",\"target\":[\"https:\/\/www.teka.com\/es-pa\/producto\/duetto-crystal-60_112750011\/\"]}]},{\"@type\":\"WebSite\",\"@id\":\"https:\/\/www.teka.com\/es-pa\/#website\",\"url\":\"https:\/\/www.teka.com\/es-pa\/\",\"name\":\"Teka Panam\u00e1\",\"description\":\"\",\"publisher\":{\"@id\":\"https:\/\/www.teka.com\/es-pa\/#organization\"},\"potentialAction\":[{\"@type\":\"SearchAction\",\"target\":{\"@type\":\"EntryPoint\",\"urlTemplate\":\"https:\/\/www.teka.com\/es-pa\/?s={search_term_string}\"},\"query-input\":{\"@type\":\"PropertyValueSpecification\",\"valueRequired\":true,\"valueName\":\"search_term_string\"}}],\"inLanguage\":\"es\"},{\"@type\":\"Organization\",\"@id\":\"https:\/\/www.teka.com\/es-pa\/#organization\",\"name\":\"Teka Panam\u00e1\",\"url\":\"https:\/\/www.teka.com\/es-pa\/\",\"logo\":{\"@type\":\"ImageObject\",\"inLanguage\":\"es\",\"@id\":\"https:\/\/www.teka.com\/es-pa\/#\/schema\/logo\/image\/\",\"url\":\"https:\/\/www.teka.com\/es-pa\/wp-content\/uploads\/sites\/93\/2018\/10\/404-teka.png\",\"contentUrl\":\"https:\/\/www.teka.com\/es-pa\/wp-content\/uploads\/sites\/93\/2018\/10\/404-teka.png\",\"width\":200,\"height\":200,\"caption\":\"Teka Panam\u00e1\"},\"image\":{\"@id\":\"https:\/\/www.teka.com\/es-pa\/#\/schema\/logo\/image\/\"}}]}<\/script>\n<!-- \/ Yoast SEO plugin. -->","yoast_head_json":{"title":"Teka Duetto Campana + parrilla a gas","description":"Descubre el Duetto Campana extractora con tres velocidades, l\u00e1mparas led y filtro de carb\u00f3n activado + parrilla a gas con 4 quemadores.","robots":{"index":"index","follow":"follow","max-snippet":"max-snippet:-1","max-image-preview":"max-image-preview:large","max-video-preview":"max-video-preview:-1"},"canonical":"https:\/\/www.teka.com\/es-pa\/producto\/duetto-crystal-60_112750011\/","og_locale":"es_ES","og_type":"article","og_title":"Teka Duetto Campana + parrilla a gas","og_description":"Descubre el Duetto Campana extractora con tres velocidades, l\u00e1mparas led y filtro de carb\u00f3n activado + parrilla a gas con 4 quemadores.","og_url":"https:\/\/www.teka.com\/es-pa\/producto\/duetto-crystal-60_112750011\/","og_site_name":"Teka Panam\u00e1","twitter_card":"summary_large_image","twitter_misc":{"Tiempo de lectura":"1 minuto"},"schema":{"@context":"https:\/\/schema.org","@graph":[{"@type":"WebPage","@id":"https:\/\/www.teka.com\/es-pa\/producto\/duetto-crystal-60_112750011\/","url":"https:\/\/www.teka.com\/es-pa\/producto\/duetto-crystal-60_112750011\/","name":"Teka Duetto Campana + parrilla a gas","isPartOf":{"@id":"https:\/\/www.teka.com\/es-pa\/#website"},"datePublished":"2026-04-07T21:05:20+00:00","description":"Descubre el Duetto Campana extractora con tres velocidades, l\u00e1mparas led y filtro de carb\u00f3n activado + parrilla a gas con 4 quemadores.","inLanguage":"es","potentialAction":[{"@type":"ReadAction","target":["https:\/\/www.teka.com\/es-pa\/producto\/duetto-crystal-60_112750011\/"]}]},{"@type":"WebSite","@id":"https:\/\/www.teka.com\/es-pa\/#website","url":"https:\/\/www.teka.com\/es-pa\/","name":"Teka Panam\u00e1","description":"","publisher":{"@id":"https:\/\/www.teka.com\/es-pa\/#organization"},"potentialAction":[{"@type":"SearchAction","target":{"@type":"EntryPoint","urlTemplate":"https:\/\/www.teka.com\/es-pa\/?s={search_term_string}"},"query-input":{"@type":"PropertyValueSpecification","valueRequired":true,"valueName":"search_term_string"}}],"inLanguage":"es"},{"@type":"Organization","@id":"https:\/\/www.teka.com\/es-pa\/#organization","name":"Teka Panam\u00e1","url":"https:\/\/www.teka.com\/es-pa\/","logo":{"@type":"ImageObject","inLanguage":"es","@id":"https:\/\/www.teka.com\/es-pa\/#\/schema\/logo\/image\/","url":"https:\/\/www.teka.com\/es-pa\/wp-content\/uploads\/sites\/93\/2018\/10\/404-teka.png","contentUrl":"https:\/\/www.teka.com\/es-pa\/wp-content\/uploads\/sites\/93\/2018\/10\/404-teka.png","width":200,"height":200,"caption":"Teka Panam\u00e1"},"image":{"@id":"https:\/\/www.teka.com\/es-pa\/#\/schema\/logo\/image\/"}}]}},"_links":{"self":[{"href":"https:\/\/www.teka.com\/es-pa\/wp-json\/wp\/v2\/product\/69170","targetHints":{"allow":["GET"]}}],"collection":[{"href":"https:\/\/www.teka.com\/es-pa\/wp-json\/wp\/v2\/product"}],"about":[{"href":"https:\/\/www.teka.com\/es-pa\/wp-json\/wp\/v2\/types\/product"}],"wp:attachment":[{"href":"https:\/\/www.teka.com\/es-pa\/wp-json\/wp\/v2\/media?parent=69170"}],"wp:term":[{"taxonomy":"product_cat","embeddable":true,"href":"https:\/\/www.teka.com\/es-pa\/wp-json\/wp\/v2\/product_cat?post=69170"},{"taxonomy":"product_cleaning_system","embeddable":true,"href":"https:\/\/www.teka.com\/es-pa\/wp-json\/wp\/v2\/product_cleaning_system?post=69170"},{"taxonomy":"product_3rd_basket","embeddable":true,"href":"https:\/\/www.teka.com\/es-pa\/wp-json\/wp\/v2\/product_3rd_basket?post=69170"},{"taxonomy":"product_drawers","embeddable":true,"href":"https:\/\/www.teka.com\/es-pa\/wp-json\/wp\/v2\/product_drawers?post=69170"},{"taxonomy":"product_type_of_installation","embeddable":true,"href":"https:\/\/www.teka.com\/es-pa\/wp-json\/wp\/v2\/product_type_of_installation?post=69170"},{"taxonomy":"product_edition","embeddable":true,"href":"https:\/\/www.teka.com\/es-pa\/wp-json\/wp\/v2\/product_edition?post=69170"},{"taxonomy":"product_serie","embeddable":true,"href":"https:\/\/www.teka.com\/es-pa\/wp-json\/wp\/v2\/product_serie?post=69170"},{"taxonomy":"product_features","embeddable":true,"href":"https:\/\/www.teka.com\/es-pa\/wp-json\/wp\/v2\/product_features?post=69170"},{"taxonomy":"finishes","embeddable":true,"href":"https:\/\/www.teka.com\/es-pa\/wp-json\/wp\/v2\/finishes?post=69170"},{"taxonomy":"product_bundles","embeddable":true,"href":"https:\/\/www.teka.com\/es-pa\/wp-json\/wp\/v2\/product_bundles?post=69170"},{"taxonomy":"product_energy_efficiency","embeddable":true,"href":"https:\/\/www.teka.com\/es-pa\/wp-json\/wp\/v2\/product_energy_efficiency?post=69170"},{"taxonomy":"product_video_training","embeddable":true,"href":"https:\/\/www.teka.com\/es-pa\/wp-json\/wp\/v2\/product_video_training?post=69170"}],"curies":[{"name":"wp","href":"https:\/\/api.w.org\/{rel}","templated":true}]}}