{"id":69393,"date":"2026-04-06T23:27:15","date_gmt":"2026-04-06T23:27:15","guid":{"rendered":"https:\/\/teka.com\/en-int\/cp-150-gs_111600003"},"modified":"2026-04-06T08:10:59","modified_gmt":"2026-04-06T09:10:59","slug":"cp-150-gs_111600003","status":"publish","type":"product","link":"https:\/\/www.teka.com\/es-pa\/producto\/cp-150-gs_111600003\/","title":{"rendered":"CP 150 GS"},"content":{"rendered":"<ul>\n<li>Ideal para las personas que buscan servir los alimentos a la temperatura perfecta valorando una experiencia de cocina profesional en casa.<\/li>\n<li>Sistema de apertura push-pull para tener a la mano los platos.<\/li>\n<li>Tapete antiderrapante para evitar que la vajilla se mueva al cerrar o abrir el caj\u00f3n.<\/li>\n<li>Regulador de temperatura: 30 &#8211; 80\u00b0 C<\/li>\n<li>Capacidad: (6 servicios \u00f3 6 platos (24 cm), 6 tazones (10 cm), 1 plato para servir (17 cm), 1 plato para servir (19 cm) y 1 plato para servir (32 cm) \u00f3 20 platos (28 cm) \u00f3 80 tazas para caf\u00e9 \u00f3 40 tazas para t\u00e9)<\/li>\n<\/ul>\n","protected":false},"featured_media":0,"parent":0,"template":"","product_cat":[60854,60863],"product_cleaning_system":[],"product_3rd_basket":[],"product_drawers":[],"product_type_of_installation":[],"product_edition":[],"product_serie":[],"product_features":[],"finishes":[],"product_bundles":[],"product_energy_efficiency":[],"product_video_training":[],"class_list":["post-69393","product","type-product","status-publish","hentry","product_cat-hornos","product_cat-accesorios-de-cocina","usp-platewarmer-01","usp-platewarmer-02","usp-platewarmer-03","usp-platewarmer-04","usp-cookinglovers-01","product_type_of_appliance-modulos-para-hornos"],"acf":[],"yoast_head":"<!-- This site is optimized with the Yoast SEO plugin v27.2 - https:\/\/yoast.com\/product\/yoast-seo-wordpress\/ -->\n<title>Teka Caj\u00f3n Calientaplatos con termostato regulable<\/title>\n<meta name=\"description\" content=\"Descubre el Caj\u00f3n Calientaplatos con termostato regulable con sistema push-pull, tapete antiderrapante y regulador de temperatura.\" \/>\n<meta name=\"robots\" content=\"index, follow, max-snippet:-1, max-image-preview:large, max-video-preview:-1\" \/>\n<link rel=\"canonical\" href=\"https:\/\/www.teka.com\/es-pa\/producto\/cp-150-gs_111600003\/\" \/>\n<meta property=\"og:locale\" content=\"es_ES\" \/>\n<meta property=\"og:type\" content=\"article\" \/>\n<meta property=\"og:title\" content=\"Teka Caj\u00f3n Calientaplatos con termostato regulable\" \/>\n<meta property=\"og:description\" content=\"Descubre el Caj\u00f3n Calientaplatos con termostato regulable con sistema push-pull, tapete antiderrapante y regulador de temperatura.\" \/>\n<meta property=\"og:url\" content=\"https:\/\/www.teka.com\/es-pa\/producto\/cp-150-gs_111600003\/\" \/>\n<meta property=\"og:site_name\" content=\"Teka Panam\u00e1\" \/>\n<meta name=\"twitter:card\" content=\"summary_large_image\" \/>\n<script type=\"application\/ld+json\" class=\"yoast-schema-graph\">{\"@context\":\"https:\/\/schema.org\",\"@graph\":[{\"@type\":\"WebPage\",\"@id\":\"https:\/\/www.teka.com\/es-pa\/producto\/cp-150-gs_111600003\/\",\"url\":\"https:\/\/www.teka.com\/es-pa\/producto\/cp-150-gs_111600003\/\",\"name\":\"Teka Caj\u00f3n Calientaplatos con termostato regulable\",\"isPartOf\":{\"@id\":\"https:\/\/www.teka.com\/es-pa\/#website\"},\"datePublished\":\"2026-04-06T23:27:15+00:00\",\"description\":\"Descubre el Caj\u00f3n Calientaplatos con termostato regulable con sistema push-pull, tapete antiderrapante y regulador de temperatura.\",\"inLanguage\":\"es\",\"potentialAction\":[{\"@type\":\"ReadAction\",\"target\":[\"https:\/\/www.teka.com\/es-pa\/producto\/cp-150-gs_111600003\/\"]}]},{\"@type\":\"WebSite\",\"@id\":\"https:\/\/www.teka.com\/es-pa\/#website\",\"url\":\"https:\/\/www.teka.com\/es-pa\/\",\"name\":\"Teka Panam\u00e1\",\"description\":\"\",\"publisher\":{\"@id\":\"https:\/\/www.teka.com\/es-pa\/#organization\"},\"potentialAction\":[{\"@type\":\"SearchAction\",\"target\":{\"@type\":\"EntryPoint\",\"urlTemplate\":\"https:\/\/www.teka.com\/es-pa\/?s={search_term_string}\"},\"query-input\":{\"@type\":\"PropertyValueSpecification\",\"valueRequired\":true,\"valueName\":\"search_term_string\"}}],\"inLanguage\":\"es\"},{\"@type\":\"Organization\",\"@id\":\"https:\/\/www.teka.com\/es-pa\/#organization\",\"name\":\"Teka Panam\u00e1\",\"url\":\"https:\/\/www.teka.com\/es-pa\/\",\"logo\":{\"@type\":\"ImageObject\",\"inLanguage\":\"es\",\"@id\":\"https:\/\/www.teka.com\/es-pa\/#\/schema\/logo\/image\/\",\"url\":\"https:\/\/www.teka.com\/es-pa\/wp-content\/uploads\/sites\/93\/2018\/10\/404-teka.png\",\"contentUrl\":\"https:\/\/www.teka.com\/es-pa\/wp-content\/uploads\/sites\/93\/2018\/10\/404-teka.png\",\"width\":200,\"height\":200,\"caption\":\"Teka Panam\u00e1\"},\"image\":{\"@id\":\"https:\/\/www.teka.com\/es-pa\/#\/schema\/logo\/image\/\"}}]}<\/script>\n<!-- \/ Yoast SEO plugin. -->","yoast_head_json":{"title":"Teka Caj\u00f3n Calientaplatos con termostato regulable","description":"Descubre el Caj\u00f3n Calientaplatos con termostato regulable con sistema push-pull, tapete antiderrapante y regulador de temperatura.","robots":{"index":"index","follow":"follow","max-snippet":"max-snippet:-1","max-image-preview":"max-image-preview:large","max-video-preview":"max-video-preview:-1"},"canonical":"https:\/\/www.teka.com\/es-pa\/producto\/cp-150-gs_111600003\/","og_locale":"es_ES","og_type":"article","og_title":"Teka Caj\u00f3n Calientaplatos con termostato regulable","og_description":"Descubre el Caj\u00f3n Calientaplatos con termostato regulable con sistema push-pull, tapete antiderrapante y regulador de temperatura.","og_url":"https:\/\/www.teka.com\/es-pa\/producto\/cp-150-gs_111600003\/","og_site_name":"Teka Panam\u00e1","twitter_card":"summary_large_image","schema":{"@context":"https:\/\/schema.org","@graph":[{"@type":"WebPage","@id":"https:\/\/www.teka.com\/es-pa\/producto\/cp-150-gs_111600003\/","url":"https:\/\/www.teka.com\/es-pa\/producto\/cp-150-gs_111600003\/","name":"Teka Caj\u00f3n Calientaplatos con termostato regulable","isPartOf":{"@id":"https:\/\/www.teka.com\/es-pa\/#website"},"datePublished":"2026-04-06T23:27:15+00:00","description":"Descubre el Caj\u00f3n Calientaplatos con termostato regulable con sistema push-pull, tapete antiderrapante y regulador de temperatura.","inLanguage":"es","potentialAction":[{"@type":"ReadAction","target":["https:\/\/www.teka.com\/es-pa\/producto\/cp-150-gs_111600003\/"]}]},{"@type":"WebSite","@id":"https:\/\/www.teka.com\/es-pa\/#website","url":"https:\/\/www.teka.com\/es-pa\/","name":"Teka Panam\u00e1","description":"","publisher":{"@id":"https:\/\/www.teka.com\/es-pa\/#organization"},"potentialAction":[{"@type":"SearchAction","target":{"@type":"EntryPoint","urlTemplate":"https:\/\/www.teka.com\/es-pa\/?s={search_term_string}"},"query-input":{"@type":"PropertyValueSpecification","valueRequired":true,"valueName":"search_term_string"}}],"inLanguage":"es"},{"@type":"Organization","@id":"https:\/\/www.teka.com\/es-pa\/#organization","name":"Teka Panam\u00e1","url":"https:\/\/www.teka.com\/es-pa\/","logo":{"@type":"ImageObject","inLanguage":"es","@id":"https:\/\/www.teka.com\/es-pa\/#\/schema\/logo\/image\/","url":"https:\/\/www.teka.com\/es-pa\/wp-content\/uploads\/sites\/93\/2018\/10\/404-teka.png","contentUrl":"https:\/\/www.teka.com\/es-pa\/wp-content\/uploads\/sites\/93\/2018\/10\/404-teka.png","width":200,"height":200,"caption":"Teka Panam\u00e1"},"image":{"@id":"https:\/\/www.teka.com\/es-pa\/#\/schema\/logo\/image\/"}}]}},"_links":{"self":[{"href":"https:\/\/www.teka.com\/es-pa\/wp-json\/wp\/v2\/product\/69393","targetHints":{"allow":["GET"]}}],"collection":[{"href":"https:\/\/www.teka.com\/es-pa\/wp-json\/wp\/v2\/product"}],"about":[{"href":"https:\/\/www.teka.com\/es-pa\/wp-json\/wp\/v2\/types\/product"}],"wp:attachment":[{"href":"https:\/\/www.teka.com\/es-pa\/wp-json\/wp\/v2\/media?parent=69393"}],"wp:term":[{"taxonomy":"product_cat","embeddable":true,"href":"https:\/\/www.teka.com\/es-pa\/wp-json\/wp\/v2\/product_cat?post=69393"},{"taxonomy":"product_cleaning_system","embeddable":true,"href":"https:\/\/www.teka.com\/es-pa\/wp-json\/wp\/v2\/product_cleaning_system?post=69393"},{"taxonomy":"product_3rd_basket","embeddable":true,"href":"https:\/\/www.teka.com\/es-pa\/wp-json\/wp\/v2\/product_3rd_basket?post=69393"},{"taxonomy":"product_drawers","embeddable":true,"href":"https:\/\/www.teka.com\/es-pa\/wp-json\/wp\/v2\/product_drawers?post=69393"},{"taxonomy":"product_type_of_installation","embeddable":true,"href":"https:\/\/www.teka.com\/es-pa\/wp-json\/wp\/v2\/product_type_of_installation?post=69393"},{"taxonomy":"product_edition","embeddable":true,"href":"https:\/\/www.teka.com\/es-pa\/wp-json\/wp\/v2\/product_edition?post=69393"},{"taxonomy":"product_serie","embeddable":true,"href":"https:\/\/www.teka.com\/es-pa\/wp-json\/wp\/v2\/product_serie?post=69393"},{"taxonomy":"product_features","embeddable":true,"href":"https:\/\/www.teka.com\/es-pa\/wp-json\/wp\/v2\/product_features?post=69393"},{"taxonomy":"finishes","embeddable":true,"href":"https:\/\/www.teka.com\/es-pa\/wp-json\/wp\/v2\/finishes?post=69393"},{"taxonomy":"product_bundles","embeddable":true,"href":"https:\/\/www.teka.com\/es-pa\/wp-json\/wp\/v2\/product_bundles?post=69393"},{"taxonomy":"product_energy_efficiency","embeddable":true,"href":"https:\/\/www.teka.com\/es-pa\/wp-json\/wp\/v2\/product_energy_efficiency?post=69393"},{"taxonomy":"product_video_training","embeddable":true,"href":"https:\/\/www.teka.com\/es-pa\/wp-json\/wp\/v2\/product_video_training?post=69393"}],"curies":[{"name":"wp","href":"https:\/\/api.w.org\/{rel}","templated":true}]}}