{"id":69582,"date":"2026-04-27T02:39:38","date_gmt":"2026-04-27T02:39:38","guid":{"rendered":"https:\/\/teka.com\/es-mx\/cc-480-bk-110vkit_112910007"},"modified":"2026-04-06T07:53:24","modified_gmt":"2026-04-06T08:53:24","slug":"cc-480-bk-110vkit_112910007","status":"publish","type":"product","link":"https:\/\/www.teka.com\/es-pa\/producto\/cc-480-bk-110vkit_112910007\/","title":{"rendered":"CC 480 BK 110V\/KIT"},"content":{"rendered":"<ul>\n<li>La parrilla de inducci\u00f3n Full Black est\u00e1 dise\u00f1ada para ofrecer m\u00e1xima potencia, flexibilidad total y resultados perfectos en cada preparaci\u00f3n.<\/li>\n<li>Flexibilidad total de cocci\u00f3n que cocina sin l\u00edmites gracias a sus zonas FullFlex que permiten usar recipientes de cualquier tama\u00f1o y forma.<\/li>\n<li>Touch Control Multislider para lograr el nivel de cocci\u00f3n exacto, preciso y r\u00e1pido que ajusta cada zona f\u00e1cilmente.<\/li>\n<li>Funci\u00f3n Power Plus acelera el calentamiento para cocinar m\u00e1s r\u00e1pido cuando lo necesitas.<\/li>\n<li>Configura cada zona hasta por 99 minutos y olv\u00eddate de supervisar constantemente.<\/li>\n<li>Funciones autom\u00e1ticas iCooking para obtener resultados perfectos con programas especializados como hervir, fre\u00edr, confitar o mantener caliente.<\/li>\n<li>Incluye bloqueo individual por zona y detecci\u00f3n autom\u00e1tica de recipientes para evitar accidentes.<\/li>\n<li>Funci\u00f3n Stop &amp; Go permite pausar la cocci\u00f3n y retomarla con la misma configuraci\u00f3n.<\/li>\n<li>Modo silencio para eliminar sonidos innecesarios durante el uso.<\/li>\n<li>Sistema Fast-Click que facilita el montaje sin complicaciones.<\/li>\n<\/ul>\n","protected":false},"featured_media":0,"parent":0,"template":"","product_cat":[60850],"product_cleaning_system":[],"product_3rd_basket":[],"product_drawers":[],"product_type_of_installation":[],"product_edition":[],"product_serie":[],"product_features":[],"finishes":[],"product_bundles":[],"product_energy_efficiency":[],"product_video_training":[],"class_list":["post-69582","product","type-product","status-publish","hentry","product_cat-campanas","color-negro","product_type_of_appliance-decorativas","product_icons-led","product_icons-stop-delay-timer"],"acf":[],"yoast_head":"<!-- This site is optimized with the Yoast SEO plugin v27.2 - https:\/\/yoast.com\/product\/yoast-seo-wordpress\/ -->\n<title>Teka IZF 88700 MST BK Full Black | Parrilla de inducci\u00f3n 80 cm<\/title>\n<meta name=\"description\" content=\"Parrilla de inducci\u00f3n Teka 80 cm de la Full Black Collection con tecnolog\u00eda FullFlex, funciones iCooking y control Multislider. Potencia, dise\u00f1o y precisi\u00f3n en tu cocina.\" \/>\n<meta name=\"robots\" content=\"index, follow, max-snippet:-1, max-image-preview:large, max-video-preview:-1\" \/>\n<link rel=\"canonical\" href=\"https:\/\/www.teka.com\/es-pa\/producto\/cc-480-bk-110vkit_112910007\/\" \/>\n<meta property=\"og:locale\" content=\"es_ES\" \/>\n<meta property=\"og:type\" content=\"article\" \/>\n<meta property=\"og:title\" content=\"Teka IZF 88700 MST BK Full Black | Parrilla de inducci\u00f3n 80 cm\" \/>\n<meta property=\"og:description\" content=\"Parrilla de inducci\u00f3n Teka 80 cm de la Full Black Collection con tecnolog\u00eda FullFlex, funciones iCooking y control Multislider. Potencia, dise\u00f1o y precisi\u00f3n en tu cocina.\" \/>\n<meta property=\"og:url\" content=\"https:\/\/www.teka.com\/es-pa\/producto\/cc-480-bk-110vkit_112910007\/\" \/>\n<meta property=\"og:site_name\" content=\"Teka Panam\u00e1\" \/>\n<meta name=\"twitter:card\" content=\"summary_large_image\" \/>\n<meta name=\"twitter:label1\" content=\"Tiempo de lectura\" \/>\n\t<meta name=\"twitter:data1\" content=\"1 minuto\" \/>\n<script type=\"application\/ld+json\" class=\"yoast-schema-graph\">{\"@context\":\"https:\/\/schema.org\",\"@graph\":[{\"@type\":\"WebPage\",\"@id\":\"https:\/\/www.teka.com\/es-pa\/producto\/cc-480-bk-110vkit_112910007\/\",\"url\":\"https:\/\/www.teka.com\/es-pa\/producto\/cc-480-bk-110vkit_112910007\/\",\"name\":\"Teka IZF 88700 MST BK Full Black | Parrilla de inducci\u00f3n 80 cm\",\"isPartOf\":{\"@id\":\"https:\/\/www.teka.com\/es-pa\/#website\"},\"datePublished\":\"2026-04-27T02:39:38+00:00\",\"description\":\"Parrilla de inducci\u00f3n Teka 80 cm de la Full Black Collection con tecnolog\u00eda FullFlex, funciones iCooking y control Multislider. Potencia, dise\u00f1o y precisi\u00f3n en tu cocina.\",\"inLanguage\":\"es\",\"potentialAction\":[{\"@type\":\"ReadAction\",\"target\":[\"https:\/\/www.teka.com\/es-pa\/producto\/cc-480-bk-110vkit_112910007\/\"]}]},{\"@type\":\"WebSite\",\"@id\":\"https:\/\/www.teka.com\/es-pa\/#website\",\"url\":\"https:\/\/www.teka.com\/es-pa\/\",\"name\":\"Teka Panam\u00e1\",\"description\":\"\",\"publisher\":{\"@id\":\"https:\/\/www.teka.com\/es-pa\/#organization\"},\"potentialAction\":[{\"@type\":\"SearchAction\",\"target\":{\"@type\":\"EntryPoint\",\"urlTemplate\":\"https:\/\/www.teka.com\/es-pa\/?s={search_term_string}\"},\"query-input\":{\"@type\":\"PropertyValueSpecification\",\"valueRequired\":true,\"valueName\":\"search_term_string\"}}],\"inLanguage\":\"es\"},{\"@type\":\"Organization\",\"@id\":\"https:\/\/www.teka.com\/es-pa\/#organization\",\"name\":\"Teka Panam\u00e1\",\"url\":\"https:\/\/www.teka.com\/es-pa\/\",\"logo\":{\"@type\":\"ImageObject\",\"inLanguage\":\"es\",\"@id\":\"https:\/\/www.teka.com\/es-pa\/#\/schema\/logo\/image\/\",\"url\":\"https:\/\/www.teka.com\/es-pa\/wp-content\/uploads\/sites\/93\/2018\/10\/404-teka.png\",\"contentUrl\":\"https:\/\/www.teka.com\/es-pa\/wp-content\/uploads\/sites\/93\/2018\/10\/404-teka.png\",\"width\":200,\"height\":200,\"caption\":\"Teka Panam\u00e1\"},\"image\":{\"@id\":\"https:\/\/www.teka.com\/es-pa\/#\/schema\/logo\/image\/\"}}]}<\/script>\n<!-- \/ Yoast SEO plugin. -->","yoast_head_json":{"title":"Teka IZF 88700 MST BK Full Black | Parrilla de inducci\u00f3n 80 cm","description":"Parrilla de inducci\u00f3n Teka 80 cm de la Full Black Collection con tecnolog\u00eda FullFlex, funciones iCooking y control Multislider. Potencia, dise\u00f1o y precisi\u00f3n en tu cocina.","robots":{"index":"index","follow":"follow","max-snippet":"max-snippet:-1","max-image-preview":"max-image-preview:large","max-video-preview":"max-video-preview:-1"},"canonical":"https:\/\/www.teka.com\/es-pa\/producto\/cc-480-bk-110vkit_112910007\/","og_locale":"es_ES","og_type":"article","og_title":"Teka IZF 88700 MST BK Full Black | Parrilla de inducci\u00f3n 80 cm","og_description":"Parrilla de inducci\u00f3n Teka 80 cm de la Full Black Collection con tecnolog\u00eda FullFlex, funciones iCooking y control Multislider. Potencia, dise\u00f1o y precisi\u00f3n en tu cocina.","og_url":"https:\/\/www.teka.com\/es-pa\/producto\/cc-480-bk-110vkit_112910007\/","og_site_name":"Teka Panam\u00e1","twitter_card":"summary_large_image","twitter_misc":{"Tiempo de lectura":"1 minuto"},"schema":{"@context":"https:\/\/schema.org","@graph":[{"@type":"WebPage","@id":"https:\/\/www.teka.com\/es-pa\/producto\/cc-480-bk-110vkit_112910007\/","url":"https:\/\/www.teka.com\/es-pa\/producto\/cc-480-bk-110vkit_112910007\/","name":"Teka IZF 88700 MST BK Full Black | Parrilla de inducci\u00f3n 80 cm","isPartOf":{"@id":"https:\/\/www.teka.com\/es-pa\/#website"},"datePublished":"2026-04-27T02:39:38+00:00","description":"Parrilla de inducci\u00f3n Teka 80 cm de la Full Black Collection con tecnolog\u00eda FullFlex, funciones iCooking y control Multislider. Potencia, dise\u00f1o y precisi\u00f3n en tu cocina.","inLanguage":"es","potentialAction":[{"@type":"ReadAction","target":["https:\/\/www.teka.com\/es-pa\/producto\/cc-480-bk-110vkit_112910007\/"]}]},{"@type":"WebSite","@id":"https:\/\/www.teka.com\/es-pa\/#website","url":"https:\/\/www.teka.com\/es-pa\/","name":"Teka Panam\u00e1","description":"","publisher":{"@id":"https:\/\/www.teka.com\/es-pa\/#organization"},"potentialAction":[{"@type":"SearchAction","target":{"@type":"EntryPoint","urlTemplate":"https:\/\/www.teka.com\/es-pa\/?s={search_term_string}"},"query-input":{"@type":"PropertyValueSpecification","valueRequired":true,"valueName":"search_term_string"}}],"inLanguage":"es"},{"@type":"Organization","@id":"https:\/\/www.teka.com\/es-pa\/#organization","name":"Teka Panam\u00e1","url":"https:\/\/www.teka.com\/es-pa\/","logo":{"@type":"ImageObject","inLanguage":"es","@id":"https:\/\/www.teka.com\/es-pa\/#\/schema\/logo\/image\/","url":"https:\/\/www.teka.com\/es-pa\/wp-content\/uploads\/sites\/93\/2018\/10\/404-teka.png","contentUrl":"https:\/\/www.teka.com\/es-pa\/wp-content\/uploads\/sites\/93\/2018\/10\/404-teka.png","width":200,"height":200,"caption":"Teka Panam\u00e1"},"image":{"@id":"https:\/\/www.teka.com\/es-pa\/#\/schema\/logo\/image\/"}}]}},"_links":{"self":[{"href":"https:\/\/www.teka.com\/es-pa\/wp-json\/wp\/v2\/product\/69582","targetHints":{"allow":["GET"]}}],"collection":[{"href":"https:\/\/www.teka.com\/es-pa\/wp-json\/wp\/v2\/product"}],"about":[{"href":"https:\/\/www.teka.com\/es-pa\/wp-json\/wp\/v2\/types\/product"}],"wp:attachment":[{"href":"https:\/\/www.teka.com\/es-pa\/wp-json\/wp\/v2\/media?parent=69582"}],"wp:term":[{"taxonomy":"product_cat","embeddable":true,"href":"https:\/\/www.teka.com\/es-pa\/wp-json\/wp\/v2\/product_cat?post=69582"},{"taxonomy":"product_cleaning_system","embeddable":true,"href":"https:\/\/www.teka.com\/es-pa\/wp-json\/wp\/v2\/product_cleaning_system?post=69582"},{"taxonomy":"product_3rd_basket","embeddable":true,"href":"https:\/\/www.teka.com\/es-pa\/wp-json\/wp\/v2\/product_3rd_basket?post=69582"},{"taxonomy":"product_drawers","embeddable":true,"href":"https:\/\/www.teka.com\/es-pa\/wp-json\/wp\/v2\/product_drawers?post=69582"},{"taxonomy":"product_type_of_installation","embeddable":true,"href":"https:\/\/www.teka.com\/es-pa\/wp-json\/wp\/v2\/product_type_of_installation?post=69582"},{"taxonomy":"product_edition","embeddable":true,"href":"https:\/\/www.teka.com\/es-pa\/wp-json\/wp\/v2\/product_edition?post=69582"},{"taxonomy":"product_serie","embeddable":true,"href":"https:\/\/www.teka.com\/es-pa\/wp-json\/wp\/v2\/product_serie?post=69582"},{"taxonomy":"product_features","embeddable":true,"href":"https:\/\/www.teka.com\/es-pa\/wp-json\/wp\/v2\/product_features?post=69582"},{"taxonomy":"finishes","embeddable":true,"href":"https:\/\/www.teka.com\/es-pa\/wp-json\/wp\/v2\/finishes?post=69582"},{"taxonomy":"product_bundles","embeddable":true,"href":"https:\/\/www.teka.com\/es-pa\/wp-json\/wp\/v2\/product_bundles?post=69582"},{"taxonomy":"product_energy_efficiency","embeddable":true,"href":"https:\/\/www.teka.com\/es-pa\/wp-json\/wp\/v2\/product_energy_efficiency?post=69582"},{"taxonomy":"product_video_training","embeddable":true,"href":"https:\/\/www.teka.com\/es-pa\/wp-json\/wp\/v2\/product_video_training?post=69582"}],"curies":[{"name":"wp","href":"https:\/\/api.w.org\/{rel}","templated":true}]}}