{"id":23564,"date":"2018-09-24T15:55:57","date_gmt":"2018-09-24T13:55:57","guid":{"rendered":"http:\/\/teka.com\/?page_id=23564"},"modified":"2021-09-22T04:38:28","modified_gmt":"2021-09-22T09:38:28","slug":"condiciones-garantia","status":"publish","type":"page","link":"https:\/\/www.teka.com\/es-pe\/soporte\/condiciones-garantia\/","title":{"rendered":"Condiciones de garant\u00eda"},"content":{"rendered":"<p>[et_pb_section fb_built=\u00bb1&#8243; module_id=\u00bblegal-container\u00bb _builder_version=\u00bb3.22&#8243;][et_pb_row _builder_version=\u00bb3.25&#8243;][et_pb_column type=\u00bb4_4&#8243; _builder_version=\u00bb3.25&#8243; custom_padding=\u00bb|||\u00bb custom_padding__hover=\u00bb|||\u00bb][et_pb_text _builder_version=\u00bb3.27.4&#8243;]<\/p>\n<h1>Condiciones de <strong>garant\u00eda<\/strong><\/h1>\n<p>[\/et_pb_text][et_pb_text _builder_version=\u00bb3.27.4&#8243;]<\/p>\n<p><strong>COBERTURA DE LA GARANT\u00cdA<\/strong><\/p>\n<p>TEKA INDUSTRIAL, SA otorga una garant\u00eda sobre los productos que \u00e9sta fabrica y comercializa, conforme a las siguientes condiciones:<\/p>\n<ol>\n<li>La amplitud y extensi\u00f3n de la presente garant\u00eda viene determinada por la reparaci\u00f3n, el coste de las piezas de recambio, la mano de obra y, en su caso, la sustituci\u00f3n del producto objeto de la misma dentro de todo el territorio nacional.<\/li>\n<li>Para el ejercicio del derecho de GARANT\u00cdA es necesario que este certificado se presente ante el t\u00e9cnico del Servicio Oficial Autorizado de TEKA INDUSTRIAL, S.A. cuando \u00e9ste lo requiera, junto con el documento que acredita la compra (factura, ticket de compra), donde se incluya la identificaci\u00f3n del VENDEDOR, la fecha de entrega del producto, los datos identificativos del aparato y precio de venta del aparato.<\/li>\n<li>La duraci\u00f3n de la garant\u00eda ser\u00e1 de 24 meses a contar desde la fecha de la factura o ticket de compra, o en su defecto la del albar\u00e1n de entrega, si la fecha de \u00e9ste fuera posterior a la de los anteriores.<\/li>\n<li>Para la aplicaci\u00f3n de la presente garant\u00eda, ser\u00e1 requisito indispensable que el consumidor o usuario final exhiba, al servicio t\u00e9cnico autorizado por TEKA INDUSTRIAL, S.A. a tal efecto, el original de alguno de los documentos mencionados en el p\u00e1rrafo anterior.<\/li>\n<li>En el caso de que el bien entregado al consumidor o usuario final no sea conforme al contrato de compra-venta del producto seg\u00fan lo establecido en el art\u00edculo 125 del Real Decreto Legislativo 1\/2007, del 16 de Noviembre, el consumidor o usuario final deber\u00e1 informar al VENDEDOR de dicha falta de conformidad en un plazo de 2 meses desde que tuvo conocimiento de la misma. Asimismo, para ejercer los derechos de sustituci\u00f3n del producto, rebaja del precio, o, en su caso, resoluci\u00f3n del contrato de compraventa, el consumidor o usuario final deber\u00e1 dirigirse al VENDEDOR del producto.<\/li>\n<li>Para el ejercicio de los derechos de la presente garant\u00eda, el consumidor o usuario final deber\u00e1 dirigirse al Servicio T\u00e9cnico Oficial autorizado de TEKA INDUSTRIAL, S.A., o bien a trav\u00e9s del n\u00famero de tel\u00e9fono 902111211 o a trav\u00e9s de www.teka.com.<\/li>\n<li>Se recomienda firmemente, que el consumidor o usuario final del producto lea detenidamente las instrucciones de uso y mantenimiento del producto, as\u00ed como las caracter\u00edsticas del mismo, en orden a la aplicaci\u00f3n correcta de la presente garant\u00eda y al mejor entendimiento del funcionamiento del producto.<\/li>\n<li>La presente garant\u00eda no afecta a los derechos que la vigente legislaci\u00f3n de consumo otorgue a los consumidores, as\u00ed como a los derechos establecidos en el Real Decreto Legislativo 1\/2007, del 16 de noviembre.<\/li>\n<\/ol>\n<p>\u00a0<\/p>\n<p><strong>EXCLUSIONES DE LA GARANT\u00cdA<\/strong><\/p>\n<p>No estar\u00e1n incluidas, dentro de la presente garant\u00eda, aquellas incidencias, aver\u00edas o anomal\u00edas de los productos objeto de esta garant\u00eda, que tengan como causa alguna de las siguientes:<\/p>\n<ol>\n<li>Agentes externos: fen\u00f3menos atmosf\u00e9ricos, geol\u00f3gicos, inundaciones, insectos, roedores, golpes, o utilizaci\u00f3n bajo condiciones de suministro el\u00e9ctrico, de agua o gas inadecuadas, etc.<\/li>\n<li>Las puestas en marcha y demostraciones de funcionamiento al consumidor o cliente final.<\/li>\n<li>La inadecuada ubicaci\u00f3n, instalaci\u00f3n incorrecta o defectuosa del producto, que no sigan las indicaciones del manual de uso e instalaci\u00f3n del mismo.<\/li>\n<li>Las incidencias derivadas de una rotura f\u00edsica (carcasas, pl\u00e1sticos, esmaltes, pinturas, cristales, embellecedores, etc.)<\/li>\n<li>Las partes est\u00e9ticas de metal, silicona, madera, pl\u00e1stico, cristal.<\/li>\n<li>Accesorios o componentes consumibles.<\/li>\n<li>Ausencia de la placa de caracter\u00edsticas identificativa del producto.<\/li>\n<li>Las transformaciones de gas y cambio de sentido de giro de las puertas de frigor\u00edficos y congeladores.<\/li>\n<li>Negligencia, usos indebidos y destinos del producto que no sean los indicados o contenidos en la documentaci\u00f3n del producto. La presente garant\u00eda amparar\u00e1 al producto cuando \u00e9ste sea utilizado para uso dom\u00e9stico, y no en un entorno de actividad profesional, comercial o industrial alguno.<\/li>\n<li>Las incidencias producidas por el uso y desgaste normal del aparato (obstrucciones de bombas y\/o conductos de evacuaci\u00f3n, filtros met\u00e1licos, limpieza, regulaciones\u2026).<\/li>\n<li>Defectos y da\u00f1os del producto causados por el transporte del mismo, siempre y cuando no sean atribuibles a TEKA INDUSTRIAL, S.A.<\/li>\n<li>Las reparaciones, manipulaciones o alteraciones producidas en el producto por personal que no sea el Servicio T\u00e9cnico Oficial autorizado por TEKA INDUSTRIAL, S.A.. A tal efecto, la garant\u00eda del producto quedar\u00eda invalidada.<\/li>\n<li>Aquellas deficiencias derivadas de una incorrecta utilizaci\u00f3n y mantenimiento peri\u00f3dico del producto, tal y como se reflejan las pautas al respecto en manual de uso e instalaci\u00f3n del mismo.<\/li>\n<li>En aquellos productos que permitan por su volumen, peso y portabilidad el transporte por el usuario hasta el Servicio T\u00e9cnico Oficial Autorizado m\u00e1s cercano, el desplazamiento no quedar\u00e1 cubierto por la presente garant\u00eda.<\/li>\n<\/ol>\n<p>\u00a0<\/p>\n<p><strong>CONTACTO<\/strong><\/p>\n<p>El tel\u00e9fono 902 111 211 le pondr\u00e1 en contacto directo con nuestro Servicio T\u00e9cnico Oficial autorizado m\u00e1s cercano, o bien le podr\u00e1 atender en cuantas consultas necesite resolver. Tambi\u00e9n podr\u00e1 establecer el contacto a trav\u00e9s de nuestra web www.teka.com o bien mediante correo electr\u00f3nico en atencionalcliente@teka.com.<\/p>\n<p>[\/et_pb_text][\/et_pb_column][\/et_pb_row][\/et_pb_section]<\/p>\n","protected":false},"excerpt":{"rendered":"<p>Condiciones de garant\u00eda COBERTURA DE LA GARANT\u00cdATEKA INDUSTRIAL, SA otorga una garant\u00eda sobre los productos que \u00e9sta fabrica y comercializa, conforme a las siguientes condiciones:La amplitud y extensi\u00f3n de la presente garant\u00eda viene determinada por la reparaci\u00f3n, el coste de las piezas de recambio, la mano de obra y, en su caso, la sustituci\u00f3n del [&hellip;]<\/p>\n","protected":false},"author":9,"featured_media":0,"parent":5193,"menu_order":0,"comment_status":"closed","ping_status":"closed","template":"","meta":{"_acf_changed":false,"_et_pb_use_builder":"on","_et_pb_old_content":"","_et_gb_content_width":"","footnotes":""},"class_list":["post-23564","page","type-page","status-publish","hentry"],"acf":[],"yoast_head":"<!-- This site is optimized with the Yoast SEO plugin v27.2 - https:\/\/yoast.com\/product\/yoast-seo-wordpress\/ -->\n<title>Consulta las condiciones de garant\u00eda | Teka Pre\u00fa<\/title>\n<meta name=\"description\" content=\"Conoce las condiciones, coberturas y exclusiones de la garant\u00eda Teka. Para cualquier duda contacta con nosotros.\" \/>\n<meta name=\"robots\" content=\"index, follow, max-snippet:-1, max-image-preview:large, max-video-preview:-1\" \/>\n<link rel=\"canonical\" href=\"https:\/\/www.teka.com\/es-pe\/soporte\/condiciones-garantia\/\" \/>\n<meta property=\"og:locale\" content=\"es_ES\" \/>\n<meta property=\"og:type\" content=\"article\" \/>\n<meta property=\"og:title\" content=\"Consulta las condiciones de garant\u00eda | Teka Pre\u00fa\" \/>\n<meta property=\"og:description\" content=\"Conoce las condiciones, coberturas y exclusiones de la garant\u00eda Teka. Para cualquier duda contacta con nosotros.\" \/>\n<meta property=\"og:url\" content=\"https:\/\/www.teka.com\/es-pe\/soporte\/condiciones-garantia\/\" \/>\n<meta property=\"og:site_name\" content=\"Teka Per\u00fa\" \/>\n<meta property=\"article:modified_time\" content=\"2021-09-22T09:38:28+00:00\" \/>\n<meta name=\"twitter:card\" content=\"summary_large_image\" \/>\n<meta name=\"twitter:label1\" content=\"Tiempo de lectura\" \/>\n\t<meta name=\"twitter:data1\" content=\"5 minutos\" \/>\n<script type=\"application\/ld+json\" class=\"yoast-schema-graph\">{\"@context\":\"https:\/\/schema.org\",\"@graph\":[{\"@type\":\"WebPage\",\"@id\":\"https:\/\/www.teka.com\/es-pe\/soporte\/condiciones-garantia\/\",\"url\":\"https:\/\/www.teka.com\/es-pe\/soporte\/condiciones-garantia\/\",\"name\":\"Consulta las condiciones de garant\u00eda | Teka Pre\u00fa\",\"isPartOf\":{\"@id\":\"https:\/\/www.teka.com\/es-pe\/#website\"},\"datePublished\":\"2018-09-24T13:55:57+00:00\",\"dateModified\":\"2021-09-22T09:38:28+00:00\",\"description\":\"Conoce las condiciones, coberturas y exclusiones de la garant\u00eda Teka. Para cualquier duda contacta con nosotros.\",\"breadcrumb\":{\"@id\":\"https:\/\/www.teka.com\/es-pe\/soporte\/condiciones-garantia\/#breadcrumb\"},\"inLanguage\":\"es\",\"potentialAction\":[{\"@type\":\"ReadAction\",\"target\":[\"https:\/\/www.teka.com\/es-pe\/soporte\/condiciones-garantia\/\"]}]},{\"@type\":\"BreadcrumbList\",\"@id\":\"https:\/\/www.teka.com\/es-pe\/soporte\/condiciones-garantia\/#breadcrumb\",\"itemListElement\":[{\"@type\":\"ListItem\",\"position\":1,\"name\":\"Soporte\",\"item\":\"https:\/\/www.teka.com\/es-pe\/soporte\/\"},{\"@type\":\"ListItem\",\"position\":2,\"name\":\"Condiciones de garant\u00eda\"}]},{\"@type\":\"WebSite\",\"@id\":\"https:\/\/www.teka.com\/es-pe\/#website\",\"url\":\"https:\/\/www.teka.com\/es-pe\/\",\"name\":\"Teka Per\u00fa\",\"description\":\"Teka Per\u00fa Descubre lo mejor en electrodom\u00e9sticos, lavaderos, grifer\u00edas y m\u00e1s con calidad europea.\",\"publisher\":{\"@id\":\"https:\/\/www.teka.com\/es-pe\/#organization\"},\"potentialAction\":[{\"@type\":\"SearchAction\",\"target\":{\"@type\":\"EntryPoint\",\"urlTemplate\":\"https:\/\/www.teka.com\/es-pe\/?s={search_term_string}\"},\"query-input\":{\"@type\":\"PropertyValueSpecification\",\"valueRequired\":true,\"valueName\":\"search_term_string\"}}],\"inLanguage\":\"es\"},{\"@type\":\"Organization\",\"@id\":\"https:\/\/www.teka.com\/es-pe\/#organization\",\"name\":\"Teka Per\u00fa\",\"url\":\"https:\/\/www.teka.com\/es-pe\/\",\"logo\":{\"@type\":\"ImageObject\",\"inLanguage\":\"es\",\"@id\":\"https:\/\/www.teka.com\/es-pe\/#\/schema\/logo\/image\/\",\"url\":\"https:\/\/www.teka.com\/es-pe\/wp-content\/uploads\/sites\/26\/2018\/10\/404-teka.png\",\"contentUrl\":\"https:\/\/www.teka.com\/es-pe\/wp-content\/uploads\/sites\/26\/2018\/10\/404-teka.png\",\"width\":200,\"height\":200,\"caption\":\"Teka Per\u00fa\"},\"image\":{\"@id\":\"https:\/\/www.teka.com\/es-pe\/#\/schema\/logo\/image\/\"}}]}<\/script>\n<!-- \/ Yoast SEO plugin. -->","yoast_head_json":{"title":"Consulta las condiciones de garant\u00eda | Teka Pre\u00fa","description":"Conoce las condiciones, coberturas y exclusiones de la garant\u00eda Teka. Para cualquier duda contacta con nosotros.","robots":{"index":"index","follow":"follow","max-snippet":"max-snippet:-1","max-image-preview":"max-image-preview:large","max-video-preview":"max-video-preview:-1"},"canonical":"https:\/\/www.teka.com\/es-pe\/soporte\/condiciones-garantia\/","og_locale":"es_ES","og_type":"article","og_title":"Consulta las condiciones de garant\u00eda | Teka Pre\u00fa","og_description":"Conoce las condiciones, coberturas y exclusiones de la garant\u00eda Teka. Para cualquier duda contacta con nosotros.","og_url":"https:\/\/www.teka.com\/es-pe\/soporte\/condiciones-garantia\/","og_site_name":"Teka Per\u00fa","article_modified_time":"2021-09-22T09:38:28+00:00","twitter_card":"summary_large_image","twitter_misc":{"Tiempo de lectura":"5 minutos"},"schema":{"@context":"https:\/\/schema.org","@graph":[{"@type":"WebPage","@id":"https:\/\/www.teka.com\/es-pe\/soporte\/condiciones-garantia\/","url":"https:\/\/www.teka.com\/es-pe\/soporte\/condiciones-garantia\/","name":"Consulta las condiciones de garant\u00eda | Teka Pre\u00fa","isPartOf":{"@id":"https:\/\/www.teka.com\/es-pe\/#website"},"datePublished":"2018-09-24T13:55:57+00:00","dateModified":"2021-09-22T09:38:28+00:00","description":"Conoce las condiciones, coberturas y exclusiones de la garant\u00eda Teka. Para cualquier duda contacta con nosotros.","breadcrumb":{"@id":"https:\/\/www.teka.com\/es-pe\/soporte\/condiciones-garantia\/#breadcrumb"},"inLanguage":"es","potentialAction":[{"@type":"ReadAction","target":["https:\/\/www.teka.com\/es-pe\/soporte\/condiciones-garantia\/"]}]},{"@type":"BreadcrumbList","@id":"https:\/\/www.teka.com\/es-pe\/soporte\/condiciones-garantia\/#breadcrumb","itemListElement":[{"@type":"ListItem","position":1,"name":"Soporte","item":"https:\/\/www.teka.com\/es-pe\/soporte\/"},{"@type":"ListItem","position":2,"name":"Condiciones de garant\u00eda"}]},{"@type":"WebSite","@id":"https:\/\/www.teka.com\/es-pe\/#website","url":"https:\/\/www.teka.com\/es-pe\/","name":"Teka Per\u00fa","description":"Teka Per\u00fa Descubre lo mejor en electrodom\u00e9sticos, lavaderos, grifer\u00edas y m\u00e1s con calidad europea.","publisher":{"@id":"https:\/\/www.teka.com\/es-pe\/#organization"},"potentialAction":[{"@type":"SearchAction","target":{"@type":"EntryPoint","urlTemplate":"https:\/\/www.teka.com\/es-pe\/?s={search_term_string}"},"query-input":{"@type":"PropertyValueSpecification","valueRequired":true,"valueName":"search_term_string"}}],"inLanguage":"es"},{"@type":"Organization","@id":"https:\/\/www.teka.com\/es-pe\/#organization","name":"Teka Per\u00fa","url":"https:\/\/www.teka.com\/es-pe\/","logo":{"@type":"ImageObject","inLanguage":"es","@id":"https:\/\/www.teka.com\/es-pe\/#\/schema\/logo\/image\/","url":"https:\/\/www.teka.com\/es-pe\/wp-content\/uploads\/sites\/26\/2018\/10\/404-teka.png","contentUrl":"https:\/\/www.teka.com\/es-pe\/wp-content\/uploads\/sites\/26\/2018\/10\/404-teka.png","width":200,"height":200,"caption":"Teka Per\u00fa"},"image":{"@id":"https:\/\/www.teka.com\/es-pe\/#\/schema\/logo\/image\/"}}]}},"_links":{"self":[{"href":"https:\/\/www.teka.com\/es-pe\/wp-json\/wp\/v2\/pages\/23564","targetHints":{"allow":["GET"]}}],"collection":[{"href":"https:\/\/www.teka.com\/es-pe\/wp-json\/wp\/v2\/pages"}],"about":[{"href":"https:\/\/www.teka.com\/es-pe\/wp-json\/wp\/v2\/types\/page"}],"author":[{"embeddable":true,"href":"https:\/\/www.teka.com\/es-pe\/wp-json\/wp\/v2\/users\/9"}],"replies":[{"embeddable":true,"href":"https:\/\/www.teka.com\/es-pe\/wp-json\/wp\/v2\/comments?post=23564"}],"version-history":[{"count":9,"href":"https:\/\/www.teka.com\/es-pe\/wp-json\/wp\/v2\/pages\/23564\/revisions"}],"predecessor-version":[{"id":69513,"href":"https:\/\/www.teka.com\/es-pe\/wp-json\/wp\/v2\/pages\/23564\/revisions\/69513"}],"up":[{"embeddable":true,"href":"https:\/\/www.teka.com\/es-pe\/wp-json\/wp\/v2\/pages\/5193"}],"wp:attachment":[{"href":"https:\/\/www.teka.com\/es-pe\/wp-json\/wp\/v2\/media?parent=23564"}],"curies":[{"name":"wp","href":"https:\/\/api.w.org\/{rel}","templated":true}]}}