{"id":4713,"date":"2018-07-25T09:21:25","date_gmt":"2018-07-25T14:21:25","guid":{"rendered":"http:\/\/teka.com\/?page_id=4713"},"modified":"2025-05-07T15:46:20","modified_gmt":"2025-05-07T20:46:20","slug":"catalogos","status":"publish","type":"page","link":"https:\/\/www.teka.com\/es-pe\/catalogos\/","title":{"rendered":"Descarga de cat\u00e1logos"},"content":{"rendered":"<p>[et_pb_section fb_built=\u00bb1&#8243; module_id=\u00bbdescarga-catalogos-top\u00bb _builder_version=\u00bb4.16&#8243; background_image=\u00bbhttps:\/\/www.teka.com\/wp-content\/uploads\/sites\/3\/2018\/08\/descarga-catalogos-1.jpg\u00bb background_position=\u00bbcenter_right\u00bb global_colors_info=\u00bb{}\u00bb][et_pb_row column_structure=\u00bb1_2,1_2&#8243; _builder_version=\u00bb4.16&#8243; global_colors_info=\u00bb{}\u00bb][et_pb_column type=\u00bb1_2&#8243; module_id=\u00bbdescarga-catalogos-top-text\u00bb _builder_version=\u00bb4.16&#8243; custom_padding=\u00bb|||\u00bb global_colors_info=\u00bb{}\u00bb custom_padding__hover=\u00bb|||\u00bb][et_pb_text admin_label=\u00bbTexto\u00bb _builder_version=\u00bb4.27.4&#8243; background_layout=\u00bbdark\u00bb hover_enabled=\u00bb0&#8243; global_colors_info=\u00bb{}\u00bb sticky_enabled=\u00bb0&#8243;]<\/p>\n<h1>Cat\u00e1logo Teka 2025<\/h1>\n<p>Descarga nuestro cat\u00e1logo completo de productos de 2025. En \u00e9l podr\u00e1s encontrar todas las novedades y gamas de producto disponibles, as\u00ed como las caracter\u00edsticas e informaci\u00f3n detallada de todos los productos.<\/p>\n<p><a href=\"https:\/\/www.teka.com\/es-pe\/wp-content\/uploads\/sites\/26\/2025\/05\/Catalogo-General-2025.pdf\" target=\"_blank\" rel=\"noopener\" data-wplink-edit=\"true\">+ Descargar<\/a><\/p>\n<p>[\/et_pb_text][\/et_pb_column][et_pb_column type=\u00bb1_2&#8243; module_id=\u00bbdescarga-catalogos-top-img\u00bb _builder_version=\u00bb4.16&#8243; custom_padding=\u00bb|||\u00bb global_colors_info=\u00bb{}\u00bb custom_padding__hover=\u00bb|||\u00bb][et_pb_image src=\u00bbhttps:\/\/www.teka.com\/es-pe\/wp-content\/uploads\/sites\/26\/2018\/12\/Cat\u00e1logos-2018-2019.png\u00bb align_tablet=\u00bbcenter\u00bb align_phone=\u00bbcenter\u00bb align_last_edited=\u00bbon|desktop\u00bb _builder_version=\u00bb4.27.4&#8243; hover_enabled=\u00bb0&#8243; global_colors_info=\u00bb{}\u00bb sticky_enabled=\u00bb0&#8243;][\/et_pb_image][\/et_pb_column][\/et_pb_row][\/et_pb_section][et_pb_section fb_built=\u00bb1&#8243; _builder_version=\u00bb4.16&#8243; global_colors_info=\u00bb{}\u00bb][et_pb_row _builder_version=\u00bb4.16&#8243; background_size=\u00bbinitial\u00bb background_position=\u00bbtop_left\u00bb background_repeat=\u00bbrepeat\u00bb global_colors_info=\u00bb{}\u00bb][et_pb_column type=\u00bb4_4&#8243; _builder_version=\u00bb4.16&#8243; custom_padding=\u00bb|||\u00bb global_colors_info=\u00bb{}\u00bb custom_padding__hover=\u00bb|||\u00bb][et_pb_catalogs fullwidth=\u00bboff\u00bb posts_number=\u00bb-1&#8243; show_categories=\u00bboff\u00bb show_pagination=\u00bboff\u00bb disabled_on=\u00bboff|off|off\u00bb admin_label=\u00bbTeka: Catalogs\u00bb _builder_version=\u00bb4.27.4&#8243; hover_enabled=\u00bb0&#8243; title_font_size_tablet=\u00bb51&#8243; title_line_height_tablet=\u00bb2&#8243; caption_font_size_tablet=\u00bb51&#8243; caption_line_height_tablet=\u00bb2&#8243; pagination_font_size_tablet=\u00bb51&#8243; pagination_line_height_tablet=\u00bb2&#8243; global_colors_info=\u00bb{}\u00bb sticky_enabled=\u00bb0&#8243;][\/et_pb_catalogs][et_pb_post_title meta=\u00bboff\u00bb featured_image=\u00bboff\u00bb disabled_on=\u00bbon|on|on\u00bb _builder_version=\u00bb4.27.4&#8243; _dynamic_attributes=\u00bblink_option_url\u00bb _module_preset=\u00bbdefault\u00bb link_option_url=\u00bb@ET-DC@eyJkeW5hbWljIjp0cnVlLCJjb250ZW50IjoicG9zdF9saW5rX3VybF9jYXRhbG9nIiwic2V0dGluZ3MiOnsicG9zdF9pZCI6IjcxNTQ0In19@\u00bb disabled=\u00bbon\u00bb global_colors_info=\u00bb{}\u00bb][\/et_pb_post_title][\/et_pb_column][\/et_pb_row][\/et_pb_section]<\/p>\n","protected":false},"excerpt":{"rendered":"<p>Cat\u00e1logo Teka 2025 Descarga nuestro cat\u00e1logo completo de productos de 2025. En \u00e9l podr\u00e1s encontrar todas las novedades y gamas de producto disponibles, as\u00ed como las caracter\u00edsticas e informaci\u00f3n detallada de todos los productos. + Descargar[et_pb_catalogs fullwidth=\u00bboff\u00bb posts_number=\u00bb-1&#8243; show_categories=\u00bboff\u00bb show_pagination=\u00bboff\u00bb disabled_on=\u00bboff|off|off\u00bb admin_label=\u00bbTeka: Catalogs\u00bb _builder_version=\u00bb4.27.4&#8243; hover_enabled=\u00bb0&#8243; title_font_size_tablet=\u00bb51&#8243; title_line_height_tablet=\u00bb2&#8243; caption_font_size_tablet=\u00bb51&#8243; caption_line_height_tablet=\u00bb2&#8243; pagination_font_size_tablet=\u00bb51&#8243; pagination_line_height_tablet=\u00bb2&#8243; global_colors_info=\u00bb{}\u00bb sticky_enabled=\u00bb0&#8243;][\/et_pb_catalogs]<\/p>\n","protected":false},"author":9,"featured_media":0,"parent":0,"menu_order":0,"comment_status":"closed","ping_status":"closed","template":"","meta":{"_acf_changed":false,"_et_pb_use_builder":"on","_et_pb_old_content":"","_et_gb_content_width":"","footnotes":""},"class_list":["post-4713","page","type-page","status-publish","hentry"],"acf":[],"yoast_head":"<!-- This site is optimized with the Yoast SEO plugin v27.5 - https:\/\/yoast.com\/product\/yoast-seo-wordpress\/ -->\n<title>Descarga de cat\u00e1logos 2018-2019 de Cocina y Ba\u00f1o | Teka Per\u00fa<\/title>\n<meta name=\"description\" content=\"Descarga todos los cat\u00e1logos de cocina y electrodom\u00e9sticos Teka. Tambi\u00e9n disponible los cat\u00e1logos de productos de ba\u00f1o Teka Sanitary 2018-2019.\" \/>\n<meta name=\"robots\" content=\"index, follow, max-snippet:-1, max-image-preview:large, max-video-preview:-1\" \/>\n<link rel=\"canonical\" href=\"https:\/\/www.teka.com\/es-pe\/catalogos\/\" \/>\n<meta property=\"og:locale\" content=\"es_ES\" \/>\n<meta property=\"og:type\" content=\"article\" \/>\n<meta property=\"og:title\" content=\"Descarga de cat\u00e1logos 2018-2019 de Cocina y Ba\u00f1o | Teka Per\u00fa\" \/>\n<meta property=\"og:description\" content=\"Descarga todos los cat\u00e1logos de cocina y electrodom\u00e9sticos Teka. Tambi\u00e9n disponible los cat\u00e1logos de productos de ba\u00f1o Teka Sanitary 2018-2019.\" \/>\n<meta property=\"og:url\" content=\"https:\/\/www.teka.com\/es-pe\/catalogos\/\" \/>\n<meta property=\"og:site_name\" content=\"Teka Per\u00fa\" \/>\n<meta property=\"article:modified_time\" content=\"2025-05-07T20:46:20+00:00\" \/>\n<meta name=\"twitter:card\" content=\"summary_large_image\" \/>\n<meta name=\"twitter:label1\" content=\"Tiempo de lectura\" \/>\n\t<meta name=\"twitter:data1\" content=\"1 minuto\" \/>\n<script type=\"application\/ld+json\" class=\"yoast-schema-graph\">{\"@context\":\"https:\\\/\\\/schema.org\",\"@graph\":[{\"@type\":\"WebPage\",\"@id\":\"https:\\\/\\\/www.teka.com\\\/es-pe\\\/catalogos\\\/\",\"url\":\"https:\\\/\\\/www.teka.com\\\/es-pe\\\/catalogos\\\/\",\"name\":\"Descarga de cat\u00e1logos 2018-2019 de Cocina y Ba\u00f1o | Teka Per\u00fa\",\"isPartOf\":{\"@id\":\"https:\\\/\\\/www.teka.com\\\/es-pe\\\/#website\"},\"datePublished\":\"2018-07-25T14:21:25+00:00\",\"dateModified\":\"2025-05-07T20:46:20+00:00\",\"description\":\"Descarga todos los cat\u00e1logos de cocina y electrodom\u00e9sticos Teka. Tambi\u00e9n disponible los cat\u00e1logos de productos de ba\u00f1o Teka Sanitary 2018-2019.\",\"inLanguage\":\"es\",\"potentialAction\":[{\"@type\":\"ReadAction\",\"target\":[\"https:\\\/\\\/www.teka.com\\\/es-pe\\\/catalogos\\\/\"]}]},{\"@type\":\"WebSite\",\"@id\":\"https:\\\/\\\/www.teka.com\\\/es-pe\\\/#website\",\"url\":\"https:\\\/\\\/www.teka.com\\\/es-pe\\\/\",\"name\":\"Teka Per\u00fa\",\"description\":\"Teka Per\u00fa Descubre lo mejor en electrodom\u00e9sticos, lavaderos, grifer\u00edas y m\u00e1s con calidad europea.\",\"publisher\":{\"@id\":\"https:\\\/\\\/www.teka.com\\\/es-pe\\\/#organization\"},\"potentialAction\":[{\"@type\":\"SearchAction\",\"target\":{\"@type\":\"EntryPoint\",\"urlTemplate\":\"https:\\\/\\\/www.teka.com\\\/es-pe\\\/?s={search_term_string}\"},\"query-input\":{\"@type\":\"PropertyValueSpecification\",\"valueRequired\":true,\"valueName\":\"search_term_string\"}}],\"inLanguage\":\"es\"},{\"@type\":\"Organization\",\"@id\":\"https:\\\/\\\/www.teka.com\\\/es-pe\\\/#organization\",\"name\":\"Teka Per\u00fa\",\"url\":\"https:\\\/\\\/www.teka.com\\\/es-pe\\\/\",\"logo\":{\"@type\":\"ImageObject\",\"inLanguage\":\"es\",\"@id\":\"https:\\\/\\\/www.teka.com\\\/es-pe\\\/#\\\/schema\\\/logo\\\/image\\\/\",\"url\":\"https:\\\/\\\/www.teka.com\\\/es-pe\\\/wp-content\\\/uploads\\\/sites\\\/26\\\/2018\\\/10\\\/404-teka.png\",\"contentUrl\":\"https:\\\/\\\/www.teka.com\\\/es-pe\\\/wp-content\\\/uploads\\\/sites\\\/26\\\/2018\\\/10\\\/404-teka.png\",\"width\":200,\"height\":200,\"caption\":\"Teka Per\u00fa\"},\"image\":{\"@id\":\"https:\\\/\\\/www.teka.com\\\/es-pe\\\/#\\\/schema\\\/logo\\\/image\\\/\"}}]}<\/script>\n<!-- \/ Yoast SEO plugin. -->","yoast_head_json":{"title":"Descarga de cat\u00e1logos 2018-2019 de Cocina y Ba\u00f1o | Teka Per\u00fa","description":"Descarga todos los cat\u00e1logos de cocina y electrodom\u00e9sticos Teka. Tambi\u00e9n disponible los cat\u00e1logos de productos de ba\u00f1o Teka Sanitary 2018-2019.","robots":{"index":"index","follow":"follow","max-snippet":"max-snippet:-1","max-image-preview":"max-image-preview:large","max-video-preview":"max-video-preview:-1"},"canonical":"https:\/\/www.teka.com\/es-pe\/catalogos\/","og_locale":"es_ES","og_type":"article","og_title":"Descarga de cat\u00e1logos 2018-2019 de Cocina y Ba\u00f1o | Teka Per\u00fa","og_description":"Descarga todos los cat\u00e1logos de cocina y electrodom\u00e9sticos Teka. Tambi\u00e9n disponible los cat\u00e1logos de productos de ba\u00f1o Teka Sanitary 2018-2019.","og_url":"https:\/\/www.teka.com\/es-pe\/catalogos\/","og_site_name":"Teka Per\u00fa","article_modified_time":"2025-05-07T20:46:20+00:00","twitter_card":"summary_large_image","twitter_misc":{"Tiempo de lectura":"1 minuto"},"schema":{"@context":"https:\/\/schema.org","@graph":[{"@type":"WebPage","@id":"https:\/\/www.teka.com\/es-pe\/catalogos\/","url":"https:\/\/www.teka.com\/es-pe\/catalogos\/","name":"Descarga de cat\u00e1logos 2018-2019 de Cocina y Ba\u00f1o | Teka Per\u00fa","isPartOf":{"@id":"https:\/\/www.teka.com\/es-pe\/#website"},"datePublished":"2018-07-25T14:21:25+00:00","dateModified":"2025-05-07T20:46:20+00:00","description":"Descarga todos los cat\u00e1logos de cocina y electrodom\u00e9sticos Teka. Tambi\u00e9n disponible los cat\u00e1logos de productos de ba\u00f1o Teka Sanitary 2018-2019.","inLanguage":"es","potentialAction":[{"@type":"ReadAction","target":["https:\/\/www.teka.com\/es-pe\/catalogos\/"]}]},{"@type":"WebSite","@id":"https:\/\/www.teka.com\/es-pe\/#website","url":"https:\/\/www.teka.com\/es-pe\/","name":"Teka Per\u00fa","description":"Teka Per\u00fa Descubre lo mejor en electrodom\u00e9sticos, lavaderos, grifer\u00edas y m\u00e1s con calidad europea.","publisher":{"@id":"https:\/\/www.teka.com\/es-pe\/#organization"},"potentialAction":[{"@type":"SearchAction","target":{"@type":"EntryPoint","urlTemplate":"https:\/\/www.teka.com\/es-pe\/?s={search_term_string}"},"query-input":{"@type":"PropertyValueSpecification","valueRequired":true,"valueName":"search_term_string"}}],"inLanguage":"es"},{"@type":"Organization","@id":"https:\/\/www.teka.com\/es-pe\/#organization","name":"Teka Per\u00fa","url":"https:\/\/www.teka.com\/es-pe\/","logo":{"@type":"ImageObject","inLanguage":"es","@id":"https:\/\/www.teka.com\/es-pe\/#\/schema\/logo\/image\/","url":"https:\/\/www.teka.com\/es-pe\/wp-content\/uploads\/sites\/26\/2018\/10\/404-teka.png","contentUrl":"https:\/\/www.teka.com\/es-pe\/wp-content\/uploads\/sites\/26\/2018\/10\/404-teka.png","width":200,"height":200,"caption":"Teka Per\u00fa"},"image":{"@id":"https:\/\/www.teka.com\/es-pe\/#\/schema\/logo\/image\/"}}]}},"_links":{"self":[{"href":"https:\/\/www.teka.com\/es-pe\/wp-json\/wp\/v2\/pages\/4713","targetHints":{"allow":["GET"]}}],"collection":[{"href":"https:\/\/www.teka.com\/es-pe\/wp-json\/wp\/v2\/pages"}],"about":[{"href":"https:\/\/www.teka.com\/es-pe\/wp-json\/wp\/v2\/types\/page"}],"author":[{"embeddable":true,"href":"https:\/\/www.teka.com\/es-pe\/wp-json\/wp\/v2\/users\/9"}],"replies":[{"embeddable":true,"href":"https:\/\/www.teka.com\/es-pe\/wp-json\/wp\/v2\/comments?post=4713"}],"version-history":[{"count":62,"href":"https:\/\/www.teka.com\/es-pe\/wp-json\/wp\/v2\/pages\/4713\/revisions"}],"predecessor-version":[{"id":71565,"href":"https:\/\/www.teka.com\/es-pe\/wp-json\/wp\/v2\/pages\/4713\/revisions\/71565"}],"wp:attachment":[{"href":"https:\/\/www.teka.com\/es-pe\/wp-json\/wp\/v2\/media?parent=4713"}],"curies":[{"name":"wp","href":"https:\/\/api.w.org\/{rel}","templated":true}]}}