{"id":5225,"date":"2018-08-10T10:27:52","date_gmt":"2018-08-10T08:27:52","guid":{"rendered":"http:\/\/teka.com\/?page_id=5225"},"modified":"2019-10-31T06:40:19","modified_gmt":"2019-10-31T11:40:19","slug":"manuales","status":"publish","type":"page","link":"https:\/\/www.teka.com\/es-pe\/soporte\/manuales\/","title":{"rendered":"Manuales"},"content":{"rendered":"<p>[et_pb_section bb_built=\u00bb1&#8243; module_id=\u00bbmanual-download-top\u00bb _builder_version=\u00bb3.17.6&#8243; background_image=\u00bbhttps:\/\/www.teka.com\/es-pe\/wp-content\/uploads\/sites\/26\/2018\/11\/teka-web-support-1920&#215;833.jpg\u00bb next_background_color=\u00bb#ffffff\u00bb background_position=\u00bbcenter_left\u00bb][et_pb_row _builder_version=\u00bb3.10.1&#8243; custom_padding=\u00bb25.25px|0px|81px|0px|false|false\u00bb][et_pb_column type=\u00bb1_2&#8243;][\/et_pb_column][et_pb_column type=\u00bb1_2&#8243;][et_pb_text admin_label=\u00bbDownload your manual &#8211; Title\u00bb _builder_version=\u00bb3.18.4&#8243; custom_margin=\u00bb||0px|\u00bb custom_padding=\u00bb||0px|\u00bb]<\/p>\n<h2><span style=\"color: #ffffff;\"><strong>Manuales\u00a0<\/strong>de usuario<\/span><\/h2>\n<p>[\/et_pb_text][\/et_pb_column][\/et_pb_row][et_pb_row custom_padding=\u00bb0px|||\u00bb custom_margin=\u00bb0px|||\u00bb padding_top_1=\u00bb0px\u00bb padding_top_2=\u00bb0px\u00bb _builder_version=\u00bb3.10.1&#8243;][et_pb_column type=\u00bb1_2&#8243;][\/et_pb_column][et_pb_column type=\u00bb1_2&#8243;][et_pb_text admin_label=\u00bbSearch box\u00bb _builder_version=\u00bb3.18.4&#8243; background_layout=\u00bbdark\u00bb]<\/p>\n<h4>Introduce el modelo<\/h4>\n<p><form action=\"https:\/\/www.teka.com\/es-pe\/soporte\/manuales\/\" id=\"form-manual-container\"><input id=\"input-manual-submit\" name=\"manual-submit\" type=\"submit\" value=\"\ue812\"><select id=\"select-manual\" name=\"se\" style=\"width:420px;float: left\"><\/select><\/form><br \/>\n<a href=\"#\" style=\"display:none\">Where do I find the serial number?<\/a><\/p>\n<p>[\/et_pb_text][et_pb_text disabled_on=\u00bbon|on|on\u00bb _builder_version=\u00bb3.17.2&#8243; disabled=\u00bbon\u00bb]<\/p>\n<h4><span style=\"color: #222222;\">Selecciona un producto<\/span><\/h4>\n<p><select id=\"select-manual-download\" name=\"select\"><option selected=\"selected\" value=\"value1\">Hornos<\/option><option value=\"value2\">Neveras<\/option><option value=\"value3\">Microondas<\/option><\/select><\/p>\n<p>[\/et_pb_text][\/et_pb_column][\/et_pb_row][\/et_pb_section][et_pb_section bb_built=\u00bb1&#8243; _builder_version=\u00bb3.17.2&#8243; custom_padding=\u00bb40px||30px|\u00bb prev_background_color=\u00bb#000000&#8243; next_background_color=\u00bb#000000&#8243; module_id=\u00bbmanuals-most-wanted\u00bb disabled_on=\u00bbon|on|on\u00bb disabled=\u00bbon\u00bb][et_pb_row use_custom_width=\u00bbon\u00bb custom_width_px=\u00bb580px\u00bb _builder_version=\u00bb3.10.1&#8243;][et_pb_column type=\u00bb4_4&#8243;][et_pb_text admin_label=\u00bbMost wanted &#8211; Text\u00bb module_id=\u00bbmanual-download-two\u00bb _builder_version=\u00bb3.17.6&#8243;]<\/p>\n<h2 style=\"text-align: center;\">Lo m\u00e1s buscado<\/h2>\n<p style=\"text-align: center;\">Si no encuentras aqu\u00ed tu manual o necesitas m\u00e1s informaci\u00f3n, puedes contactar con Atenci\u00f3n al Cliente a trav\u00e9s del tel\u00e9fono <strong>902 111 211<\/strong> o en\u00a0<a href=\"mailto:atencionalcliente@teka.com\">atencionalcliente@teka.com<\/a>.<\/p>\n<p>[\/et_pb_text][\/et_pb_column][\/et_pb_row][\/et_pb_section][et_pb_section bb_built=\u00bb1&#8243; disabled_on=\u00bbon|on|on\u00bb _builder_version=\u00bb3.0.47&#8243; disabled=\u00bbon\u00bb prev_background_color=\u00bb#000000&#8243;][et_pb_row _builder_version=\u00bb3.0.48&#8243; background_size=\u00bbinitial\u00bb background_position=\u00bbtop_left\u00bb background_repeat=\u00bbrepeat\u00bb][et_pb_column type=\u00bb4_4&#8243;][et_pb_product_manuals fullwidth=\u00bboff\u00bb posts_number=\u00bb20&#8243; _builder_version=\u00bb3.14&#8243; title_font_size_tablet=\u00bb51&#8243; title_line_height_tablet=\u00bb2&#8243; caption_font_size_tablet=\u00bb51&#8243; caption_line_height_tablet=\u00bb2&#8243; pagination_font_size_tablet=\u00bb51&#8243; pagination_line_height_tablet=\u00bb2&#8243;]<\/p>\n<p>\n&nbsp;<\/p>\n<p>[\/et_pb_product_manuals][\/et_pb_column][\/et_pb_row][\/et_pb_section]<\/p>\n","protected":false},"excerpt":{"rendered":"<p>Manuales\u00a0de usuario Introduce el modelo <form action=\"https:\/\/www.teka.com\/es-pe\/soporte\/manuales\/\" id=\"form-manual-container\"><input id=\"input-manual-submit\" name=\"manual-submit\" type=\"submit\" value=\"\ue812\"><select id=\"select-manual\" name=\"se\" style=\"width:420px;float: left\"><\/select><\/form> Where do I find the serial number? Selecciona un producto HornosNeverasMicroondas Lo m\u00e1s buscadoSi no encuentras aqu\u00ed tu manual o necesitas m\u00e1s informaci\u00f3n, puedes contactar con Atenci\u00f3n al Cliente a trav\u00e9s del tel\u00e9fono 902 111 211 o en\u00a0atencionalcliente@teka.com. [et_pb_product_manuals fullwidth=\u00bboff\u00bb posts_number=\u00bb20&#8243; _builder_version=\u00bb3.14&#8243; title_font_size_tablet=\u00bb51&#8243; title_line_height_tablet=\u00bb2&#8243; caption_font_size_tablet=\u00bb51&#8243; caption_line_height_tablet=\u00bb2&#8243; pagination_font_size_tablet=\u00bb51&#8243; pagination_line_height_tablet=\u00bb2&#8243;] &nbsp; [&hellip;]<\/p>\n","protected":false},"author":9,"featured_media":0,"parent":5193,"menu_order":0,"comment_status":"closed","ping_status":"closed","template":"tp-manuals.php","meta":{"_acf_changed":false,"_et_pb_use_builder":"on","_et_pb_old_content":"","_et_gb_content_width":"","footnotes":""},"class_list":["post-5225","page","type-page","status-publish","hentry"],"acf":[],"yoast_head":"<!-- This site is optimized with the Yoast SEO plugin v27.2 - https:\/\/yoast.com\/product\/yoast-seo-wordpress\/ -->\n<title>Teka | Gu\u00edas de usuario | Descarga aqu\u00ed tu manual de instrucciones<\/title>\n<meta name=\"description\" content=\"Descarga aqu\u00ed el manual de instrucciones para tu electrodom\u00e9stico Teka. Disponibles manuales de productos actuales y descatalogados.\" \/>\n<meta name=\"robots\" content=\"index, follow, max-snippet:-1, max-image-preview:large, max-video-preview:-1\" \/>\n<link rel=\"canonical\" href=\"https:\/\/www.teka.com\/es-pe\/soporte\/manuales\/\" \/>\n<meta property=\"og:locale\" content=\"es_ES\" \/>\n<meta property=\"og:type\" content=\"article\" \/>\n<meta property=\"og:title\" content=\"Teka | Gu\u00edas de usuario | Descarga aqu\u00ed tu manual de instrucciones\" \/>\n<meta property=\"og:description\" content=\"Descarga aqu\u00ed el manual de instrucciones para tu electrodom\u00e9stico Teka. Disponibles manuales de productos actuales y descatalogados.\" \/>\n<meta property=\"og:url\" content=\"https:\/\/www.teka.com\/es-pe\/soporte\/manuales\/\" \/>\n<meta property=\"og:site_name\" content=\"Teka Per\u00fa\" \/>\n<meta property=\"article:modified_time\" content=\"2019-10-31T11:40:19+00:00\" \/>\n<meta name=\"twitter:card\" content=\"summary_large_image\" \/>\n<meta name=\"twitter:label1\" content=\"Tiempo de lectura\" \/>\n\t<meta name=\"twitter:data1\" content=\"1 minuto\" \/>\n<script type=\"application\/ld+json\" class=\"yoast-schema-graph\">{\"@context\":\"https:\/\/schema.org\",\"@graph\":[{\"@type\":\"WebPage\",\"@id\":\"https:\/\/www.teka.com\/es-pe\/soporte\/manuales\/\",\"url\":\"https:\/\/www.teka.com\/es-pe\/soporte\/manuales\/\",\"name\":\"Teka | Gu\u00edas de usuario | Descarga aqu\u00ed tu manual de instrucciones\",\"isPartOf\":{\"@id\":\"https:\/\/www.teka.com\/es-pe\/#website\"},\"datePublished\":\"2018-08-10T08:27:52+00:00\",\"dateModified\":\"2019-10-31T11:40:19+00:00\",\"description\":\"Descarga aqu\u00ed el manual de instrucciones para tu electrodom\u00e9stico Teka. Disponibles manuales de productos actuales y descatalogados.\",\"breadcrumb\":{\"@id\":\"https:\/\/www.teka.com\/es-pe\/soporte\/manuales\/#breadcrumb\"},\"inLanguage\":\"es\",\"potentialAction\":[{\"@type\":\"ReadAction\",\"target\":[\"https:\/\/www.teka.com\/es-pe\/soporte\/manuales\/\"]}]},{\"@type\":\"BreadcrumbList\",\"@id\":\"https:\/\/www.teka.com\/es-pe\/soporte\/manuales\/#breadcrumb\",\"itemListElement\":[{\"@type\":\"ListItem\",\"position\":1,\"name\":\"Soporte\",\"item\":\"https:\/\/www.teka.com\/es-pe\/soporte\/\"},{\"@type\":\"ListItem\",\"position\":2,\"name\":\"Manuales\"}]},{\"@type\":\"WebSite\",\"@id\":\"https:\/\/www.teka.com\/es-pe\/#website\",\"url\":\"https:\/\/www.teka.com\/es-pe\/\",\"name\":\"Teka Per\u00fa\",\"description\":\"Teka Per\u00fa Descubre lo mejor en electrodom\u00e9sticos, lavaderos, grifer\u00edas y m\u00e1s con calidad europea.\",\"publisher\":{\"@id\":\"https:\/\/www.teka.com\/es-pe\/#organization\"},\"potentialAction\":[{\"@type\":\"SearchAction\",\"target\":{\"@type\":\"EntryPoint\",\"urlTemplate\":\"https:\/\/www.teka.com\/es-pe\/?s={search_term_string}\"},\"query-input\":{\"@type\":\"PropertyValueSpecification\",\"valueRequired\":true,\"valueName\":\"search_term_string\"}}],\"inLanguage\":\"es\"},{\"@type\":\"Organization\",\"@id\":\"https:\/\/www.teka.com\/es-pe\/#organization\",\"name\":\"Teka Per\u00fa\",\"url\":\"https:\/\/www.teka.com\/es-pe\/\",\"logo\":{\"@type\":\"ImageObject\",\"inLanguage\":\"es\",\"@id\":\"https:\/\/www.teka.com\/es-pe\/#\/schema\/logo\/image\/\",\"url\":\"https:\/\/www.teka.com\/es-pe\/wp-content\/uploads\/sites\/26\/2018\/10\/404-teka.png\",\"contentUrl\":\"https:\/\/www.teka.com\/es-pe\/wp-content\/uploads\/sites\/26\/2018\/10\/404-teka.png\",\"width\":200,\"height\":200,\"caption\":\"Teka Per\u00fa\"},\"image\":{\"@id\":\"https:\/\/www.teka.com\/es-pe\/#\/schema\/logo\/image\/\"}}]}<\/script>\n<!-- \/ Yoast SEO plugin. -->","yoast_head_json":{"title":"Teka | Gu\u00edas de usuario | Descarga aqu\u00ed tu manual de instrucciones","description":"Descarga aqu\u00ed el manual de instrucciones para tu electrodom\u00e9stico Teka. Disponibles manuales de productos actuales y descatalogados.","robots":{"index":"index","follow":"follow","max-snippet":"max-snippet:-1","max-image-preview":"max-image-preview:large","max-video-preview":"max-video-preview:-1"},"canonical":"https:\/\/www.teka.com\/es-pe\/soporte\/manuales\/","og_locale":"es_ES","og_type":"article","og_title":"Teka | Gu\u00edas de usuario | Descarga aqu\u00ed tu manual de instrucciones","og_description":"Descarga aqu\u00ed el manual de instrucciones para tu electrodom\u00e9stico Teka. Disponibles manuales de productos actuales y descatalogados.","og_url":"https:\/\/www.teka.com\/es-pe\/soporte\/manuales\/","og_site_name":"Teka Per\u00fa","article_modified_time":"2019-10-31T11:40:19+00:00","twitter_card":"summary_large_image","twitter_misc":{"Tiempo de lectura":"1 minuto"},"schema":{"@context":"https:\/\/schema.org","@graph":[{"@type":"WebPage","@id":"https:\/\/www.teka.com\/es-pe\/soporte\/manuales\/","url":"https:\/\/www.teka.com\/es-pe\/soporte\/manuales\/","name":"Teka | Gu\u00edas de usuario | Descarga aqu\u00ed tu manual de instrucciones","isPartOf":{"@id":"https:\/\/www.teka.com\/es-pe\/#website"},"datePublished":"2018-08-10T08:27:52+00:00","dateModified":"2019-10-31T11:40:19+00:00","description":"Descarga aqu\u00ed el manual de instrucciones para tu electrodom\u00e9stico Teka. Disponibles manuales de productos actuales y descatalogados.","breadcrumb":{"@id":"https:\/\/www.teka.com\/es-pe\/soporte\/manuales\/#breadcrumb"},"inLanguage":"es","potentialAction":[{"@type":"ReadAction","target":["https:\/\/www.teka.com\/es-pe\/soporte\/manuales\/"]}]},{"@type":"BreadcrumbList","@id":"https:\/\/www.teka.com\/es-pe\/soporte\/manuales\/#breadcrumb","itemListElement":[{"@type":"ListItem","position":1,"name":"Soporte","item":"https:\/\/www.teka.com\/es-pe\/soporte\/"},{"@type":"ListItem","position":2,"name":"Manuales"}]},{"@type":"WebSite","@id":"https:\/\/www.teka.com\/es-pe\/#website","url":"https:\/\/www.teka.com\/es-pe\/","name":"Teka Per\u00fa","description":"Teka Per\u00fa Descubre lo mejor en electrodom\u00e9sticos, lavaderos, grifer\u00edas y m\u00e1s con calidad europea.","publisher":{"@id":"https:\/\/www.teka.com\/es-pe\/#organization"},"potentialAction":[{"@type":"SearchAction","target":{"@type":"EntryPoint","urlTemplate":"https:\/\/www.teka.com\/es-pe\/?s={search_term_string}"},"query-input":{"@type":"PropertyValueSpecification","valueRequired":true,"valueName":"search_term_string"}}],"inLanguage":"es"},{"@type":"Organization","@id":"https:\/\/www.teka.com\/es-pe\/#organization","name":"Teka Per\u00fa","url":"https:\/\/www.teka.com\/es-pe\/","logo":{"@type":"ImageObject","inLanguage":"es","@id":"https:\/\/www.teka.com\/es-pe\/#\/schema\/logo\/image\/","url":"https:\/\/www.teka.com\/es-pe\/wp-content\/uploads\/sites\/26\/2018\/10\/404-teka.png","contentUrl":"https:\/\/www.teka.com\/es-pe\/wp-content\/uploads\/sites\/26\/2018\/10\/404-teka.png","width":200,"height":200,"caption":"Teka Per\u00fa"},"image":{"@id":"https:\/\/www.teka.com\/es-pe\/#\/schema\/logo\/image\/"}}]}},"_links":{"self":[{"href":"https:\/\/www.teka.com\/es-pe\/wp-json\/wp\/v2\/pages\/5225","targetHints":{"allow":["GET"]}}],"collection":[{"href":"https:\/\/www.teka.com\/es-pe\/wp-json\/wp\/v2\/pages"}],"about":[{"href":"https:\/\/www.teka.com\/es-pe\/wp-json\/wp\/v2\/types\/page"}],"author":[{"embeddable":true,"href":"https:\/\/www.teka.com\/es-pe\/wp-json\/wp\/v2\/users\/9"}],"replies":[{"embeddable":true,"href":"https:\/\/www.teka.com\/es-pe\/wp-json\/wp\/v2\/comments?post=5225"}],"version-history":[{"count":45,"href":"https:\/\/www.teka.com\/es-pe\/wp-json\/wp\/v2\/pages\/5225\/revisions"}],"predecessor-version":[{"id":65453,"href":"https:\/\/www.teka.com\/es-pe\/wp-json\/wp\/v2\/pages\/5225\/revisions\/65453"}],"up":[{"embeddable":true,"href":"https:\/\/www.teka.com\/es-pe\/wp-json\/wp\/v2\/pages\/5193"}],"wp:attachment":[{"href":"https:\/\/www.teka.com\/es-pe\/wp-json\/wp\/v2\/media?parent=5225"}],"curies":[{"name":"wp","href":"https:\/\/api.w.org\/{rel}","templated":true}]}}