{"id":65880,"date":"2026-04-23T00:50:54","date_gmt":"2026-04-23T00:50:54","guid":{"rendered":"https:\/\/www.teka.com\/es-pe\/producto\/set-de-baterias-de-induccion-9-piezas_49004840\/"},"modified":"2026-04-08T10:16:01","modified_gmt":"2026-04-08T11:16:01","slug":"set-de-baterias-de-induccion-9-piezas_49004840","status":"publish","type":"product","link":"https:\/\/www.teka.com\/es-pe\/producto\/set-de-baterias-de-induccion-9-piezas_49004840\/","title":{"rendered":"SET DE BATERIAS DE INDUCCI\u00d3N 9 piezas"},"content":{"rendered":"<ul>\n<li>El set de 9 piezas de acero inoxidable est\u00e1 compuesto por:<\/li>\n<li>1 cazuela \u00d8 24 cm<\/li>\n<li>1 cazuela \u00d8 20 cm<\/li>\n<li>1 cazuela \u00d8 16 cm<\/li>\n<li>1 cacerola \u00d8 28 cm<\/li>\n<li>1 cazo \u00d8 16 cm<\/li>\n<li>4 tapas<\/li>\n<\/ul>\n","protected":false},"featured_media":0,"parent":0,"template":"","product_cat":[3572],"product_cleaning_system":[],"product_3rd_basket":[],"product_drawers":[],"product_type_of_installation":[],"product_edition":[],"product_serie":[],"product_features":[],"finishes":[],"product_bundles":[],"product_energy_efficiency":[],"product_video_training":[],"class_list":["post-65880","product","type-product","status-publish","hentry","product_cat-accesorios","usp-hobs-01","usp-hobs-02","usp-hobs-03","color-acero-inoxidable","product_type_of_appliance-encimeras"],"acf":[],"yoast_head":"<!-- This site is optimized with the Yoast SEO plugin v27.5 - https:\/\/yoast.com\/product\/yoast-seo-wordpress\/ -->\n<title>Comprar Set de 9 Cacerolas y Ollas de acero | Teka Per\u00fa<\/title>\n<meta name=\"robots\" content=\"index, follow, max-snippet:-1, max-image-preview:large, max-video-preview:-1\" \/>\n<link rel=\"canonical\" href=\"https:\/\/www.teka.com\/es-pe\/producto\/set-de-baterias-de-induccion-9-piezas_49004840\/\" \/>\n<meta property=\"og:locale\" content=\"es_ES\" \/>\n<meta property=\"og:type\" content=\"article\" \/>\n<meta property=\"og:title\" content=\"Comprar Set de 9 Cacerolas y Ollas de acero | Teka Per\u00fa\" \/>\n<meta property=\"og:description\" content=\"El set de 9 piezas de acero inoxidable est\u00e1 compuesto por: 1 cazuela \u00d8 24 cm 1 cazuela \u00d8 20 cm 1 cazuela \u00d8 16 cm 1 cacerola \u00d8 28 cm 1 cazo \u00d8 16 cm 4 tapas\" \/>\n<meta property=\"og:url\" content=\"https:\/\/www.teka.com\/es-pe\/producto\/set-de-baterias-de-induccion-9-piezas_49004840\/\" \/>\n<meta property=\"og:site_name\" content=\"Teka Per\u00fa\" \/>\n<meta name=\"twitter:card\" content=\"summary_large_image\" \/>\n<script type=\"application\/ld+json\" class=\"yoast-schema-graph\">{\"@context\":\"https:\\\/\\\/schema.org\",\"@graph\":[{\"@type\":\"WebPage\",\"@id\":\"https:\\\/\\\/www.teka.com\\\/es-pe\\\/producto\\\/set-de-baterias-de-induccion-9-piezas_49004840\\\/\",\"url\":\"https:\\\/\\\/www.teka.com\\\/es-pe\\\/producto\\\/set-de-baterias-de-induccion-9-piezas_49004840\\\/\",\"name\":\"Comprar Set de 9 Cacerolas y Ollas de acero | Teka Per\u00fa\",\"isPartOf\":{\"@id\":\"https:\\\/\\\/www.teka.com\\\/es-pe\\\/#website\"},\"datePublished\":\"2026-04-23T00:50:54+00:00\",\"inLanguage\":\"es\",\"potentialAction\":[{\"@type\":\"ReadAction\",\"target\":[\"https:\\\/\\\/www.teka.com\\\/es-pe\\\/producto\\\/set-de-baterias-de-induccion-9-piezas_49004840\\\/\"]}]},{\"@type\":\"WebSite\",\"@id\":\"https:\\\/\\\/www.teka.com\\\/es-pe\\\/#website\",\"url\":\"https:\\\/\\\/www.teka.com\\\/es-pe\\\/\",\"name\":\"Teka Per\u00fa\",\"description\":\"Teka Per\u00fa Descubre lo mejor en electrodom\u00e9sticos, lavaderos, grifer\u00edas y m\u00e1s con calidad europea.\",\"publisher\":{\"@id\":\"https:\\\/\\\/www.teka.com\\\/es-pe\\\/#organization\"},\"potentialAction\":[{\"@type\":\"SearchAction\",\"target\":{\"@type\":\"EntryPoint\",\"urlTemplate\":\"https:\\\/\\\/www.teka.com\\\/es-pe\\\/?s={search_term_string}\"},\"query-input\":{\"@type\":\"PropertyValueSpecification\",\"valueRequired\":true,\"valueName\":\"search_term_string\"}}],\"inLanguage\":\"es\"},{\"@type\":\"Organization\",\"@id\":\"https:\\\/\\\/www.teka.com\\\/es-pe\\\/#organization\",\"name\":\"Teka Per\u00fa\",\"url\":\"https:\\\/\\\/www.teka.com\\\/es-pe\\\/\",\"logo\":{\"@type\":\"ImageObject\",\"inLanguage\":\"es\",\"@id\":\"https:\\\/\\\/www.teka.com\\\/es-pe\\\/#\\\/schema\\\/logo\\\/image\\\/\",\"url\":\"https:\\\/\\\/www.teka.com\\\/es-pe\\\/wp-content\\\/uploads\\\/sites\\\/26\\\/2018\\\/10\\\/404-teka.png\",\"contentUrl\":\"https:\\\/\\\/www.teka.com\\\/es-pe\\\/wp-content\\\/uploads\\\/sites\\\/26\\\/2018\\\/10\\\/404-teka.png\",\"width\":200,\"height\":200,\"caption\":\"Teka Per\u00fa\"},\"image\":{\"@id\":\"https:\\\/\\\/www.teka.com\\\/es-pe\\\/#\\\/schema\\\/logo\\\/image\\\/\"}}]}<\/script>\n<!-- \/ Yoast SEO plugin. -->","yoast_head_json":{"title":"Comprar Set de 9 Cacerolas y Ollas de acero | Teka Per\u00fa","robots":{"index":"index","follow":"follow","max-snippet":"max-snippet:-1","max-image-preview":"max-image-preview:large","max-video-preview":"max-video-preview:-1"},"canonical":"https:\/\/www.teka.com\/es-pe\/producto\/set-de-baterias-de-induccion-9-piezas_49004840\/","og_locale":"es_ES","og_type":"article","og_title":"Comprar Set de 9 Cacerolas y Ollas de acero | Teka Per\u00fa","og_description":"El set de 9 piezas de acero inoxidable est\u00e1 compuesto por: 1 cazuela \u00d8 24 cm 1 cazuela \u00d8 20 cm 1 cazuela \u00d8 16 cm 1 cacerola \u00d8 28 cm 1 cazo \u00d8 16 cm 4 tapas","og_url":"https:\/\/www.teka.com\/es-pe\/producto\/set-de-baterias-de-induccion-9-piezas_49004840\/","og_site_name":"Teka Per\u00fa","twitter_card":"summary_large_image","schema":{"@context":"https:\/\/schema.org","@graph":[{"@type":"WebPage","@id":"https:\/\/www.teka.com\/es-pe\/producto\/set-de-baterias-de-induccion-9-piezas_49004840\/","url":"https:\/\/www.teka.com\/es-pe\/producto\/set-de-baterias-de-induccion-9-piezas_49004840\/","name":"Comprar Set de 9 Cacerolas y Ollas de acero | Teka Per\u00fa","isPartOf":{"@id":"https:\/\/www.teka.com\/es-pe\/#website"},"datePublished":"2026-04-23T00:50:54+00:00","inLanguage":"es","potentialAction":[{"@type":"ReadAction","target":["https:\/\/www.teka.com\/es-pe\/producto\/set-de-baterias-de-induccion-9-piezas_49004840\/"]}]},{"@type":"WebSite","@id":"https:\/\/www.teka.com\/es-pe\/#website","url":"https:\/\/www.teka.com\/es-pe\/","name":"Teka Per\u00fa","description":"Teka Per\u00fa Descubre lo mejor en electrodom\u00e9sticos, lavaderos, grifer\u00edas y m\u00e1s con calidad europea.","publisher":{"@id":"https:\/\/www.teka.com\/es-pe\/#organization"},"potentialAction":[{"@type":"SearchAction","target":{"@type":"EntryPoint","urlTemplate":"https:\/\/www.teka.com\/es-pe\/?s={search_term_string}"},"query-input":{"@type":"PropertyValueSpecification","valueRequired":true,"valueName":"search_term_string"}}],"inLanguage":"es"},{"@type":"Organization","@id":"https:\/\/www.teka.com\/es-pe\/#organization","name":"Teka Per\u00fa","url":"https:\/\/www.teka.com\/es-pe\/","logo":{"@type":"ImageObject","inLanguage":"es","@id":"https:\/\/www.teka.com\/es-pe\/#\/schema\/logo\/image\/","url":"https:\/\/www.teka.com\/es-pe\/wp-content\/uploads\/sites\/26\/2018\/10\/404-teka.png","contentUrl":"https:\/\/www.teka.com\/es-pe\/wp-content\/uploads\/sites\/26\/2018\/10\/404-teka.png","width":200,"height":200,"caption":"Teka Per\u00fa"},"image":{"@id":"https:\/\/www.teka.com\/es-pe\/#\/schema\/logo\/image\/"}}]}},"_links":{"self":[{"href":"https:\/\/www.teka.com\/es-pe\/wp-json\/wp\/v2\/product\/65880","targetHints":{"allow":["GET"]}}],"collection":[{"href":"https:\/\/www.teka.com\/es-pe\/wp-json\/wp\/v2\/product"}],"about":[{"href":"https:\/\/www.teka.com\/es-pe\/wp-json\/wp\/v2\/types\/product"}],"wp:attachment":[{"href":"https:\/\/www.teka.com\/es-pe\/wp-json\/wp\/v2\/media?parent=65880"}],"wp:term":[{"taxonomy":"product_cat","embeddable":true,"href":"https:\/\/www.teka.com\/es-pe\/wp-json\/wp\/v2\/product_cat?post=65880"},{"taxonomy":"product_cleaning_system","embeddable":true,"href":"https:\/\/www.teka.com\/es-pe\/wp-json\/wp\/v2\/product_cleaning_system?post=65880"},{"taxonomy":"product_3rd_basket","embeddable":true,"href":"https:\/\/www.teka.com\/es-pe\/wp-json\/wp\/v2\/product_3rd_basket?post=65880"},{"taxonomy":"product_drawers","embeddable":true,"href":"https:\/\/www.teka.com\/es-pe\/wp-json\/wp\/v2\/product_drawers?post=65880"},{"taxonomy":"product_type_of_installation","embeddable":true,"href":"https:\/\/www.teka.com\/es-pe\/wp-json\/wp\/v2\/product_type_of_installation?post=65880"},{"taxonomy":"product_edition","embeddable":true,"href":"https:\/\/www.teka.com\/es-pe\/wp-json\/wp\/v2\/product_edition?post=65880"},{"taxonomy":"product_serie","embeddable":true,"href":"https:\/\/www.teka.com\/es-pe\/wp-json\/wp\/v2\/product_serie?post=65880"},{"taxonomy":"product_features","embeddable":true,"href":"https:\/\/www.teka.com\/es-pe\/wp-json\/wp\/v2\/product_features?post=65880"},{"taxonomy":"finishes","embeddable":true,"href":"https:\/\/www.teka.com\/es-pe\/wp-json\/wp\/v2\/finishes?post=65880"},{"taxonomy":"product_bundles","embeddable":true,"href":"https:\/\/www.teka.com\/es-pe\/wp-json\/wp\/v2\/product_bundles?post=65880"},{"taxonomy":"product_energy_efficiency","embeddable":true,"href":"https:\/\/www.teka.com\/es-pe\/wp-json\/wp\/v2\/product_energy_efficiency?post=65880"},{"taxonomy":"product_video_training","embeddable":true,"href":"https:\/\/www.teka.com\/es-pe\/wp-json\/wp\/v2\/product_video_training?post=65880"}],"curies":[{"name":"wp","href":"https:\/\/api.w.org\/{rel}","templated":true}]}}