{"id":67622,"date":"2026-04-24T08:18:25","date_gmt":"2026-04-24T08:18:25","guid":{"rendered":"https:\/\/www.teka.com\/es-pe\/producto\/gzc-31330_112570002\/"},"modified":"2026-03-14T06:06:22","modified_gmt":"2026-03-14T07:06:22","slug":"gzc-31330_112570002","status":"publish","type":"product","link":"https:\/\/www.teka.com\/es-pe\/producto\/gzc-31330_112570002\/","title":{"rendered":"GZC 31330"},"content":{"rendered":"<ul>\n<li>CristalGas Exact Flame con bisel frontal<\/li>\n<li>Mandos frontales de dise\u00f1o ergon\u00f3mico<\/li>\n<li>Superficie de vidrio cer\u00e1mico<\/li>\n<li>9 niveles de potencia con un control exacto de la llama<\/li>\n<li>1 quemador de doble anillo, 4,00 kW<\/li>\n<\/ul>\n","protected":false},"featured_media":0,"parent":0,"template":"","product_cat":[3574],"product_cleaning_system":[],"product_3rd_basket":[],"product_drawers":[],"product_type_of_installation":[],"product_edition":[],"product_serie":[],"product_features":[],"finishes":[],"product_bundles":[],"product_energy_efficiency":[],"product_video_training":[],"class_list":["post-67622","product","type-product","status-publish","hentry","product_cat-encimeras","usp-variopro-01","usp-gas-01","usp-gas-02","usp-gas-03","usp-gas-05","usp-gas-07","usp-cookinglovers-01","usp-gas-08","usp-award-06","color-negro","product_type_of_appliance-gas","product_ambient-variopro-01","product_ambient-urban-colors-01","product_ambient-urban-colors-02","product_ambient-urban-colors-03","product_ambient-ambient-13","product_icons-exactflame","product_icons-easy-installation","product_icons-auto-ignition","product_icons-autolock"],"acf":[],"yoast_head":"<!-- This site is optimized with the Yoast SEO plugin v27.2 - https:\/\/yoast.com\/product\/yoast-seo-wordpress\/ -->\n<title>Placa Cristal Gas GZC 31330 XBN - VarioPro Series | Teka Per\u00fa<\/title>\n<meta name=\"description\" content=\"Placa Teka de gas en cristal cer\u00e1mico negro. Mandos frontales de dise\u00f1o ergon\u00f3mico y ExactFlame con 9 niveles de potencia. Placa modular peque\u00f1a de 30 cm de ancho.\" \/>\n<meta name=\"robots\" content=\"index, follow, max-snippet:-1, max-image-preview:large, max-video-preview:-1\" \/>\n<link rel=\"canonical\" href=\"https:\/\/www.teka.com\/es-pe\/producto\/gzc-31330_112570002\/\" \/>\n<meta property=\"og:locale\" content=\"es_ES\" \/>\n<meta property=\"og:type\" content=\"article\" \/>\n<meta property=\"og:title\" content=\"Placa Cristal Gas GZC 31330 XBN - VarioPro Series | Teka Per\u00fa\" \/>\n<meta property=\"og:description\" content=\"Placa Teka de gas en cristal cer\u00e1mico negro. Mandos frontales de dise\u00f1o ergon\u00f3mico y ExactFlame con 9 niveles de potencia. Placa modular peque\u00f1a de 30 cm de ancho.\" \/>\n<meta property=\"og:url\" content=\"https:\/\/www.teka.com\/es-pe\/producto\/gzc-31330_112570002\/\" \/>\n<meta property=\"og:site_name\" content=\"Teka Per\u00fa\" \/>\n<meta name=\"twitter:card\" content=\"summary_large_image\" \/>\n<script type=\"application\/ld+json\" class=\"yoast-schema-graph\">{\"@context\":\"https:\/\/schema.org\",\"@graph\":[{\"@type\":\"WebPage\",\"@id\":\"https:\/\/www.teka.com\/es-pe\/producto\/gzc-31330_112570002\/\",\"url\":\"https:\/\/www.teka.com\/es-pe\/producto\/gzc-31330_112570002\/\",\"name\":\"Placa Cristal Gas GZC 31330 XBN - VarioPro Series | Teka Per\u00fa\",\"isPartOf\":{\"@id\":\"https:\/\/www.teka.com\/es-pe\/#website\"},\"datePublished\":\"2026-04-24T08:18:25+00:00\",\"description\":\"Placa Teka de gas en cristal cer\u00e1mico negro. Mandos frontales de dise\u00f1o ergon\u00f3mico y ExactFlame con 9 niveles de potencia. Placa modular peque\u00f1a de 30 cm de ancho.\",\"inLanguage\":\"es\",\"potentialAction\":[{\"@type\":\"ReadAction\",\"target\":[\"https:\/\/www.teka.com\/es-pe\/producto\/gzc-31330_112570002\/\"]}]},{\"@type\":\"WebSite\",\"@id\":\"https:\/\/www.teka.com\/es-pe\/#website\",\"url\":\"https:\/\/www.teka.com\/es-pe\/\",\"name\":\"Teka Per\u00fa\",\"description\":\"Teka Per\u00fa Descubre lo mejor en electrodom\u00e9sticos, lavaderos, grifer\u00edas y m\u00e1s con calidad europea.\",\"publisher\":{\"@id\":\"https:\/\/www.teka.com\/es-pe\/#organization\"},\"potentialAction\":[{\"@type\":\"SearchAction\",\"target\":{\"@type\":\"EntryPoint\",\"urlTemplate\":\"https:\/\/www.teka.com\/es-pe\/?s={search_term_string}\"},\"query-input\":{\"@type\":\"PropertyValueSpecification\",\"valueRequired\":true,\"valueName\":\"search_term_string\"}}],\"inLanguage\":\"es\"},{\"@type\":\"Organization\",\"@id\":\"https:\/\/www.teka.com\/es-pe\/#organization\",\"name\":\"Teka Per\u00fa\",\"url\":\"https:\/\/www.teka.com\/es-pe\/\",\"logo\":{\"@type\":\"ImageObject\",\"inLanguage\":\"es\",\"@id\":\"https:\/\/www.teka.com\/es-pe\/#\/schema\/logo\/image\/\",\"url\":\"https:\/\/www.teka.com\/es-pe\/wp-content\/uploads\/sites\/26\/2018\/10\/404-teka.png\",\"contentUrl\":\"https:\/\/www.teka.com\/es-pe\/wp-content\/uploads\/sites\/26\/2018\/10\/404-teka.png\",\"width\":200,\"height\":200,\"caption\":\"Teka Per\u00fa\"},\"image\":{\"@id\":\"https:\/\/www.teka.com\/es-pe\/#\/schema\/logo\/image\/\"}}]}<\/script>\n<!-- \/ Yoast SEO plugin. -->","yoast_head_json":{"title":"Placa Cristal Gas GZC 31330 XBN - VarioPro Series | Teka Per\u00fa","description":"Placa Teka de gas en cristal cer\u00e1mico negro. Mandos frontales de dise\u00f1o ergon\u00f3mico y ExactFlame con 9 niveles de potencia. Placa modular peque\u00f1a de 30 cm de ancho.","robots":{"index":"index","follow":"follow","max-snippet":"max-snippet:-1","max-image-preview":"max-image-preview:large","max-video-preview":"max-video-preview:-1"},"canonical":"https:\/\/www.teka.com\/es-pe\/producto\/gzc-31330_112570002\/","og_locale":"es_ES","og_type":"article","og_title":"Placa Cristal Gas GZC 31330 XBN - VarioPro Series | Teka Per\u00fa","og_description":"Placa Teka de gas en cristal cer\u00e1mico negro. Mandos frontales de dise\u00f1o ergon\u00f3mico y ExactFlame con 9 niveles de potencia. Placa modular peque\u00f1a de 30 cm de ancho.","og_url":"https:\/\/www.teka.com\/es-pe\/producto\/gzc-31330_112570002\/","og_site_name":"Teka Per\u00fa","twitter_card":"summary_large_image","schema":{"@context":"https:\/\/schema.org","@graph":[{"@type":"WebPage","@id":"https:\/\/www.teka.com\/es-pe\/producto\/gzc-31330_112570002\/","url":"https:\/\/www.teka.com\/es-pe\/producto\/gzc-31330_112570002\/","name":"Placa Cristal Gas GZC 31330 XBN - VarioPro Series | Teka Per\u00fa","isPartOf":{"@id":"https:\/\/www.teka.com\/es-pe\/#website"},"datePublished":"2026-04-24T08:18:25+00:00","description":"Placa Teka de gas en cristal cer\u00e1mico negro. Mandos frontales de dise\u00f1o ergon\u00f3mico y ExactFlame con 9 niveles de potencia. Placa modular peque\u00f1a de 30 cm de ancho.","inLanguage":"es","potentialAction":[{"@type":"ReadAction","target":["https:\/\/www.teka.com\/es-pe\/producto\/gzc-31330_112570002\/"]}]},{"@type":"WebSite","@id":"https:\/\/www.teka.com\/es-pe\/#website","url":"https:\/\/www.teka.com\/es-pe\/","name":"Teka Per\u00fa","description":"Teka Per\u00fa Descubre lo mejor en electrodom\u00e9sticos, lavaderos, grifer\u00edas y m\u00e1s con calidad europea.","publisher":{"@id":"https:\/\/www.teka.com\/es-pe\/#organization"},"potentialAction":[{"@type":"SearchAction","target":{"@type":"EntryPoint","urlTemplate":"https:\/\/www.teka.com\/es-pe\/?s={search_term_string}"},"query-input":{"@type":"PropertyValueSpecification","valueRequired":true,"valueName":"search_term_string"}}],"inLanguage":"es"},{"@type":"Organization","@id":"https:\/\/www.teka.com\/es-pe\/#organization","name":"Teka Per\u00fa","url":"https:\/\/www.teka.com\/es-pe\/","logo":{"@type":"ImageObject","inLanguage":"es","@id":"https:\/\/www.teka.com\/es-pe\/#\/schema\/logo\/image\/","url":"https:\/\/www.teka.com\/es-pe\/wp-content\/uploads\/sites\/26\/2018\/10\/404-teka.png","contentUrl":"https:\/\/www.teka.com\/es-pe\/wp-content\/uploads\/sites\/26\/2018\/10\/404-teka.png","width":200,"height":200,"caption":"Teka Per\u00fa"},"image":{"@id":"https:\/\/www.teka.com\/es-pe\/#\/schema\/logo\/image\/"}}]}},"_links":{"self":[{"href":"https:\/\/www.teka.com\/es-pe\/wp-json\/wp\/v2\/product\/67622","targetHints":{"allow":["GET"]}}],"collection":[{"href":"https:\/\/www.teka.com\/es-pe\/wp-json\/wp\/v2\/product"}],"about":[{"href":"https:\/\/www.teka.com\/es-pe\/wp-json\/wp\/v2\/types\/product"}],"wp:attachment":[{"href":"https:\/\/www.teka.com\/es-pe\/wp-json\/wp\/v2\/media?parent=67622"}],"wp:term":[{"taxonomy":"product_cat","embeddable":true,"href":"https:\/\/www.teka.com\/es-pe\/wp-json\/wp\/v2\/product_cat?post=67622"},{"taxonomy":"product_cleaning_system","embeddable":true,"href":"https:\/\/www.teka.com\/es-pe\/wp-json\/wp\/v2\/product_cleaning_system?post=67622"},{"taxonomy":"product_3rd_basket","embeddable":true,"href":"https:\/\/www.teka.com\/es-pe\/wp-json\/wp\/v2\/product_3rd_basket?post=67622"},{"taxonomy":"product_drawers","embeddable":true,"href":"https:\/\/www.teka.com\/es-pe\/wp-json\/wp\/v2\/product_drawers?post=67622"},{"taxonomy":"product_type_of_installation","embeddable":true,"href":"https:\/\/www.teka.com\/es-pe\/wp-json\/wp\/v2\/product_type_of_installation?post=67622"},{"taxonomy":"product_edition","embeddable":true,"href":"https:\/\/www.teka.com\/es-pe\/wp-json\/wp\/v2\/product_edition?post=67622"},{"taxonomy":"product_serie","embeddable":true,"href":"https:\/\/www.teka.com\/es-pe\/wp-json\/wp\/v2\/product_serie?post=67622"},{"taxonomy":"product_features","embeddable":true,"href":"https:\/\/www.teka.com\/es-pe\/wp-json\/wp\/v2\/product_features?post=67622"},{"taxonomy":"finishes","embeddable":true,"href":"https:\/\/www.teka.com\/es-pe\/wp-json\/wp\/v2\/finishes?post=67622"},{"taxonomy":"product_bundles","embeddable":true,"href":"https:\/\/www.teka.com\/es-pe\/wp-json\/wp\/v2\/product_bundles?post=67622"},{"taxonomy":"product_energy_efficiency","embeddable":true,"href":"https:\/\/www.teka.com\/es-pe\/wp-json\/wp\/v2\/product_energy_efficiency?post=67622"},{"taxonomy":"product_video_training","embeddable":true,"href":"https:\/\/www.teka.com\/es-pe\/wp-json\/wp\/v2\/product_video_training?post=67622"}],"curies":[{"name":"wp","href":"https:\/\/api.w.org\/{rel}","templated":true}]}}