{"id":69066,"date":"2026-04-03T20:39:11","date_gmt":"2026-04-03T20:39:11","guid":{"rendered":"https:\/\/teka.com\/es-cl\/accesorio-bano_188330067"},"modified":"2026-03-14T07:36:02","modified_gmt":"2026-03-14T08:36:02","slug":"accesorio-bano_188330067","status":"publish","type":"product","link":"https:\/\/www.teka.com\/es-pe\/producto\/accesorio-bano_188330067\/","title":{"rendered":"Accesorio Ba\u00f1o"},"content":{"rendered":"<ul>\n<li>KIT Mueble 60cm 2C + Espejo + foco led + lavabo Glossy White SIN DESAG\u00dcE<\/li>\n<\/ul>\n","protected":false},"featured_media":0,"parent":0,"template":"","product_cat":[],"product_cleaning_system":[],"product_3rd_basket":[],"product_drawers":[],"product_type_of_installation":[],"product_edition":[],"product_serie":[],"product_features":[],"finishes":[],"product_bundles":[],"product_energy_efficiency":[],"product_video_training":[],"class_list":["post-69066","product","type-product","status-publish","hentry"],"acf":[],"yoast_head":"<!-- This site is optimized with the Yoast SEO plugin v27.2 - https:\/\/yoast.com\/product\/yoast-seo-wordpress\/ -->\n<title>Accesorio Ba\u00f1o | Teka Per\u00fa<\/title>\n<meta name=\"robots\" content=\"index, follow, max-snippet:-1, max-image-preview:large, max-video-preview:-1\" \/>\n<link rel=\"canonical\" href=\"https:\/\/www.teka.com\/es-pe\/producto\/accesorio-bano_188330067\/\" \/>\n<meta property=\"og:locale\" content=\"es_ES\" \/>\n<meta property=\"og:type\" content=\"article\" \/>\n<meta property=\"og:title\" content=\"Accesorio Ba\u00f1o | Teka Per\u00fa\" \/>\n<meta property=\"og:description\" content=\"KIT Mueble 60cm 2C + Espejo + foco led + lavabo Glossy White SIN DESAG\u00dcE\" \/>\n<meta property=\"og:url\" content=\"https:\/\/www.teka.com\/es-pe\/producto\/accesorio-bano_188330067\/\" \/>\n<meta property=\"og:site_name\" content=\"Teka Per\u00fa\" \/>\n<meta name=\"twitter:card\" content=\"summary_large_image\" \/>\n<script type=\"application\/ld+json\" class=\"yoast-schema-graph\">{\"@context\":\"https:\/\/schema.org\",\"@graph\":[{\"@type\":\"WebPage\",\"@id\":\"https:\/\/www.teka.com\/es-pe\/producto\/accesorio-bano_188330067\/\",\"url\":\"https:\/\/www.teka.com\/es-pe\/producto\/accesorio-bano_188330067\/\",\"name\":\"Accesorio Ba\u00f1o | Teka Per\u00fa\",\"isPartOf\":{\"@id\":\"https:\/\/www.teka.com\/es-pe\/#website\"},\"datePublished\":\"2026-04-03T20:39:11+00:00\",\"inLanguage\":\"es\",\"potentialAction\":[{\"@type\":\"ReadAction\",\"target\":[\"https:\/\/www.teka.com\/es-pe\/producto\/accesorio-bano_188330067\/\"]}]},{\"@type\":\"WebSite\",\"@id\":\"https:\/\/www.teka.com\/es-pe\/#website\",\"url\":\"https:\/\/www.teka.com\/es-pe\/\",\"name\":\"Teka Per\u00fa\",\"description\":\"Teka Per\u00fa Descubre lo mejor en electrodom\u00e9sticos, lavaderos, grifer\u00edas y m\u00e1s con calidad europea.\",\"publisher\":{\"@id\":\"https:\/\/www.teka.com\/es-pe\/#organization\"},\"potentialAction\":[{\"@type\":\"SearchAction\",\"target\":{\"@type\":\"EntryPoint\",\"urlTemplate\":\"https:\/\/www.teka.com\/es-pe\/?s={search_term_string}\"},\"query-input\":{\"@type\":\"PropertyValueSpecification\",\"valueRequired\":true,\"valueName\":\"search_term_string\"}}],\"inLanguage\":\"es\"},{\"@type\":\"Organization\",\"@id\":\"https:\/\/www.teka.com\/es-pe\/#organization\",\"name\":\"Teka Per\u00fa\",\"url\":\"https:\/\/www.teka.com\/es-pe\/\",\"logo\":{\"@type\":\"ImageObject\",\"inLanguage\":\"es\",\"@id\":\"https:\/\/www.teka.com\/es-pe\/#\/schema\/logo\/image\/\",\"url\":\"https:\/\/www.teka.com\/es-pe\/wp-content\/uploads\/sites\/26\/2018\/10\/404-teka.png\",\"contentUrl\":\"https:\/\/www.teka.com\/es-pe\/wp-content\/uploads\/sites\/26\/2018\/10\/404-teka.png\",\"width\":200,\"height\":200,\"caption\":\"Teka Per\u00fa\"},\"image\":{\"@id\":\"https:\/\/www.teka.com\/es-pe\/#\/schema\/logo\/image\/\"}}]}<\/script>\n<!-- \/ Yoast SEO plugin. -->","yoast_head_json":{"title":"Accesorio Ba\u00f1o | Teka Per\u00fa","robots":{"index":"index","follow":"follow","max-snippet":"max-snippet:-1","max-image-preview":"max-image-preview:large","max-video-preview":"max-video-preview:-1"},"canonical":"https:\/\/www.teka.com\/es-pe\/producto\/accesorio-bano_188330067\/","og_locale":"es_ES","og_type":"article","og_title":"Accesorio Ba\u00f1o | Teka Per\u00fa","og_description":"KIT Mueble 60cm 2C + Espejo + foco led + lavabo Glossy White SIN DESAG\u00dcE","og_url":"https:\/\/www.teka.com\/es-pe\/producto\/accesorio-bano_188330067\/","og_site_name":"Teka Per\u00fa","twitter_card":"summary_large_image","schema":{"@context":"https:\/\/schema.org","@graph":[{"@type":"WebPage","@id":"https:\/\/www.teka.com\/es-pe\/producto\/accesorio-bano_188330067\/","url":"https:\/\/www.teka.com\/es-pe\/producto\/accesorio-bano_188330067\/","name":"Accesorio Ba\u00f1o | Teka Per\u00fa","isPartOf":{"@id":"https:\/\/www.teka.com\/es-pe\/#website"},"datePublished":"2026-04-03T20:39:11+00:00","inLanguage":"es","potentialAction":[{"@type":"ReadAction","target":["https:\/\/www.teka.com\/es-pe\/producto\/accesorio-bano_188330067\/"]}]},{"@type":"WebSite","@id":"https:\/\/www.teka.com\/es-pe\/#website","url":"https:\/\/www.teka.com\/es-pe\/","name":"Teka Per\u00fa","description":"Teka Per\u00fa Descubre lo mejor en electrodom\u00e9sticos, lavaderos, grifer\u00edas y m\u00e1s con calidad europea.","publisher":{"@id":"https:\/\/www.teka.com\/es-pe\/#organization"},"potentialAction":[{"@type":"SearchAction","target":{"@type":"EntryPoint","urlTemplate":"https:\/\/www.teka.com\/es-pe\/?s={search_term_string}"},"query-input":{"@type":"PropertyValueSpecification","valueRequired":true,"valueName":"search_term_string"}}],"inLanguage":"es"},{"@type":"Organization","@id":"https:\/\/www.teka.com\/es-pe\/#organization","name":"Teka Per\u00fa","url":"https:\/\/www.teka.com\/es-pe\/","logo":{"@type":"ImageObject","inLanguage":"es","@id":"https:\/\/www.teka.com\/es-pe\/#\/schema\/logo\/image\/","url":"https:\/\/www.teka.com\/es-pe\/wp-content\/uploads\/sites\/26\/2018\/10\/404-teka.png","contentUrl":"https:\/\/www.teka.com\/es-pe\/wp-content\/uploads\/sites\/26\/2018\/10\/404-teka.png","width":200,"height":200,"caption":"Teka Per\u00fa"},"image":{"@id":"https:\/\/www.teka.com\/es-pe\/#\/schema\/logo\/image\/"}}]}},"_links":{"self":[{"href":"https:\/\/www.teka.com\/es-pe\/wp-json\/wp\/v2\/product\/69066","targetHints":{"allow":["GET"]}}],"collection":[{"href":"https:\/\/www.teka.com\/es-pe\/wp-json\/wp\/v2\/product"}],"about":[{"href":"https:\/\/www.teka.com\/es-pe\/wp-json\/wp\/v2\/types\/product"}],"wp:attachment":[{"href":"https:\/\/www.teka.com\/es-pe\/wp-json\/wp\/v2\/media?parent=69066"}],"wp:term":[{"taxonomy":"product_cat","embeddable":true,"href":"https:\/\/www.teka.com\/es-pe\/wp-json\/wp\/v2\/product_cat?post=69066"},{"taxonomy":"product_cleaning_system","embeddable":true,"href":"https:\/\/www.teka.com\/es-pe\/wp-json\/wp\/v2\/product_cleaning_system?post=69066"},{"taxonomy":"product_3rd_basket","embeddable":true,"href":"https:\/\/www.teka.com\/es-pe\/wp-json\/wp\/v2\/product_3rd_basket?post=69066"},{"taxonomy":"product_drawers","embeddable":true,"href":"https:\/\/www.teka.com\/es-pe\/wp-json\/wp\/v2\/product_drawers?post=69066"},{"taxonomy":"product_type_of_installation","embeddable":true,"href":"https:\/\/www.teka.com\/es-pe\/wp-json\/wp\/v2\/product_type_of_installation?post=69066"},{"taxonomy":"product_edition","embeddable":true,"href":"https:\/\/www.teka.com\/es-pe\/wp-json\/wp\/v2\/product_edition?post=69066"},{"taxonomy":"product_serie","embeddable":true,"href":"https:\/\/www.teka.com\/es-pe\/wp-json\/wp\/v2\/product_serie?post=69066"},{"taxonomy":"product_features","embeddable":true,"href":"https:\/\/www.teka.com\/es-pe\/wp-json\/wp\/v2\/product_features?post=69066"},{"taxonomy":"finishes","embeddable":true,"href":"https:\/\/www.teka.com\/es-pe\/wp-json\/wp\/v2\/finishes?post=69066"},{"taxonomy":"product_bundles","embeddable":true,"href":"https:\/\/www.teka.com\/es-pe\/wp-json\/wp\/v2\/product_bundles?post=69066"},{"taxonomy":"product_energy_efficiency","embeddable":true,"href":"https:\/\/www.teka.com\/es-pe\/wp-json\/wp\/v2\/product_energy_efficiency?post=69066"},{"taxonomy":"product_video_training","embeddable":true,"href":"https:\/\/www.teka.com\/es-pe\/wp-json\/wp\/v2\/product_video_training?post=69066"}],"curies":[{"name":"wp","href":"https:\/\/api.w.org\/{rel}","templated":true}]}}