{"id":69331,"date":"2026-04-03T20:37:47","date_gmt":"2026-04-03T20:37:47","guid":{"rendered":"https:\/\/teka.com\/pt-pt\/izf-68700-mst_112500037"},"modified":"2026-03-14T07:33:14","modified_gmt":"2026-03-14T08:33:14","slug":"izf-68700-mst_112500037","status":"publish","type":"product","link":"https:\/\/www.teka.com\/es-pe\/producto\/izf-68700-mst_112500037\/","title":{"rendered":"DirectSense IZF 68700 MST"},"content":{"rendered":"<ul>\n<li>Cristal vitrocer\u00e1mico biselado frontal Quartzium Ceran<\/li>\n<li>Touch Control Multislider Pro con sensores ac\u00fasticos<\/li>\n<li>7 Zonas de cocinado 7,400 W<\/li>\n<li>Programaci\u00f3n del tiempo de cocci\u00f3n<\/li>\n<li>Funciones especiales de cocinado iCooking: Poaching, Confit, Rice Cooking, Grilling, Deep frying, Pan frying, iQuick Boiling, simmering, melting y keep warm<\/li>\n<li>Funci\u00f3n STOP &amp; GO y POWER PLUS<\/li>\n<\/ul>\n","protected":false},"featured_media":0,"parent":0,"template":"","product_cat":[3574],"product_cleaning_system":[],"product_3rd_basket":[],"product_drawers":[],"product_type_of_installation":[],"product_edition":[],"product_serie":[],"product_features":[60358,60359,60360,60361,60384,60385,60386,60387,60388,60389],"finishes":[],"product_bundles":[],"product_energy_efficiency":[],"product_video_training":[61011,61017,61019,61022,61024,61025,61027,61028,61030,61033,61198],"class_list":["post-69331","product","type-product","status-publish","hentry","product_cat-encimeras","usp-induction-02","usp-induction-03","usp-induction-04","usp-induction-05","usp-induction-06","usp-induction-07","usp-induction-08","usp-induction-10","usp-productoftheyear-03","color-cristal-negro","product_type_of_appliance-induccion","product_ambient-urban-colors-01","product_ambient-urban-colors-02","product_ambient-urban-colors-03","product_ambient-ambient-11","product_icons-easy-installation","product_icons-autolock","product_icons-multislider","product_icons-power","product_icons-power-plus","product_features-quick-boiling","product_features-keep-warm","product_features-simmering","product_features-melting","product_features-grilling","product_features-pan-frying","product_features-deep-fry","product_features-confit","product_features-poach","product_features-rice-cook","product_video_training-traininghobs-01","product_video_training-traininghobs-02","product_video_training-traininghobs-04","product_video_training-traininghobs-05","product_video_training-traininghobs-06","product_video_training-traininghobs-07","product_video_training-traininghobs-08","product_video_training-traininghobs-09","product_video_training-traininghobs-10","product_video_training-traininghobs-11","product_video_training-traininghobs-14"],"acf":[],"yoast_head":"<!-- This site is optimized with the Yoast SEO plugin v27.2 - https:\/\/yoast.com\/product\/yoast-seo-wordpress\/ -->\n<title>DirectSense IZF 68700 MST | Teka Per\u00fa<\/title>\n<meta name=\"robots\" content=\"index, follow, max-snippet:-1, max-image-preview:large, max-video-preview:-1\" \/>\n<link rel=\"canonical\" href=\"https:\/\/www.teka.com\/es-pe\/producto\/izf-68700-mst_112500037\/\" \/>\n<meta property=\"og:locale\" content=\"es_ES\" \/>\n<meta property=\"og:type\" content=\"article\" \/>\n<meta property=\"og:title\" content=\"DirectSense IZF 68700 MST | Teka Per\u00fa\" \/>\n<meta property=\"og:description\" content=\"Cristal vitrocer\u00e1mico biselado frontal Quartzium Ceran Touch Control Multislider Pro con sensores ac\u00fasticos 7 Zonas de cocinado 7,400 W Programaci\u00f3n del tiempo de cocci\u00f3n Funciones especiales de cocinado iCooking: Poaching, Confit, Rice Cooking, Grilling, Deep frying, Pan frying, iQuick Boiling, simmering, melting y keep warm Funci\u00f3n STOP &amp; GO y POWER PLUS\" \/>\n<meta property=\"og:url\" content=\"https:\/\/www.teka.com\/es-pe\/producto\/izf-68700-mst_112500037\/\" \/>\n<meta property=\"og:site_name\" content=\"Teka Per\u00fa\" \/>\n<meta name=\"twitter:card\" content=\"summary_large_image\" \/>\n<script type=\"application\/ld+json\" class=\"yoast-schema-graph\">{\"@context\":\"https:\/\/schema.org\",\"@graph\":[{\"@type\":\"WebPage\",\"@id\":\"https:\/\/www.teka.com\/es-pe\/producto\/izf-68700-mst_112500037\/\",\"url\":\"https:\/\/www.teka.com\/es-pe\/producto\/izf-68700-mst_112500037\/\",\"name\":\"DirectSense IZF 68700 MST | Teka Per\u00fa\",\"isPartOf\":{\"@id\":\"https:\/\/www.teka.com\/es-pe\/#website\"},\"datePublished\":\"2026-04-03T20:37:47+00:00\",\"inLanguage\":\"es\",\"potentialAction\":[{\"@type\":\"ReadAction\",\"target\":[\"https:\/\/www.teka.com\/es-pe\/producto\/izf-68700-mst_112500037\/\"]}]},{\"@type\":\"WebSite\",\"@id\":\"https:\/\/www.teka.com\/es-pe\/#website\",\"url\":\"https:\/\/www.teka.com\/es-pe\/\",\"name\":\"Teka Per\u00fa\",\"description\":\"Teka Per\u00fa Descubre lo mejor en electrodom\u00e9sticos, lavaderos, grifer\u00edas y m\u00e1s con calidad europea.\",\"publisher\":{\"@id\":\"https:\/\/www.teka.com\/es-pe\/#organization\"},\"potentialAction\":[{\"@type\":\"SearchAction\",\"target\":{\"@type\":\"EntryPoint\",\"urlTemplate\":\"https:\/\/www.teka.com\/es-pe\/?s={search_term_string}\"},\"query-input\":{\"@type\":\"PropertyValueSpecification\",\"valueRequired\":true,\"valueName\":\"search_term_string\"}}],\"inLanguage\":\"es\"},{\"@type\":\"Organization\",\"@id\":\"https:\/\/www.teka.com\/es-pe\/#organization\",\"name\":\"Teka Per\u00fa\",\"url\":\"https:\/\/www.teka.com\/es-pe\/\",\"logo\":{\"@type\":\"ImageObject\",\"inLanguage\":\"es\",\"@id\":\"https:\/\/www.teka.com\/es-pe\/#\/schema\/logo\/image\/\",\"url\":\"https:\/\/www.teka.com\/es-pe\/wp-content\/uploads\/sites\/26\/2018\/10\/404-teka.png\",\"contentUrl\":\"https:\/\/www.teka.com\/es-pe\/wp-content\/uploads\/sites\/26\/2018\/10\/404-teka.png\",\"width\":200,\"height\":200,\"caption\":\"Teka Per\u00fa\"},\"image\":{\"@id\":\"https:\/\/www.teka.com\/es-pe\/#\/schema\/logo\/image\/\"}}]}<\/script>\n<!-- \/ Yoast SEO plugin. -->","yoast_head_json":{"title":"DirectSense IZF 68700 MST | Teka Per\u00fa","robots":{"index":"index","follow":"follow","max-snippet":"max-snippet:-1","max-image-preview":"max-image-preview:large","max-video-preview":"max-video-preview:-1"},"canonical":"https:\/\/www.teka.com\/es-pe\/producto\/izf-68700-mst_112500037\/","og_locale":"es_ES","og_type":"article","og_title":"DirectSense IZF 68700 MST | Teka Per\u00fa","og_description":"Cristal vitrocer\u00e1mico biselado frontal Quartzium Ceran Touch Control Multislider Pro con sensores ac\u00fasticos 7 Zonas de cocinado 7,400 W Programaci\u00f3n del tiempo de cocci\u00f3n Funciones especiales de cocinado iCooking: Poaching, Confit, Rice Cooking, Grilling, Deep frying, Pan frying, iQuick Boiling, simmering, melting y keep warm Funci\u00f3n STOP &amp; GO y POWER PLUS","og_url":"https:\/\/www.teka.com\/es-pe\/producto\/izf-68700-mst_112500037\/","og_site_name":"Teka Per\u00fa","twitter_card":"summary_large_image","schema":{"@context":"https:\/\/schema.org","@graph":[{"@type":"WebPage","@id":"https:\/\/www.teka.com\/es-pe\/producto\/izf-68700-mst_112500037\/","url":"https:\/\/www.teka.com\/es-pe\/producto\/izf-68700-mst_112500037\/","name":"DirectSense IZF 68700 MST | Teka Per\u00fa","isPartOf":{"@id":"https:\/\/www.teka.com\/es-pe\/#website"},"datePublished":"2026-04-03T20:37:47+00:00","inLanguage":"es","potentialAction":[{"@type":"ReadAction","target":["https:\/\/www.teka.com\/es-pe\/producto\/izf-68700-mst_112500037\/"]}]},{"@type":"WebSite","@id":"https:\/\/www.teka.com\/es-pe\/#website","url":"https:\/\/www.teka.com\/es-pe\/","name":"Teka Per\u00fa","description":"Teka Per\u00fa Descubre lo mejor en electrodom\u00e9sticos, lavaderos, grifer\u00edas y m\u00e1s con calidad europea.","publisher":{"@id":"https:\/\/www.teka.com\/es-pe\/#organization"},"potentialAction":[{"@type":"SearchAction","target":{"@type":"EntryPoint","urlTemplate":"https:\/\/www.teka.com\/es-pe\/?s={search_term_string}"},"query-input":{"@type":"PropertyValueSpecification","valueRequired":true,"valueName":"search_term_string"}}],"inLanguage":"es"},{"@type":"Organization","@id":"https:\/\/www.teka.com\/es-pe\/#organization","name":"Teka Per\u00fa","url":"https:\/\/www.teka.com\/es-pe\/","logo":{"@type":"ImageObject","inLanguage":"es","@id":"https:\/\/www.teka.com\/es-pe\/#\/schema\/logo\/image\/","url":"https:\/\/www.teka.com\/es-pe\/wp-content\/uploads\/sites\/26\/2018\/10\/404-teka.png","contentUrl":"https:\/\/www.teka.com\/es-pe\/wp-content\/uploads\/sites\/26\/2018\/10\/404-teka.png","width":200,"height":200,"caption":"Teka Per\u00fa"},"image":{"@id":"https:\/\/www.teka.com\/es-pe\/#\/schema\/logo\/image\/"}}]}},"_links":{"self":[{"href":"https:\/\/www.teka.com\/es-pe\/wp-json\/wp\/v2\/product\/69331","targetHints":{"allow":["GET"]}}],"collection":[{"href":"https:\/\/www.teka.com\/es-pe\/wp-json\/wp\/v2\/product"}],"about":[{"href":"https:\/\/www.teka.com\/es-pe\/wp-json\/wp\/v2\/types\/product"}],"wp:attachment":[{"href":"https:\/\/www.teka.com\/es-pe\/wp-json\/wp\/v2\/media?parent=69331"}],"wp:term":[{"taxonomy":"product_cat","embeddable":true,"href":"https:\/\/www.teka.com\/es-pe\/wp-json\/wp\/v2\/product_cat?post=69331"},{"taxonomy":"product_cleaning_system","embeddable":true,"href":"https:\/\/www.teka.com\/es-pe\/wp-json\/wp\/v2\/product_cleaning_system?post=69331"},{"taxonomy":"product_3rd_basket","embeddable":true,"href":"https:\/\/www.teka.com\/es-pe\/wp-json\/wp\/v2\/product_3rd_basket?post=69331"},{"taxonomy":"product_drawers","embeddable":true,"href":"https:\/\/www.teka.com\/es-pe\/wp-json\/wp\/v2\/product_drawers?post=69331"},{"taxonomy":"product_type_of_installation","embeddable":true,"href":"https:\/\/www.teka.com\/es-pe\/wp-json\/wp\/v2\/product_type_of_installation?post=69331"},{"taxonomy":"product_edition","embeddable":true,"href":"https:\/\/www.teka.com\/es-pe\/wp-json\/wp\/v2\/product_edition?post=69331"},{"taxonomy":"product_serie","embeddable":true,"href":"https:\/\/www.teka.com\/es-pe\/wp-json\/wp\/v2\/product_serie?post=69331"},{"taxonomy":"product_features","embeddable":true,"href":"https:\/\/www.teka.com\/es-pe\/wp-json\/wp\/v2\/product_features?post=69331"},{"taxonomy":"finishes","embeddable":true,"href":"https:\/\/www.teka.com\/es-pe\/wp-json\/wp\/v2\/finishes?post=69331"},{"taxonomy":"product_bundles","embeddable":true,"href":"https:\/\/www.teka.com\/es-pe\/wp-json\/wp\/v2\/product_bundles?post=69331"},{"taxonomy":"product_energy_efficiency","embeddable":true,"href":"https:\/\/www.teka.com\/es-pe\/wp-json\/wp\/v2\/product_energy_efficiency?post=69331"},{"taxonomy":"product_video_training","embeddable":true,"href":"https:\/\/www.teka.com\/es-pe\/wp-json\/wp\/v2\/product_video_training?post=69331"}],"curies":[{"name":"wp","href":"https:\/\/api.w.org\/{rel}","templated":true}]}}