{"id":70320,"date":"2026-05-05T14:05:43","date_gmt":"2026-05-05T14:05:43","guid":{"rendered":"https:\/\/teka.com\/en-int\/mastersense-air-aff-87601-mst_112730000"},"modified":"2026-05-04T01:21:13","modified_gmt":"2026-05-04T02:21:13","slug":"mastersense-air-aff-87601-mst_112730000","status":"publish","type":"product","link":"https:\/\/www.teka.com\/es-pe\/producto\/mastersense-air-aff-87601-mst_112730000\/","title":{"rendered":"MasterSense Air AFF 87601 MST"},"content":{"rendered":"<ul>\n<li>Incluye 6 zonas de inducci\u00f3n (4 + 2 Flex combinadas)<\/li>\n<li>Renueva el aire de tu cocina durante 24hrs con la funci\u00f3n autom\u00e1tica FreshAir<\/li>\n<li>Touch Control MultiSlider para un control independiente de cada zona de cocinado<\/li>\n<li>8 funciones directas para cocinar de forma intuitiva<\/li>\n<li>Sistema EasyClean Collector que facilita la limpieza del extractor<\/li>\n<\/ul>\n","protected":false},"featured_media":0,"parent":0,"template":"","product_cat":[3574],"product_cleaning_system":[],"product_3rd_basket":[],"product_drawers":[],"product_type_of_installation":[],"product_edition":[],"product_serie":[],"product_features":[60359,60360,60361,60362,60384,60385,60386,60387,60388],"finishes":[],"product_bundles":[],"product_energy_efficiency":[60953],"product_video_training":[61011,61017,61019,61022,61024,61025,61027,61028,61033],"class_list":["post-70320","product","type-product","status-publish","hentry","product_cat-encimeras","usp-induction-01","usp-induction-02","usp-induction-03","usp-induction-04","usp-induction-05","usp-induction-06","usp-induction-07","usp-induction-10","usp-induction-17","usp-tekahome-08","usp-cookinglovers-01","usp-hobs-09","usp-hobs-11","color-negro","product_icons-flex","product_icons-easy-installation","product_icons-autolock","product_icons-multislider","product_icons-power","product_icons-power-plus","product_features-keep-warm","product_features-simmering","product_features-melting","product_features-flex","product_features-grilling","product_features-pan-frying","product_features-deep-fry","product_features-confit","product_features-poach","product_energy_efficiency-a-plus-icon","product_video_training-traininghobs-01","product_video_training-traininghobs-02","product_video_training-traininghobs-04","product_video_training-traininghobs-05","product_video_training-traininghobs-06","product_video_training-traininghobs-07","product_video_training-traininghobs-08","product_video_training-traininghobs-09","product_video_training-traininghobs-11"],"acf":[],"yoast_head":"<!-- This site is optimized with the Yoast SEO plugin v27.5 - https:\/\/yoast.com\/product\/yoast-seo-wordpress\/ -->\n<title>MasterSense Air Placa Inducci\u00f3n con Extractor Integrado | Teka Per\u00fa<\/title>\n<meta name=\"description\" content=\"2 en 1. Placa de inducci\u00f3n con extractor integrado, control t\u00e1ctil y 2 zonas de cocinado flexible \u00b7 8 funciones directas para cocinar intuitivamente.\" \/>\n<meta name=\"robots\" content=\"index, follow, max-snippet:-1, max-image-preview:large, max-video-preview:-1\" \/>\n<link rel=\"canonical\" href=\"https:\/\/www.teka.com\/es-pe\/producto\/mastersense-air-aff-87601-mst_112730000\/\" \/>\n<meta property=\"og:locale\" content=\"es_ES\" \/>\n<meta property=\"og:type\" content=\"article\" \/>\n<meta property=\"og:title\" content=\"MasterSense Air Placa Inducci\u00f3n con Extractor Integrado | Teka Per\u00fa\" \/>\n<meta property=\"og:description\" content=\"2 en 1. Placa de inducci\u00f3n con extractor integrado, control t\u00e1ctil y 2 zonas de cocinado flexible \u00b7 8 funciones directas para cocinar intuitivamente.\" \/>\n<meta property=\"og:url\" content=\"https:\/\/www.teka.com\/es-pe\/producto\/mastersense-air-aff-87601-mst_112730000\/\" \/>\n<meta property=\"og:site_name\" content=\"Teka Per\u00fa\" \/>\n<meta name=\"twitter:card\" content=\"summary_large_image\" \/>\n<script type=\"application\/ld+json\" class=\"yoast-schema-graph\">{\"@context\":\"https:\\\/\\\/schema.org\",\"@graph\":[{\"@type\":\"WebPage\",\"@id\":\"https:\\\/\\\/www.teka.com\\\/es-pe\\\/producto\\\/mastersense-air-aff-87601-mst_112730000\\\/\",\"url\":\"https:\\\/\\\/www.teka.com\\\/es-pe\\\/producto\\\/mastersense-air-aff-87601-mst_112730000\\\/\",\"name\":\"MasterSense Air Placa Inducci\u00f3n con Extractor Integrado | Teka Per\u00fa\",\"isPartOf\":{\"@id\":\"https:\\\/\\\/www.teka.com\\\/es-pe\\\/#website\"},\"datePublished\":\"2026-05-05T14:05:43+00:00\",\"description\":\"2 en 1. Placa de inducci\u00f3n con extractor integrado, control t\u00e1ctil y 2 zonas de cocinado flexible \u00b7 8 funciones directas para cocinar intuitivamente.\",\"inLanguage\":\"es\",\"potentialAction\":[{\"@type\":\"ReadAction\",\"target\":[\"https:\\\/\\\/www.teka.com\\\/es-pe\\\/producto\\\/mastersense-air-aff-87601-mst_112730000\\\/\"]}]},{\"@type\":\"WebSite\",\"@id\":\"https:\\\/\\\/www.teka.com\\\/es-pe\\\/#website\",\"url\":\"https:\\\/\\\/www.teka.com\\\/es-pe\\\/\",\"name\":\"Teka Per\u00fa\",\"description\":\"Teka Per\u00fa Descubre lo mejor en electrodom\u00e9sticos, lavaderos, grifer\u00edas y m\u00e1s con calidad europea.\",\"publisher\":{\"@id\":\"https:\\\/\\\/www.teka.com\\\/es-pe\\\/#organization\"},\"potentialAction\":[{\"@type\":\"SearchAction\",\"target\":{\"@type\":\"EntryPoint\",\"urlTemplate\":\"https:\\\/\\\/www.teka.com\\\/es-pe\\\/?s={search_term_string}\"},\"query-input\":{\"@type\":\"PropertyValueSpecification\",\"valueRequired\":true,\"valueName\":\"search_term_string\"}}],\"inLanguage\":\"es\"},{\"@type\":\"Organization\",\"@id\":\"https:\\\/\\\/www.teka.com\\\/es-pe\\\/#organization\",\"name\":\"Teka Per\u00fa\",\"url\":\"https:\\\/\\\/www.teka.com\\\/es-pe\\\/\",\"logo\":{\"@type\":\"ImageObject\",\"inLanguage\":\"es\",\"@id\":\"https:\\\/\\\/www.teka.com\\\/es-pe\\\/#\\\/schema\\\/logo\\\/image\\\/\",\"url\":\"https:\\\/\\\/www.teka.com\\\/es-pe\\\/wp-content\\\/uploads\\\/sites\\\/26\\\/2018\\\/10\\\/404-teka.png\",\"contentUrl\":\"https:\\\/\\\/www.teka.com\\\/es-pe\\\/wp-content\\\/uploads\\\/sites\\\/26\\\/2018\\\/10\\\/404-teka.png\",\"width\":200,\"height\":200,\"caption\":\"Teka Per\u00fa\"},\"image\":{\"@id\":\"https:\\\/\\\/www.teka.com\\\/es-pe\\\/#\\\/schema\\\/logo\\\/image\\\/\"}}]}<\/script>\n<!-- \/ Yoast SEO plugin. -->","yoast_head_json":{"title":"MasterSense Air Placa Inducci\u00f3n con Extractor Integrado | Teka Per\u00fa","description":"2 en 1. Placa de inducci\u00f3n con extractor integrado, control t\u00e1ctil y 2 zonas de cocinado flexible \u00b7 8 funciones directas para cocinar intuitivamente.","robots":{"index":"index","follow":"follow","max-snippet":"max-snippet:-1","max-image-preview":"max-image-preview:large","max-video-preview":"max-video-preview:-1"},"canonical":"https:\/\/www.teka.com\/es-pe\/producto\/mastersense-air-aff-87601-mst_112730000\/","og_locale":"es_ES","og_type":"article","og_title":"MasterSense Air Placa Inducci\u00f3n con Extractor Integrado | Teka Per\u00fa","og_description":"2 en 1. Placa de inducci\u00f3n con extractor integrado, control t\u00e1ctil y 2 zonas de cocinado flexible \u00b7 8 funciones directas para cocinar intuitivamente.","og_url":"https:\/\/www.teka.com\/es-pe\/producto\/mastersense-air-aff-87601-mst_112730000\/","og_site_name":"Teka Per\u00fa","twitter_card":"summary_large_image","schema":{"@context":"https:\/\/schema.org","@graph":[{"@type":"WebPage","@id":"https:\/\/www.teka.com\/es-pe\/producto\/mastersense-air-aff-87601-mst_112730000\/","url":"https:\/\/www.teka.com\/es-pe\/producto\/mastersense-air-aff-87601-mst_112730000\/","name":"MasterSense Air Placa Inducci\u00f3n con Extractor Integrado | Teka Per\u00fa","isPartOf":{"@id":"https:\/\/www.teka.com\/es-pe\/#website"},"datePublished":"2026-05-05T14:05:43+00:00","description":"2 en 1. Placa de inducci\u00f3n con extractor integrado, control t\u00e1ctil y 2 zonas de cocinado flexible \u00b7 8 funciones directas para cocinar intuitivamente.","inLanguage":"es","potentialAction":[{"@type":"ReadAction","target":["https:\/\/www.teka.com\/es-pe\/producto\/mastersense-air-aff-87601-mst_112730000\/"]}]},{"@type":"WebSite","@id":"https:\/\/www.teka.com\/es-pe\/#website","url":"https:\/\/www.teka.com\/es-pe\/","name":"Teka Per\u00fa","description":"Teka Per\u00fa Descubre lo mejor en electrodom\u00e9sticos, lavaderos, grifer\u00edas y m\u00e1s con calidad europea.","publisher":{"@id":"https:\/\/www.teka.com\/es-pe\/#organization"},"potentialAction":[{"@type":"SearchAction","target":{"@type":"EntryPoint","urlTemplate":"https:\/\/www.teka.com\/es-pe\/?s={search_term_string}"},"query-input":{"@type":"PropertyValueSpecification","valueRequired":true,"valueName":"search_term_string"}}],"inLanguage":"es"},{"@type":"Organization","@id":"https:\/\/www.teka.com\/es-pe\/#organization","name":"Teka Per\u00fa","url":"https:\/\/www.teka.com\/es-pe\/","logo":{"@type":"ImageObject","inLanguage":"es","@id":"https:\/\/www.teka.com\/es-pe\/#\/schema\/logo\/image\/","url":"https:\/\/www.teka.com\/es-pe\/wp-content\/uploads\/sites\/26\/2018\/10\/404-teka.png","contentUrl":"https:\/\/www.teka.com\/es-pe\/wp-content\/uploads\/sites\/26\/2018\/10\/404-teka.png","width":200,"height":200,"caption":"Teka Per\u00fa"},"image":{"@id":"https:\/\/www.teka.com\/es-pe\/#\/schema\/logo\/image\/"}}]}},"_links":{"self":[{"href":"https:\/\/www.teka.com\/es-pe\/wp-json\/wp\/v2\/product\/70320","targetHints":{"allow":["GET"]}}],"collection":[{"href":"https:\/\/www.teka.com\/es-pe\/wp-json\/wp\/v2\/product"}],"about":[{"href":"https:\/\/www.teka.com\/es-pe\/wp-json\/wp\/v2\/types\/product"}],"wp:attachment":[{"href":"https:\/\/www.teka.com\/es-pe\/wp-json\/wp\/v2\/media?parent=70320"}],"wp:term":[{"taxonomy":"product_cat","embeddable":true,"href":"https:\/\/www.teka.com\/es-pe\/wp-json\/wp\/v2\/product_cat?post=70320"},{"taxonomy":"product_cleaning_system","embeddable":true,"href":"https:\/\/www.teka.com\/es-pe\/wp-json\/wp\/v2\/product_cleaning_system?post=70320"},{"taxonomy":"product_3rd_basket","embeddable":true,"href":"https:\/\/www.teka.com\/es-pe\/wp-json\/wp\/v2\/product_3rd_basket?post=70320"},{"taxonomy":"product_drawers","embeddable":true,"href":"https:\/\/www.teka.com\/es-pe\/wp-json\/wp\/v2\/product_drawers?post=70320"},{"taxonomy":"product_type_of_installation","embeddable":true,"href":"https:\/\/www.teka.com\/es-pe\/wp-json\/wp\/v2\/product_type_of_installation?post=70320"},{"taxonomy":"product_edition","embeddable":true,"href":"https:\/\/www.teka.com\/es-pe\/wp-json\/wp\/v2\/product_edition?post=70320"},{"taxonomy":"product_serie","embeddable":true,"href":"https:\/\/www.teka.com\/es-pe\/wp-json\/wp\/v2\/product_serie?post=70320"},{"taxonomy":"product_features","embeddable":true,"href":"https:\/\/www.teka.com\/es-pe\/wp-json\/wp\/v2\/product_features?post=70320"},{"taxonomy":"finishes","embeddable":true,"href":"https:\/\/www.teka.com\/es-pe\/wp-json\/wp\/v2\/finishes?post=70320"},{"taxonomy":"product_bundles","embeddable":true,"href":"https:\/\/www.teka.com\/es-pe\/wp-json\/wp\/v2\/product_bundles?post=70320"},{"taxonomy":"product_energy_efficiency","embeddable":true,"href":"https:\/\/www.teka.com\/es-pe\/wp-json\/wp\/v2\/product_energy_efficiency?post=70320"},{"taxonomy":"product_video_training","embeddable":true,"href":"https:\/\/www.teka.com\/es-pe\/wp-json\/wp\/v2\/product_video_training?post=70320"}],"curies":[{"name":"wp","href":"https:\/\/api.w.org\/{rel}","templated":true}]}}