{"id":70322,"date":"2026-04-26T10:19:27","date_gmt":"2026-04-26T10:19:27","guid":{"rendered":"https:\/\/teka.com\/en-int\/steamgourmet-hlb-8550-sc_111200001"},"modified":"2026-03-14T08:22:53","modified_gmt":"2026-03-14T09:22:53","slug":"steamgourmet-hlb-8550-sc_111200001","status":"publish","type":"product","link":"https:\/\/www.teka.com\/es-pe\/producto\/steamgourmet-hlb-8550-sc_111200001\/","title":{"rendered":"SteamGourmet HLB 8550 SC"},"content":{"rendered":"<ul>\n<li>12 funciones de cocinado<\/li>\n<li>Sistema autom\u00e1tico SteamCleanPRO<\/li>\n<li>Pantalla de control t\u00e1ctil con mandos<\/li>\n<li>Soportes cromados con 5 niveles de cocci\u00f3n<\/li>\n<li>Bandeja perforada especial vapor<\/li>\n<\/ul>\n","protected":false},"featured_media":0,"parent":0,"template":"","product_cat":[3579],"product_cleaning_system":[3162],"product_3rd_basket":[],"product_drawers":[],"product_type_of_installation":[60357],"product_edition":[],"product_serie":[],"product_features":[],"finishes":[],"product_bundles":[],"product_energy_efficiency":[60953],"product_video_training":[61016,61020,61026,61040,61200],"class_list":["post-70322","product","type-product","status-publish","hentry","product_cat-hornos","usp-ovens-06","usp-ovens-10","usp-ovens-13","usp-compacts-08","usp-renewableenergy-01","usp-steamgourmet-01","usp-steamgourmet-02","usp-steamgourmet-03","usp-steamgourmet-00","usp-steamgourmet-04","color-cristal-negro","product_type_of_appliance-multifuncion","product_type_of_appliance-vapor","product_icons-70l","product_icons-hydroclean","product_icons-surroundtemp","product_icons-softclose","product_icons-plus-extension-telescopic-guide","product_cleaning_system-hydroclean","product_type_of_installation-integrable","product_energy_efficiency-a-plus-icon","product_video_training-trainingovens-01","product_video_training-trainingovens-02","product_video_training-trainingovens-05","product_video_training-trainingovens-12","product_video_training-trainingovens-22"],"acf":[],"yoast_head":"<!-- This site is optimized with the Yoast SEO plugin v27.5 - https:\/\/yoast.com\/product\/yoast-seo-wordpress\/ -->\n<title>Horno de Vapor SteamGourmet HLB 8550 SC | Teka Per\u00fa<\/title>\n<meta name=\"description\" content=\"Horno vapor de 60cm de Teka. Disfruta de todas las ventajas de la cocina al vapor con este horno multifunci\u00f3n. 12 fucniones de cocinado, incluida funci\u00f3n vapor. Limpieza f\u00e1cil HydroClean por vapor de agua.\" \/>\n<meta name=\"robots\" content=\"index, follow, max-snippet:-1, max-image-preview:large, max-video-preview:-1\" \/>\n<link rel=\"canonical\" href=\"https:\/\/www.teka.com\/es-pe\/producto\/steamgourmet-hlb-8550-sc_111200001\/\" \/>\n<meta property=\"og:locale\" content=\"es_ES\" \/>\n<meta property=\"og:type\" content=\"article\" \/>\n<meta property=\"og:title\" content=\"Horno de Vapor SteamGourmet HLB 8550 SC | Teka Per\u00fa\" \/>\n<meta property=\"og:description\" content=\"Horno vapor de 60cm de Teka. Disfruta de todas las ventajas de la cocina al vapor con este horno multifunci\u00f3n. 12 fucniones de cocinado, incluida funci\u00f3n vapor. Limpieza f\u00e1cil HydroClean por vapor de agua.\" \/>\n<meta property=\"og:url\" content=\"https:\/\/www.teka.com\/es-pe\/producto\/steamgourmet-hlb-8550-sc_111200001\/\" \/>\n<meta property=\"og:site_name\" content=\"Teka Per\u00fa\" \/>\n<meta name=\"twitter:card\" content=\"summary_large_image\" \/>\n<script type=\"application\/ld+json\" class=\"yoast-schema-graph\">{\"@context\":\"https:\\\/\\\/schema.org\",\"@graph\":[{\"@type\":\"WebPage\",\"@id\":\"https:\\\/\\\/www.teka.com\\\/es-pe\\\/producto\\\/steamgourmet-hlb-8550-sc_111200001\\\/\",\"url\":\"https:\\\/\\\/www.teka.com\\\/es-pe\\\/producto\\\/steamgourmet-hlb-8550-sc_111200001\\\/\",\"name\":\"Horno de Vapor SteamGourmet HLB 8550 SC | Teka Per\u00fa\",\"isPartOf\":{\"@id\":\"https:\\\/\\\/www.teka.com\\\/es-pe\\\/#website\"},\"datePublished\":\"2026-04-26T10:19:27+00:00\",\"description\":\"Horno vapor de 60cm de Teka. Disfruta de todas las ventajas de la cocina al vapor con este horno multifunci\u00f3n. 12 fucniones de cocinado, incluida funci\u00f3n vapor. Limpieza f\u00e1cil HydroClean por vapor de agua.\",\"inLanguage\":\"es\",\"potentialAction\":[{\"@type\":\"ReadAction\",\"target\":[\"https:\\\/\\\/www.teka.com\\\/es-pe\\\/producto\\\/steamgourmet-hlb-8550-sc_111200001\\\/\"]}]},{\"@type\":\"WebSite\",\"@id\":\"https:\\\/\\\/www.teka.com\\\/es-pe\\\/#website\",\"url\":\"https:\\\/\\\/www.teka.com\\\/es-pe\\\/\",\"name\":\"Teka Per\u00fa\",\"description\":\"Teka Per\u00fa Descubre lo mejor en electrodom\u00e9sticos, lavaderos, grifer\u00edas y m\u00e1s con calidad europea.\",\"publisher\":{\"@id\":\"https:\\\/\\\/www.teka.com\\\/es-pe\\\/#organization\"},\"potentialAction\":[{\"@type\":\"SearchAction\",\"target\":{\"@type\":\"EntryPoint\",\"urlTemplate\":\"https:\\\/\\\/www.teka.com\\\/es-pe\\\/?s={search_term_string}\"},\"query-input\":{\"@type\":\"PropertyValueSpecification\",\"valueRequired\":true,\"valueName\":\"search_term_string\"}}],\"inLanguage\":\"es\"},{\"@type\":\"Organization\",\"@id\":\"https:\\\/\\\/www.teka.com\\\/es-pe\\\/#organization\",\"name\":\"Teka Per\u00fa\",\"url\":\"https:\\\/\\\/www.teka.com\\\/es-pe\\\/\",\"logo\":{\"@type\":\"ImageObject\",\"inLanguage\":\"es\",\"@id\":\"https:\\\/\\\/www.teka.com\\\/es-pe\\\/#\\\/schema\\\/logo\\\/image\\\/\",\"url\":\"https:\\\/\\\/www.teka.com\\\/es-pe\\\/wp-content\\\/uploads\\\/sites\\\/26\\\/2018\\\/10\\\/404-teka.png\",\"contentUrl\":\"https:\\\/\\\/www.teka.com\\\/es-pe\\\/wp-content\\\/uploads\\\/sites\\\/26\\\/2018\\\/10\\\/404-teka.png\",\"width\":200,\"height\":200,\"caption\":\"Teka Per\u00fa\"},\"image\":{\"@id\":\"https:\\\/\\\/www.teka.com\\\/es-pe\\\/#\\\/schema\\\/logo\\\/image\\\/\"}}]}<\/script>\n<!-- \/ Yoast SEO plugin. -->","yoast_head_json":{"title":"Horno de Vapor SteamGourmet HLB 8550 SC | Teka Per\u00fa","description":"Horno vapor de 60cm de Teka. Disfruta de todas las ventajas de la cocina al vapor con este horno multifunci\u00f3n. 12 fucniones de cocinado, incluida funci\u00f3n vapor. Limpieza f\u00e1cil HydroClean por vapor de agua.","robots":{"index":"index","follow":"follow","max-snippet":"max-snippet:-1","max-image-preview":"max-image-preview:large","max-video-preview":"max-video-preview:-1"},"canonical":"https:\/\/www.teka.com\/es-pe\/producto\/steamgourmet-hlb-8550-sc_111200001\/","og_locale":"es_ES","og_type":"article","og_title":"Horno de Vapor SteamGourmet HLB 8550 SC | Teka Per\u00fa","og_description":"Horno vapor de 60cm de Teka. Disfruta de todas las ventajas de la cocina al vapor con este horno multifunci\u00f3n. 12 fucniones de cocinado, incluida funci\u00f3n vapor. Limpieza f\u00e1cil HydroClean por vapor de agua.","og_url":"https:\/\/www.teka.com\/es-pe\/producto\/steamgourmet-hlb-8550-sc_111200001\/","og_site_name":"Teka Per\u00fa","twitter_card":"summary_large_image","schema":{"@context":"https:\/\/schema.org","@graph":[{"@type":"WebPage","@id":"https:\/\/www.teka.com\/es-pe\/producto\/steamgourmet-hlb-8550-sc_111200001\/","url":"https:\/\/www.teka.com\/es-pe\/producto\/steamgourmet-hlb-8550-sc_111200001\/","name":"Horno de Vapor SteamGourmet HLB 8550 SC | Teka Per\u00fa","isPartOf":{"@id":"https:\/\/www.teka.com\/es-pe\/#website"},"datePublished":"2026-04-26T10:19:27+00:00","description":"Horno vapor de 60cm de Teka. Disfruta de todas las ventajas de la cocina al vapor con este horno multifunci\u00f3n. 12 fucniones de cocinado, incluida funci\u00f3n vapor. Limpieza f\u00e1cil HydroClean por vapor de agua.","inLanguage":"es","potentialAction":[{"@type":"ReadAction","target":["https:\/\/www.teka.com\/es-pe\/producto\/steamgourmet-hlb-8550-sc_111200001\/"]}]},{"@type":"WebSite","@id":"https:\/\/www.teka.com\/es-pe\/#website","url":"https:\/\/www.teka.com\/es-pe\/","name":"Teka Per\u00fa","description":"Teka Per\u00fa Descubre lo mejor en electrodom\u00e9sticos, lavaderos, grifer\u00edas y m\u00e1s con calidad europea.","publisher":{"@id":"https:\/\/www.teka.com\/es-pe\/#organization"},"potentialAction":[{"@type":"SearchAction","target":{"@type":"EntryPoint","urlTemplate":"https:\/\/www.teka.com\/es-pe\/?s={search_term_string}"},"query-input":{"@type":"PropertyValueSpecification","valueRequired":true,"valueName":"search_term_string"}}],"inLanguage":"es"},{"@type":"Organization","@id":"https:\/\/www.teka.com\/es-pe\/#organization","name":"Teka Per\u00fa","url":"https:\/\/www.teka.com\/es-pe\/","logo":{"@type":"ImageObject","inLanguage":"es","@id":"https:\/\/www.teka.com\/es-pe\/#\/schema\/logo\/image\/","url":"https:\/\/www.teka.com\/es-pe\/wp-content\/uploads\/sites\/26\/2018\/10\/404-teka.png","contentUrl":"https:\/\/www.teka.com\/es-pe\/wp-content\/uploads\/sites\/26\/2018\/10\/404-teka.png","width":200,"height":200,"caption":"Teka Per\u00fa"},"image":{"@id":"https:\/\/www.teka.com\/es-pe\/#\/schema\/logo\/image\/"}}]}},"_links":{"self":[{"href":"https:\/\/www.teka.com\/es-pe\/wp-json\/wp\/v2\/product\/70322","targetHints":{"allow":["GET"]}}],"collection":[{"href":"https:\/\/www.teka.com\/es-pe\/wp-json\/wp\/v2\/product"}],"about":[{"href":"https:\/\/www.teka.com\/es-pe\/wp-json\/wp\/v2\/types\/product"}],"wp:attachment":[{"href":"https:\/\/www.teka.com\/es-pe\/wp-json\/wp\/v2\/media?parent=70322"}],"wp:term":[{"taxonomy":"product_cat","embeddable":true,"href":"https:\/\/www.teka.com\/es-pe\/wp-json\/wp\/v2\/product_cat?post=70322"},{"taxonomy":"product_cleaning_system","embeddable":true,"href":"https:\/\/www.teka.com\/es-pe\/wp-json\/wp\/v2\/product_cleaning_system?post=70322"},{"taxonomy":"product_3rd_basket","embeddable":true,"href":"https:\/\/www.teka.com\/es-pe\/wp-json\/wp\/v2\/product_3rd_basket?post=70322"},{"taxonomy":"product_drawers","embeddable":true,"href":"https:\/\/www.teka.com\/es-pe\/wp-json\/wp\/v2\/product_drawers?post=70322"},{"taxonomy":"product_type_of_installation","embeddable":true,"href":"https:\/\/www.teka.com\/es-pe\/wp-json\/wp\/v2\/product_type_of_installation?post=70322"},{"taxonomy":"product_edition","embeddable":true,"href":"https:\/\/www.teka.com\/es-pe\/wp-json\/wp\/v2\/product_edition?post=70322"},{"taxonomy":"product_serie","embeddable":true,"href":"https:\/\/www.teka.com\/es-pe\/wp-json\/wp\/v2\/product_serie?post=70322"},{"taxonomy":"product_features","embeddable":true,"href":"https:\/\/www.teka.com\/es-pe\/wp-json\/wp\/v2\/product_features?post=70322"},{"taxonomy":"finishes","embeddable":true,"href":"https:\/\/www.teka.com\/es-pe\/wp-json\/wp\/v2\/finishes?post=70322"},{"taxonomy":"product_bundles","embeddable":true,"href":"https:\/\/www.teka.com\/es-pe\/wp-json\/wp\/v2\/product_bundles?post=70322"},{"taxonomy":"product_energy_efficiency","embeddable":true,"href":"https:\/\/www.teka.com\/es-pe\/wp-json\/wp\/v2\/product_energy_efficiency?post=70322"},{"taxonomy":"product_video_training","embeddable":true,"href":"https:\/\/www.teka.com\/es-pe\/wp-json\/wp\/v2\/product_video_training?post=70322"}],"curies":[{"name":"wp","href":"https:\/\/api.w.org\/{rel}","templated":true}]}}