{"id":70921,"date":"2026-04-03T23:08:09","date_gmt":"2026-04-03T23:08:09","guid":{"rendered":"https:\/\/teka.com\/en-int\/dlv-68660-tos_112930024"},"modified":"2026-04-03T08:17:29","modified_gmt":"2026-04-03T09:17:29","slug":"dlv-68660-tos_112930024","status":"publish","type":"product","link":"https:\/\/www.teka.com\/es-pe\/producto\/dlv-68660-tos_112930024\/","title":{"rendered":"DLV 68660 TOS"},"content":{"rendered":"<ul>\n<li>Campana decorativa vertical<\/li>\n<li>Sistema de extracci\u00f3n de llantas<\/li>\n<li>Pantalla de control t\u00e1ctil<\/li>\n<li>Funci\u00f3n FreshAir<\/li>\n<li>3 velocidades + intensivo<\/li>\n<li>Tambi\u00e9n es posible la instalaci\u00f3n sin tapa de tubo<\/li>\n<\/ul>\n","protected":false},"featured_media":0,"parent":0,"template":"","product_cat":[3577],"product_cleaning_system":[],"product_3rd_basket":[],"product_drawers":[],"product_type_of_installation":[],"product_edition":[],"product_serie":[],"product_features":[],"finishes":[],"product_bundles":[],"product_energy_efficiency":[60953],"product_video_training":[],"class_list":["post-70921","product","type-product","status-publish","hentry","product_cat-campanas","usp-hoods-06","usp-hoods-08","usp-hoods-09","usp-hoods-10","usp-hoods-13","usp-hoods-14","usp-hoods-07","color-negro","product_type_of_appliance-decorativas","product_ambient-urban-colors-01","product_ambient-urban-colors-02","product_ambient-urban-colors-03","product_ambient-ambient-10","product_icons-freshair","product_icons-perimeter-extraction","product_icons-stop-delay-timer","product_icons-led","product_energy_efficiency-a-plus-icon"],"acf":[],"yoast_head":"<!-- This site is optimized with the Yoast SEO plugin v27.2 - https:\/\/yoast.com\/product\/yoast-seo-wordpress\/ -->\n<title>DLV 68660 TOS | Teka Per\u00fa<\/title>\n<meta name=\"robots\" content=\"index, follow, max-snippet:-1, max-image-preview:large, max-video-preview:-1\" \/>\n<link rel=\"canonical\" href=\"https:\/\/www.teka.com\/es-pe\/producto\/dlv-68660-tos_112930024\/\" \/>\n<meta property=\"og:locale\" content=\"es_ES\" \/>\n<meta property=\"og:type\" content=\"article\" \/>\n<meta property=\"og:title\" content=\"DLV 68660 TOS | Teka Per\u00fa\" \/>\n<meta property=\"og:description\" content=\"Campana decorativa vertical Sistema de extracci\u00f3n de llantas Pantalla de control t\u00e1ctil Funci\u00f3n FreshAir 3 velocidades + intensivo Tambi\u00e9n es posible la instalaci\u00f3n sin tapa de tubo\" \/>\n<meta property=\"og:url\" content=\"https:\/\/www.teka.com\/es-pe\/producto\/dlv-68660-tos_112930024\/\" \/>\n<meta property=\"og:site_name\" content=\"Teka Per\u00fa\" \/>\n<meta name=\"twitter:card\" content=\"summary_large_image\" \/>\n<script type=\"application\/ld+json\" class=\"yoast-schema-graph\">{\"@context\":\"https:\/\/schema.org\",\"@graph\":[{\"@type\":\"WebPage\",\"@id\":\"https:\/\/www.teka.com\/es-pe\/producto\/dlv-68660-tos_112930024\/\",\"url\":\"https:\/\/www.teka.com\/es-pe\/producto\/dlv-68660-tos_112930024\/\",\"name\":\"DLV 68660 TOS | Teka Per\u00fa\",\"isPartOf\":{\"@id\":\"https:\/\/www.teka.com\/es-pe\/#website\"},\"datePublished\":\"2026-04-03T23:08:09+00:00\",\"inLanguage\":\"es\",\"potentialAction\":[{\"@type\":\"ReadAction\",\"target\":[\"https:\/\/www.teka.com\/es-pe\/producto\/dlv-68660-tos_112930024\/\"]}]},{\"@type\":\"WebSite\",\"@id\":\"https:\/\/www.teka.com\/es-pe\/#website\",\"url\":\"https:\/\/www.teka.com\/es-pe\/\",\"name\":\"Teka Per\u00fa\",\"description\":\"Teka Per\u00fa Descubre lo mejor en electrodom\u00e9sticos, lavaderos, grifer\u00edas y m\u00e1s con calidad europea.\",\"publisher\":{\"@id\":\"https:\/\/www.teka.com\/es-pe\/#organization\"},\"potentialAction\":[{\"@type\":\"SearchAction\",\"target\":{\"@type\":\"EntryPoint\",\"urlTemplate\":\"https:\/\/www.teka.com\/es-pe\/?s={search_term_string}\"},\"query-input\":{\"@type\":\"PropertyValueSpecification\",\"valueRequired\":true,\"valueName\":\"search_term_string\"}}],\"inLanguage\":\"es\"},{\"@type\":\"Organization\",\"@id\":\"https:\/\/www.teka.com\/es-pe\/#organization\",\"name\":\"Teka Per\u00fa\",\"url\":\"https:\/\/www.teka.com\/es-pe\/\",\"logo\":{\"@type\":\"ImageObject\",\"inLanguage\":\"es\",\"@id\":\"https:\/\/www.teka.com\/es-pe\/#\/schema\/logo\/image\/\",\"url\":\"https:\/\/www.teka.com\/es-pe\/wp-content\/uploads\/sites\/26\/2018\/10\/404-teka.png\",\"contentUrl\":\"https:\/\/www.teka.com\/es-pe\/wp-content\/uploads\/sites\/26\/2018\/10\/404-teka.png\",\"width\":200,\"height\":200,\"caption\":\"Teka Per\u00fa\"},\"image\":{\"@id\":\"https:\/\/www.teka.com\/es-pe\/#\/schema\/logo\/image\/\"}}]}<\/script>\n<!-- \/ Yoast SEO plugin. -->","yoast_head_json":{"title":"DLV 68660 TOS | Teka Per\u00fa","robots":{"index":"index","follow":"follow","max-snippet":"max-snippet:-1","max-image-preview":"max-image-preview:large","max-video-preview":"max-video-preview:-1"},"canonical":"https:\/\/www.teka.com\/es-pe\/producto\/dlv-68660-tos_112930024\/","og_locale":"es_ES","og_type":"article","og_title":"DLV 68660 TOS | Teka Per\u00fa","og_description":"Campana decorativa vertical Sistema de extracci\u00f3n de llantas Pantalla de control t\u00e1ctil Funci\u00f3n FreshAir 3 velocidades + intensivo Tambi\u00e9n es posible la instalaci\u00f3n sin tapa de tubo","og_url":"https:\/\/www.teka.com\/es-pe\/producto\/dlv-68660-tos_112930024\/","og_site_name":"Teka Per\u00fa","twitter_card":"summary_large_image","schema":{"@context":"https:\/\/schema.org","@graph":[{"@type":"WebPage","@id":"https:\/\/www.teka.com\/es-pe\/producto\/dlv-68660-tos_112930024\/","url":"https:\/\/www.teka.com\/es-pe\/producto\/dlv-68660-tos_112930024\/","name":"DLV 68660 TOS | Teka Per\u00fa","isPartOf":{"@id":"https:\/\/www.teka.com\/es-pe\/#website"},"datePublished":"2026-04-03T23:08:09+00:00","inLanguage":"es","potentialAction":[{"@type":"ReadAction","target":["https:\/\/www.teka.com\/es-pe\/producto\/dlv-68660-tos_112930024\/"]}]},{"@type":"WebSite","@id":"https:\/\/www.teka.com\/es-pe\/#website","url":"https:\/\/www.teka.com\/es-pe\/","name":"Teka Per\u00fa","description":"Teka Per\u00fa Descubre lo mejor en electrodom\u00e9sticos, lavaderos, grifer\u00edas y m\u00e1s con calidad europea.","publisher":{"@id":"https:\/\/www.teka.com\/es-pe\/#organization"},"potentialAction":[{"@type":"SearchAction","target":{"@type":"EntryPoint","urlTemplate":"https:\/\/www.teka.com\/es-pe\/?s={search_term_string}"},"query-input":{"@type":"PropertyValueSpecification","valueRequired":true,"valueName":"search_term_string"}}],"inLanguage":"es"},{"@type":"Organization","@id":"https:\/\/www.teka.com\/es-pe\/#organization","name":"Teka Per\u00fa","url":"https:\/\/www.teka.com\/es-pe\/","logo":{"@type":"ImageObject","inLanguage":"es","@id":"https:\/\/www.teka.com\/es-pe\/#\/schema\/logo\/image\/","url":"https:\/\/www.teka.com\/es-pe\/wp-content\/uploads\/sites\/26\/2018\/10\/404-teka.png","contentUrl":"https:\/\/www.teka.com\/es-pe\/wp-content\/uploads\/sites\/26\/2018\/10\/404-teka.png","width":200,"height":200,"caption":"Teka Per\u00fa"},"image":{"@id":"https:\/\/www.teka.com\/es-pe\/#\/schema\/logo\/image\/"}}]}},"_links":{"self":[{"href":"https:\/\/www.teka.com\/es-pe\/wp-json\/wp\/v2\/product\/70921","targetHints":{"allow":["GET"]}}],"collection":[{"href":"https:\/\/www.teka.com\/es-pe\/wp-json\/wp\/v2\/product"}],"about":[{"href":"https:\/\/www.teka.com\/es-pe\/wp-json\/wp\/v2\/types\/product"}],"wp:attachment":[{"href":"https:\/\/www.teka.com\/es-pe\/wp-json\/wp\/v2\/media?parent=70921"}],"wp:term":[{"taxonomy":"product_cat","embeddable":true,"href":"https:\/\/www.teka.com\/es-pe\/wp-json\/wp\/v2\/product_cat?post=70921"},{"taxonomy":"product_cleaning_system","embeddable":true,"href":"https:\/\/www.teka.com\/es-pe\/wp-json\/wp\/v2\/product_cleaning_system?post=70921"},{"taxonomy":"product_3rd_basket","embeddable":true,"href":"https:\/\/www.teka.com\/es-pe\/wp-json\/wp\/v2\/product_3rd_basket?post=70921"},{"taxonomy":"product_drawers","embeddable":true,"href":"https:\/\/www.teka.com\/es-pe\/wp-json\/wp\/v2\/product_drawers?post=70921"},{"taxonomy":"product_type_of_installation","embeddable":true,"href":"https:\/\/www.teka.com\/es-pe\/wp-json\/wp\/v2\/product_type_of_installation?post=70921"},{"taxonomy":"product_edition","embeddable":true,"href":"https:\/\/www.teka.com\/es-pe\/wp-json\/wp\/v2\/product_edition?post=70921"},{"taxonomy":"product_serie","embeddable":true,"href":"https:\/\/www.teka.com\/es-pe\/wp-json\/wp\/v2\/product_serie?post=70921"},{"taxonomy":"product_features","embeddable":true,"href":"https:\/\/www.teka.com\/es-pe\/wp-json\/wp\/v2\/product_features?post=70921"},{"taxonomy":"finishes","embeddable":true,"href":"https:\/\/www.teka.com\/es-pe\/wp-json\/wp\/v2\/finishes?post=70921"},{"taxonomy":"product_bundles","embeddable":true,"href":"https:\/\/www.teka.com\/es-pe\/wp-json\/wp\/v2\/product_bundles?post=70921"},{"taxonomy":"product_energy_efficiency","embeddable":true,"href":"https:\/\/www.teka.com\/es-pe\/wp-json\/wp\/v2\/product_energy_efficiency?post=70921"},{"taxonomy":"product_video_training","embeddable":true,"href":"https:\/\/www.teka.com\/es-pe\/wp-json\/wp\/v2\/product_video_training?post=70921"}],"curies":[{"name":"wp","href":"https:\/\/api.w.org\/{rel}","templated":true}]}}