{"id":71647,"date":"2026-04-03T20:46:39","date_gmt":"2026-04-03T20:46:39","guid":{"rendered":"https:\/\/teka.com\/en-int\/teka-home-izf-99770-mst_112500044"},"modified":"2026-03-14T08:20:29","modified_gmt":"2026-03-14T09:20:29","slug":"teka-home-izf-99770-mst_112500044","status":"publish","type":"product","link":"https:\/\/www.teka.com\/es-pe\/producto\/teka-home-izf-99770-mst_112500044\/","title":{"rendered":"Teka Home IZF 99770 MST"},"content":{"rendered":"<ul>\n<li>Funci\u00f3n HobtoHood<\/li>\n<li>Funciones directas con sensores de temperatura<\/li>\n<li>Touch Control Multislider<\/li>\n<li>6 zonas de cocinado<\/li>\n<li>Desconexi\u00f3n autom\u00e1tica<\/li>\n<\/ul>\n","protected":false},"featured_media":0,"parent":0,"template":"","product_cat":[3574],"product_cleaning_system":[],"product_3rd_basket":[],"product_drawers":[],"product_type_of_installation":[],"product_edition":[],"product_serie":[],"product_features":[60358,60359,60360,60361,60362,60381,60384,60385,60386,60387,60388,60389],"finishes":[],"product_bundles":[],"product_energy_efficiency":[],"product_video_training":[61002,61003,61005,61011,61017,61019,61022,61024,61025,61027,61028,61030,61033,61034,61198],"class_list":["post-71647","product","type-product","status-publish","hentry","product_cat-encimeras","usp-tekahome-04","usp-tekahome-01","usp-tekahome-02","usp-induction-11","usp-induction-13","usp-induction-21","usp-productoftheyear-03","usp-cookinglovers-03","color-negro","product_type_of_appliance-induccion","product_ambient-tekahome-01","product_ambient-ambient-05","product_ambient-neo-series-03","product_icons-flex","product_icons-easy-installation","product_icons-autolock","product_icons-multislider","product_icons-power","product_icons-power-plus","product_features-quick-boiling","product_features-keep-warm","product_features-simmering","product_features-melting","product_features-flex","product_features-slidecooking","product_features-grilling","product_features-pan-frying","product_features-deep-fry","product_features-confit","product_features-poach","product_features-rice-cook","product_video_training-training-tekahome-01","product_video_training-training-tekahome-02","product_video_training-training-tekahome-04","product_video_training-traininghobs-01","product_video_training-traininghobs-02","product_video_training-traininghobs-04","product_video_training-traininghobs-05","product_video_training-traininghobs-06","product_video_training-traininghobs-07","product_video_training-traininghobs-08","product_video_training-traininghobs-09","product_video_training-traininghobs-10","product_video_training-traininghobs-11","product_video_training-traininghobs-12","product_video_training-traininghobs-14"],"acf":[],"yoast_head":"<!-- This site is optimized with the Yoast SEO plugin v27.2 - https:\/\/yoast.com\/product\/yoast-seo-wordpress\/ -->\n<title>Inducci\u00f3n inteligente con Wifi Teka Home IZF 99770 | Teka Per\u00fa<\/title>\n<meta name=\"description\" content=\"Placa de inducci\u00f3n inteligente de 90 cm con 4 zonas de cocinado FullFlex combinables, conexi\u00f3n wifi y funciones directas que puedes usar a trav\u00e9s de App o de Alexa. Cristal negro.\" \/>\n<meta name=\"robots\" content=\"index, follow, max-snippet:-1, max-image-preview:large, max-video-preview:-1\" \/>\n<link rel=\"canonical\" href=\"https:\/\/www.teka.com\/es-pe\/producto\/teka-home-izf-99770-mst_112500044\/\" \/>\n<meta property=\"og:locale\" content=\"es_ES\" \/>\n<meta property=\"og:type\" content=\"article\" \/>\n<meta property=\"og:title\" content=\"Inducci\u00f3n inteligente con Wifi Teka Home IZF 99770 | Teka Per\u00fa\" \/>\n<meta property=\"og:description\" content=\"Placa de inducci\u00f3n inteligente de 90 cm con 4 zonas de cocinado FullFlex combinables, conexi\u00f3n wifi y funciones directas que puedes usar a trav\u00e9s de App o de Alexa. Cristal negro.\" \/>\n<meta property=\"og:url\" content=\"https:\/\/www.teka.com\/es-pe\/producto\/teka-home-izf-99770-mst_112500044\/\" \/>\n<meta property=\"og:site_name\" content=\"Teka Per\u00fa\" \/>\n<meta name=\"twitter:card\" content=\"summary_large_image\" \/>\n<script type=\"application\/ld+json\" class=\"yoast-schema-graph\">{\"@context\":\"https:\/\/schema.org\",\"@graph\":[{\"@type\":\"WebPage\",\"@id\":\"https:\/\/www.teka.com\/es-pe\/producto\/teka-home-izf-99770-mst_112500044\/\",\"url\":\"https:\/\/www.teka.com\/es-pe\/producto\/teka-home-izf-99770-mst_112500044\/\",\"name\":\"Inducci\u00f3n inteligente con Wifi Teka Home IZF 99770 | Teka Per\u00fa\",\"isPartOf\":{\"@id\":\"https:\/\/www.teka.com\/es-pe\/#website\"},\"datePublished\":\"2026-04-03T20:46:39+00:00\",\"description\":\"Placa de inducci\u00f3n inteligente de 90 cm con 4 zonas de cocinado FullFlex combinables, conexi\u00f3n wifi y funciones directas que puedes usar a trav\u00e9s de App o de Alexa. Cristal negro.\",\"inLanguage\":\"es\",\"potentialAction\":[{\"@type\":\"ReadAction\",\"target\":[\"https:\/\/www.teka.com\/es-pe\/producto\/teka-home-izf-99770-mst_112500044\/\"]}]},{\"@type\":\"WebSite\",\"@id\":\"https:\/\/www.teka.com\/es-pe\/#website\",\"url\":\"https:\/\/www.teka.com\/es-pe\/\",\"name\":\"Teka Per\u00fa\",\"description\":\"Teka Per\u00fa Descubre lo mejor en electrodom\u00e9sticos, lavaderos, grifer\u00edas y m\u00e1s con calidad europea.\",\"publisher\":{\"@id\":\"https:\/\/www.teka.com\/es-pe\/#organization\"},\"potentialAction\":[{\"@type\":\"SearchAction\",\"target\":{\"@type\":\"EntryPoint\",\"urlTemplate\":\"https:\/\/www.teka.com\/es-pe\/?s={search_term_string}\"},\"query-input\":{\"@type\":\"PropertyValueSpecification\",\"valueRequired\":true,\"valueName\":\"search_term_string\"}}],\"inLanguage\":\"es\"},{\"@type\":\"Organization\",\"@id\":\"https:\/\/www.teka.com\/es-pe\/#organization\",\"name\":\"Teka Per\u00fa\",\"url\":\"https:\/\/www.teka.com\/es-pe\/\",\"logo\":{\"@type\":\"ImageObject\",\"inLanguage\":\"es\",\"@id\":\"https:\/\/www.teka.com\/es-pe\/#\/schema\/logo\/image\/\",\"url\":\"https:\/\/www.teka.com\/es-pe\/wp-content\/uploads\/sites\/26\/2018\/10\/404-teka.png\",\"contentUrl\":\"https:\/\/www.teka.com\/es-pe\/wp-content\/uploads\/sites\/26\/2018\/10\/404-teka.png\",\"width\":200,\"height\":200,\"caption\":\"Teka Per\u00fa\"},\"image\":{\"@id\":\"https:\/\/www.teka.com\/es-pe\/#\/schema\/logo\/image\/\"}}]}<\/script>\n<!-- \/ Yoast SEO plugin. -->","yoast_head_json":{"title":"Inducci\u00f3n inteligente con Wifi Teka Home IZF 99770 | Teka Per\u00fa","description":"Placa de inducci\u00f3n inteligente de 90 cm con 4 zonas de cocinado FullFlex combinables, conexi\u00f3n wifi y funciones directas que puedes usar a trav\u00e9s de App o de Alexa. Cristal negro.","robots":{"index":"index","follow":"follow","max-snippet":"max-snippet:-1","max-image-preview":"max-image-preview:large","max-video-preview":"max-video-preview:-1"},"canonical":"https:\/\/www.teka.com\/es-pe\/producto\/teka-home-izf-99770-mst_112500044\/","og_locale":"es_ES","og_type":"article","og_title":"Inducci\u00f3n inteligente con Wifi Teka Home IZF 99770 | Teka Per\u00fa","og_description":"Placa de inducci\u00f3n inteligente de 90 cm con 4 zonas de cocinado FullFlex combinables, conexi\u00f3n wifi y funciones directas que puedes usar a trav\u00e9s de App o de Alexa. Cristal negro.","og_url":"https:\/\/www.teka.com\/es-pe\/producto\/teka-home-izf-99770-mst_112500044\/","og_site_name":"Teka Per\u00fa","twitter_card":"summary_large_image","schema":{"@context":"https:\/\/schema.org","@graph":[{"@type":"WebPage","@id":"https:\/\/www.teka.com\/es-pe\/producto\/teka-home-izf-99770-mst_112500044\/","url":"https:\/\/www.teka.com\/es-pe\/producto\/teka-home-izf-99770-mst_112500044\/","name":"Inducci\u00f3n inteligente con Wifi Teka Home IZF 99770 | Teka Per\u00fa","isPartOf":{"@id":"https:\/\/www.teka.com\/es-pe\/#website"},"datePublished":"2026-04-03T20:46:39+00:00","description":"Placa de inducci\u00f3n inteligente de 90 cm con 4 zonas de cocinado FullFlex combinables, conexi\u00f3n wifi y funciones directas que puedes usar a trav\u00e9s de App o de Alexa. Cristal negro.","inLanguage":"es","potentialAction":[{"@type":"ReadAction","target":["https:\/\/www.teka.com\/es-pe\/producto\/teka-home-izf-99770-mst_112500044\/"]}]},{"@type":"WebSite","@id":"https:\/\/www.teka.com\/es-pe\/#website","url":"https:\/\/www.teka.com\/es-pe\/","name":"Teka Per\u00fa","description":"Teka Per\u00fa Descubre lo mejor en electrodom\u00e9sticos, lavaderos, grifer\u00edas y m\u00e1s con calidad europea.","publisher":{"@id":"https:\/\/www.teka.com\/es-pe\/#organization"},"potentialAction":[{"@type":"SearchAction","target":{"@type":"EntryPoint","urlTemplate":"https:\/\/www.teka.com\/es-pe\/?s={search_term_string}"},"query-input":{"@type":"PropertyValueSpecification","valueRequired":true,"valueName":"search_term_string"}}],"inLanguage":"es"},{"@type":"Organization","@id":"https:\/\/www.teka.com\/es-pe\/#organization","name":"Teka Per\u00fa","url":"https:\/\/www.teka.com\/es-pe\/","logo":{"@type":"ImageObject","inLanguage":"es","@id":"https:\/\/www.teka.com\/es-pe\/#\/schema\/logo\/image\/","url":"https:\/\/www.teka.com\/es-pe\/wp-content\/uploads\/sites\/26\/2018\/10\/404-teka.png","contentUrl":"https:\/\/www.teka.com\/es-pe\/wp-content\/uploads\/sites\/26\/2018\/10\/404-teka.png","width":200,"height":200,"caption":"Teka Per\u00fa"},"image":{"@id":"https:\/\/www.teka.com\/es-pe\/#\/schema\/logo\/image\/"}}]}},"_links":{"self":[{"href":"https:\/\/www.teka.com\/es-pe\/wp-json\/wp\/v2\/product\/71647","targetHints":{"allow":["GET"]}}],"collection":[{"href":"https:\/\/www.teka.com\/es-pe\/wp-json\/wp\/v2\/product"}],"about":[{"href":"https:\/\/www.teka.com\/es-pe\/wp-json\/wp\/v2\/types\/product"}],"wp:attachment":[{"href":"https:\/\/www.teka.com\/es-pe\/wp-json\/wp\/v2\/media?parent=71647"}],"wp:term":[{"taxonomy":"product_cat","embeddable":true,"href":"https:\/\/www.teka.com\/es-pe\/wp-json\/wp\/v2\/product_cat?post=71647"},{"taxonomy":"product_cleaning_system","embeddable":true,"href":"https:\/\/www.teka.com\/es-pe\/wp-json\/wp\/v2\/product_cleaning_system?post=71647"},{"taxonomy":"product_3rd_basket","embeddable":true,"href":"https:\/\/www.teka.com\/es-pe\/wp-json\/wp\/v2\/product_3rd_basket?post=71647"},{"taxonomy":"product_drawers","embeddable":true,"href":"https:\/\/www.teka.com\/es-pe\/wp-json\/wp\/v2\/product_drawers?post=71647"},{"taxonomy":"product_type_of_installation","embeddable":true,"href":"https:\/\/www.teka.com\/es-pe\/wp-json\/wp\/v2\/product_type_of_installation?post=71647"},{"taxonomy":"product_edition","embeddable":true,"href":"https:\/\/www.teka.com\/es-pe\/wp-json\/wp\/v2\/product_edition?post=71647"},{"taxonomy":"product_serie","embeddable":true,"href":"https:\/\/www.teka.com\/es-pe\/wp-json\/wp\/v2\/product_serie?post=71647"},{"taxonomy":"product_features","embeddable":true,"href":"https:\/\/www.teka.com\/es-pe\/wp-json\/wp\/v2\/product_features?post=71647"},{"taxonomy":"finishes","embeddable":true,"href":"https:\/\/www.teka.com\/es-pe\/wp-json\/wp\/v2\/finishes?post=71647"},{"taxonomy":"product_bundles","embeddable":true,"href":"https:\/\/www.teka.com\/es-pe\/wp-json\/wp\/v2\/product_bundles?post=71647"},{"taxonomy":"product_energy_efficiency","embeddable":true,"href":"https:\/\/www.teka.com\/es-pe\/wp-json\/wp\/v2\/product_energy_efficiency?post=71647"},{"taxonomy":"product_video_training","embeddable":true,"href":"https:\/\/www.teka.com\/es-pe\/wp-json\/wp\/v2\/product_video_training?post=71647"}],"curies":[{"name":"wp","href":"https:\/\/api.w.org\/{rel}","templated":true}]}}