{"id":68699,"date":"2026-04-25T17:52:13","date_gmt":"2026-04-25T17:52:13","guid":{"rendered":"https:\/\/teka.com\/en-int\/campana-decorativa-para-instalacion-en-pared_112930047"},"modified":"2026-03-14T07:48:38","modified_gmt":"2026-03-14T08:48:38","slug":"campana-decorativa-para-instalacion-en-pared_112930047","status":"publish","type":"product","link":"https:\/\/www.teka.com\/es-pr\/producto\/campana-decorativa-para-instalacion-en-pared_112930047\/","title":{"rendered":"DVT 98660 TBS BK"},"content":{"rendered":"<ul>\n<li>Ideal para quienes buscan funcionalidad y potencia en un solo equipo.<\/li>\n<li>Panel Touch Control que permite un manejo intuitivo y preciso de todas las funciones.<\/li>\n<li>Tres velocidades + intensiva para adaptarse a diferentes tipos de cocci\u00f3n.<\/li>\n<li>Programaci\u00f3n del tiempo de aspiraci\u00f3n que permite configurar el apagado autom\u00e1tico para mayor comodidad y eficiencia.<\/li>\n<li>Iminaci\u00f3n LED (4 W) que ofrece luz eficiente, uniforme y de bajo consumo.<\/li>\n<li>Filtro met\u00e1lico, resistente y f\u00e1cil de limpiar, aptos para lavavajillas.<\/li>\n<li>Indicador luminoso de saturaci\u00f3n de filtros que avisa cu\u00e1ndo limpiar o sustituir los filtros, manteniendo el rendimiento \u00f3ptimo.<\/li>\n<li>Sistema de aspiraci\u00f3n dual \u201cContour\u201d que optimiza la captaci\u00f3n de humos y vapores, mejorando la eficiencia de extracci\u00f3n.<\/li>\n<li>Motor blindado de doble turbina que proporciona alto rendimiento, durabilidad y eficiencia.<\/li>\n<li>Nivel sonoro: min. 60.8 \u2013 m\u00e1x. 73.6 dB funcionamiento silencioso con niveles de ruido controlados.<\/li>\n<li>Filtro de carb\u00f3n activo para recirculaci\u00f3n del aire para recirculaci\u00f3n del aire que elimina olores en instalaciones sin salida exterior.<\/li>\n<\/ul>\n","protected":false},"featured_media":0,"parent":0,"template":"","product_cat":[60951],"product_cleaning_system":[],"product_3rd_basket":[],"product_drawers":[],"product_type_of_installation":[],"product_edition":[60902],"product_serie":[],"product_features":[],"finishes":[],"product_bundles":[],"product_energy_efficiency":[61617],"product_video_training":[],"class_list":["post-68699","product","type-product","status-publish","hentry","product_cat-campanas","usp-hoods-06","usp-hoods-08","usp-hoods-09","usp-hoods-10","usp-hoods-13","usp-hoods-07","color-negro","product_type_of_appliance-decorativas","product_ambient-urban-colors-01","product_ambient-urban-colors-02","product_ambient-urban-colors-03","product_icons-led","product_icons-perimeter-extraction","product_icons-stop-delay-timer","product_icons-freshair","product_edition-night-river-black","product_energy_efficiency-c-icon"],"acf":[],"yoast_head":"<!-- This site is optimized with the Yoast SEO plugin v27.5 - https:\/\/yoast.com\/product\/yoast-seo-wordpress\/ -->\n<title>Teka Campana de Cocina Decorativa para Instalaci\u00f3n de Pared<\/title>\n<meta name=\"description\" content=\"Descubre la Campana de Cocina Decorativa para Instalaci\u00f3n de Pared con cristal negro, panel touch control, programaci\u00f3n de aspiraci\u00f3n e indicador de saturaci\u00f3n.\" \/>\n<meta name=\"robots\" content=\"index, follow, max-snippet:-1, max-image-preview:large, max-video-preview:-1\" \/>\n<link rel=\"canonical\" href=\"https:\/\/www.teka.com\/es-pr\/producto\/campana-decorativa-para-instalacion-en-pared_112930047\/\" \/>\n<meta property=\"og:locale\" content=\"es_ES\" \/>\n<meta property=\"og:type\" content=\"article\" \/>\n<meta property=\"og:title\" content=\"Teka Campana de Cocina Decorativa para Instalaci\u00f3n de Pared\" \/>\n<meta property=\"og:description\" content=\"Descubre la Campana de Cocina Decorativa para Instalaci\u00f3n de Pared con cristal negro, panel touch control, programaci\u00f3n de aspiraci\u00f3n e indicador de saturaci\u00f3n.\" \/>\n<meta property=\"og:url\" content=\"https:\/\/www.teka.com\/es-pr\/producto\/campana-decorativa-para-instalacion-en-pared_112930047\/\" \/>\n<meta property=\"og:site_name\" content=\"Teka Puerto Rico\" \/>\n<meta name=\"twitter:card\" content=\"summary_large_image\" \/>\n<meta name=\"twitter:label1\" content=\"Tiempo de lectura\" \/>\n\t<meta name=\"twitter:data1\" content=\"1 minuto\" \/>\n<script type=\"application\/ld+json\" class=\"yoast-schema-graph\">{\"@context\":\"https:\\\/\\\/schema.org\",\"@graph\":[{\"@type\":\"WebPage\",\"@id\":\"https:\\\/\\\/www.teka.com\\\/es-pr\\\/producto\\\/campana-decorativa-para-instalacion-en-pared_112930047\\\/\",\"url\":\"https:\\\/\\\/www.teka.com\\\/es-pr\\\/producto\\\/campana-decorativa-para-instalacion-en-pared_112930047\\\/\",\"name\":\"Teka Campana de Cocina Decorativa para Instalaci\u00f3n de Pared\",\"isPartOf\":{\"@id\":\"https:\\\/\\\/www.teka.com\\\/es-pr\\\/#website\"},\"datePublished\":\"2026-04-25T17:52:13+00:00\",\"description\":\"Descubre la Campana de Cocina Decorativa para Instalaci\u00f3n de Pared con cristal negro, panel touch control, programaci\u00f3n de aspiraci\u00f3n e indicador de saturaci\u00f3n.\",\"inLanguage\":\"es\",\"potentialAction\":[{\"@type\":\"ReadAction\",\"target\":[\"https:\\\/\\\/www.teka.com\\\/es-pr\\\/producto\\\/campana-decorativa-para-instalacion-en-pared_112930047\\\/\"]}]},{\"@type\":\"WebSite\",\"@id\":\"https:\\\/\\\/www.teka.com\\\/es-pr\\\/#website\",\"url\":\"https:\\\/\\\/www.teka.com\\\/es-pr\\\/\",\"name\":\"Teka Puerto Rico\",\"description\":\"\",\"publisher\":{\"@id\":\"https:\\\/\\\/www.teka.com\\\/es-pr\\\/#organization\"},\"potentialAction\":[{\"@type\":\"SearchAction\",\"target\":{\"@type\":\"EntryPoint\",\"urlTemplate\":\"https:\\\/\\\/www.teka.com\\\/es-pr\\\/?s={search_term_string}\"},\"query-input\":{\"@type\":\"PropertyValueSpecification\",\"valueRequired\":true,\"valueName\":\"search_term_string\"}}],\"inLanguage\":\"es\"},{\"@type\":\"Organization\",\"@id\":\"https:\\\/\\\/www.teka.com\\\/es-pr\\\/#organization\",\"name\":\"Teka Puerto Rico\",\"url\":\"https:\\\/\\\/www.teka.com\\\/es-pr\\\/\",\"logo\":{\"@type\":\"ImageObject\",\"inLanguage\":\"es\",\"@id\":\"https:\\\/\\\/www.teka.com\\\/es-pr\\\/#\\\/schema\\\/logo\\\/image\\\/\",\"url\":\"https:\\\/\\\/www.teka.com\\\/es-pr\\\/wp-content\\\/uploads\\\/sites\\\/94\\\/2018\\\/10\\\/404-teka.png\",\"contentUrl\":\"https:\\\/\\\/www.teka.com\\\/es-pr\\\/wp-content\\\/uploads\\\/sites\\\/94\\\/2018\\\/10\\\/404-teka.png\",\"width\":200,\"height\":200,\"caption\":\"Teka Puerto Rico\"},\"image\":{\"@id\":\"https:\\\/\\\/www.teka.com\\\/es-pr\\\/#\\\/schema\\\/logo\\\/image\\\/\"}}]}<\/script>\n<!-- \/ Yoast SEO plugin. -->","yoast_head_json":{"title":"Teka Campana de Cocina Decorativa para Instalaci\u00f3n de Pared","description":"Descubre la Campana de Cocina Decorativa para Instalaci\u00f3n de Pared con cristal negro, panel touch control, programaci\u00f3n de aspiraci\u00f3n e indicador de saturaci\u00f3n.","robots":{"index":"index","follow":"follow","max-snippet":"max-snippet:-1","max-image-preview":"max-image-preview:large","max-video-preview":"max-video-preview:-1"},"canonical":"https:\/\/www.teka.com\/es-pr\/producto\/campana-decorativa-para-instalacion-en-pared_112930047\/","og_locale":"es_ES","og_type":"article","og_title":"Teka Campana de Cocina Decorativa para Instalaci\u00f3n de Pared","og_description":"Descubre la Campana de Cocina Decorativa para Instalaci\u00f3n de Pared con cristal negro, panel touch control, programaci\u00f3n de aspiraci\u00f3n e indicador de saturaci\u00f3n.","og_url":"https:\/\/www.teka.com\/es-pr\/producto\/campana-decorativa-para-instalacion-en-pared_112930047\/","og_site_name":"Teka Puerto Rico","twitter_card":"summary_large_image","twitter_misc":{"Tiempo de lectura":"1 minuto"},"schema":{"@context":"https:\/\/schema.org","@graph":[{"@type":"WebPage","@id":"https:\/\/www.teka.com\/es-pr\/producto\/campana-decorativa-para-instalacion-en-pared_112930047\/","url":"https:\/\/www.teka.com\/es-pr\/producto\/campana-decorativa-para-instalacion-en-pared_112930047\/","name":"Teka Campana de Cocina Decorativa para Instalaci\u00f3n de Pared","isPartOf":{"@id":"https:\/\/www.teka.com\/es-pr\/#website"},"datePublished":"2026-04-25T17:52:13+00:00","description":"Descubre la Campana de Cocina Decorativa para Instalaci\u00f3n de Pared con cristal negro, panel touch control, programaci\u00f3n de aspiraci\u00f3n e indicador de saturaci\u00f3n.","inLanguage":"es","potentialAction":[{"@type":"ReadAction","target":["https:\/\/www.teka.com\/es-pr\/producto\/campana-decorativa-para-instalacion-en-pared_112930047\/"]}]},{"@type":"WebSite","@id":"https:\/\/www.teka.com\/es-pr\/#website","url":"https:\/\/www.teka.com\/es-pr\/","name":"Teka Puerto Rico","description":"","publisher":{"@id":"https:\/\/www.teka.com\/es-pr\/#organization"},"potentialAction":[{"@type":"SearchAction","target":{"@type":"EntryPoint","urlTemplate":"https:\/\/www.teka.com\/es-pr\/?s={search_term_string}"},"query-input":{"@type":"PropertyValueSpecification","valueRequired":true,"valueName":"search_term_string"}}],"inLanguage":"es"},{"@type":"Organization","@id":"https:\/\/www.teka.com\/es-pr\/#organization","name":"Teka Puerto Rico","url":"https:\/\/www.teka.com\/es-pr\/","logo":{"@type":"ImageObject","inLanguage":"es","@id":"https:\/\/www.teka.com\/es-pr\/#\/schema\/logo\/image\/","url":"https:\/\/www.teka.com\/es-pr\/wp-content\/uploads\/sites\/94\/2018\/10\/404-teka.png","contentUrl":"https:\/\/www.teka.com\/es-pr\/wp-content\/uploads\/sites\/94\/2018\/10\/404-teka.png","width":200,"height":200,"caption":"Teka Puerto Rico"},"image":{"@id":"https:\/\/www.teka.com\/es-pr\/#\/schema\/logo\/image\/"}}]}},"_links":{"self":[{"href":"https:\/\/www.teka.com\/es-pr\/wp-json\/wp\/v2\/product\/68699","targetHints":{"allow":["GET"]}}],"collection":[{"href":"https:\/\/www.teka.com\/es-pr\/wp-json\/wp\/v2\/product"}],"about":[{"href":"https:\/\/www.teka.com\/es-pr\/wp-json\/wp\/v2\/types\/product"}],"wp:attachment":[{"href":"https:\/\/www.teka.com\/es-pr\/wp-json\/wp\/v2\/media?parent=68699"}],"wp:term":[{"taxonomy":"product_cat","embeddable":true,"href":"https:\/\/www.teka.com\/es-pr\/wp-json\/wp\/v2\/product_cat?post=68699"},{"taxonomy":"product_cleaning_system","embeddable":true,"href":"https:\/\/www.teka.com\/es-pr\/wp-json\/wp\/v2\/product_cleaning_system?post=68699"},{"taxonomy":"product_3rd_basket","embeddable":true,"href":"https:\/\/www.teka.com\/es-pr\/wp-json\/wp\/v2\/product_3rd_basket?post=68699"},{"taxonomy":"product_drawers","embeddable":true,"href":"https:\/\/www.teka.com\/es-pr\/wp-json\/wp\/v2\/product_drawers?post=68699"},{"taxonomy":"product_type_of_installation","embeddable":true,"href":"https:\/\/www.teka.com\/es-pr\/wp-json\/wp\/v2\/product_type_of_installation?post=68699"},{"taxonomy":"product_edition","embeddable":true,"href":"https:\/\/www.teka.com\/es-pr\/wp-json\/wp\/v2\/product_edition?post=68699"},{"taxonomy":"product_serie","embeddable":true,"href":"https:\/\/www.teka.com\/es-pr\/wp-json\/wp\/v2\/product_serie?post=68699"},{"taxonomy":"product_features","embeddable":true,"href":"https:\/\/www.teka.com\/es-pr\/wp-json\/wp\/v2\/product_features?post=68699"},{"taxonomy":"finishes","embeddable":true,"href":"https:\/\/www.teka.com\/es-pr\/wp-json\/wp\/v2\/finishes?post=68699"},{"taxonomy":"product_bundles","embeddable":true,"href":"https:\/\/www.teka.com\/es-pr\/wp-json\/wp\/v2\/product_bundles?post=68699"},{"taxonomy":"product_energy_efficiency","embeddable":true,"href":"https:\/\/www.teka.com\/es-pr\/wp-json\/wp\/v2\/product_energy_efficiency?post=68699"},{"taxonomy":"product_video_training","embeddable":true,"href":"https:\/\/www.teka.com\/es-pr\/wp-json\/wp\/v2\/product_video_training?post=68699"}],"curies":[{"name":"wp","href":"https:\/\/api.w.org\/{rel}","templated":true}]}}