{"id":68845,"date":"2026-04-03T20:49:07","date_gmt":"2026-04-03T20:49:07","guid":{"rendered":"https:\/\/teka.com\/es-mx\/hbb-605-ss_111020068"},"modified":"2026-03-14T08:25:24","modified_gmt":"2026-03-14T09:25:24","slug":"hbb-605-ss_111020068","status":"publish","type":"product","link":"https:\/\/www.teka.com\/es-pr\/producto\/hbb-605-ss_111020068\/","title":{"rendered":"HBB 605 SS"},"content":{"rendered":"<ul>\n<li>Ideal para quienes buscan cocinar alimentos de forma eficiente sin perder tiempo.<\/li>\n<li>Acero inoxidable con antihuella que mantiene el horno limpio, elegante y f\u00e1cil de cuidar.<\/li>\n<li>Clase energ\u00e9tica: A (Bajo consumo de energ\u00eda) ofreciendo eficiencia sin comprometer el rendimiento.<\/li>\n<li>6 funciones de cocinado + Sistema de limpieza Hydroclean\u00ae Eco que brindan versatilidad total para preparar desde recetas tradicionales hasta platillos especializados.<\/li>\n<li>Iluminaci\u00f3n incandescente que ofrece luz c\u00e1lida y directa para una correcta visualizaci\u00f3n del interior del horno.<\/li>\n<li>Puerta de doble cristal que mejora el aislamiento t\u00e9rmico y la seguridad, manteniendo el exterior m\u00e1s fr\u00edo.<\/li>\n<li>Ventilaci\u00f3n din\u00e1mica distribuye el calor de forma uniforme en el interior, mejorando la cocci\u00f3n y evitando acumulaci\u00f3n de calor en el equipo y los muebles.<\/li>\n<li>Esmalte interior Crystal Clean\u00ae que ofrece una superficie antiadherente, mayor durabilidad y limpieza m\u00e1s sencilla.<\/li>\n<li>Bandeja profunda con esmalte Crystal Clean\u00ae que ofrece una superficie antiadherente, mayor durabilidad y limpieza m\u00e1s sencilla.<\/li>\n<\/ul>\n","protected":false},"featured_media":0,"parent":0,"template":"","product_cat":[60956],"product_cleaning_system":[3162],"product_3rd_basket":[],"product_drawers":[],"product_type_of_installation":[],"product_edition":[],"product_serie":[],"product_features":[],"finishes":[],"product_bundles":[],"product_energy_efficiency":[61615],"product_video_training":[61682,61686,61692,61706,61865],"class_list":["post-68845","product","type-product","status-publish","hentry","product_cat-hornos","usp-renewableenergy-01","color-inox","product_type_of_appliance-multifuncion","product_icons-70l","product_icons-hydroclean","product_cleaning_system-hydroclean","product_energy_efficiency-a-icon","product_video_training-trainingovens-01","product_video_training-trainingovens-02","product_video_training-trainingovens-05","product_video_training-trainingovens-12","product_video_training-trainingovens-22"],"acf":[],"yoast_head":"<!-- This site is optimized with the Yoast SEO plugin v27.2 - https:\/\/yoast.com\/product\/yoast-seo-wordpress\/ -->\n<title>Horno El\u00e9ctrico Multifunci\u00f3n de 70 L<\/title>\n<meta name=\"description\" content=\"Descubre el Horno el\u00e9ctrico multifunci\u00f3n con 6 funciones de cocinado + Sistema de limpieza Hydroclean\u00ae Eco, puerta de doble cristal y esmalte Crystal Clean\u00ae.\" \/>\n<meta name=\"robots\" content=\"index, follow, max-snippet:-1, max-image-preview:large, max-video-preview:-1\" \/>\n<link rel=\"canonical\" href=\"https:\/\/www.teka.com\/es-pr\/producto\/hbb-605-ss_111020068\/\" \/>\n<meta property=\"og:locale\" content=\"es_ES\" \/>\n<meta property=\"og:type\" content=\"article\" \/>\n<meta property=\"og:title\" content=\"Horno El\u00e9ctrico Multifunci\u00f3n de 70 L\" \/>\n<meta property=\"og:description\" content=\"Descubre el Horno el\u00e9ctrico multifunci\u00f3n con 6 funciones de cocinado + Sistema de limpieza Hydroclean\u00ae Eco, puerta de doble cristal y esmalte Crystal Clean\u00ae.\" \/>\n<meta property=\"og:url\" content=\"https:\/\/www.teka.com\/es-pr\/producto\/hbb-605-ss_111020068\/\" \/>\n<meta property=\"og:site_name\" content=\"Teka Puerto Rico\" \/>\n<meta name=\"twitter:card\" content=\"summary_large_image\" \/>\n<meta name=\"twitter:label1\" content=\"Tiempo de lectura\" \/>\n\t<meta name=\"twitter:data1\" content=\"1 minuto\" \/>\n<script type=\"application\/ld+json\" class=\"yoast-schema-graph\">{\"@context\":\"https:\/\/schema.org\",\"@graph\":[{\"@type\":\"WebPage\",\"@id\":\"https:\/\/www.teka.com\/es-pr\/producto\/hbb-605-ss_111020068\/\",\"url\":\"https:\/\/www.teka.com\/es-pr\/producto\/hbb-605-ss_111020068\/\",\"name\":\"Horno El\u00e9ctrico Multifunci\u00f3n de 70 L\",\"isPartOf\":{\"@id\":\"https:\/\/www.teka.com\/es-pr\/#website\"},\"datePublished\":\"2026-04-03T20:49:07+00:00\",\"description\":\"Descubre el Horno el\u00e9ctrico multifunci\u00f3n con 6 funciones de cocinado + Sistema de limpieza Hydroclean\u00ae Eco, puerta de doble cristal y esmalte Crystal Clean\u00ae.\",\"inLanguage\":\"es\",\"potentialAction\":[{\"@type\":\"ReadAction\",\"target\":[\"https:\/\/www.teka.com\/es-pr\/producto\/hbb-605-ss_111020068\/\"]}]},{\"@type\":\"WebSite\",\"@id\":\"https:\/\/www.teka.com\/es-pr\/#website\",\"url\":\"https:\/\/www.teka.com\/es-pr\/\",\"name\":\"Teka Puerto Rico\",\"description\":\"\",\"publisher\":{\"@id\":\"https:\/\/www.teka.com\/es-pr\/#organization\"},\"potentialAction\":[{\"@type\":\"SearchAction\",\"target\":{\"@type\":\"EntryPoint\",\"urlTemplate\":\"https:\/\/www.teka.com\/es-pr\/?s={search_term_string}\"},\"query-input\":{\"@type\":\"PropertyValueSpecification\",\"valueRequired\":true,\"valueName\":\"search_term_string\"}}],\"inLanguage\":\"es\"},{\"@type\":\"Organization\",\"@id\":\"https:\/\/www.teka.com\/es-pr\/#organization\",\"name\":\"Teka Puerto Rico\",\"url\":\"https:\/\/www.teka.com\/es-pr\/\",\"logo\":{\"@type\":\"ImageObject\",\"inLanguage\":\"es\",\"@id\":\"https:\/\/www.teka.com\/es-pr\/#\/schema\/logo\/image\/\",\"url\":\"https:\/\/www.teka.com\/es-pr\/wp-content\/uploads\/sites\/94\/2018\/10\/404-teka.png\",\"contentUrl\":\"https:\/\/www.teka.com\/es-pr\/wp-content\/uploads\/sites\/94\/2018\/10\/404-teka.png\",\"width\":200,\"height\":200,\"caption\":\"Teka Puerto Rico\"},\"image\":{\"@id\":\"https:\/\/www.teka.com\/es-pr\/#\/schema\/logo\/image\/\"}}]}<\/script>\n<!-- \/ Yoast SEO plugin. -->","yoast_head_json":{"title":"Horno El\u00e9ctrico Multifunci\u00f3n de 70 L","description":"Descubre el Horno el\u00e9ctrico multifunci\u00f3n con 6 funciones de cocinado + Sistema de limpieza Hydroclean\u00ae Eco, puerta de doble cristal y esmalte Crystal Clean\u00ae.","robots":{"index":"index","follow":"follow","max-snippet":"max-snippet:-1","max-image-preview":"max-image-preview:large","max-video-preview":"max-video-preview:-1"},"canonical":"https:\/\/www.teka.com\/es-pr\/producto\/hbb-605-ss_111020068\/","og_locale":"es_ES","og_type":"article","og_title":"Horno El\u00e9ctrico Multifunci\u00f3n de 70 L","og_description":"Descubre el Horno el\u00e9ctrico multifunci\u00f3n con 6 funciones de cocinado + Sistema de limpieza Hydroclean\u00ae Eco, puerta de doble cristal y esmalte Crystal Clean\u00ae.","og_url":"https:\/\/www.teka.com\/es-pr\/producto\/hbb-605-ss_111020068\/","og_site_name":"Teka Puerto Rico","twitter_card":"summary_large_image","twitter_misc":{"Tiempo de lectura":"1 minuto"},"schema":{"@context":"https:\/\/schema.org","@graph":[{"@type":"WebPage","@id":"https:\/\/www.teka.com\/es-pr\/producto\/hbb-605-ss_111020068\/","url":"https:\/\/www.teka.com\/es-pr\/producto\/hbb-605-ss_111020068\/","name":"Horno El\u00e9ctrico Multifunci\u00f3n de 70 L","isPartOf":{"@id":"https:\/\/www.teka.com\/es-pr\/#website"},"datePublished":"2026-04-03T20:49:07+00:00","description":"Descubre el Horno el\u00e9ctrico multifunci\u00f3n con 6 funciones de cocinado + Sistema de limpieza Hydroclean\u00ae Eco, puerta de doble cristal y esmalte Crystal Clean\u00ae.","inLanguage":"es","potentialAction":[{"@type":"ReadAction","target":["https:\/\/www.teka.com\/es-pr\/producto\/hbb-605-ss_111020068\/"]}]},{"@type":"WebSite","@id":"https:\/\/www.teka.com\/es-pr\/#website","url":"https:\/\/www.teka.com\/es-pr\/","name":"Teka Puerto Rico","description":"","publisher":{"@id":"https:\/\/www.teka.com\/es-pr\/#organization"},"potentialAction":[{"@type":"SearchAction","target":{"@type":"EntryPoint","urlTemplate":"https:\/\/www.teka.com\/es-pr\/?s={search_term_string}"},"query-input":{"@type":"PropertyValueSpecification","valueRequired":true,"valueName":"search_term_string"}}],"inLanguage":"es"},{"@type":"Organization","@id":"https:\/\/www.teka.com\/es-pr\/#organization","name":"Teka Puerto Rico","url":"https:\/\/www.teka.com\/es-pr\/","logo":{"@type":"ImageObject","inLanguage":"es","@id":"https:\/\/www.teka.com\/es-pr\/#\/schema\/logo\/image\/","url":"https:\/\/www.teka.com\/es-pr\/wp-content\/uploads\/sites\/94\/2018\/10\/404-teka.png","contentUrl":"https:\/\/www.teka.com\/es-pr\/wp-content\/uploads\/sites\/94\/2018\/10\/404-teka.png","width":200,"height":200,"caption":"Teka Puerto Rico"},"image":{"@id":"https:\/\/www.teka.com\/es-pr\/#\/schema\/logo\/image\/"}}]}},"_links":{"self":[{"href":"https:\/\/www.teka.com\/es-pr\/wp-json\/wp\/v2\/product\/68845","targetHints":{"allow":["GET"]}}],"collection":[{"href":"https:\/\/www.teka.com\/es-pr\/wp-json\/wp\/v2\/product"}],"about":[{"href":"https:\/\/www.teka.com\/es-pr\/wp-json\/wp\/v2\/types\/product"}],"wp:attachment":[{"href":"https:\/\/www.teka.com\/es-pr\/wp-json\/wp\/v2\/media?parent=68845"}],"wp:term":[{"taxonomy":"product_cat","embeddable":true,"href":"https:\/\/www.teka.com\/es-pr\/wp-json\/wp\/v2\/product_cat?post=68845"},{"taxonomy":"product_cleaning_system","embeddable":true,"href":"https:\/\/www.teka.com\/es-pr\/wp-json\/wp\/v2\/product_cleaning_system?post=68845"},{"taxonomy":"product_3rd_basket","embeddable":true,"href":"https:\/\/www.teka.com\/es-pr\/wp-json\/wp\/v2\/product_3rd_basket?post=68845"},{"taxonomy":"product_drawers","embeddable":true,"href":"https:\/\/www.teka.com\/es-pr\/wp-json\/wp\/v2\/product_drawers?post=68845"},{"taxonomy":"product_type_of_installation","embeddable":true,"href":"https:\/\/www.teka.com\/es-pr\/wp-json\/wp\/v2\/product_type_of_installation?post=68845"},{"taxonomy":"product_edition","embeddable":true,"href":"https:\/\/www.teka.com\/es-pr\/wp-json\/wp\/v2\/product_edition?post=68845"},{"taxonomy":"product_serie","embeddable":true,"href":"https:\/\/www.teka.com\/es-pr\/wp-json\/wp\/v2\/product_serie?post=68845"},{"taxonomy":"product_features","embeddable":true,"href":"https:\/\/www.teka.com\/es-pr\/wp-json\/wp\/v2\/product_features?post=68845"},{"taxonomy":"finishes","embeddable":true,"href":"https:\/\/www.teka.com\/es-pr\/wp-json\/wp\/v2\/finishes?post=68845"},{"taxonomy":"product_bundles","embeddable":true,"href":"https:\/\/www.teka.com\/es-pr\/wp-json\/wp\/v2\/product_bundles?post=68845"},{"taxonomy":"product_energy_efficiency","embeddable":true,"href":"https:\/\/www.teka.com\/es-pr\/wp-json\/wp\/v2\/product_energy_efficiency?post=68845"},{"taxonomy":"product_video_training","embeddable":true,"href":"https:\/\/www.teka.com\/es-pr\/wp-json\/wp\/v2\/product_video_training?post=68845"}],"curies":[{"name":"wp","href":"https:\/\/api.w.org\/{rel}","templated":true}]}}