{"id":68848,"date":"2026-04-26T04:00:26","date_gmt":"2026-04-26T04:00:26","guid":{"rendered":"https:\/\/teka.com\/es-mx\/sommelier-rvf-10032-gbk_113610005"},"modified":"2026-03-14T07:56:59","modified_gmt":"2026-03-14T08:56:59","slug":"sommelier-rvf-10032-gbk_113610005","status":"publish","type":"product","link":"https:\/\/www.teka.com\/es-pr\/producto\/sommelier-rvf-10032-gbk_113610005\/","title":{"rendered":"Sommelier RVF 10032 GBK"},"content":{"rendered":"<ul>\n<li>Los enfriadores de vinos son ideales para aquellos que disfrutan de una buena selecci\u00f3n de vinos y buscan mantenerlos a la temperatura perfecta para su consumo.<\/li>\n<li>5 anaqueles de madera deslizables y 1 inferior.<\/li>\n<li>Iluminaci\u00f3n LED: Ilumina cada rinc\u00f3n del enfriador, facilitando la localizaci\u00f3n de tus vinos.<\/li>\n<li>Panel de mandos digital con display LED es el sistema de control electr\u00f3nico desde donde se configuran y se visualizan los ajustes del enfriador de vinos de forma clara y precisa.<\/li>\n<li>Termostato electr\u00f3nico regulable dise\u00f1ado para mantener las botellas de vino a la temperatura \u00f3ptima de almacenamiento y consumo.<\/li>\n<li>Nivel sonoro: 42 dB este nivel de ruido es considerado bajo, similar al de una conversaci\u00f3n tranquila o al ambiente de una biblioteca.<\/li>\n<\/ul>\n","protected":false},"featured_media":0,"parent":0,"template":"","product_cat":[61716],"product_cleaning_system":[],"product_3rd_basket":[],"product_drawers":[],"product_type_of_installation":[60899],"product_edition":[60902],"product_serie":[],"product_features":[],"finishes":[],"product_bundles":[],"product_energy_efficiency":[],"product_video_training":[],"class_list":["post-68848","product","type-product","status-publish","hentry","product_cat-enfriadores-de-vino","usp-winecoolers-02","usp-winecoolers-03","usp-winecoolers-04","usp-winecoolers-05","usp-winecoolers-07","usp-winecoolers-08","usp-winecoolers-09","color-cristal-negro","product_ambient-urban-colors-01","product_ambient-urban-colors-02","product_ambient-urban-colors-03","product_icons-led","product_icons-motor-inverter","product_type_of_installation-libre-instalacion","product_edition-night-river-black"],"acf":[],"yoast_head":"<!-- This site is optimized with the Yoast SEO plugin v27.5 - https:\/\/yoast.com\/product\/yoast-seo-wordpress\/ -->\n<title>Teka Enfriador de Vinos para 32 botellas de Libre Instalaci\u00f3n<\/title>\n<meta name=\"description\" content=\"Descubre el Enfriador de Vinos para 32 botellas de Libre Instalaci\u00f3n con 5 anaqueles de madera y 1 inferior, termostato electr\u00f3nico y niel sonoro 42 dB.\" \/>\n<meta name=\"robots\" content=\"index, follow, max-snippet:-1, max-image-preview:large, max-video-preview:-1\" \/>\n<link rel=\"canonical\" href=\"https:\/\/www.teka.com\/es-pr\/producto\/sommelier-rvf-10032-gbk_113610005\/\" \/>\n<meta property=\"og:locale\" content=\"es_ES\" \/>\n<meta property=\"og:type\" content=\"article\" \/>\n<meta property=\"og:title\" content=\"Teka Enfriador de Vinos para 32 botellas de Libre Instalaci\u00f3n\" \/>\n<meta property=\"og:description\" content=\"Descubre el Enfriador de Vinos para 32 botellas de Libre Instalaci\u00f3n con 5 anaqueles de madera y 1 inferior, termostato electr\u00f3nico y niel sonoro 42 dB.\" \/>\n<meta property=\"og:url\" content=\"https:\/\/www.teka.com\/es-pr\/producto\/sommelier-rvf-10032-gbk_113610005\/\" \/>\n<meta property=\"og:site_name\" content=\"Teka Puerto Rico\" \/>\n<meta name=\"twitter:card\" content=\"summary_large_image\" \/>\n<meta name=\"twitter:label1\" content=\"Tiempo de lectura\" \/>\n\t<meta name=\"twitter:data1\" content=\"1 minuto\" \/>\n<script type=\"application\/ld+json\" class=\"yoast-schema-graph\">{\"@context\":\"https:\\\/\\\/schema.org\",\"@graph\":[{\"@type\":\"WebPage\",\"@id\":\"https:\\\/\\\/www.teka.com\\\/es-pr\\\/producto\\\/sommelier-rvf-10032-gbk_113610005\\\/\",\"url\":\"https:\\\/\\\/www.teka.com\\\/es-pr\\\/producto\\\/sommelier-rvf-10032-gbk_113610005\\\/\",\"name\":\"Teka Enfriador de Vinos para 32 botellas de Libre Instalaci\u00f3n\",\"isPartOf\":{\"@id\":\"https:\\\/\\\/www.teka.com\\\/es-pr\\\/#website\"},\"datePublished\":\"2026-04-26T04:00:26+00:00\",\"description\":\"Descubre el Enfriador de Vinos para 32 botellas de Libre Instalaci\u00f3n con 5 anaqueles de madera y 1 inferior, termostato electr\u00f3nico y niel sonoro 42 dB.\",\"inLanguage\":\"es\",\"potentialAction\":[{\"@type\":\"ReadAction\",\"target\":[\"https:\\\/\\\/www.teka.com\\\/es-pr\\\/producto\\\/sommelier-rvf-10032-gbk_113610005\\\/\"]}]},{\"@type\":\"WebSite\",\"@id\":\"https:\\\/\\\/www.teka.com\\\/es-pr\\\/#website\",\"url\":\"https:\\\/\\\/www.teka.com\\\/es-pr\\\/\",\"name\":\"Teka Puerto Rico\",\"description\":\"\",\"publisher\":{\"@id\":\"https:\\\/\\\/www.teka.com\\\/es-pr\\\/#organization\"},\"potentialAction\":[{\"@type\":\"SearchAction\",\"target\":{\"@type\":\"EntryPoint\",\"urlTemplate\":\"https:\\\/\\\/www.teka.com\\\/es-pr\\\/?s={search_term_string}\"},\"query-input\":{\"@type\":\"PropertyValueSpecification\",\"valueRequired\":true,\"valueName\":\"search_term_string\"}}],\"inLanguage\":\"es\"},{\"@type\":\"Organization\",\"@id\":\"https:\\\/\\\/www.teka.com\\\/es-pr\\\/#organization\",\"name\":\"Teka Puerto Rico\",\"url\":\"https:\\\/\\\/www.teka.com\\\/es-pr\\\/\",\"logo\":{\"@type\":\"ImageObject\",\"inLanguage\":\"es\",\"@id\":\"https:\\\/\\\/www.teka.com\\\/es-pr\\\/#\\\/schema\\\/logo\\\/image\\\/\",\"url\":\"https:\\\/\\\/www.teka.com\\\/es-pr\\\/wp-content\\\/uploads\\\/sites\\\/94\\\/2018\\\/10\\\/404-teka.png\",\"contentUrl\":\"https:\\\/\\\/www.teka.com\\\/es-pr\\\/wp-content\\\/uploads\\\/sites\\\/94\\\/2018\\\/10\\\/404-teka.png\",\"width\":200,\"height\":200,\"caption\":\"Teka Puerto Rico\"},\"image\":{\"@id\":\"https:\\\/\\\/www.teka.com\\\/es-pr\\\/#\\\/schema\\\/logo\\\/image\\\/\"}}]}<\/script>\n<!-- \/ Yoast SEO plugin. -->","yoast_head_json":{"title":"Teka Enfriador de Vinos para 32 botellas de Libre Instalaci\u00f3n","description":"Descubre el Enfriador de Vinos para 32 botellas de Libre Instalaci\u00f3n con 5 anaqueles de madera y 1 inferior, termostato electr\u00f3nico y niel sonoro 42 dB.","robots":{"index":"index","follow":"follow","max-snippet":"max-snippet:-1","max-image-preview":"max-image-preview:large","max-video-preview":"max-video-preview:-1"},"canonical":"https:\/\/www.teka.com\/es-pr\/producto\/sommelier-rvf-10032-gbk_113610005\/","og_locale":"es_ES","og_type":"article","og_title":"Teka Enfriador de Vinos para 32 botellas de Libre Instalaci\u00f3n","og_description":"Descubre el Enfriador de Vinos para 32 botellas de Libre Instalaci\u00f3n con 5 anaqueles de madera y 1 inferior, termostato electr\u00f3nico y niel sonoro 42 dB.","og_url":"https:\/\/www.teka.com\/es-pr\/producto\/sommelier-rvf-10032-gbk_113610005\/","og_site_name":"Teka Puerto Rico","twitter_card":"summary_large_image","twitter_misc":{"Tiempo de lectura":"1 minuto"},"schema":{"@context":"https:\/\/schema.org","@graph":[{"@type":"WebPage","@id":"https:\/\/www.teka.com\/es-pr\/producto\/sommelier-rvf-10032-gbk_113610005\/","url":"https:\/\/www.teka.com\/es-pr\/producto\/sommelier-rvf-10032-gbk_113610005\/","name":"Teka Enfriador de Vinos para 32 botellas de Libre Instalaci\u00f3n","isPartOf":{"@id":"https:\/\/www.teka.com\/es-pr\/#website"},"datePublished":"2026-04-26T04:00:26+00:00","description":"Descubre el Enfriador de Vinos para 32 botellas de Libre Instalaci\u00f3n con 5 anaqueles de madera y 1 inferior, termostato electr\u00f3nico y niel sonoro 42 dB.","inLanguage":"es","potentialAction":[{"@type":"ReadAction","target":["https:\/\/www.teka.com\/es-pr\/producto\/sommelier-rvf-10032-gbk_113610005\/"]}]},{"@type":"WebSite","@id":"https:\/\/www.teka.com\/es-pr\/#website","url":"https:\/\/www.teka.com\/es-pr\/","name":"Teka Puerto Rico","description":"","publisher":{"@id":"https:\/\/www.teka.com\/es-pr\/#organization"},"potentialAction":[{"@type":"SearchAction","target":{"@type":"EntryPoint","urlTemplate":"https:\/\/www.teka.com\/es-pr\/?s={search_term_string}"},"query-input":{"@type":"PropertyValueSpecification","valueRequired":true,"valueName":"search_term_string"}}],"inLanguage":"es"},{"@type":"Organization","@id":"https:\/\/www.teka.com\/es-pr\/#organization","name":"Teka Puerto Rico","url":"https:\/\/www.teka.com\/es-pr\/","logo":{"@type":"ImageObject","inLanguage":"es","@id":"https:\/\/www.teka.com\/es-pr\/#\/schema\/logo\/image\/","url":"https:\/\/www.teka.com\/es-pr\/wp-content\/uploads\/sites\/94\/2018\/10\/404-teka.png","contentUrl":"https:\/\/www.teka.com\/es-pr\/wp-content\/uploads\/sites\/94\/2018\/10\/404-teka.png","width":200,"height":200,"caption":"Teka Puerto Rico"},"image":{"@id":"https:\/\/www.teka.com\/es-pr\/#\/schema\/logo\/image\/"}}]}},"_links":{"self":[{"href":"https:\/\/www.teka.com\/es-pr\/wp-json\/wp\/v2\/product\/68848","targetHints":{"allow":["GET"]}}],"collection":[{"href":"https:\/\/www.teka.com\/es-pr\/wp-json\/wp\/v2\/product"}],"about":[{"href":"https:\/\/www.teka.com\/es-pr\/wp-json\/wp\/v2\/types\/product"}],"wp:attachment":[{"href":"https:\/\/www.teka.com\/es-pr\/wp-json\/wp\/v2\/media?parent=68848"}],"wp:term":[{"taxonomy":"product_cat","embeddable":true,"href":"https:\/\/www.teka.com\/es-pr\/wp-json\/wp\/v2\/product_cat?post=68848"},{"taxonomy":"product_cleaning_system","embeddable":true,"href":"https:\/\/www.teka.com\/es-pr\/wp-json\/wp\/v2\/product_cleaning_system?post=68848"},{"taxonomy":"product_3rd_basket","embeddable":true,"href":"https:\/\/www.teka.com\/es-pr\/wp-json\/wp\/v2\/product_3rd_basket?post=68848"},{"taxonomy":"product_drawers","embeddable":true,"href":"https:\/\/www.teka.com\/es-pr\/wp-json\/wp\/v2\/product_drawers?post=68848"},{"taxonomy":"product_type_of_installation","embeddable":true,"href":"https:\/\/www.teka.com\/es-pr\/wp-json\/wp\/v2\/product_type_of_installation?post=68848"},{"taxonomy":"product_edition","embeddable":true,"href":"https:\/\/www.teka.com\/es-pr\/wp-json\/wp\/v2\/product_edition?post=68848"},{"taxonomy":"product_serie","embeddable":true,"href":"https:\/\/www.teka.com\/es-pr\/wp-json\/wp\/v2\/product_serie?post=68848"},{"taxonomy":"product_features","embeddable":true,"href":"https:\/\/www.teka.com\/es-pr\/wp-json\/wp\/v2\/product_features?post=68848"},{"taxonomy":"finishes","embeddable":true,"href":"https:\/\/www.teka.com\/es-pr\/wp-json\/wp\/v2\/finishes?post=68848"},{"taxonomy":"product_bundles","embeddable":true,"href":"https:\/\/www.teka.com\/es-pr\/wp-json\/wp\/v2\/product_bundles?post=68848"},{"taxonomy":"product_energy_efficiency","embeddable":true,"href":"https:\/\/www.teka.com\/es-pr\/wp-json\/wp\/v2\/product_energy_efficiency?post=68848"},{"taxonomy":"product_video_training","embeddable":true,"href":"https:\/\/www.teka.com\/es-pr\/wp-json\/wp\/v2\/product_video_training?post=68848"}],"curies":[{"name":"wp","href":"https:\/\/api.w.org\/{rel}","templated":true}]}}