{"id":69085,"date":"2026-04-27T06:31:21","date_gmt":"2026-04-27T06:31:21","guid":{"rendered":"https:\/\/teka.com\/en-int\/ibf-64-g1-msp-bm_112510038"},"modified":"2026-04-24T02:25:00","modified_gmt":"2026-04-24T03:25:00","slug":"ibf-64-g1-msp-bm_112510038","status":"publish","type":"product","link":"https:\/\/www.teka.com\/es-pr\/producto\/ibf-64-g1-msp-bm_112510038\/","title":{"rendered":"IBF 64-G1 MSP BM"},"content":{"rendered":"<ul>\n<li>Dise\u00f1ado en Italia por Italdesign Giugiaro. Ideal para hogares modernos y quienes buscan precisi\u00f3n, seguridad y alto rendimiento.<\/li>\n<li>Cristal vitrocer\u00e1mico biselado para agregar un toque de elegancia y sofisticaci\u00f3n a los espacios.<\/li>\n<li>Touch Control Multislider con sensores ac\u00fasticos y bloqueo de seguridad sistema de control de temperatura que permite a los usuarios seleccionar la potencia y la zona de cocci\u00f3n de manera precisa y segura.<\/li>\n<li>Programaci\u00f3n del tiempo de cocci\u00f3n hasta 99 minutos con alarma ac\u00fastica (posibilidad de programar todas las zonas de cocci\u00f3n a la vez).<\/li>\n<li>Funci\u00f3n Power Plus permite alcanzar la m\u00e1xima potencia en un tiempo muy reducido.<\/li>\n<li>Funci\u00f3n STOP &amp; GO permite detener temporalmente la cocci\u00f3n y reactivarla despu\u00e9s. Esto es \u00fatil para cocinar en diferentes momentos de la jornada o para preparar comidas que requieren un tiempo de cocci\u00f3n prolongado.<\/li>\n<li>6 zonas de cocci\u00f3n (4 zonas de inducci\u00f3n + 2 zonas Flex combinadas) con detector de recipientes.<\/li>\n<\/ul>\n","protected":false},"featured_media":0,"parent":0,"template":"","product_cat":[60950],"product_cleaning_system":[],"product_3rd_basket":[],"product_drawers":[],"product_type_of_installation":[],"product_edition":[],"product_serie":[],"product_features":[61034,61043,61044,61048],"finishes":[],"product_bundles":[],"product_energy_efficiency":[],"product_video_training":[61683,61688,61690,61691,61699,61863],"class_list":["post-69085","product","type-product","status-publish","hentry","product_cat-parrillas","usp-infinityg1-01","usp-infinityg1-02","usp-infinityg1-03","usp-infinityg1-14","usp-infinityg1-15","usp-cookinglovers-13","usp-award-06","color-negro-mate","product_type_of_appliance-induccion","product_ambient-infinityg1","product_icons-flex","product_icons-multislider","product_icons-power","product_icons-power-plus","product_icons-easy-installation","product_features-keep-warm","product_features-simmering","product_features-melting","product_features-flex","product_video_training-traininghobs-02","product_video_training-traininghobs-05","product_video_training-traininghobs-06","product_video_training-traininghobs-07","product_video_training-traininghobs-11","product_video_training-traininghobs-14"],"acf":[],"yoast_head":"<!-- This site is optimized with the Yoast SEO plugin v27.5 - https:\/\/yoast.com\/product\/yoast-seo-wordpress\/ -->\n<title>Teka Parrilla Vitrocer\u00e1mica de Inducci\u00f3n de 53x600x510 mm<\/title>\n<meta name=\"description\" content=\"Descubre la Parrilla Vitrocer\u00e1mica de Inducci\u00f3n de con 6 zonas de cocci\u00f3n, Touch Control Multislider y bloqueo de seguridad y funci\u00f3n STOP &amp; GO.\" \/>\n<meta name=\"robots\" content=\"index, follow, max-snippet:-1, max-image-preview:large, max-video-preview:-1\" \/>\n<link rel=\"canonical\" href=\"https:\/\/www.teka.com\/es-pr\/producto\/ibf-64-g1-msp-bm_112510038\/\" \/>\n<meta property=\"og:locale\" content=\"es_ES\" \/>\n<meta property=\"og:type\" content=\"article\" \/>\n<meta property=\"og:title\" content=\"Teka Parrilla Vitrocer\u00e1mica de Inducci\u00f3n de 53x600x510 mm\" \/>\n<meta property=\"og:description\" content=\"Descubre la Parrilla Vitrocer\u00e1mica de Inducci\u00f3n de con 6 zonas de cocci\u00f3n, Touch Control Multislider y bloqueo de seguridad y funci\u00f3n STOP &amp; GO.\" \/>\n<meta property=\"og:url\" content=\"https:\/\/www.teka.com\/es-pr\/producto\/ibf-64-g1-msp-bm_112510038\/\" \/>\n<meta property=\"og:site_name\" content=\"Teka Puerto Rico\" \/>\n<meta name=\"twitter:card\" content=\"summary_large_image\" \/>\n<meta name=\"twitter:label1\" content=\"Tiempo de lectura\" \/>\n\t<meta name=\"twitter:data1\" content=\"1 minuto\" \/>\n<script type=\"application\/ld+json\" class=\"yoast-schema-graph\">{\"@context\":\"https:\\\/\\\/schema.org\",\"@graph\":[{\"@type\":\"WebPage\",\"@id\":\"https:\\\/\\\/www.teka.com\\\/es-pr\\\/producto\\\/ibf-64-g1-msp-bm_112510038\\\/\",\"url\":\"https:\\\/\\\/www.teka.com\\\/es-pr\\\/producto\\\/ibf-64-g1-msp-bm_112510038\\\/\",\"name\":\"Teka Parrilla Vitrocer\u00e1mica de Inducci\u00f3n de 53x600x510 mm\",\"isPartOf\":{\"@id\":\"https:\\\/\\\/www.teka.com\\\/es-pr\\\/#website\"},\"datePublished\":\"2026-04-27T06:31:21+00:00\",\"description\":\"Descubre la Parrilla Vitrocer\u00e1mica de Inducci\u00f3n de con 6 zonas de cocci\u00f3n, Touch Control Multislider y bloqueo de seguridad y funci\u00f3n STOP & GO.\",\"inLanguage\":\"es\",\"potentialAction\":[{\"@type\":\"ReadAction\",\"target\":[\"https:\\\/\\\/www.teka.com\\\/es-pr\\\/producto\\\/ibf-64-g1-msp-bm_112510038\\\/\"]}]},{\"@type\":\"WebSite\",\"@id\":\"https:\\\/\\\/www.teka.com\\\/es-pr\\\/#website\",\"url\":\"https:\\\/\\\/www.teka.com\\\/es-pr\\\/\",\"name\":\"Teka Puerto Rico\",\"description\":\"\",\"publisher\":{\"@id\":\"https:\\\/\\\/www.teka.com\\\/es-pr\\\/#organization\"},\"potentialAction\":[{\"@type\":\"SearchAction\",\"target\":{\"@type\":\"EntryPoint\",\"urlTemplate\":\"https:\\\/\\\/www.teka.com\\\/es-pr\\\/?s={search_term_string}\"},\"query-input\":{\"@type\":\"PropertyValueSpecification\",\"valueRequired\":true,\"valueName\":\"search_term_string\"}}],\"inLanguage\":\"es\"},{\"@type\":\"Organization\",\"@id\":\"https:\\\/\\\/www.teka.com\\\/es-pr\\\/#organization\",\"name\":\"Teka Puerto Rico\",\"url\":\"https:\\\/\\\/www.teka.com\\\/es-pr\\\/\",\"logo\":{\"@type\":\"ImageObject\",\"inLanguage\":\"es\",\"@id\":\"https:\\\/\\\/www.teka.com\\\/es-pr\\\/#\\\/schema\\\/logo\\\/image\\\/\",\"url\":\"https:\\\/\\\/www.teka.com\\\/es-pr\\\/wp-content\\\/uploads\\\/sites\\\/94\\\/2018\\\/10\\\/404-teka.png\",\"contentUrl\":\"https:\\\/\\\/www.teka.com\\\/es-pr\\\/wp-content\\\/uploads\\\/sites\\\/94\\\/2018\\\/10\\\/404-teka.png\",\"width\":200,\"height\":200,\"caption\":\"Teka Puerto Rico\"},\"image\":{\"@id\":\"https:\\\/\\\/www.teka.com\\\/es-pr\\\/#\\\/schema\\\/logo\\\/image\\\/\"}}]}<\/script>\n<!-- \/ Yoast SEO plugin. -->","yoast_head_json":{"title":"Teka Parrilla Vitrocer\u00e1mica de Inducci\u00f3n de 53x600x510 mm","description":"Descubre la Parrilla Vitrocer\u00e1mica de Inducci\u00f3n de con 6 zonas de cocci\u00f3n, Touch Control Multislider y bloqueo de seguridad y funci\u00f3n STOP & GO.","robots":{"index":"index","follow":"follow","max-snippet":"max-snippet:-1","max-image-preview":"max-image-preview:large","max-video-preview":"max-video-preview:-1"},"canonical":"https:\/\/www.teka.com\/es-pr\/producto\/ibf-64-g1-msp-bm_112510038\/","og_locale":"es_ES","og_type":"article","og_title":"Teka Parrilla Vitrocer\u00e1mica de Inducci\u00f3n de 53x600x510 mm","og_description":"Descubre la Parrilla Vitrocer\u00e1mica de Inducci\u00f3n de con 6 zonas de cocci\u00f3n, Touch Control Multislider y bloqueo de seguridad y funci\u00f3n STOP & GO.","og_url":"https:\/\/www.teka.com\/es-pr\/producto\/ibf-64-g1-msp-bm_112510038\/","og_site_name":"Teka Puerto Rico","twitter_card":"summary_large_image","twitter_misc":{"Tiempo de lectura":"1 minuto"},"schema":{"@context":"https:\/\/schema.org","@graph":[{"@type":"WebPage","@id":"https:\/\/www.teka.com\/es-pr\/producto\/ibf-64-g1-msp-bm_112510038\/","url":"https:\/\/www.teka.com\/es-pr\/producto\/ibf-64-g1-msp-bm_112510038\/","name":"Teka Parrilla Vitrocer\u00e1mica de Inducci\u00f3n de 53x600x510 mm","isPartOf":{"@id":"https:\/\/www.teka.com\/es-pr\/#website"},"datePublished":"2026-04-27T06:31:21+00:00","description":"Descubre la Parrilla Vitrocer\u00e1mica de Inducci\u00f3n de con 6 zonas de cocci\u00f3n, Touch Control Multislider y bloqueo de seguridad y funci\u00f3n STOP & GO.","inLanguage":"es","potentialAction":[{"@type":"ReadAction","target":["https:\/\/www.teka.com\/es-pr\/producto\/ibf-64-g1-msp-bm_112510038\/"]}]},{"@type":"WebSite","@id":"https:\/\/www.teka.com\/es-pr\/#website","url":"https:\/\/www.teka.com\/es-pr\/","name":"Teka Puerto Rico","description":"","publisher":{"@id":"https:\/\/www.teka.com\/es-pr\/#organization"},"potentialAction":[{"@type":"SearchAction","target":{"@type":"EntryPoint","urlTemplate":"https:\/\/www.teka.com\/es-pr\/?s={search_term_string}"},"query-input":{"@type":"PropertyValueSpecification","valueRequired":true,"valueName":"search_term_string"}}],"inLanguage":"es"},{"@type":"Organization","@id":"https:\/\/www.teka.com\/es-pr\/#organization","name":"Teka Puerto Rico","url":"https:\/\/www.teka.com\/es-pr\/","logo":{"@type":"ImageObject","inLanguage":"es","@id":"https:\/\/www.teka.com\/es-pr\/#\/schema\/logo\/image\/","url":"https:\/\/www.teka.com\/es-pr\/wp-content\/uploads\/sites\/94\/2018\/10\/404-teka.png","contentUrl":"https:\/\/www.teka.com\/es-pr\/wp-content\/uploads\/sites\/94\/2018\/10\/404-teka.png","width":200,"height":200,"caption":"Teka Puerto Rico"},"image":{"@id":"https:\/\/www.teka.com\/es-pr\/#\/schema\/logo\/image\/"}}]}},"_links":{"self":[{"href":"https:\/\/www.teka.com\/es-pr\/wp-json\/wp\/v2\/product\/69085","targetHints":{"allow":["GET"]}}],"collection":[{"href":"https:\/\/www.teka.com\/es-pr\/wp-json\/wp\/v2\/product"}],"about":[{"href":"https:\/\/www.teka.com\/es-pr\/wp-json\/wp\/v2\/types\/product"}],"wp:attachment":[{"href":"https:\/\/www.teka.com\/es-pr\/wp-json\/wp\/v2\/media?parent=69085"}],"wp:term":[{"taxonomy":"product_cat","embeddable":true,"href":"https:\/\/www.teka.com\/es-pr\/wp-json\/wp\/v2\/product_cat?post=69085"},{"taxonomy":"product_cleaning_system","embeddable":true,"href":"https:\/\/www.teka.com\/es-pr\/wp-json\/wp\/v2\/product_cleaning_system?post=69085"},{"taxonomy":"product_3rd_basket","embeddable":true,"href":"https:\/\/www.teka.com\/es-pr\/wp-json\/wp\/v2\/product_3rd_basket?post=69085"},{"taxonomy":"product_drawers","embeddable":true,"href":"https:\/\/www.teka.com\/es-pr\/wp-json\/wp\/v2\/product_drawers?post=69085"},{"taxonomy":"product_type_of_installation","embeddable":true,"href":"https:\/\/www.teka.com\/es-pr\/wp-json\/wp\/v2\/product_type_of_installation?post=69085"},{"taxonomy":"product_edition","embeddable":true,"href":"https:\/\/www.teka.com\/es-pr\/wp-json\/wp\/v2\/product_edition?post=69085"},{"taxonomy":"product_serie","embeddable":true,"href":"https:\/\/www.teka.com\/es-pr\/wp-json\/wp\/v2\/product_serie?post=69085"},{"taxonomy":"product_features","embeddable":true,"href":"https:\/\/www.teka.com\/es-pr\/wp-json\/wp\/v2\/product_features?post=69085"},{"taxonomy":"finishes","embeddable":true,"href":"https:\/\/www.teka.com\/es-pr\/wp-json\/wp\/v2\/finishes?post=69085"},{"taxonomy":"product_bundles","embeddable":true,"href":"https:\/\/www.teka.com\/es-pr\/wp-json\/wp\/v2\/product_bundles?post=69085"},{"taxonomy":"product_energy_efficiency","embeddable":true,"href":"https:\/\/www.teka.com\/es-pr\/wp-json\/wp\/v2\/product_energy_efficiency?post=69085"},{"taxonomy":"product_video_training","embeddable":true,"href":"https:\/\/www.teka.com\/es-pr\/wp-json\/wp\/v2\/product_video_training?post=69085"}],"curies":[{"name":"wp","href":"https:\/\/api.w.org\/{rel}","templated":true}]}}