{"id":66062,"date":"2026-04-27T06:16:32","date_gmt":"2026-04-27T06:16:32","guid":{"rendered":"https:\/\/www.teka.com\/es-py\/producto\/hlb-8400_111000005\/"},"modified":"2026-04-24T06:33:53","modified_gmt":"2026-04-24T07:33:53","slug":"hlb-8400_111000005","status":"publish","type":"product","link":"https:\/\/www.teka.com\/es-py\/producto\/hlb-8400_111000005\/","title":{"rendered":"HLB 8400"},"content":{"rendered":"<ul>\n<li>Sistema de limpieza Teka Hydroclean\u00ae PRO autom\u00e1tico<\/li>\n<li>Multifunci\u00f3n SurroundTemp &#8211; 9 funciones de cocinado<\/li>\n<li>Touch Control con programaci\u00f3n de inicio y paro de cocci\u00f3n<\/li>\n<li>Sistema de 1 gu\u00eda Plus-Extension, cinco alturas de cocinado<\/li>\n<li>Calentamiento r\u00e1pido<\/li>\n<\/ul>\n","protected":false},"featured_media":0,"parent":0,"template":"","product_cat":[3496],"product_cleaning_system":[3162],"product_3rd_basket":[],"product_drawers":[],"product_type_of_installation":[60113],"product_edition":[],"product_serie":[],"product_features":[],"finishes":[],"product_bundles":[],"product_energy_efficiency":[60719],"product_video_training":[60782,60786,60792,60806,60960],"class_list":["post-66062","product","type-product","status-publish","hentry","product_cat-hornos","usp-ovens-04","usp-ovens-06","usp-ovens-12","usp-ovens-13","usp-renewableenergy-01","usp-ovens-24","color-vidrio-negro","product_type_of_appliance-multifuncion","product_ambient-urban-colors-01","product_ambient-urban-colors-02","product_ambient-urban-colors-03","product_ambient-ambient-23","product_icons-70l","product_icons-hydroclean","product_icons-surroundtemp","product_icons-plus-extension-telescopic-guide","product_cleaning_system-hydroclean","product_type_of_installation-integrable","product_energy_efficiency-a-plus-icon","product_video_training-trainingovens-01","product_video_training-trainingovens-02","product_video_training-trainingovens-05","product_video_training-trainingovens-12","product_video_training-trainingovens-22"],"acf":[],"yoast_head":"<!-- This site is optimized with the Yoast SEO plugin v27.5 - https:\/\/yoast.com\/product\/yoast-seo-wordpress\/ -->\n<title>Horno HLB 8400 Multifunci\u00f3n 60 cm Cristal Negro | Teka Chile<\/title>\n<meta name=\"description\" content=\"Toda la informaci\u00f3n sobre el Horno HLB 8400 Multifunci\u00f3n Cristal Negro 60 cm en la web oficial de Teka Chile.\" \/>\n<meta name=\"robots\" content=\"index, follow, max-snippet:-1, max-image-preview:large, max-video-preview:-1\" \/>\n<link rel=\"canonical\" href=\"https:\/\/www.teka.com\/es-py\/producto\/hlb-8400_111000005\/\" \/>\n<meta property=\"og:locale\" content=\"es_ES\" \/>\n<meta property=\"og:type\" content=\"article\" \/>\n<meta property=\"og:title\" content=\"Horno HLB 8400 Multifunci\u00f3n 60 cm Cristal Negro | Teka Chile\" \/>\n<meta property=\"og:description\" content=\"Toda la informaci\u00f3n sobre el Horno HLB 8400 Multifunci\u00f3n Cristal Negro 60 cm en la web oficial de Teka Chile.\" \/>\n<meta property=\"og:url\" content=\"https:\/\/www.teka.com\/es-py\/producto\/hlb-8400_111000005\/\" \/>\n<meta property=\"og:site_name\" content=\"Teka Paraguay\" \/>\n<meta name=\"twitter:card\" content=\"summary_large_image\" \/>\n<script type=\"application\/ld+json\" class=\"yoast-schema-graph\">{\"@context\":\"https:\\\/\\\/schema.org\",\"@graph\":[{\"@type\":\"WebPage\",\"@id\":\"https:\\\/\\\/www.teka.com\\\/es-py\\\/producto\\\/hlb-8400_111000005\\\/\",\"url\":\"https:\\\/\\\/www.teka.com\\\/es-py\\\/producto\\\/hlb-8400_111000005\\\/\",\"name\":\"Horno HLB 8400 Multifunci\u00f3n 60 cm Cristal Negro | Teka Chile\",\"isPartOf\":{\"@id\":\"https:\\\/\\\/www.teka.com\\\/es-py\\\/#website\"},\"datePublished\":\"2026-04-27T06:16:32+00:00\",\"description\":\"Toda la informaci\u00f3n sobre el Horno HLB 8400 Multifunci\u00f3n Cristal Negro 60 cm en la web oficial de Teka Chile.\",\"inLanguage\":\"es\",\"potentialAction\":[{\"@type\":\"ReadAction\",\"target\":[\"https:\\\/\\\/www.teka.com\\\/es-py\\\/producto\\\/hlb-8400_111000005\\\/\"]}]},{\"@type\":\"WebSite\",\"@id\":\"https:\\\/\\\/www.teka.com\\\/es-py\\\/#website\",\"url\":\"https:\\\/\\\/www.teka.com\\\/es-py\\\/\",\"name\":\"Teka Paraguay\",\"description\":\"\",\"publisher\":{\"@id\":\"https:\\\/\\\/www.teka.com\\\/es-py\\\/#organization\"},\"potentialAction\":[{\"@type\":\"SearchAction\",\"target\":{\"@type\":\"EntryPoint\",\"urlTemplate\":\"https:\\\/\\\/www.teka.com\\\/es-py\\\/?s={search_term_string}\"},\"query-input\":{\"@type\":\"PropertyValueSpecification\",\"valueRequired\":true,\"valueName\":\"search_term_string\"}}],\"inLanguage\":\"es\"},{\"@type\":\"Organization\",\"@id\":\"https:\\\/\\\/www.teka.com\\\/es-py\\\/#organization\",\"name\":\"Teka Paraguay\",\"url\":\"https:\\\/\\\/www.teka.com\\\/es-py\\\/\",\"logo\":{\"@type\":\"ImageObject\",\"inLanguage\":\"es\",\"@id\":\"https:\\\/\\\/www.teka.com\\\/es-py\\\/#\\\/schema\\\/logo\\\/image\\\/\",\"url\":\"https:\\\/\\\/www.teka.com\\\/es-py\\\/wp-content\\\/uploads\\\/sites\\\/57\\\/2018\\\/10\\\/404-teka.png\",\"contentUrl\":\"https:\\\/\\\/www.teka.com\\\/es-py\\\/wp-content\\\/uploads\\\/sites\\\/57\\\/2018\\\/10\\\/404-teka.png\",\"width\":200,\"height\":200,\"caption\":\"Teka Paraguay\"},\"image\":{\"@id\":\"https:\\\/\\\/www.teka.com\\\/es-py\\\/#\\\/schema\\\/logo\\\/image\\\/\"}}]}<\/script>\n<!-- \/ Yoast SEO plugin. -->","yoast_head_json":{"title":"Horno HLB 8400 Multifunci\u00f3n 60 cm Cristal Negro | Teka Chile","description":"Toda la informaci\u00f3n sobre el Horno HLB 8400 Multifunci\u00f3n Cristal Negro 60 cm en la web oficial de Teka Chile.","robots":{"index":"index","follow":"follow","max-snippet":"max-snippet:-1","max-image-preview":"max-image-preview:large","max-video-preview":"max-video-preview:-1"},"canonical":"https:\/\/www.teka.com\/es-py\/producto\/hlb-8400_111000005\/","og_locale":"es_ES","og_type":"article","og_title":"Horno HLB 8400 Multifunci\u00f3n 60 cm Cristal Negro | Teka Chile","og_description":"Toda la informaci\u00f3n sobre el Horno HLB 8400 Multifunci\u00f3n Cristal Negro 60 cm en la web oficial de Teka Chile.","og_url":"https:\/\/www.teka.com\/es-py\/producto\/hlb-8400_111000005\/","og_site_name":"Teka Paraguay","twitter_card":"summary_large_image","schema":{"@context":"https:\/\/schema.org","@graph":[{"@type":"WebPage","@id":"https:\/\/www.teka.com\/es-py\/producto\/hlb-8400_111000005\/","url":"https:\/\/www.teka.com\/es-py\/producto\/hlb-8400_111000005\/","name":"Horno HLB 8400 Multifunci\u00f3n 60 cm Cristal Negro | Teka Chile","isPartOf":{"@id":"https:\/\/www.teka.com\/es-py\/#website"},"datePublished":"2026-04-27T06:16:32+00:00","description":"Toda la informaci\u00f3n sobre el Horno HLB 8400 Multifunci\u00f3n Cristal Negro 60 cm en la web oficial de Teka Chile.","inLanguage":"es","potentialAction":[{"@type":"ReadAction","target":["https:\/\/www.teka.com\/es-py\/producto\/hlb-8400_111000005\/"]}]},{"@type":"WebSite","@id":"https:\/\/www.teka.com\/es-py\/#website","url":"https:\/\/www.teka.com\/es-py\/","name":"Teka Paraguay","description":"","publisher":{"@id":"https:\/\/www.teka.com\/es-py\/#organization"},"potentialAction":[{"@type":"SearchAction","target":{"@type":"EntryPoint","urlTemplate":"https:\/\/www.teka.com\/es-py\/?s={search_term_string}"},"query-input":{"@type":"PropertyValueSpecification","valueRequired":true,"valueName":"search_term_string"}}],"inLanguage":"es"},{"@type":"Organization","@id":"https:\/\/www.teka.com\/es-py\/#organization","name":"Teka Paraguay","url":"https:\/\/www.teka.com\/es-py\/","logo":{"@type":"ImageObject","inLanguage":"es","@id":"https:\/\/www.teka.com\/es-py\/#\/schema\/logo\/image\/","url":"https:\/\/www.teka.com\/es-py\/wp-content\/uploads\/sites\/57\/2018\/10\/404-teka.png","contentUrl":"https:\/\/www.teka.com\/es-py\/wp-content\/uploads\/sites\/57\/2018\/10\/404-teka.png","width":200,"height":200,"caption":"Teka Paraguay"},"image":{"@id":"https:\/\/www.teka.com\/es-py\/#\/schema\/logo\/image\/"}}]}},"_links":{"self":[{"href":"https:\/\/www.teka.com\/es-py\/wp-json\/wp\/v2\/product\/66062","targetHints":{"allow":["GET"]}}],"collection":[{"href":"https:\/\/www.teka.com\/es-py\/wp-json\/wp\/v2\/product"}],"about":[{"href":"https:\/\/www.teka.com\/es-py\/wp-json\/wp\/v2\/types\/product"}],"wp:attachment":[{"href":"https:\/\/www.teka.com\/es-py\/wp-json\/wp\/v2\/media?parent=66062"}],"wp:term":[{"taxonomy":"product_cat","embeddable":true,"href":"https:\/\/www.teka.com\/es-py\/wp-json\/wp\/v2\/product_cat?post=66062"},{"taxonomy":"product_cleaning_system","embeddable":true,"href":"https:\/\/www.teka.com\/es-py\/wp-json\/wp\/v2\/product_cleaning_system?post=66062"},{"taxonomy":"product_3rd_basket","embeddable":true,"href":"https:\/\/www.teka.com\/es-py\/wp-json\/wp\/v2\/product_3rd_basket?post=66062"},{"taxonomy":"product_drawers","embeddable":true,"href":"https:\/\/www.teka.com\/es-py\/wp-json\/wp\/v2\/product_drawers?post=66062"},{"taxonomy":"product_type_of_installation","embeddable":true,"href":"https:\/\/www.teka.com\/es-py\/wp-json\/wp\/v2\/product_type_of_installation?post=66062"},{"taxonomy":"product_edition","embeddable":true,"href":"https:\/\/www.teka.com\/es-py\/wp-json\/wp\/v2\/product_edition?post=66062"},{"taxonomy":"product_serie","embeddable":true,"href":"https:\/\/www.teka.com\/es-py\/wp-json\/wp\/v2\/product_serie?post=66062"},{"taxonomy":"product_features","embeddable":true,"href":"https:\/\/www.teka.com\/es-py\/wp-json\/wp\/v2\/product_features?post=66062"},{"taxonomy":"finishes","embeddable":true,"href":"https:\/\/www.teka.com\/es-py\/wp-json\/wp\/v2\/finishes?post=66062"},{"taxonomy":"product_bundles","embeddable":true,"href":"https:\/\/www.teka.com\/es-py\/wp-json\/wp\/v2\/product_bundles?post=66062"},{"taxonomy":"product_energy_efficiency","embeddable":true,"href":"https:\/\/www.teka.com\/es-py\/wp-json\/wp\/v2\/product_energy_efficiency?post=66062"},{"taxonomy":"product_video_training","embeddable":true,"href":"https:\/\/www.teka.com\/es-py\/wp-json\/wp\/v2\/product_video_training?post=66062"}],"curies":[{"name":"wp","href":"https:\/\/api.w.org\/{rel}","templated":true}]}}