{"id":67517,"date":"2026-04-07T20:33:49","date_gmt":"2026-04-07T20:33:49","guid":{"rendered":"https:\/\/teka.com\/es-es\/izf-99700-mst_112500031"},"modified":"2026-03-14T07:31:21","modified_gmt":"2026-03-14T08:31:21","slug":"izf-99700-mst_112500031","status":"publish","type":"product","link":"https:\/\/www.teka.com\/es-py\/producto\/izf-99700-mst_112500031\/","title":{"rendered":"DirectSense IZF 99700 MST"},"content":{"rendered":"<ul>\n<li>Encimera Inducci\u00f3n<\/li>\n<li>DirectSense con zona FullFlex<\/li>\n<li>Touch Control Multislider, con bloqueo de seguridad<\/li>\n<li>10 zonas de cocinado (6 zonas + 3 zonas Flex + zona FullFlex)<\/li>\n<li>Funciones de acceso directo con sensores de temperatura: Pochar, Confitar, Arroz, Parrilla, Fritura, Plancha, Mantener Caliente, Hervir, Fuego Lento y Derretir<\/li>\n<li>Funci\u00f3n SlideCooking<\/li>\n<li>Sistema f\u00e1cil instalaci\u00f3n<\/li>\n<\/ul>\n","protected":false},"featured_media":0,"parent":0,"template":"","product_cat":[3491],"product_cleaning_system":[],"product_3rd_basket":[],"product_drawers":[],"product_type_of_installation":[],"product_edition":[],"product_serie":[],"product_features":[60117,60118,60119,60120,60121,60142,60163,60164,60165,60166,60167,60168],"finishes":[],"product_bundles":[],"product_energy_efficiency":[],"product_video_training":[60777,60783,60785,60788,60790,60791,60793,60794,60796,60799,60800,60958],"class_list":["post-67517","product","type-product","status-publish","hentry","product_cat-encimeras","usp-induction-01","usp-induction-02","usp-induction-03","usp-induction-04","usp-induction-05","usp-induction-06","usp-induction-07","usp-induction-08","usp-induction-19","usp-productoftheyear-03","color-vidrio-negro","product_type_of_appliance-induccion","product_ambient-urban-colors-01","product_ambient-urban-colors-02","product_ambient-urban-colors-03","product_ambient-ambient-09","product_icons-flex","product_icons-easy-installation","product_icons-autolock","product_icons-multislider","product_icons-power","product_icons-power-plus","product_features-quick-boiling","product_features-keep-warm","product_features-flex","product_features-simmering","product_features-melting","product_features-slidecooking","product_features-grilling","product_features-pan-frying","product_features-deep-fry","product_features-confit","product_features-poach","product_features-rice-cook","product_video_training-traininghobs-01","product_video_training-traininghobs-02","product_video_training-traininghobs-04","product_video_training-traininghobs-05","product_video_training-traininghobs-06","product_video_training-traininghobs-07","product_video_training-traininghobs-08","product_video_training-traininghobs-09","product_video_training-traininghobs-10","product_video_training-traininghobs-11","product_video_training-traininghobs-12","product_video_training-traininghobs-14"],"acf":[],"yoast_head":"<!-- This site is optimized with the Yoast SEO plugin v27.2 - https:\/\/yoast.com\/product\/yoast-seo-wordpress\/ -->\n<title>Encimera DirectSense FullFlex con sensores, 90cm | Teka Chile<\/title>\n<meta name=\"description\" content=\"Placa Teka de inducci\u00f3n DirectSense Full Flex con sensores de temperatura y hasta 10 funciones directas, incluida funci\u00f3n Arroz autom\u00e1tica. Placa grande de 90 cm de ancho.\" \/>\n<meta name=\"robots\" content=\"index, follow, max-snippet:-1, max-image-preview:large, max-video-preview:-1\" \/>\n<link rel=\"canonical\" href=\"https:\/\/www.teka.com\/es-py\/producto\/izf-99700-mst_112500031\/\" \/>\n<meta property=\"og:locale\" content=\"es_ES\" \/>\n<meta property=\"og:type\" content=\"article\" \/>\n<meta property=\"og:title\" content=\"Encimera DirectSense FullFlex con sensores, 90cm | Teka Chile\" \/>\n<meta property=\"og:description\" content=\"Placa Teka de inducci\u00f3n DirectSense Full Flex con sensores de temperatura y hasta 10 funciones directas, incluida funci\u00f3n Arroz autom\u00e1tica. Placa grande de 90 cm de ancho.\" \/>\n<meta property=\"og:url\" content=\"https:\/\/www.teka.com\/es-py\/producto\/izf-99700-mst_112500031\/\" \/>\n<meta property=\"og:site_name\" content=\"Teka Paraguay\" \/>\n<meta name=\"twitter:card\" content=\"summary_large_image\" \/>\n<script type=\"application\/ld+json\" class=\"yoast-schema-graph\">{\"@context\":\"https:\/\/schema.org\",\"@graph\":[{\"@type\":\"WebPage\",\"@id\":\"https:\/\/www.teka.com\/es-py\/producto\/izf-99700-mst_112500031\/\",\"url\":\"https:\/\/www.teka.com\/es-py\/producto\/izf-99700-mst_112500031\/\",\"name\":\"Encimera DirectSense FullFlex con sensores, 90cm | Teka Chile\",\"isPartOf\":{\"@id\":\"https:\/\/www.teka.com\/es-py\/#website\"},\"datePublished\":\"2026-04-07T20:33:49+00:00\",\"description\":\"Placa Teka de inducci\u00f3n DirectSense Full Flex con sensores de temperatura y hasta 10 funciones directas, incluida funci\u00f3n Arroz autom\u00e1tica. Placa grande de 90 cm de ancho.\",\"inLanguage\":\"es\",\"potentialAction\":[{\"@type\":\"ReadAction\",\"target\":[\"https:\/\/www.teka.com\/es-py\/producto\/izf-99700-mst_112500031\/\"]}]},{\"@type\":\"WebSite\",\"@id\":\"https:\/\/www.teka.com\/es-py\/#website\",\"url\":\"https:\/\/www.teka.com\/es-py\/\",\"name\":\"Teka Paraguay\",\"description\":\"\",\"publisher\":{\"@id\":\"https:\/\/www.teka.com\/es-py\/#organization\"},\"potentialAction\":[{\"@type\":\"SearchAction\",\"target\":{\"@type\":\"EntryPoint\",\"urlTemplate\":\"https:\/\/www.teka.com\/es-py\/?s={search_term_string}\"},\"query-input\":{\"@type\":\"PropertyValueSpecification\",\"valueRequired\":true,\"valueName\":\"search_term_string\"}}],\"inLanguage\":\"es\"},{\"@type\":\"Organization\",\"@id\":\"https:\/\/www.teka.com\/es-py\/#organization\",\"name\":\"Teka Paraguay\",\"url\":\"https:\/\/www.teka.com\/es-py\/\",\"logo\":{\"@type\":\"ImageObject\",\"inLanguage\":\"es\",\"@id\":\"https:\/\/www.teka.com\/es-py\/#\/schema\/logo\/image\/\",\"url\":\"https:\/\/www.teka.com\/es-py\/wp-content\/uploads\/sites\/57\/2018\/10\/404-teka.png\",\"contentUrl\":\"https:\/\/www.teka.com\/es-py\/wp-content\/uploads\/sites\/57\/2018\/10\/404-teka.png\",\"width\":200,\"height\":200,\"caption\":\"Teka Paraguay\"},\"image\":{\"@id\":\"https:\/\/www.teka.com\/es-py\/#\/schema\/logo\/image\/\"}}]}<\/script>\n<!-- \/ Yoast SEO plugin. -->","yoast_head_json":{"title":"Encimera DirectSense FullFlex con sensores, 90cm | Teka Chile","description":"Placa Teka de inducci\u00f3n DirectSense Full Flex con sensores de temperatura y hasta 10 funciones directas, incluida funci\u00f3n Arroz autom\u00e1tica. Placa grande de 90 cm de ancho.","robots":{"index":"index","follow":"follow","max-snippet":"max-snippet:-1","max-image-preview":"max-image-preview:large","max-video-preview":"max-video-preview:-1"},"canonical":"https:\/\/www.teka.com\/es-py\/producto\/izf-99700-mst_112500031\/","og_locale":"es_ES","og_type":"article","og_title":"Encimera DirectSense FullFlex con sensores, 90cm | Teka Chile","og_description":"Placa Teka de inducci\u00f3n DirectSense Full Flex con sensores de temperatura y hasta 10 funciones directas, incluida funci\u00f3n Arroz autom\u00e1tica. Placa grande de 90 cm de ancho.","og_url":"https:\/\/www.teka.com\/es-py\/producto\/izf-99700-mst_112500031\/","og_site_name":"Teka Paraguay","twitter_card":"summary_large_image","schema":{"@context":"https:\/\/schema.org","@graph":[{"@type":"WebPage","@id":"https:\/\/www.teka.com\/es-py\/producto\/izf-99700-mst_112500031\/","url":"https:\/\/www.teka.com\/es-py\/producto\/izf-99700-mst_112500031\/","name":"Encimera DirectSense FullFlex con sensores, 90cm | Teka Chile","isPartOf":{"@id":"https:\/\/www.teka.com\/es-py\/#website"},"datePublished":"2026-04-07T20:33:49+00:00","description":"Placa Teka de inducci\u00f3n DirectSense Full Flex con sensores de temperatura y hasta 10 funciones directas, incluida funci\u00f3n Arroz autom\u00e1tica. Placa grande de 90 cm de ancho.","inLanguage":"es","potentialAction":[{"@type":"ReadAction","target":["https:\/\/www.teka.com\/es-py\/producto\/izf-99700-mst_112500031\/"]}]},{"@type":"WebSite","@id":"https:\/\/www.teka.com\/es-py\/#website","url":"https:\/\/www.teka.com\/es-py\/","name":"Teka Paraguay","description":"","publisher":{"@id":"https:\/\/www.teka.com\/es-py\/#organization"},"potentialAction":[{"@type":"SearchAction","target":{"@type":"EntryPoint","urlTemplate":"https:\/\/www.teka.com\/es-py\/?s={search_term_string}"},"query-input":{"@type":"PropertyValueSpecification","valueRequired":true,"valueName":"search_term_string"}}],"inLanguage":"es"},{"@type":"Organization","@id":"https:\/\/www.teka.com\/es-py\/#organization","name":"Teka Paraguay","url":"https:\/\/www.teka.com\/es-py\/","logo":{"@type":"ImageObject","inLanguage":"es","@id":"https:\/\/www.teka.com\/es-py\/#\/schema\/logo\/image\/","url":"https:\/\/www.teka.com\/es-py\/wp-content\/uploads\/sites\/57\/2018\/10\/404-teka.png","contentUrl":"https:\/\/www.teka.com\/es-py\/wp-content\/uploads\/sites\/57\/2018\/10\/404-teka.png","width":200,"height":200,"caption":"Teka Paraguay"},"image":{"@id":"https:\/\/www.teka.com\/es-py\/#\/schema\/logo\/image\/"}}]}},"_links":{"self":[{"href":"https:\/\/www.teka.com\/es-py\/wp-json\/wp\/v2\/product\/67517","targetHints":{"allow":["GET"]}}],"collection":[{"href":"https:\/\/www.teka.com\/es-py\/wp-json\/wp\/v2\/product"}],"about":[{"href":"https:\/\/www.teka.com\/es-py\/wp-json\/wp\/v2\/types\/product"}],"wp:attachment":[{"href":"https:\/\/www.teka.com\/es-py\/wp-json\/wp\/v2\/media?parent=67517"}],"wp:term":[{"taxonomy":"product_cat","embeddable":true,"href":"https:\/\/www.teka.com\/es-py\/wp-json\/wp\/v2\/product_cat?post=67517"},{"taxonomy":"product_cleaning_system","embeddable":true,"href":"https:\/\/www.teka.com\/es-py\/wp-json\/wp\/v2\/product_cleaning_system?post=67517"},{"taxonomy":"product_3rd_basket","embeddable":true,"href":"https:\/\/www.teka.com\/es-py\/wp-json\/wp\/v2\/product_3rd_basket?post=67517"},{"taxonomy":"product_drawers","embeddable":true,"href":"https:\/\/www.teka.com\/es-py\/wp-json\/wp\/v2\/product_drawers?post=67517"},{"taxonomy":"product_type_of_installation","embeddable":true,"href":"https:\/\/www.teka.com\/es-py\/wp-json\/wp\/v2\/product_type_of_installation?post=67517"},{"taxonomy":"product_edition","embeddable":true,"href":"https:\/\/www.teka.com\/es-py\/wp-json\/wp\/v2\/product_edition?post=67517"},{"taxonomy":"product_serie","embeddable":true,"href":"https:\/\/www.teka.com\/es-py\/wp-json\/wp\/v2\/product_serie?post=67517"},{"taxonomy":"product_features","embeddable":true,"href":"https:\/\/www.teka.com\/es-py\/wp-json\/wp\/v2\/product_features?post=67517"},{"taxonomy":"finishes","embeddable":true,"href":"https:\/\/www.teka.com\/es-py\/wp-json\/wp\/v2\/finishes?post=67517"},{"taxonomy":"product_bundles","embeddable":true,"href":"https:\/\/www.teka.com\/es-py\/wp-json\/wp\/v2\/product_bundles?post=67517"},{"taxonomy":"product_energy_efficiency","embeddable":true,"href":"https:\/\/www.teka.com\/es-py\/wp-json\/wp\/v2\/product_energy_efficiency?post=67517"},{"taxonomy":"product_video_training","embeddable":true,"href":"https:\/\/www.teka.com\/es-py\/wp-json\/wp\/v2\/product_video_training?post=67517"}],"curies":[{"name":"wp","href":"https:\/\/api.w.org\/{rel}","templated":true}]}}