{"id":67755,"date":"2026-04-08T23:41:19","date_gmt":"2026-04-08T23:41:19","guid":{"rendered":"https:\/\/teka.com\/en-int\/rfc-60210-o1b_113290025"},"modified":"2026-04-08T08:08:47","modified_gmt":"2026-04-08T09:08:47","slug":"rfc-60210-o1b_113290025","status":"publish","type":"product","link":"https:\/\/www.teka.com\/es-py\/producto\/rfc-60210-o1b_113290025\/","title":{"rendered":"RFC 60210 O1B"},"content":{"rendered":"<ul>\n<li>Kit de recirculaci\u00f3n regenerativa RFC 60210 O1B sin cubretubos<\/li>\n<li>Devuelve el aire filtrado a la cocina a trav\u00e9s de una rejilla instalada en el falso techo<\/li>\n<li>Incluye:<\/li>\n<li>Tubos rectos de PVC de 600 mm (x2)<\/li>\n<li>Conector de conducto<\/li>\n<li>Filtro cer\u00e1mico C1RES<\/li>\n<\/ul>\n","protected":false},"featured_media":0,"parent":0,"template":"","product_cat":[3493],"product_cleaning_system":[],"product_3rd_basket":[],"product_drawers":[],"product_type_of_installation":[],"product_edition":[],"product_serie":[],"product_features":[],"finishes":[],"product_bundles":[],"product_energy_efficiency":[],"product_video_training":[],"class_list":["post-67755","product","type-product","status-publish","hentry","product_cat-repuestos","color-inox","product_type_of_appliance-campanas"],"acf":[],"yoast_head":"<!-- This site is optimized with the Yoast SEO plugin v27.2 - https:\/\/yoast.com\/product\/yoast-seo-wordpress\/ -->\n<title>Kit de recirculaci\u00f3n para campanas extractoras | Teka Chile<\/title>\n<meta name=\"description\" content=\"Toda la informaci\u00f3n sobre el Kit de recirculaci\u00f3n para campanas extractoras en la web oficial de Teka Chile.\" \/>\n<meta name=\"robots\" content=\"index, follow, max-snippet:-1, max-image-preview:large, max-video-preview:-1\" \/>\n<link rel=\"canonical\" href=\"https:\/\/www.teka.com\/es-py\/producto\/rfc-60210-o1b_113290025\/\" \/>\n<meta property=\"og:locale\" content=\"es_ES\" \/>\n<meta property=\"og:type\" content=\"article\" \/>\n<meta property=\"og:title\" content=\"Kit de recirculaci\u00f3n para campanas extractoras | Teka Chile\" \/>\n<meta property=\"og:description\" content=\"Toda la informaci\u00f3n sobre el Kit de recirculaci\u00f3n para campanas extractoras en la web oficial de Teka Chile.\" \/>\n<meta property=\"og:url\" content=\"https:\/\/www.teka.com\/es-py\/producto\/rfc-60210-o1b_113290025\/\" \/>\n<meta property=\"og:site_name\" content=\"Teka Paraguay\" \/>\n<meta name=\"twitter:card\" content=\"summary_large_image\" \/>\n<script type=\"application\/ld+json\" class=\"yoast-schema-graph\">{\"@context\":\"https:\/\/schema.org\",\"@graph\":[{\"@type\":\"WebPage\",\"@id\":\"https:\/\/www.teka.com\/es-py\/producto\/rfc-60210-o1b_113290025\/\",\"url\":\"https:\/\/www.teka.com\/es-py\/producto\/rfc-60210-o1b_113290025\/\",\"name\":\"Kit de recirculaci\u00f3n para campanas extractoras | Teka Chile\",\"isPartOf\":{\"@id\":\"https:\/\/www.teka.com\/es-py\/#website\"},\"datePublished\":\"2026-04-08T23:41:19+00:00\",\"description\":\"Toda la informaci\u00f3n sobre el Kit de recirculaci\u00f3n para campanas extractoras en la web oficial de Teka Chile.\",\"inLanguage\":\"es\",\"potentialAction\":[{\"@type\":\"ReadAction\",\"target\":[\"https:\/\/www.teka.com\/es-py\/producto\/rfc-60210-o1b_113290025\/\"]}]},{\"@type\":\"WebSite\",\"@id\":\"https:\/\/www.teka.com\/es-py\/#website\",\"url\":\"https:\/\/www.teka.com\/es-py\/\",\"name\":\"Teka Paraguay\",\"description\":\"\",\"publisher\":{\"@id\":\"https:\/\/www.teka.com\/es-py\/#organization\"},\"potentialAction\":[{\"@type\":\"SearchAction\",\"target\":{\"@type\":\"EntryPoint\",\"urlTemplate\":\"https:\/\/www.teka.com\/es-py\/?s={search_term_string}\"},\"query-input\":{\"@type\":\"PropertyValueSpecification\",\"valueRequired\":true,\"valueName\":\"search_term_string\"}}],\"inLanguage\":\"es\"},{\"@type\":\"Organization\",\"@id\":\"https:\/\/www.teka.com\/es-py\/#organization\",\"name\":\"Teka Paraguay\",\"url\":\"https:\/\/www.teka.com\/es-py\/\",\"logo\":{\"@type\":\"ImageObject\",\"inLanguage\":\"es\",\"@id\":\"https:\/\/www.teka.com\/es-py\/#\/schema\/logo\/image\/\",\"url\":\"https:\/\/www.teka.com\/es-py\/wp-content\/uploads\/sites\/57\/2018\/10\/404-teka.png\",\"contentUrl\":\"https:\/\/www.teka.com\/es-py\/wp-content\/uploads\/sites\/57\/2018\/10\/404-teka.png\",\"width\":200,\"height\":200,\"caption\":\"Teka Paraguay\"},\"image\":{\"@id\":\"https:\/\/www.teka.com\/es-py\/#\/schema\/logo\/image\/\"}}]}<\/script>\n<!-- \/ Yoast SEO plugin. -->","yoast_head_json":{"title":"Kit de recirculaci\u00f3n para campanas extractoras | Teka Chile","description":"Toda la informaci\u00f3n sobre el Kit de recirculaci\u00f3n para campanas extractoras en la web oficial de Teka Chile.","robots":{"index":"index","follow":"follow","max-snippet":"max-snippet:-1","max-image-preview":"max-image-preview:large","max-video-preview":"max-video-preview:-1"},"canonical":"https:\/\/www.teka.com\/es-py\/producto\/rfc-60210-o1b_113290025\/","og_locale":"es_ES","og_type":"article","og_title":"Kit de recirculaci\u00f3n para campanas extractoras | Teka Chile","og_description":"Toda la informaci\u00f3n sobre el Kit de recirculaci\u00f3n para campanas extractoras en la web oficial de Teka Chile.","og_url":"https:\/\/www.teka.com\/es-py\/producto\/rfc-60210-o1b_113290025\/","og_site_name":"Teka Paraguay","twitter_card":"summary_large_image","schema":{"@context":"https:\/\/schema.org","@graph":[{"@type":"WebPage","@id":"https:\/\/www.teka.com\/es-py\/producto\/rfc-60210-o1b_113290025\/","url":"https:\/\/www.teka.com\/es-py\/producto\/rfc-60210-o1b_113290025\/","name":"Kit de recirculaci\u00f3n para campanas extractoras | Teka Chile","isPartOf":{"@id":"https:\/\/www.teka.com\/es-py\/#website"},"datePublished":"2026-04-08T23:41:19+00:00","description":"Toda la informaci\u00f3n sobre el Kit de recirculaci\u00f3n para campanas extractoras en la web oficial de Teka Chile.","inLanguage":"es","potentialAction":[{"@type":"ReadAction","target":["https:\/\/www.teka.com\/es-py\/producto\/rfc-60210-o1b_113290025\/"]}]},{"@type":"WebSite","@id":"https:\/\/www.teka.com\/es-py\/#website","url":"https:\/\/www.teka.com\/es-py\/","name":"Teka Paraguay","description":"","publisher":{"@id":"https:\/\/www.teka.com\/es-py\/#organization"},"potentialAction":[{"@type":"SearchAction","target":{"@type":"EntryPoint","urlTemplate":"https:\/\/www.teka.com\/es-py\/?s={search_term_string}"},"query-input":{"@type":"PropertyValueSpecification","valueRequired":true,"valueName":"search_term_string"}}],"inLanguage":"es"},{"@type":"Organization","@id":"https:\/\/www.teka.com\/es-py\/#organization","name":"Teka Paraguay","url":"https:\/\/www.teka.com\/es-py\/","logo":{"@type":"ImageObject","inLanguage":"es","@id":"https:\/\/www.teka.com\/es-py\/#\/schema\/logo\/image\/","url":"https:\/\/www.teka.com\/es-py\/wp-content\/uploads\/sites\/57\/2018\/10\/404-teka.png","contentUrl":"https:\/\/www.teka.com\/es-py\/wp-content\/uploads\/sites\/57\/2018\/10\/404-teka.png","width":200,"height":200,"caption":"Teka Paraguay"},"image":{"@id":"https:\/\/www.teka.com\/es-py\/#\/schema\/logo\/image\/"}}]}},"_links":{"self":[{"href":"https:\/\/www.teka.com\/es-py\/wp-json\/wp\/v2\/product\/67755","targetHints":{"allow":["GET"]}}],"collection":[{"href":"https:\/\/www.teka.com\/es-py\/wp-json\/wp\/v2\/product"}],"about":[{"href":"https:\/\/www.teka.com\/es-py\/wp-json\/wp\/v2\/types\/product"}],"wp:attachment":[{"href":"https:\/\/www.teka.com\/es-py\/wp-json\/wp\/v2\/media?parent=67755"}],"wp:term":[{"taxonomy":"product_cat","embeddable":true,"href":"https:\/\/www.teka.com\/es-py\/wp-json\/wp\/v2\/product_cat?post=67755"},{"taxonomy":"product_cleaning_system","embeddable":true,"href":"https:\/\/www.teka.com\/es-py\/wp-json\/wp\/v2\/product_cleaning_system?post=67755"},{"taxonomy":"product_3rd_basket","embeddable":true,"href":"https:\/\/www.teka.com\/es-py\/wp-json\/wp\/v2\/product_3rd_basket?post=67755"},{"taxonomy":"product_drawers","embeddable":true,"href":"https:\/\/www.teka.com\/es-py\/wp-json\/wp\/v2\/product_drawers?post=67755"},{"taxonomy":"product_type_of_installation","embeddable":true,"href":"https:\/\/www.teka.com\/es-py\/wp-json\/wp\/v2\/product_type_of_installation?post=67755"},{"taxonomy":"product_edition","embeddable":true,"href":"https:\/\/www.teka.com\/es-py\/wp-json\/wp\/v2\/product_edition?post=67755"},{"taxonomy":"product_serie","embeddable":true,"href":"https:\/\/www.teka.com\/es-py\/wp-json\/wp\/v2\/product_serie?post=67755"},{"taxonomy":"product_features","embeddable":true,"href":"https:\/\/www.teka.com\/es-py\/wp-json\/wp\/v2\/product_features?post=67755"},{"taxonomy":"finishes","embeddable":true,"href":"https:\/\/www.teka.com\/es-py\/wp-json\/wp\/v2\/finishes?post=67755"},{"taxonomy":"product_bundles","embeddable":true,"href":"https:\/\/www.teka.com\/es-py\/wp-json\/wp\/v2\/product_bundles?post=67755"},{"taxonomy":"product_energy_efficiency","embeddable":true,"href":"https:\/\/www.teka.com\/es-py\/wp-json\/wp\/v2\/product_energy_efficiency?post=67755"},{"taxonomy":"product_video_training","embeddable":true,"href":"https:\/\/www.teka.com\/es-py\/wp-json\/wp\/v2\/product_video_training?post=67755"}],"curies":[{"name":"wp","href":"https:\/\/api.w.org\/{rel}","templated":true}]}}