{"id":67759,"date":"2026-04-07T20:55:52","date_gmt":"2026-04-07T20:55:52","guid":{"rendered":"https:\/\/teka.com\/es-cl\/jzc-64322-abb-cl_112740001"},"modified":"2026-03-14T08:20:55","modified_gmt":"2026-03-14T09:20:55","slug":"jzc-64322-abb-cl_112740001","status":"publish","type":"product","link":"https:\/\/www.teka.com\/es-py\/producto\/jzc-64322-abb-cl_112740001\/","title":{"rendered":"JZC 64322 ABB  (CL)"},"content":{"rendered":"<ul>\n<li>Cristal vitrocer\u00e1mico biselado frontal Quartzium Ceran<\/li>\n<li>Touch Control Multislider<\/li>\n<li>2 Quemadores a Gas 2,75 kW<\/li>\n<li>2 Zonas Inducci\u00f3n 3.500 W.<\/li>\n<li>Sistema ExactFlame en Gas<\/li>\n<li>Programaci\u00f3n del tiempo de cocci\u00f3n zonas inducci\u00f3n<\/li>\n<li>Funciones especiales de cocinado Inducci\u00f3n: Simmering, Melting y Keep warm<\/li>\n<\/ul>\n","protected":false},"featured_media":0,"parent":0,"template":"","product_cat":[3491],"product_cleaning_system":[],"product_3rd_basket":[],"product_drawers":[],"product_type_of_installation":[],"product_edition":[],"product_serie":[],"product_features":[60118,60120,60121],"finishes":[],"product_bundles":[],"product_energy_efficiency":[],"product_video_training":[60788,60790,60791,60799,60857],"class_list":["post-67759","product","type-product","status-publish","hentry","product_cat-encimeras","usp-gas-01","usp-gas-03","usp-gas-05","usp-induction-17","usp-cookinglovers-01","usp-award-06","color-vidrio-negro","product_icons-exactflame","product_icons-easy-installation","product_icons-auto-ignition","product_icons-autolock","product_icons-multislider","product_icons-power","product_icons-power-plus","product_features-keep-warm","product_features-simmering","product_features-melting","product_video_training-traininghobs-05","product_video_training-traininghobs-06","product_video_training-traininghobs-07","product_video_training-traininghobs-11","product_video_training-chile-hybrid"],"acf":[],"yoast_head":"<!-- This site is optimized with the Yoast SEO plugin v27.2 - https:\/\/yoast.com\/product\/yoast-seo-wordpress\/ -->\n<title>JZC 64322 ABB (CL) | Teka Paraguay<\/title>\n<meta name=\"robots\" content=\"index, follow, max-snippet:-1, max-image-preview:large, max-video-preview:-1\" \/>\n<link rel=\"canonical\" href=\"https:\/\/www.teka.com\/es-py\/producto\/jzc-64322-abb-cl_112740001\/\" \/>\n<meta property=\"og:locale\" content=\"es_ES\" \/>\n<meta property=\"og:type\" content=\"article\" \/>\n<meta property=\"og:title\" content=\"JZC 64322 ABB (CL) | Teka Paraguay\" \/>\n<meta property=\"og:description\" content=\"Cristal vitrocer\u00e1mico biselado frontal Quartzium Ceran Touch Control Multislider 2 Quemadores a Gas 2,75 kW 2 Zonas Inducci\u00f3n 3.500 W. Sistema ExactFlame en Gas Programaci\u00f3n del tiempo de cocci\u00f3n zonas inducci\u00f3n Funciones especiales de cocinado Inducci\u00f3n: Simmering, Melting y Keep warm\" \/>\n<meta property=\"og:url\" content=\"https:\/\/www.teka.com\/es-py\/producto\/jzc-64322-abb-cl_112740001\/\" \/>\n<meta property=\"og:site_name\" content=\"Teka Paraguay\" \/>\n<meta name=\"twitter:card\" content=\"summary_large_image\" \/>\n<script type=\"application\/ld+json\" class=\"yoast-schema-graph\">{\"@context\":\"https:\/\/schema.org\",\"@graph\":[{\"@type\":\"WebPage\",\"@id\":\"https:\/\/www.teka.com\/es-py\/producto\/jzc-64322-abb-cl_112740001\/\",\"url\":\"https:\/\/www.teka.com\/es-py\/producto\/jzc-64322-abb-cl_112740001\/\",\"name\":\"JZC 64322 ABB (CL) | Teka Paraguay\",\"isPartOf\":{\"@id\":\"https:\/\/www.teka.com\/es-py\/#website\"},\"datePublished\":\"2026-04-07T20:55:52+00:00\",\"inLanguage\":\"es\",\"potentialAction\":[{\"@type\":\"ReadAction\",\"target\":[\"https:\/\/www.teka.com\/es-py\/producto\/jzc-64322-abb-cl_112740001\/\"]}]},{\"@type\":\"WebSite\",\"@id\":\"https:\/\/www.teka.com\/es-py\/#website\",\"url\":\"https:\/\/www.teka.com\/es-py\/\",\"name\":\"Teka Paraguay\",\"description\":\"\",\"publisher\":{\"@id\":\"https:\/\/www.teka.com\/es-py\/#organization\"},\"potentialAction\":[{\"@type\":\"SearchAction\",\"target\":{\"@type\":\"EntryPoint\",\"urlTemplate\":\"https:\/\/www.teka.com\/es-py\/?s={search_term_string}\"},\"query-input\":{\"@type\":\"PropertyValueSpecification\",\"valueRequired\":true,\"valueName\":\"search_term_string\"}}],\"inLanguage\":\"es\"},{\"@type\":\"Organization\",\"@id\":\"https:\/\/www.teka.com\/es-py\/#organization\",\"name\":\"Teka Paraguay\",\"url\":\"https:\/\/www.teka.com\/es-py\/\",\"logo\":{\"@type\":\"ImageObject\",\"inLanguage\":\"es\",\"@id\":\"https:\/\/www.teka.com\/es-py\/#\/schema\/logo\/image\/\",\"url\":\"https:\/\/www.teka.com\/es-py\/wp-content\/uploads\/sites\/57\/2018\/10\/404-teka.png\",\"contentUrl\":\"https:\/\/www.teka.com\/es-py\/wp-content\/uploads\/sites\/57\/2018\/10\/404-teka.png\",\"width\":200,\"height\":200,\"caption\":\"Teka Paraguay\"},\"image\":{\"@id\":\"https:\/\/www.teka.com\/es-py\/#\/schema\/logo\/image\/\"}}]}<\/script>\n<!-- \/ Yoast SEO plugin. -->","yoast_head_json":{"title":"JZC 64322 ABB (CL) | Teka Paraguay","robots":{"index":"index","follow":"follow","max-snippet":"max-snippet:-1","max-image-preview":"max-image-preview:large","max-video-preview":"max-video-preview:-1"},"canonical":"https:\/\/www.teka.com\/es-py\/producto\/jzc-64322-abb-cl_112740001\/","og_locale":"es_ES","og_type":"article","og_title":"JZC 64322 ABB (CL) | Teka Paraguay","og_description":"Cristal vitrocer\u00e1mico biselado frontal Quartzium Ceran Touch Control Multislider 2 Quemadores a Gas 2,75 kW 2 Zonas Inducci\u00f3n 3.500 W. Sistema ExactFlame en Gas Programaci\u00f3n del tiempo de cocci\u00f3n zonas inducci\u00f3n Funciones especiales de cocinado Inducci\u00f3n: Simmering, Melting y Keep warm","og_url":"https:\/\/www.teka.com\/es-py\/producto\/jzc-64322-abb-cl_112740001\/","og_site_name":"Teka Paraguay","twitter_card":"summary_large_image","schema":{"@context":"https:\/\/schema.org","@graph":[{"@type":"WebPage","@id":"https:\/\/www.teka.com\/es-py\/producto\/jzc-64322-abb-cl_112740001\/","url":"https:\/\/www.teka.com\/es-py\/producto\/jzc-64322-abb-cl_112740001\/","name":"JZC 64322 ABB (CL) | Teka Paraguay","isPartOf":{"@id":"https:\/\/www.teka.com\/es-py\/#website"},"datePublished":"2026-04-07T20:55:52+00:00","inLanguage":"es","potentialAction":[{"@type":"ReadAction","target":["https:\/\/www.teka.com\/es-py\/producto\/jzc-64322-abb-cl_112740001\/"]}]},{"@type":"WebSite","@id":"https:\/\/www.teka.com\/es-py\/#website","url":"https:\/\/www.teka.com\/es-py\/","name":"Teka Paraguay","description":"","publisher":{"@id":"https:\/\/www.teka.com\/es-py\/#organization"},"potentialAction":[{"@type":"SearchAction","target":{"@type":"EntryPoint","urlTemplate":"https:\/\/www.teka.com\/es-py\/?s={search_term_string}"},"query-input":{"@type":"PropertyValueSpecification","valueRequired":true,"valueName":"search_term_string"}}],"inLanguage":"es"},{"@type":"Organization","@id":"https:\/\/www.teka.com\/es-py\/#organization","name":"Teka Paraguay","url":"https:\/\/www.teka.com\/es-py\/","logo":{"@type":"ImageObject","inLanguage":"es","@id":"https:\/\/www.teka.com\/es-py\/#\/schema\/logo\/image\/","url":"https:\/\/www.teka.com\/es-py\/wp-content\/uploads\/sites\/57\/2018\/10\/404-teka.png","contentUrl":"https:\/\/www.teka.com\/es-py\/wp-content\/uploads\/sites\/57\/2018\/10\/404-teka.png","width":200,"height":200,"caption":"Teka Paraguay"},"image":{"@id":"https:\/\/www.teka.com\/es-py\/#\/schema\/logo\/image\/"}}]}},"_links":{"self":[{"href":"https:\/\/www.teka.com\/es-py\/wp-json\/wp\/v2\/product\/67759","targetHints":{"allow":["GET"]}}],"collection":[{"href":"https:\/\/www.teka.com\/es-py\/wp-json\/wp\/v2\/product"}],"about":[{"href":"https:\/\/www.teka.com\/es-py\/wp-json\/wp\/v2\/types\/product"}],"wp:attachment":[{"href":"https:\/\/www.teka.com\/es-py\/wp-json\/wp\/v2\/media?parent=67759"}],"wp:term":[{"taxonomy":"product_cat","embeddable":true,"href":"https:\/\/www.teka.com\/es-py\/wp-json\/wp\/v2\/product_cat?post=67759"},{"taxonomy":"product_cleaning_system","embeddable":true,"href":"https:\/\/www.teka.com\/es-py\/wp-json\/wp\/v2\/product_cleaning_system?post=67759"},{"taxonomy":"product_3rd_basket","embeddable":true,"href":"https:\/\/www.teka.com\/es-py\/wp-json\/wp\/v2\/product_3rd_basket?post=67759"},{"taxonomy":"product_drawers","embeddable":true,"href":"https:\/\/www.teka.com\/es-py\/wp-json\/wp\/v2\/product_drawers?post=67759"},{"taxonomy":"product_type_of_installation","embeddable":true,"href":"https:\/\/www.teka.com\/es-py\/wp-json\/wp\/v2\/product_type_of_installation?post=67759"},{"taxonomy":"product_edition","embeddable":true,"href":"https:\/\/www.teka.com\/es-py\/wp-json\/wp\/v2\/product_edition?post=67759"},{"taxonomy":"product_serie","embeddable":true,"href":"https:\/\/www.teka.com\/es-py\/wp-json\/wp\/v2\/product_serie?post=67759"},{"taxonomy":"product_features","embeddable":true,"href":"https:\/\/www.teka.com\/es-py\/wp-json\/wp\/v2\/product_features?post=67759"},{"taxonomy":"finishes","embeddable":true,"href":"https:\/\/www.teka.com\/es-py\/wp-json\/wp\/v2\/finishes?post=67759"},{"taxonomy":"product_bundles","embeddable":true,"href":"https:\/\/www.teka.com\/es-py\/wp-json\/wp\/v2\/product_bundles?post=67759"},{"taxonomy":"product_energy_efficiency","embeddable":true,"href":"https:\/\/www.teka.com\/es-py\/wp-json\/wp\/v2\/product_energy_efficiency?post=67759"},{"taxonomy":"product_video_training","embeddable":true,"href":"https:\/\/www.teka.com\/es-py\/wp-json\/wp\/v2\/product_video_training?post=67759"}],"curies":[{"name":"wp","href":"https:\/\/api.w.org\/{rel}","templated":true}]}}