{"id":67769,"date":"2026-04-26T07:06:00","date_gmt":"2026-04-26T07:06:00","guid":{"rendered":"https:\/\/teka.com\/es-cl\/gbc-64-infinity-g1_112570216"},"modified":"2026-03-14T08:19:48","modified_gmt":"2026-03-14T09:19:48","slug":"gbc-64-infinity-g1_112570216","status":"publish","type":"product","link":"https:\/\/www.teka.com\/es-py\/producto\/gbc-64-infinity-g1_112570216\/","title":{"rendered":"GBC 64 Infinity G1"},"content":{"rendered":"<ul>\n<li>Encimera Cristal Gas Infinity G1 dise\u00f1ado en Italia por Italdesign Giugiaro<\/li>\n<li>Acabado exclusivo en color negro mate<\/li>\n<li>Detalles metalizados en tono cobre<\/li>\n<li>Panel de control mec\u00e1nico frontal con dise\u00f1o ergon\u00f3mico<\/li>\n<li>4 zonas de cocinado<\/li>\n<\/ul>\n","protected":false},"featured_media":0,"parent":0,"template":"","product_cat":[3491],"product_cleaning_system":[],"product_3rd_basket":[],"product_drawers":[],"product_type_of_installation":[],"product_edition":[],"product_serie":[],"product_features":[],"finishes":[],"product_bundles":[],"product_energy_efficiency":[],"product_video_training":[],"class_list":["post-67769","product","type-product","status-publish","hentry","product_cat-encimeras","usp-infinityg1-01","usp-infinityg1-02","usp-infinityg1-03","usp-infinityg1-16","usp-infinityg1-17","usp-cookinglovers-13","usp-award-06","color-negro-mate","product_type_of_appliance-gas","product_ambient-infinityg1","product_icons-easy-installation","product_icons-auto-ignition","product_icons-autolock"],"acf":[],"yoast_head":"<!-- This site is optimized with the Yoast SEO plugin v27.5 - https:\/\/yoast.com\/product\/yoast-seo-wordpress\/ -->\n<title>Encimera Cristal Gas - GBC 64 Infinity G1 | Teka Chile<\/title>\n<meta name=\"description\" content=\"Encimera Cristal Gas Infinity G1. Edici\u00f3n especial dise\u00f1ada por Italdesign Giugiaro\" \/>\n<meta name=\"robots\" content=\"index, follow, max-snippet:-1, max-image-preview:large, max-video-preview:-1\" \/>\n<link rel=\"canonical\" href=\"https:\/\/www.teka.com\/es-py\/producto\/gbc-64-infinity-g1_112570216\/\" \/>\n<meta property=\"og:locale\" content=\"es_ES\" \/>\n<meta property=\"og:type\" content=\"article\" \/>\n<meta property=\"og:title\" content=\"Encimera Cristal Gas - GBC 64 Infinity G1 | Teka Chile\" \/>\n<meta property=\"og:description\" content=\"Encimera Cristal Gas Infinity G1. Edici\u00f3n especial dise\u00f1ada por Italdesign Giugiaro\" \/>\n<meta property=\"og:url\" content=\"https:\/\/www.teka.com\/es-py\/producto\/gbc-64-infinity-g1_112570216\/\" \/>\n<meta property=\"og:site_name\" content=\"Teka Paraguay\" \/>\n<meta name=\"twitter:card\" content=\"summary_large_image\" \/>\n<script type=\"application\/ld+json\" class=\"yoast-schema-graph\">{\"@context\":\"https:\\\/\\\/schema.org\",\"@graph\":[{\"@type\":\"WebPage\",\"@id\":\"https:\\\/\\\/www.teka.com\\\/es-py\\\/producto\\\/gbc-64-infinity-g1_112570216\\\/\",\"url\":\"https:\\\/\\\/www.teka.com\\\/es-py\\\/producto\\\/gbc-64-infinity-g1_112570216\\\/\",\"name\":\"Encimera Cristal Gas - GBC 64 Infinity G1 | Teka Chile\",\"isPartOf\":{\"@id\":\"https:\\\/\\\/www.teka.com\\\/es-py\\\/#website\"},\"datePublished\":\"2026-04-26T07:06:00+00:00\",\"description\":\"Encimera Cristal Gas Infinity G1. Edici\u00f3n especial dise\u00f1ada por Italdesign Giugiaro\",\"inLanguage\":\"es\",\"potentialAction\":[{\"@type\":\"ReadAction\",\"target\":[\"https:\\\/\\\/www.teka.com\\\/es-py\\\/producto\\\/gbc-64-infinity-g1_112570216\\\/\"]}]},{\"@type\":\"WebSite\",\"@id\":\"https:\\\/\\\/www.teka.com\\\/es-py\\\/#website\",\"url\":\"https:\\\/\\\/www.teka.com\\\/es-py\\\/\",\"name\":\"Teka Paraguay\",\"description\":\"\",\"publisher\":{\"@id\":\"https:\\\/\\\/www.teka.com\\\/es-py\\\/#organization\"},\"potentialAction\":[{\"@type\":\"SearchAction\",\"target\":{\"@type\":\"EntryPoint\",\"urlTemplate\":\"https:\\\/\\\/www.teka.com\\\/es-py\\\/?s={search_term_string}\"},\"query-input\":{\"@type\":\"PropertyValueSpecification\",\"valueRequired\":true,\"valueName\":\"search_term_string\"}}],\"inLanguage\":\"es\"},{\"@type\":\"Organization\",\"@id\":\"https:\\\/\\\/www.teka.com\\\/es-py\\\/#organization\",\"name\":\"Teka Paraguay\",\"url\":\"https:\\\/\\\/www.teka.com\\\/es-py\\\/\",\"logo\":{\"@type\":\"ImageObject\",\"inLanguage\":\"es\",\"@id\":\"https:\\\/\\\/www.teka.com\\\/es-py\\\/#\\\/schema\\\/logo\\\/image\\\/\",\"url\":\"https:\\\/\\\/www.teka.com\\\/es-py\\\/wp-content\\\/uploads\\\/sites\\\/57\\\/2018\\\/10\\\/404-teka.png\",\"contentUrl\":\"https:\\\/\\\/www.teka.com\\\/es-py\\\/wp-content\\\/uploads\\\/sites\\\/57\\\/2018\\\/10\\\/404-teka.png\",\"width\":200,\"height\":200,\"caption\":\"Teka Paraguay\"},\"image\":{\"@id\":\"https:\\\/\\\/www.teka.com\\\/es-py\\\/#\\\/schema\\\/logo\\\/image\\\/\"}}]}<\/script>\n<!-- \/ Yoast SEO plugin. -->","yoast_head_json":{"title":"Encimera Cristal Gas - GBC 64 Infinity G1 | Teka Chile","description":"Encimera Cristal Gas Infinity G1. Edici\u00f3n especial dise\u00f1ada por Italdesign Giugiaro","robots":{"index":"index","follow":"follow","max-snippet":"max-snippet:-1","max-image-preview":"max-image-preview:large","max-video-preview":"max-video-preview:-1"},"canonical":"https:\/\/www.teka.com\/es-py\/producto\/gbc-64-infinity-g1_112570216\/","og_locale":"es_ES","og_type":"article","og_title":"Encimera Cristal Gas - GBC 64 Infinity G1 | Teka Chile","og_description":"Encimera Cristal Gas Infinity G1. Edici\u00f3n especial dise\u00f1ada por Italdesign Giugiaro","og_url":"https:\/\/www.teka.com\/es-py\/producto\/gbc-64-infinity-g1_112570216\/","og_site_name":"Teka Paraguay","twitter_card":"summary_large_image","schema":{"@context":"https:\/\/schema.org","@graph":[{"@type":"WebPage","@id":"https:\/\/www.teka.com\/es-py\/producto\/gbc-64-infinity-g1_112570216\/","url":"https:\/\/www.teka.com\/es-py\/producto\/gbc-64-infinity-g1_112570216\/","name":"Encimera Cristal Gas - GBC 64 Infinity G1 | Teka Chile","isPartOf":{"@id":"https:\/\/www.teka.com\/es-py\/#website"},"datePublished":"2026-04-26T07:06:00+00:00","description":"Encimera Cristal Gas Infinity G1. Edici\u00f3n especial dise\u00f1ada por Italdesign Giugiaro","inLanguage":"es","potentialAction":[{"@type":"ReadAction","target":["https:\/\/www.teka.com\/es-py\/producto\/gbc-64-infinity-g1_112570216\/"]}]},{"@type":"WebSite","@id":"https:\/\/www.teka.com\/es-py\/#website","url":"https:\/\/www.teka.com\/es-py\/","name":"Teka Paraguay","description":"","publisher":{"@id":"https:\/\/www.teka.com\/es-py\/#organization"},"potentialAction":[{"@type":"SearchAction","target":{"@type":"EntryPoint","urlTemplate":"https:\/\/www.teka.com\/es-py\/?s={search_term_string}"},"query-input":{"@type":"PropertyValueSpecification","valueRequired":true,"valueName":"search_term_string"}}],"inLanguage":"es"},{"@type":"Organization","@id":"https:\/\/www.teka.com\/es-py\/#organization","name":"Teka Paraguay","url":"https:\/\/www.teka.com\/es-py\/","logo":{"@type":"ImageObject","inLanguage":"es","@id":"https:\/\/www.teka.com\/es-py\/#\/schema\/logo\/image\/","url":"https:\/\/www.teka.com\/es-py\/wp-content\/uploads\/sites\/57\/2018\/10\/404-teka.png","contentUrl":"https:\/\/www.teka.com\/es-py\/wp-content\/uploads\/sites\/57\/2018\/10\/404-teka.png","width":200,"height":200,"caption":"Teka Paraguay"},"image":{"@id":"https:\/\/www.teka.com\/es-py\/#\/schema\/logo\/image\/"}}]}},"_links":{"self":[{"href":"https:\/\/www.teka.com\/es-py\/wp-json\/wp\/v2\/product\/67769","targetHints":{"allow":["GET"]}}],"collection":[{"href":"https:\/\/www.teka.com\/es-py\/wp-json\/wp\/v2\/product"}],"about":[{"href":"https:\/\/www.teka.com\/es-py\/wp-json\/wp\/v2\/types\/product"}],"wp:attachment":[{"href":"https:\/\/www.teka.com\/es-py\/wp-json\/wp\/v2\/media?parent=67769"}],"wp:term":[{"taxonomy":"product_cat","embeddable":true,"href":"https:\/\/www.teka.com\/es-py\/wp-json\/wp\/v2\/product_cat?post=67769"},{"taxonomy":"product_cleaning_system","embeddable":true,"href":"https:\/\/www.teka.com\/es-py\/wp-json\/wp\/v2\/product_cleaning_system?post=67769"},{"taxonomy":"product_3rd_basket","embeddable":true,"href":"https:\/\/www.teka.com\/es-py\/wp-json\/wp\/v2\/product_3rd_basket?post=67769"},{"taxonomy":"product_drawers","embeddable":true,"href":"https:\/\/www.teka.com\/es-py\/wp-json\/wp\/v2\/product_drawers?post=67769"},{"taxonomy":"product_type_of_installation","embeddable":true,"href":"https:\/\/www.teka.com\/es-py\/wp-json\/wp\/v2\/product_type_of_installation?post=67769"},{"taxonomy":"product_edition","embeddable":true,"href":"https:\/\/www.teka.com\/es-py\/wp-json\/wp\/v2\/product_edition?post=67769"},{"taxonomy":"product_serie","embeddable":true,"href":"https:\/\/www.teka.com\/es-py\/wp-json\/wp\/v2\/product_serie?post=67769"},{"taxonomy":"product_features","embeddable":true,"href":"https:\/\/www.teka.com\/es-py\/wp-json\/wp\/v2\/product_features?post=67769"},{"taxonomy":"finishes","embeddable":true,"href":"https:\/\/www.teka.com\/es-py\/wp-json\/wp\/v2\/finishes?post=67769"},{"taxonomy":"product_bundles","embeddable":true,"href":"https:\/\/www.teka.com\/es-py\/wp-json\/wp\/v2\/product_bundles?post=67769"},{"taxonomy":"product_energy_efficiency","embeddable":true,"href":"https:\/\/www.teka.com\/es-py\/wp-json\/wp\/v2\/product_energy_efficiency?post=67769"},{"taxonomy":"product_video_training","embeddable":true,"href":"https:\/\/www.teka.com\/es-py\/wp-json\/wp\/v2\/product_video_training?post=67769"}],"curies":[{"name":"wp","href":"https:\/\/api.w.org\/{rel}","templated":true}]}}