{"id":68088,"date":"2026-05-08T00:50:32","date_gmt":"2026-05-08T00:50:32","guid":{"rendered":"https:\/\/teka.com\/en-int\/clc-85-infinity-g1_111630007"},"modified":"2026-05-07T06:42:53","modified_gmt":"2026-05-07T07:42:53","slug":"clc-85-infinity-g1_111630007","status":"publish","type":"product","link":"https:\/\/www.teka.com\/es-py\/producto\/clc-85-infinity-g1_111630007\/","title":{"rendered":"CLC 85 Infinity G1"},"content":{"rendered":"<ul>\n<li>Dise\u00f1ado en Italia por Giugiaro Italdesign.<\/li>\n<li>Acabado exclusivo negro mate.<\/li>\n<li>Molinillo integrado de acero para caf\u00e9.<\/li>\n<li>Acabado Cristal Color Negro Mate.<\/li>\n<li>Panel de control electr\u00f3nico.<\/li>\n<li>30 programas autom\u00e1ticos.<\/li>\n<li>Presi\u00f3n 15 bares.<\/li>\n<\/ul>\n","protected":false},"featured_media":0,"parent":0,"template":"","product_cat":[3518],"product_cleaning_system":[],"product_3rd_basket":[],"product_drawers":[],"product_type_of_installation":[],"product_edition":[],"product_serie":[],"product_features":[],"finishes":[],"product_bundles":[],"product_energy_efficiency":[],"product_video_training":[],"class_list":["post-68088","product","type-product","status-publish","hentry","product_cat-cafeteras-encastrables","usp-coffeemachine-01","usp-coffeemachine-02","usp-coffeemachine-03","usp-infinityg1-01","usp-infinityg1-02","usp-infinityg1-03","usp-cookinglovers-10","usp-infinityg1-18","color-negro-mate","product_icons-coffee-beans","product_icons-ground-coffee"],"acf":[],"yoast_head":"<!-- This site is optimized with the Yoast SEO plugin v27.5 - https:\/\/yoast.com\/product\/yoast-seo-wordpress\/ -->\n<title>CLC 85 Infinity G1 | Teka Paraguay<\/title>\n<meta name=\"robots\" content=\"index, follow, max-snippet:-1, max-image-preview:large, max-video-preview:-1\" \/>\n<link rel=\"canonical\" href=\"https:\/\/www.teka.com\/es-py\/producto\/clc-85-infinity-g1_111630007\/\" \/>\n<meta property=\"og:locale\" content=\"es_ES\" \/>\n<meta property=\"og:type\" content=\"article\" \/>\n<meta property=\"og:title\" content=\"CLC 85 Infinity G1 | Teka Paraguay\" \/>\n<meta property=\"og:description\" content=\"Dise\u00f1ado en Italia por Giugiaro Italdesign. Acabado exclusivo negro mate. Molinillo integrado de acero para caf\u00e9. Acabado Cristal Color Negro Mate. Panel de control electr\u00f3nico. 30 programas autom\u00e1ticos. Presi\u00f3n 15 bares.\" \/>\n<meta property=\"og:url\" content=\"https:\/\/www.teka.com\/es-py\/producto\/clc-85-infinity-g1_111630007\/\" \/>\n<meta property=\"og:site_name\" content=\"Teka Paraguay\" \/>\n<meta name=\"twitter:card\" content=\"summary_large_image\" \/>\n<script type=\"application\/ld+json\" class=\"yoast-schema-graph\">{\"@context\":\"https:\\\/\\\/schema.org\",\"@graph\":[{\"@type\":\"WebPage\",\"@id\":\"https:\\\/\\\/www.teka.com\\\/es-py\\\/producto\\\/clc-85-infinity-g1_111630007\\\/\",\"url\":\"https:\\\/\\\/www.teka.com\\\/es-py\\\/producto\\\/clc-85-infinity-g1_111630007\\\/\",\"name\":\"CLC 85 Infinity G1 | Teka Paraguay\",\"isPartOf\":{\"@id\":\"https:\\\/\\\/www.teka.com\\\/es-py\\\/#website\"},\"datePublished\":\"2026-05-08T00:50:32+00:00\",\"inLanguage\":\"es\",\"potentialAction\":[{\"@type\":\"ReadAction\",\"target\":[\"https:\\\/\\\/www.teka.com\\\/es-py\\\/producto\\\/clc-85-infinity-g1_111630007\\\/\"]}]},{\"@type\":\"WebSite\",\"@id\":\"https:\\\/\\\/www.teka.com\\\/es-py\\\/#website\",\"url\":\"https:\\\/\\\/www.teka.com\\\/es-py\\\/\",\"name\":\"Teka Paraguay\",\"description\":\"\",\"publisher\":{\"@id\":\"https:\\\/\\\/www.teka.com\\\/es-py\\\/#organization\"},\"potentialAction\":[{\"@type\":\"SearchAction\",\"target\":{\"@type\":\"EntryPoint\",\"urlTemplate\":\"https:\\\/\\\/www.teka.com\\\/es-py\\\/?s={search_term_string}\"},\"query-input\":{\"@type\":\"PropertyValueSpecification\",\"valueRequired\":true,\"valueName\":\"search_term_string\"}}],\"inLanguage\":\"es\"},{\"@type\":\"Organization\",\"@id\":\"https:\\\/\\\/www.teka.com\\\/es-py\\\/#organization\",\"name\":\"Teka Paraguay\",\"url\":\"https:\\\/\\\/www.teka.com\\\/es-py\\\/\",\"logo\":{\"@type\":\"ImageObject\",\"inLanguage\":\"es\",\"@id\":\"https:\\\/\\\/www.teka.com\\\/es-py\\\/#\\\/schema\\\/logo\\\/image\\\/\",\"url\":\"https:\\\/\\\/www.teka.com\\\/es-py\\\/wp-content\\\/uploads\\\/sites\\\/57\\\/2018\\\/10\\\/404-teka.png\",\"contentUrl\":\"https:\\\/\\\/www.teka.com\\\/es-py\\\/wp-content\\\/uploads\\\/sites\\\/57\\\/2018\\\/10\\\/404-teka.png\",\"width\":200,\"height\":200,\"caption\":\"Teka Paraguay\"},\"image\":{\"@id\":\"https:\\\/\\\/www.teka.com\\\/es-py\\\/#\\\/schema\\\/logo\\\/image\\\/\"}}]}<\/script>\n<!-- \/ Yoast SEO plugin. -->","yoast_head_json":{"title":"CLC 85 Infinity G1 | Teka Paraguay","robots":{"index":"index","follow":"follow","max-snippet":"max-snippet:-1","max-image-preview":"max-image-preview:large","max-video-preview":"max-video-preview:-1"},"canonical":"https:\/\/www.teka.com\/es-py\/producto\/clc-85-infinity-g1_111630007\/","og_locale":"es_ES","og_type":"article","og_title":"CLC 85 Infinity G1 | Teka Paraguay","og_description":"Dise\u00f1ado en Italia por Giugiaro Italdesign. Acabado exclusivo negro mate. Molinillo integrado de acero para caf\u00e9. Acabado Cristal Color Negro Mate. Panel de control electr\u00f3nico. 30 programas autom\u00e1ticos. Presi\u00f3n 15 bares.","og_url":"https:\/\/www.teka.com\/es-py\/producto\/clc-85-infinity-g1_111630007\/","og_site_name":"Teka Paraguay","twitter_card":"summary_large_image","schema":{"@context":"https:\/\/schema.org","@graph":[{"@type":"WebPage","@id":"https:\/\/www.teka.com\/es-py\/producto\/clc-85-infinity-g1_111630007\/","url":"https:\/\/www.teka.com\/es-py\/producto\/clc-85-infinity-g1_111630007\/","name":"CLC 85 Infinity G1 | Teka Paraguay","isPartOf":{"@id":"https:\/\/www.teka.com\/es-py\/#website"},"datePublished":"2026-05-08T00:50:32+00:00","inLanguage":"es","potentialAction":[{"@type":"ReadAction","target":["https:\/\/www.teka.com\/es-py\/producto\/clc-85-infinity-g1_111630007\/"]}]},{"@type":"WebSite","@id":"https:\/\/www.teka.com\/es-py\/#website","url":"https:\/\/www.teka.com\/es-py\/","name":"Teka Paraguay","description":"","publisher":{"@id":"https:\/\/www.teka.com\/es-py\/#organization"},"potentialAction":[{"@type":"SearchAction","target":{"@type":"EntryPoint","urlTemplate":"https:\/\/www.teka.com\/es-py\/?s={search_term_string}"},"query-input":{"@type":"PropertyValueSpecification","valueRequired":true,"valueName":"search_term_string"}}],"inLanguage":"es"},{"@type":"Organization","@id":"https:\/\/www.teka.com\/es-py\/#organization","name":"Teka Paraguay","url":"https:\/\/www.teka.com\/es-py\/","logo":{"@type":"ImageObject","inLanguage":"es","@id":"https:\/\/www.teka.com\/es-py\/#\/schema\/logo\/image\/","url":"https:\/\/www.teka.com\/es-py\/wp-content\/uploads\/sites\/57\/2018\/10\/404-teka.png","contentUrl":"https:\/\/www.teka.com\/es-py\/wp-content\/uploads\/sites\/57\/2018\/10\/404-teka.png","width":200,"height":200,"caption":"Teka Paraguay"},"image":{"@id":"https:\/\/www.teka.com\/es-py\/#\/schema\/logo\/image\/"}}]}},"_links":{"self":[{"href":"https:\/\/www.teka.com\/es-py\/wp-json\/wp\/v2\/product\/68088","targetHints":{"allow":["GET"]}}],"collection":[{"href":"https:\/\/www.teka.com\/es-py\/wp-json\/wp\/v2\/product"}],"about":[{"href":"https:\/\/www.teka.com\/es-py\/wp-json\/wp\/v2\/types\/product"}],"wp:attachment":[{"href":"https:\/\/www.teka.com\/es-py\/wp-json\/wp\/v2\/media?parent=68088"}],"wp:term":[{"taxonomy":"product_cat","embeddable":true,"href":"https:\/\/www.teka.com\/es-py\/wp-json\/wp\/v2\/product_cat?post=68088"},{"taxonomy":"product_cleaning_system","embeddable":true,"href":"https:\/\/www.teka.com\/es-py\/wp-json\/wp\/v2\/product_cleaning_system?post=68088"},{"taxonomy":"product_3rd_basket","embeddable":true,"href":"https:\/\/www.teka.com\/es-py\/wp-json\/wp\/v2\/product_3rd_basket?post=68088"},{"taxonomy":"product_drawers","embeddable":true,"href":"https:\/\/www.teka.com\/es-py\/wp-json\/wp\/v2\/product_drawers?post=68088"},{"taxonomy":"product_type_of_installation","embeddable":true,"href":"https:\/\/www.teka.com\/es-py\/wp-json\/wp\/v2\/product_type_of_installation?post=68088"},{"taxonomy":"product_edition","embeddable":true,"href":"https:\/\/www.teka.com\/es-py\/wp-json\/wp\/v2\/product_edition?post=68088"},{"taxonomy":"product_serie","embeddable":true,"href":"https:\/\/www.teka.com\/es-py\/wp-json\/wp\/v2\/product_serie?post=68088"},{"taxonomy":"product_features","embeddable":true,"href":"https:\/\/www.teka.com\/es-py\/wp-json\/wp\/v2\/product_features?post=68088"},{"taxonomy":"finishes","embeddable":true,"href":"https:\/\/www.teka.com\/es-py\/wp-json\/wp\/v2\/finishes?post=68088"},{"taxonomy":"product_bundles","embeddable":true,"href":"https:\/\/www.teka.com\/es-py\/wp-json\/wp\/v2\/product_bundles?post=68088"},{"taxonomy":"product_energy_efficiency","embeddable":true,"href":"https:\/\/www.teka.com\/es-py\/wp-json\/wp\/v2\/product_energy_efficiency?post=68088"},{"taxonomy":"product_video_training","embeddable":true,"href":"https:\/\/www.teka.com\/es-py\/wp-json\/wp\/v2\/product_video_training?post=68088"}],"curies":[{"name":"wp","href":"https:\/\/api.w.org\/{rel}","templated":true}]}}