{"id":68106,"date":"2026-04-26T04:07:49","date_gmt":"2026-04-26T04:07:49","guid":{"rendered":"https:\/\/teka.com\/en-int\/autodose-wmk-81050-dss_113900011"},"modified":"2026-03-14T07:57:14","modified_gmt":"2026-03-14T08:57:14","slug":"autodose-wmk-81050-dss_113900011","status":"publish","type":"product","link":"https:\/\/www.teka.com\/es-py\/producto\/autodose-wmk-81050-dss_113900011\/","title":{"rendered":"AutoDose WMK 81050 DSS"},"content":{"rendered":"<ul>\n<li>Sistema AutoDose de detergente<\/li>\n<li>Electr\u00f3nica con display digital<\/li>\n<li>Motor T-Inverter<\/li>\n<li>14 programas de lavado<\/li>\n<li>Capacidad: 10 kg<\/li>\n<\/ul>\n","protected":false},"featured_media":0,"parent":0,"template":"","product_cat":[3510],"product_cleaning_system":[],"product_3rd_basket":[],"product_drawers":[],"product_type_of_installation":[60110],"product_edition":[],"product_serie":[],"product_features":[],"finishes":[],"product_bundles":[],"product_energy_efficiency":[60201],"product_video_training":[],"class_list":["post-68106","product","type-product","status-publish","hentry","product_cat-lavadoras","usp-laundry-02","usp-laundry-26","usp-laundry-27","usp-laundry-28","usp-laundry-29","product_icons-quick-cycle","product_type_of_installation-libre-instalacion","product_energy_efficiency-a-ue-icon-new"],"acf":[],"yoast_head":"<!-- This site is optimized with the Yoast SEO plugin v27.5 - https:\/\/yoast.com\/product\/yoast-seo-wordpress\/ -->\n<title>AutoDose WMK 81050 DSS | Teka Paraguay<\/title>\n<meta name=\"description\" content=\"Toda la informaci\u00f3n sobre la Lavadora de libre instalaci\u00f3n PremiumCare Series con 15 programas de lavado y capacidad m\u00e1xima de 9kg WMT 70945 WH en la web oficial de Teka Chile\" \/>\n<meta name=\"robots\" content=\"index, follow, max-snippet:-1, max-image-preview:large, max-video-preview:-1\" \/>\n<link rel=\"canonical\" href=\"https:\/\/www.teka.com\/es-py\/producto\/autodose-wmk-81050-dss_113900011\/\" \/>\n<meta property=\"og:locale\" content=\"es_ES\" \/>\n<meta property=\"og:type\" content=\"article\" \/>\n<meta property=\"og:title\" content=\"AutoDose WMK 81050 DSS | Teka Paraguay\" \/>\n<meta property=\"og:description\" content=\"Toda la informaci\u00f3n sobre la Lavadora de libre instalaci\u00f3n PremiumCare Series con 15 programas de lavado y capacidad m\u00e1xima de 9kg WMT 70945 WH en la web oficial de Teka Chile\" \/>\n<meta property=\"og:url\" content=\"https:\/\/www.teka.com\/es-py\/producto\/autodose-wmk-81050-dss_113900011\/\" \/>\n<meta property=\"og:site_name\" content=\"Teka Paraguay\" \/>\n<meta name=\"twitter:card\" content=\"summary_large_image\" \/>\n<script type=\"application\/ld+json\" class=\"yoast-schema-graph\">{\"@context\":\"https:\\\/\\\/schema.org\",\"@graph\":[{\"@type\":\"WebPage\",\"@id\":\"https:\\\/\\\/www.teka.com\\\/es-py\\\/producto\\\/autodose-wmk-81050-dss_113900011\\\/\",\"url\":\"https:\\\/\\\/www.teka.com\\\/es-py\\\/producto\\\/autodose-wmk-81050-dss_113900011\\\/\",\"name\":\"AutoDose WMK 81050 DSS | Teka Paraguay\",\"isPartOf\":{\"@id\":\"https:\\\/\\\/www.teka.com\\\/es-py\\\/#website\"},\"datePublished\":\"2026-04-26T04:07:49+00:00\",\"description\":\"Toda la informaci\u00f3n sobre la Lavadora de libre instalaci\u00f3n PremiumCare Series con 15 programas de lavado y capacidad m\u00e1xima de 9kg WMT 70945 WH en la web oficial de Teka Chile\",\"inLanguage\":\"es\",\"potentialAction\":[{\"@type\":\"ReadAction\",\"target\":[\"https:\\\/\\\/www.teka.com\\\/es-py\\\/producto\\\/autodose-wmk-81050-dss_113900011\\\/\"]}]},{\"@type\":\"WebSite\",\"@id\":\"https:\\\/\\\/www.teka.com\\\/es-py\\\/#website\",\"url\":\"https:\\\/\\\/www.teka.com\\\/es-py\\\/\",\"name\":\"Teka Paraguay\",\"description\":\"\",\"publisher\":{\"@id\":\"https:\\\/\\\/www.teka.com\\\/es-py\\\/#organization\"},\"potentialAction\":[{\"@type\":\"SearchAction\",\"target\":{\"@type\":\"EntryPoint\",\"urlTemplate\":\"https:\\\/\\\/www.teka.com\\\/es-py\\\/?s={search_term_string}\"},\"query-input\":{\"@type\":\"PropertyValueSpecification\",\"valueRequired\":true,\"valueName\":\"search_term_string\"}}],\"inLanguage\":\"es\"},{\"@type\":\"Organization\",\"@id\":\"https:\\\/\\\/www.teka.com\\\/es-py\\\/#organization\",\"name\":\"Teka Paraguay\",\"url\":\"https:\\\/\\\/www.teka.com\\\/es-py\\\/\",\"logo\":{\"@type\":\"ImageObject\",\"inLanguage\":\"es\",\"@id\":\"https:\\\/\\\/www.teka.com\\\/es-py\\\/#\\\/schema\\\/logo\\\/image\\\/\",\"url\":\"https:\\\/\\\/www.teka.com\\\/es-py\\\/wp-content\\\/uploads\\\/sites\\\/57\\\/2018\\\/10\\\/404-teka.png\",\"contentUrl\":\"https:\\\/\\\/www.teka.com\\\/es-py\\\/wp-content\\\/uploads\\\/sites\\\/57\\\/2018\\\/10\\\/404-teka.png\",\"width\":200,\"height\":200,\"caption\":\"Teka Paraguay\"},\"image\":{\"@id\":\"https:\\\/\\\/www.teka.com\\\/es-py\\\/#\\\/schema\\\/logo\\\/image\\\/\"}}]}<\/script>\n<!-- \/ Yoast SEO plugin. -->","yoast_head_json":{"title":"AutoDose WMK 81050 DSS | Teka Paraguay","description":"Toda la informaci\u00f3n sobre la Lavadora de libre instalaci\u00f3n PremiumCare Series con 15 programas de lavado y capacidad m\u00e1xima de 9kg WMT 70945 WH en la web oficial de Teka Chile","robots":{"index":"index","follow":"follow","max-snippet":"max-snippet:-1","max-image-preview":"max-image-preview:large","max-video-preview":"max-video-preview:-1"},"canonical":"https:\/\/www.teka.com\/es-py\/producto\/autodose-wmk-81050-dss_113900011\/","og_locale":"es_ES","og_type":"article","og_title":"AutoDose WMK 81050 DSS | Teka Paraguay","og_description":"Toda la informaci\u00f3n sobre la Lavadora de libre instalaci\u00f3n PremiumCare Series con 15 programas de lavado y capacidad m\u00e1xima de 9kg WMT 70945 WH en la web oficial de Teka Chile","og_url":"https:\/\/www.teka.com\/es-py\/producto\/autodose-wmk-81050-dss_113900011\/","og_site_name":"Teka Paraguay","twitter_card":"summary_large_image","schema":{"@context":"https:\/\/schema.org","@graph":[{"@type":"WebPage","@id":"https:\/\/www.teka.com\/es-py\/producto\/autodose-wmk-81050-dss_113900011\/","url":"https:\/\/www.teka.com\/es-py\/producto\/autodose-wmk-81050-dss_113900011\/","name":"AutoDose WMK 81050 DSS | Teka Paraguay","isPartOf":{"@id":"https:\/\/www.teka.com\/es-py\/#website"},"datePublished":"2026-04-26T04:07:49+00:00","description":"Toda la informaci\u00f3n sobre la Lavadora de libre instalaci\u00f3n PremiumCare Series con 15 programas de lavado y capacidad m\u00e1xima de 9kg WMT 70945 WH en la web oficial de Teka Chile","inLanguage":"es","potentialAction":[{"@type":"ReadAction","target":["https:\/\/www.teka.com\/es-py\/producto\/autodose-wmk-81050-dss_113900011\/"]}]},{"@type":"WebSite","@id":"https:\/\/www.teka.com\/es-py\/#website","url":"https:\/\/www.teka.com\/es-py\/","name":"Teka Paraguay","description":"","publisher":{"@id":"https:\/\/www.teka.com\/es-py\/#organization"},"potentialAction":[{"@type":"SearchAction","target":{"@type":"EntryPoint","urlTemplate":"https:\/\/www.teka.com\/es-py\/?s={search_term_string}"},"query-input":{"@type":"PropertyValueSpecification","valueRequired":true,"valueName":"search_term_string"}}],"inLanguage":"es"},{"@type":"Organization","@id":"https:\/\/www.teka.com\/es-py\/#organization","name":"Teka Paraguay","url":"https:\/\/www.teka.com\/es-py\/","logo":{"@type":"ImageObject","inLanguage":"es","@id":"https:\/\/www.teka.com\/es-py\/#\/schema\/logo\/image\/","url":"https:\/\/www.teka.com\/es-py\/wp-content\/uploads\/sites\/57\/2018\/10\/404-teka.png","contentUrl":"https:\/\/www.teka.com\/es-py\/wp-content\/uploads\/sites\/57\/2018\/10\/404-teka.png","width":200,"height":200,"caption":"Teka Paraguay"},"image":{"@id":"https:\/\/www.teka.com\/es-py\/#\/schema\/logo\/image\/"}}]}},"_links":{"self":[{"href":"https:\/\/www.teka.com\/es-py\/wp-json\/wp\/v2\/product\/68106","targetHints":{"allow":["GET"]}}],"collection":[{"href":"https:\/\/www.teka.com\/es-py\/wp-json\/wp\/v2\/product"}],"about":[{"href":"https:\/\/www.teka.com\/es-py\/wp-json\/wp\/v2\/types\/product"}],"wp:attachment":[{"href":"https:\/\/www.teka.com\/es-py\/wp-json\/wp\/v2\/media?parent=68106"}],"wp:term":[{"taxonomy":"product_cat","embeddable":true,"href":"https:\/\/www.teka.com\/es-py\/wp-json\/wp\/v2\/product_cat?post=68106"},{"taxonomy":"product_cleaning_system","embeddable":true,"href":"https:\/\/www.teka.com\/es-py\/wp-json\/wp\/v2\/product_cleaning_system?post=68106"},{"taxonomy":"product_3rd_basket","embeddable":true,"href":"https:\/\/www.teka.com\/es-py\/wp-json\/wp\/v2\/product_3rd_basket?post=68106"},{"taxonomy":"product_drawers","embeddable":true,"href":"https:\/\/www.teka.com\/es-py\/wp-json\/wp\/v2\/product_drawers?post=68106"},{"taxonomy":"product_type_of_installation","embeddable":true,"href":"https:\/\/www.teka.com\/es-py\/wp-json\/wp\/v2\/product_type_of_installation?post=68106"},{"taxonomy":"product_edition","embeddable":true,"href":"https:\/\/www.teka.com\/es-py\/wp-json\/wp\/v2\/product_edition?post=68106"},{"taxonomy":"product_serie","embeddable":true,"href":"https:\/\/www.teka.com\/es-py\/wp-json\/wp\/v2\/product_serie?post=68106"},{"taxonomy":"product_features","embeddable":true,"href":"https:\/\/www.teka.com\/es-py\/wp-json\/wp\/v2\/product_features?post=68106"},{"taxonomy":"finishes","embeddable":true,"href":"https:\/\/www.teka.com\/es-py\/wp-json\/wp\/v2\/finishes?post=68106"},{"taxonomy":"product_bundles","embeddable":true,"href":"https:\/\/www.teka.com\/es-py\/wp-json\/wp\/v2\/product_bundles?post=68106"},{"taxonomy":"product_energy_efficiency","embeddable":true,"href":"https:\/\/www.teka.com\/es-py\/wp-json\/wp\/v2\/product_energy_efficiency?post=68106"},{"taxonomy":"product_video_training","embeddable":true,"href":"https:\/\/www.teka.com\/es-py\/wp-json\/wp\/v2\/product_video_training?post=68106"}],"curies":[{"name":"wp","href":"https:\/\/api.w.org\/{rel}","templated":true}]}}