{"id":68166,"date":"2026-04-26T22:17:44","date_gmt":"2026-04-26T22:17:44","guid":{"rendered":"https:\/\/teka.com\/tr-tr\/van-gogh-hlb-84-vg_111000095"},"modified":"2026-04-21T09:01:03","modified_gmt":"2026-04-21T10:01:03","slug":"van-gogh-hlb-84-vg_111000095","status":"publish","type":"product","link":"https:\/\/www.teka.com\/es-py\/producto\/van-gogh-hlb-84-vg_111000095\/","title":{"rendered":"Van Gogh HLB 84 VG"},"content":{"rendered":"<ul>\n<li>Dise\u00f1o inspirado en el cuadro Los girasoles<\/li>\n<li>Acabado en cristal gris oscuro y negro con detalles en champ\u00e1n<\/li>\n<li>Combinaci\u00f3n perfecta de estilo, funcionalidad y durabilidad<\/li>\n<li>Funci\u00f3n especial EasySteam<\/li>\n<\/ul>\n","protected":false},"featured_media":0,"parent":0,"template":"","product_cat":[3496],"product_cleaning_system":[3162],"product_3rd_basket":[],"product_drawers":[],"product_type_of_installation":[],"product_edition":[],"product_serie":[],"product_features":[],"finishes":[],"product_bundles":[],"product_energy_efficiency":[60719],"product_video_training":[60782,60786,60792,60806,60960],"class_list":["post-68166","product","type-product","status-publish","hentry","product_cat-hornos","usp-ovens-04","usp-ovens-12","usp-ovens-13","usp-ovens-24","usp-vg-01-vg-museum-edition","color-cristal-gris-oscuro-y-negro","product_type_of_appliance-multifuncion","product_ambient-van-gogh-03","product_icons-70l","product_icons-hydroclean","product_icons-surroundtemp","product_icons-softclose","product_cleaning_system-hydroclean","product_energy_efficiency-a-plus-icon","product_video_training-trainingovens-01","product_video_training-trainingovens-02","product_video_training-trainingovens-05","product_video_training-trainingovens-12","product_video_training-trainingovens-22"],"acf":[],"yoast_head":"<!-- This site is optimized with the Yoast SEO plugin v27.2 - https:\/\/yoast.com\/product\/yoast-seo-wordpress\/ -->\n<title>Van Gogh HLB 84 VG | Teka Paraguay<\/title>\n<meta name=\"robots\" content=\"index, follow, max-snippet:-1, max-image-preview:large, max-video-preview:-1\" \/>\n<link rel=\"canonical\" href=\"https:\/\/www.teka.com\/es-py\/producto\/van-gogh-hlb-84-vg_111000095\/\" \/>\n<meta property=\"og:locale\" content=\"es_ES\" \/>\n<meta property=\"og:type\" content=\"article\" \/>\n<meta property=\"og:title\" content=\"Van Gogh HLB 84 VG | Teka Paraguay\" \/>\n<meta property=\"og:description\" content=\"Dise\u00f1o inspirado en el cuadro Los girasoles Acabado en cristal gris oscuro y negro con detalles en champ\u00e1n Combinaci\u00f3n perfecta de estilo, funcionalidad y durabilidad Funci\u00f3n especial EasySteam\" \/>\n<meta property=\"og:url\" content=\"https:\/\/www.teka.com\/es-py\/producto\/van-gogh-hlb-84-vg_111000095\/\" \/>\n<meta property=\"og:site_name\" content=\"Teka Paraguay\" \/>\n<meta name=\"twitter:card\" content=\"summary_large_image\" \/>\n<script type=\"application\/ld+json\" class=\"yoast-schema-graph\">{\"@context\":\"https:\/\/schema.org\",\"@graph\":[{\"@type\":\"WebPage\",\"@id\":\"https:\/\/www.teka.com\/es-py\/producto\/van-gogh-hlb-84-vg_111000095\/\",\"url\":\"https:\/\/www.teka.com\/es-py\/producto\/van-gogh-hlb-84-vg_111000095\/\",\"name\":\"Van Gogh HLB 84 VG | Teka Paraguay\",\"isPartOf\":{\"@id\":\"https:\/\/www.teka.com\/es-py\/#website\"},\"datePublished\":\"2026-04-26T22:17:44+00:00\",\"inLanguage\":\"es\",\"potentialAction\":[{\"@type\":\"ReadAction\",\"target\":[\"https:\/\/www.teka.com\/es-py\/producto\/van-gogh-hlb-84-vg_111000095\/\"]}]},{\"@type\":\"WebSite\",\"@id\":\"https:\/\/www.teka.com\/es-py\/#website\",\"url\":\"https:\/\/www.teka.com\/es-py\/\",\"name\":\"Teka Paraguay\",\"description\":\"\",\"publisher\":{\"@id\":\"https:\/\/www.teka.com\/es-py\/#organization\"},\"potentialAction\":[{\"@type\":\"SearchAction\",\"target\":{\"@type\":\"EntryPoint\",\"urlTemplate\":\"https:\/\/www.teka.com\/es-py\/?s={search_term_string}\"},\"query-input\":{\"@type\":\"PropertyValueSpecification\",\"valueRequired\":true,\"valueName\":\"search_term_string\"}}],\"inLanguage\":\"es\"},{\"@type\":\"Organization\",\"@id\":\"https:\/\/www.teka.com\/es-py\/#organization\",\"name\":\"Teka Paraguay\",\"url\":\"https:\/\/www.teka.com\/es-py\/\",\"logo\":{\"@type\":\"ImageObject\",\"inLanguage\":\"es\",\"@id\":\"https:\/\/www.teka.com\/es-py\/#\/schema\/logo\/image\/\",\"url\":\"https:\/\/www.teka.com\/es-py\/wp-content\/uploads\/sites\/57\/2018\/10\/404-teka.png\",\"contentUrl\":\"https:\/\/www.teka.com\/es-py\/wp-content\/uploads\/sites\/57\/2018\/10\/404-teka.png\",\"width\":200,\"height\":200,\"caption\":\"Teka Paraguay\"},\"image\":{\"@id\":\"https:\/\/www.teka.com\/es-py\/#\/schema\/logo\/image\/\"}}]}<\/script>\n<!-- \/ Yoast SEO plugin. -->","yoast_head_json":{"title":"Van Gogh HLB 84 VG | Teka Paraguay","robots":{"index":"index","follow":"follow","max-snippet":"max-snippet:-1","max-image-preview":"max-image-preview:large","max-video-preview":"max-video-preview:-1"},"canonical":"https:\/\/www.teka.com\/es-py\/producto\/van-gogh-hlb-84-vg_111000095\/","og_locale":"es_ES","og_type":"article","og_title":"Van Gogh HLB 84 VG | Teka Paraguay","og_description":"Dise\u00f1o inspirado en el cuadro Los girasoles Acabado en cristal gris oscuro y negro con detalles en champ\u00e1n Combinaci\u00f3n perfecta de estilo, funcionalidad y durabilidad Funci\u00f3n especial EasySteam","og_url":"https:\/\/www.teka.com\/es-py\/producto\/van-gogh-hlb-84-vg_111000095\/","og_site_name":"Teka Paraguay","twitter_card":"summary_large_image","schema":{"@context":"https:\/\/schema.org","@graph":[{"@type":"WebPage","@id":"https:\/\/www.teka.com\/es-py\/producto\/van-gogh-hlb-84-vg_111000095\/","url":"https:\/\/www.teka.com\/es-py\/producto\/van-gogh-hlb-84-vg_111000095\/","name":"Van Gogh HLB 84 VG | Teka Paraguay","isPartOf":{"@id":"https:\/\/www.teka.com\/es-py\/#website"},"datePublished":"2026-04-26T22:17:44+00:00","inLanguage":"es","potentialAction":[{"@type":"ReadAction","target":["https:\/\/www.teka.com\/es-py\/producto\/van-gogh-hlb-84-vg_111000095\/"]}]},{"@type":"WebSite","@id":"https:\/\/www.teka.com\/es-py\/#website","url":"https:\/\/www.teka.com\/es-py\/","name":"Teka Paraguay","description":"","publisher":{"@id":"https:\/\/www.teka.com\/es-py\/#organization"},"potentialAction":[{"@type":"SearchAction","target":{"@type":"EntryPoint","urlTemplate":"https:\/\/www.teka.com\/es-py\/?s={search_term_string}"},"query-input":{"@type":"PropertyValueSpecification","valueRequired":true,"valueName":"search_term_string"}}],"inLanguage":"es"},{"@type":"Organization","@id":"https:\/\/www.teka.com\/es-py\/#organization","name":"Teka Paraguay","url":"https:\/\/www.teka.com\/es-py\/","logo":{"@type":"ImageObject","inLanguage":"es","@id":"https:\/\/www.teka.com\/es-py\/#\/schema\/logo\/image\/","url":"https:\/\/www.teka.com\/es-py\/wp-content\/uploads\/sites\/57\/2018\/10\/404-teka.png","contentUrl":"https:\/\/www.teka.com\/es-py\/wp-content\/uploads\/sites\/57\/2018\/10\/404-teka.png","width":200,"height":200,"caption":"Teka Paraguay"},"image":{"@id":"https:\/\/www.teka.com\/es-py\/#\/schema\/logo\/image\/"}}]}},"_links":{"self":[{"href":"https:\/\/www.teka.com\/es-py\/wp-json\/wp\/v2\/product\/68166","targetHints":{"allow":["GET"]}}],"collection":[{"href":"https:\/\/www.teka.com\/es-py\/wp-json\/wp\/v2\/product"}],"about":[{"href":"https:\/\/www.teka.com\/es-py\/wp-json\/wp\/v2\/types\/product"}],"wp:attachment":[{"href":"https:\/\/www.teka.com\/es-py\/wp-json\/wp\/v2\/media?parent=68166"}],"wp:term":[{"taxonomy":"product_cat","embeddable":true,"href":"https:\/\/www.teka.com\/es-py\/wp-json\/wp\/v2\/product_cat?post=68166"},{"taxonomy":"product_cleaning_system","embeddable":true,"href":"https:\/\/www.teka.com\/es-py\/wp-json\/wp\/v2\/product_cleaning_system?post=68166"},{"taxonomy":"product_3rd_basket","embeddable":true,"href":"https:\/\/www.teka.com\/es-py\/wp-json\/wp\/v2\/product_3rd_basket?post=68166"},{"taxonomy":"product_drawers","embeddable":true,"href":"https:\/\/www.teka.com\/es-py\/wp-json\/wp\/v2\/product_drawers?post=68166"},{"taxonomy":"product_type_of_installation","embeddable":true,"href":"https:\/\/www.teka.com\/es-py\/wp-json\/wp\/v2\/product_type_of_installation?post=68166"},{"taxonomy":"product_edition","embeddable":true,"href":"https:\/\/www.teka.com\/es-py\/wp-json\/wp\/v2\/product_edition?post=68166"},{"taxonomy":"product_serie","embeddable":true,"href":"https:\/\/www.teka.com\/es-py\/wp-json\/wp\/v2\/product_serie?post=68166"},{"taxonomy":"product_features","embeddable":true,"href":"https:\/\/www.teka.com\/es-py\/wp-json\/wp\/v2\/product_features?post=68166"},{"taxonomy":"finishes","embeddable":true,"href":"https:\/\/www.teka.com\/es-py\/wp-json\/wp\/v2\/finishes?post=68166"},{"taxonomy":"product_bundles","embeddable":true,"href":"https:\/\/www.teka.com\/es-py\/wp-json\/wp\/v2\/product_bundles?post=68166"},{"taxonomy":"product_energy_efficiency","embeddable":true,"href":"https:\/\/www.teka.com\/es-py\/wp-json\/wp\/v2\/product_energy_efficiency?post=68166"},{"taxonomy":"product_video_training","embeddable":true,"href":"https:\/\/www.teka.com\/es-py\/wp-json\/wp\/v2\/product_video_training?post=68166"}],"curies":[{"name":"wp","href":"https:\/\/api.w.org\/{rel}","templated":true}]}}