{"id":68194,"date":"2026-04-27T02:32:29","date_gmt":"2026-04-27T02:32:29","guid":{"rendered":"https:\/\/teka.com\/en-int\/rsl-73385-fi_113460011"},"modified":"2026-03-17T11:34:13","modified_gmt":"2026-03-17T12:34:13","slug":"rsl-73385-fi_113460011","status":"publish","type":"product","link":"https:\/\/www.teka.com\/es-py\/producto\/rsl-73385-fi_113460011\/","title":{"rendered":"RSL 73385 FI"},"content":{"rendered":"<ul>\n<li>VitaCare Box mantiene la humedad natural de frutas y verduras<\/li>\n<li>Cajones 90\u00ba permiten una extensi\u00f3n total y f\u00e1cil acceso<\/li>\n<li>Instalaci\u00f3n deslizante r\u00e1pida y sin esfuerzo<\/li>\n<\/ul>\n","protected":false},"featured_media":0,"parent":0,"template":"","product_cat":[60773],"product_cleaning_system":[],"product_3rd_basket":[],"product_drawers":[],"product_type_of_installation":[60113],"product_edition":[],"product_serie":[],"product_features":[],"finishes":[],"product_bundles":[],"product_energy_efficiency":[60204],"product_video_training":[],"class_list":["post-68194","product","type-product","status-publish","hentry","product_cat-refrigeracion","usp-coldline-04","usp-cold-line-rbf-03","usp-cold-line-rbf-05","usp-cold-line-rbf-18","usp-cold-line-rbf-26","usp-cold-line-rbf-27","usp-cold-line-rbf-16","color-blanco","product_icons-easy-90","product_icons-motor-inverter","product_icons-led","product_type_of_installation-integrable","product_energy_efficiency-d-ue-icon-new"],"acf":[],"yoast_head":"<!-- This site is optimized with the Yoast SEO plugin v27.2 - https:\/\/yoast.com\/product\/yoast-seo-wordpress\/ -->\n<title>RSL 73385 FI | Teka Paraguay<\/title>\n<meta name=\"robots\" content=\"index, follow, max-snippet:-1, max-image-preview:large, max-video-preview:-1\" \/>\n<link rel=\"canonical\" href=\"https:\/\/www.teka.com\/es-py\/producto\/rsl-73385-fi_113460011\/\" \/>\n<meta property=\"og:locale\" content=\"es_ES\" \/>\n<meta property=\"og:type\" content=\"article\" \/>\n<meta property=\"og:title\" content=\"RSL 73385 FI | Teka Paraguay\" \/>\n<meta property=\"og:description\" content=\"VitaCare Box mantiene la humedad natural de frutas y verduras Cajones 90\u00ba permiten una extensi\u00f3n total y f\u00e1cil acceso Instalaci\u00f3n deslizante r\u00e1pida y sin esfuerzo\" \/>\n<meta property=\"og:url\" content=\"https:\/\/www.teka.com\/es-py\/producto\/rsl-73385-fi_113460011\/\" \/>\n<meta property=\"og:site_name\" content=\"Teka Paraguay\" \/>\n<meta name=\"twitter:card\" content=\"summary_large_image\" \/>\n<script type=\"application\/ld+json\" class=\"yoast-schema-graph\">{\"@context\":\"https:\/\/schema.org\",\"@graph\":[{\"@type\":\"WebPage\",\"@id\":\"https:\/\/www.teka.com\/es-py\/producto\/rsl-73385-fi_113460011\/\",\"url\":\"https:\/\/www.teka.com\/es-py\/producto\/rsl-73385-fi_113460011\/\",\"name\":\"RSL 73385 FI | Teka Paraguay\",\"isPartOf\":{\"@id\":\"https:\/\/www.teka.com\/es-py\/#website\"},\"datePublished\":\"2026-04-27T02:32:29+00:00\",\"inLanguage\":\"es\",\"potentialAction\":[{\"@type\":\"ReadAction\",\"target\":[\"https:\/\/www.teka.com\/es-py\/producto\/rsl-73385-fi_113460011\/\"]}]},{\"@type\":\"WebSite\",\"@id\":\"https:\/\/www.teka.com\/es-py\/#website\",\"url\":\"https:\/\/www.teka.com\/es-py\/\",\"name\":\"Teka Paraguay\",\"description\":\"\",\"publisher\":{\"@id\":\"https:\/\/www.teka.com\/es-py\/#organization\"},\"potentialAction\":[{\"@type\":\"SearchAction\",\"target\":{\"@type\":\"EntryPoint\",\"urlTemplate\":\"https:\/\/www.teka.com\/es-py\/?s={search_term_string}\"},\"query-input\":{\"@type\":\"PropertyValueSpecification\",\"valueRequired\":true,\"valueName\":\"search_term_string\"}}],\"inLanguage\":\"es\"},{\"@type\":\"Organization\",\"@id\":\"https:\/\/www.teka.com\/es-py\/#organization\",\"name\":\"Teka Paraguay\",\"url\":\"https:\/\/www.teka.com\/es-py\/\",\"logo\":{\"@type\":\"ImageObject\",\"inLanguage\":\"es\",\"@id\":\"https:\/\/www.teka.com\/es-py\/#\/schema\/logo\/image\/\",\"url\":\"https:\/\/www.teka.com\/es-py\/wp-content\/uploads\/sites\/57\/2018\/10\/404-teka.png\",\"contentUrl\":\"https:\/\/www.teka.com\/es-py\/wp-content\/uploads\/sites\/57\/2018\/10\/404-teka.png\",\"width\":200,\"height\":200,\"caption\":\"Teka Paraguay\"},\"image\":{\"@id\":\"https:\/\/www.teka.com\/es-py\/#\/schema\/logo\/image\/\"}}]}<\/script>\n<!-- \/ Yoast SEO plugin. -->","yoast_head_json":{"title":"RSL 73385 FI | Teka Paraguay","robots":{"index":"index","follow":"follow","max-snippet":"max-snippet:-1","max-image-preview":"max-image-preview:large","max-video-preview":"max-video-preview:-1"},"canonical":"https:\/\/www.teka.com\/es-py\/producto\/rsl-73385-fi_113460011\/","og_locale":"es_ES","og_type":"article","og_title":"RSL 73385 FI | Teka Paraguay","og_description":"VitaCare Box mantiene la humedad natural de frutas y verduras Cajones 90\u00ba permiten una extensi\u00f3n total y f\u00e1cil acceso Instalaci\u00f3n deslizante r\u00e1pida y sin esfuerzo","og_url":"https:\/\/www.teka.com\/es-py\/producto\/rsl-73385-fi_113460011\/","og_site_name":"Teka Paraguay","twitter_card":"summary_large_image","schema":{"@context":"https:\/\/schema.org","@graph":[{"@type":"WebPage","@id":"https:\/\/www.teka.com\/es-py\/producto\/rsl-73385-fi_113460011\/","url":"https:\/\/www.teka.com\/es-py\/producto\/rsl-73385-fi_113460011\/","name":"RSL 73385 FI | Teka Paraguay","isPartOf":{"@id":"https:\/\/www.teka.com\/es-py\/#website"},"datePublished":"2026-04-27T02:32:29+00:00","inLanguage":"es","potentialAction":[{"@type":"ReadAction","target":["https:\/\/www.teka.com\/es-py\/producto\/rsl-73385-fi_113460011\/"]}]},{"@type":"WebSite","@id":"https:\/\/www.teka.com\/es-py\/#website","url":"https:\/\/www.teka.com\/es-py\/","name":"Teka Paraguay","description":"","publisher":{"@id":"https:\/\/www.teka.com\/es-py\/#organization"},"potentialAction":[{"@type":"SearchAction","target":{"@type":"EntryPoint","urlTemplate":"https:\/\/www.teka.com\/es-py\/?s={search_term_string}"},"query-input":{"@type":"PropertyValueSpecification","valueRequired":true,"valueName":"search_term_string"}}],"inLanguage":"es"},{"@type":"Organization","@id":"https:\/\/www.teka.com\/es-py\/#organization","name":"Teka Paraguay","url":"https:\/\/www.teka.com\/es-py\/","logo":{"@type":"ImageObject","inLanguage":"es","@id":"https:\/\/www.teka.com\/es-py\/#\/schema\/logo\/image\/","url":"https:\/\/www.teka.com\/es-py\/wp-content\/uploads\/sites\/57\/2018\/10\/404-teka.png","contentUrl":"https:\/\/www.teka.com\/es-py\/wp-content\/uploads\/sites\/57\/2018\/10\/404-teka.png","width":200,"height":200,"caption":"Teka Paraguay"},"image":{"@id":"https:\/\/www.teka.com\/es-py\/#\/schema\/logo\/image\/"}}]}},"_links":{"self":[{"href":"https:\/\/www.teka.com\/es-py\/wp-json\/wp\/v2\/product\/68194","targetHints":{"allow":["GET"]}}],"collection":[{"href":"https:\/\/www.teka.com\/es-py\/wp-json\/wp\/v2\/product"}],"about":[{"href":"https:\/\/www.teka.com\/es-py\/wp-json\/wp\/v2\/types\/product"}],"wp:attachment":[{"href":"https:\/\/www.teka.com\/es-py\/wp-json\/wp\/v2\/media?parent=68194"}],"wp:term":[{"taxonomy":"product_cat","embeddable":true,"href":"https:\/\/www.teka.com\/es-py\/wp-json\/wp\/v2\/product_cat?post=68194"},{"taxonomy":"product_cleaning_system","embeddable":true,"href":"https:\/\/www.teka.com\/es-py\/wp-json\/wp\/v2\/product_cleaning_system?post=68194"},{"taxonomy":"product_3rd_basket","embeddable":true,"href":"https:\/\/www.teka.com\/es-py\/wp-json\/wp\/v2\/product_3rd_basket?post=68194"},{"taxonomy":"product_drawers","embeddable":true,"href":"https:\/\/www.teka.com\/es-py\/wp-json\/wp\/v2\/product_drawers?post=68194"},{"taxonomy":"product_type_of_installation","embeddable":true,"href":"https:\/\/www.teka.com\/es-py\/wp-json\/wp\/v2\/product_type_of_installation?post=68194"},{"taxonomy":"product_edition","embeddable":true,"href":"https:\/\/www.teka.com\/es-py\/wp-json\/wp\/v2\/product_edition?post=68194"},{"taxonomy":"product_serie","embeddable":true,"href":"https:\/\/www.teka.com\/es-py\/wp-json\/wp\/v2\/product_serie?post=68194"},{"taxonomy":"product_features","embeddable":true,"href":"https:\/\/www.teka.com\/es-py\/wp-json\/wp\/v2\/product_features?post=68194"},{"taxonomy":"finishes","embeddable":true,"href":"https:\/\/www.teka.com\/es-py\/wp-json\/wp\/v2\/finishes?post=68194"},{"taxonomy":"product_bundles","embeddable":true,"href":"https:\/\/www.teka.com\/es-py\/wp-json\/wp\/v2\/product_bundles?post=68194"},{"taxonomy":"product_energy_efficiency","embeddable":true,"href":"https:\/\/www.teka.com\/es-py\/wp-json\/wp\/v2\/product_energy_efficiency?post=68194"},{"taxonomy":"product_video_training","embeddable":true,"href":"https:\/\/www.teka.com\/es-py\/wp-json\/wp\/v2\/product_video_training?post=68194"}],"curies":[{"name":"wp","href":"https:\/\/api.w.org\/{rel}","templated":true}]}}