{"id":21992,"date":"2018-09-11T08:07:26","date_gmt":"2018-09-11T06:07:26","guid":{"rendered":"http:\/\/teka.com\/?page_id=21992"},"modified":"2019-06-12T13:50:55","modified_gmt":"2019-06-12T11:50:55","slug":"historia","status":"publish","type":"page","link":"https:\/\/www.teka.com\/es-sv\/sobre-nosotros\/historia\/","title":{"rendered":"Historia"},"content":{"rendered":"<p>[et_pb_section bb_built=\u00bb1&#8243; module_id=\u00bbteka-top\u00bb _builder_version=\u00bb3.19&#8243; background_image=\u00bbhttps:\/\/www.teka.com\/es-sv\/wp-content\/uploads\/sites\/89\/2018\/11\/teka-slider-about-us-desktop.jpg\u00bb next_background_color=\u00bb#0e0e0e\u00bb global_module=\u00bb23211&#8243;][et_pb_row global_parent=\u00bb23211&#8243; _builder_version=\u00bb3.19&#8243; background_size=\u00bbinitial\u00bb background_position=\u00bbtop_left\u00bb background_repeat=\u00bbrepeat\u00bb][et_pb_column type=\u00bb1_2&#8243;][et_pb_text admin_label=\u00bbHeader Title\u00bb global_parent=\u00bb23211&#8243; _builder_version=\u00bb3.19&#8243; background_layout=\u00bbdark\u00bb]<\/p>\n<p>&nbsp;<\/p>\n<h3><strong>Teka Group<\/strong>,<br \/>esp\u00edritu alem\u00e1n<\/h3>\n<p>&nbsp;<\/p>\n<p>&nbsp;<\/p>\n<p>&nbsp;<\/p>\n<\/p>\n<p>[\/et_pb_text][\/et_pb_column][et_pb_column type=\u00bb1_2&#8243;][\/et_pb_column][\/et_pb_row][et_pb_row global_parent=\u00bb23211&#8243; _builder_version=\u00bb3.19&#8243; background_size=\u00bbinitial\u00bb background_position=\u00bbtop_left\u00bb background_repeat=\u00bbrepeat\u00bb][et_pb_column type=\u00bb1_2&#8243;][\/et_pb_column][et_pb_column type=\u00bb1_2&#8243;][\/et_pb_column][\/et_pb_row][\/et_pb_section][et_pb_section bb_built=\u00bb1&#8243; specialty=\u00bboff\u00bb prev_background_color=\u00bb#ffffff\u00bb _builder_version=\u00bb3.14&#8243; module_id=\u00bbteka-menu\u00bb background_color=\u00bb#0e0e0e\u00bb next_background_color=\u00bb#ffffff\u00bb global_module=\u00bb23212&#8243;][et_pb_row global_parent=\u00bb23212&#8243; background_position=\u00bbtop_left\u00bb background_repeat=\u00bbrepeat\u00bb background_size=\u00bbinitial\u00bb][et_pb_column type=\u00bb4_4&#8243;][et_pb_sidebar global_parent=\u00bb23212&#8243; _builder_version=\u00bb3.17.6&#8243; area=\u00bbet_pb_widget_area_4&#8243; background_layout=\u00bbdark\u00bb disabled=\u00bboff\u00bb disabled_on=\u00bbon|on|\u00bb \/][et_pb_sidebar admin_label=\u00bbBarra lateral Tablet\u00bb global_parent=\u00bb23212&#8243; _builder_version=\u00bb3.17.6&#8243; area=\u00bbet_pb_widget_area_8&#8243; background_layout=\u00bbdark\u00bb disabled=\u00bboff\u00bb disabled_on=\u00bbon||on\u00bb \/][et_pb_sidebar admin_label=\u00bbBarra lateral Mobile\u00bb global_parent=\u00bb23212&#8243; _builder_version=\u00bb3.17.6&#8243; area=\u00bbet_pb_widget_area_7&#8243; background_layout=\u00bbdark\u00bb disabled=\u00bboff\u00bb disabled_on=\u00bb|on|on\u00bb \/][\/et_pb_column][\/et_pb_row][\/et_pb_section][et_pb_section bb_built=\u00bb1&#8243; _builder_version=\u00bb3.17.6&#8243; prev_background_color=\u00bb#0e0e0e\u00bb module_id=\u00bbabout-us\u00bb][et_pb_row _builder_version=\u00bb3.0.48&#8243; background_size=\u00bbinitial\u00bb background_position=\u00bbtop_left\u00bb background_repeat=\u00bbrepeat\u00bb][et_pb_column type=\u00bb4_4&#8243;][et_pb_text _builder_version=\u00bb3.17.6&#8243; max_width=\u00bb80%\u00bb module_alignment=\u00bbcenter\u00bb]<\/p>\n<h1 style=\"text-align: center\">Nuestra\u00a0<strong>historia<\/strong><\/h1>\n<h6 style=\"text-align: center\">Teka cuenta con m\u00e1s de <strong>90 a\u00f1os de historia<\/strong>, desde el inicio de su actividad con la fabricaci\u00f3n de maquinaria agr\u00edcola, hasta ahora, una de las marcas de electrodom\u00e9sticos m\u00e1s importantes del mundo.<\/h6>\n<p>[\/et_pb_text][\/et_pb_column][\/et_pb_row][et_pb_row _builder_version=\u00bb3.17.6&#8243; background_size=\u00bbinitial\u00bb background_position=\u00bbtop_left\u00bb background_repeat=\u00bbrepeat\u00bb module_class=\u00bbcustom_row\u00bb module_class_1=\u00bbsecond-on-mobile\u00bb module_class_2=\u00bbfirst-on-mobile\u00bb][et_pb_column type=\u00bb1_2&#8243;][et_pb_image src=\u00bbhttps:\/\/www.teka.com\/es-sv\/wp-content\/uploads\/sites\/89\/2018\/11\/black-and-white-buildings-city-1024&#215;768.jpg\u00bb _builder_version=\u00bb3.17.6&#8243; \/][\/et_pb_column][et_pb_column type=\u00bb1_2&#8243;][et_pb_text _builder_version=\u00bb3.17.6&#8243;]<\/p>\n<h2 style=\"text-align: center\"><strong>1924-1957<\/strong><\/h2>\n<p>La historia de la marca Teka se remonta al a\u00f1o 1924, a\u00f1o en el que Karl Thielman funda una compa\u00f1\u00eda de maquinaria agr\u00edcola en Alemania, sector en el que centra su actividad la empresa durante sus primeros a\u00f1os de vida.<\/p>\n<p>Poco despu\u00e9s, comienza a trabajar en la producci\u00f3n de acero inoxidable, paso que result\u00f3 fundamental para la historia de la compa\u00f1\u00eda.<\/p>\n<p>En 1957, Helmut Klein se incorpora a la empresa como socio. En aquel momento se crea la marca Teka, que adquiere su nombre de las iniciales de ambos fundadores, Thielmann &amp; Klein.<\/p>\n<p>[\/et_pb_text][\/et_pb_column][\/et_pb_row][et_pb_row _builder_version=\u00bb3.0.48&#8243; background_size=\u00bbinitial\u00bb background_position=\u00bbtop_left\u00bb background_repeat=\u00bbrepeat\u00bb][et_pb_column type=\u00bb1_2&#8243;][et_pb_text _builder_version=\u00bb3.17.6&#8243;]<\/p>\n<h2 style=\"text-align: center\"><strong>1958-1969<\/strong><\/h2>\n<p>A partir de ese momento, comienza a comercializarse producto bajo la marca Teka. En aquellos primeros a\u00f1os de vida de la marca, se fabrican solamente fregaderos. En los siguientes a\u00f1os, el \u00e9xito de los productos Teka hacen que la marca ampl\u00ede su cat\u00e1logo y comience a fabricar cocinas, hornos y campanas extractoras.<\/p>\n<p>En 1964 Teka se instala en Espa\u00f1a, y durante los siguientes a\u00f1os comienza una fuerte expansi\u00f3n internacional de la marca. Primero en Europa y despu\u00e9s en el resto de continentes. Durante ese periodo se contin\u00faa ampliando la gama de productos y la marca consigue alcanzar un reconocimiento mundial gracias a la calidad y dise\u00f1o de sus productos para cocina y ba\u00f1o.<\/p>\n<p>[\/et_pb_text][\/et_pb_column][et_pb_column type=\u00bb1_2&#8243;][et_pb_image src=\u00bbhttps:\/\/www.teka.com\/wp-content\/uploads\/sites\/3\/2018\/10\/shutterstock_1164436954_low_nwm.jpg\u00bb _builder_version=\u00bb3.17.6&#8243; \/][\/et_pb_column][\/et_pb_row][et_pb_row _builder_version=\u00bb3.17.6&#8243; background_size=\u00bbinitial\u00bb background_position=\u00bbtop_left\u00bb background_repeat=\u00bbrepeat\u00bb module_class=\u00bbcustom_row\u00bb module_class_1=\u00bbsecond-on-mobile\u00bb module_class_2=\u00bbfirst-on-mobile\u00bb][et_pb_column type=\u00bb1_2&#8243;][et_pb_image src=\u00bbhttps:\/\/www.teka.com\/es-sv\/wp-content\/uploads\/sites\/89\/2018\/11\/teka-china-1024&#215;768.jpg\u00bb _builder_version=\u00bb3.17.6&#8243; \/][\/et_pb_column][et_pb_column type=\u00bb1_2&#8243;][et_pb_text _builder_version=\u00bb3.17.6&#8243;]<\/p>\n<h2 style=\"text-align: center\"><strong>1970-2015<\/strong><\/h2>\n<p>Desde los a\u00f1os 70, el \u00e9xito de la marca en los mercados europeos en los que estaba presente propici\u00f3 su expansi\u00f3n a nivel internacional. Primero en el resto de mercados europeos y m\u00e1s adelante en Am\u00e9rica, Asia, \u00c1frica y Oriente Medio.<\/p>\n<p>Durante este periodo, Teka se convierte en uno de los mayores patrocinadores deportivos a nivel mundial, patrocinando al Real Madrid de f\u00fatbol y baloncesto, contando con su propio club de balonmamo, equipo ciclista, compitiendo en el rally Par\u00eds Dakar, y hasta en los juegos ol\u00edmpicos de invierno.<\/p>\n<p>[\/et_pb_text][\/et_pb_column][\/et_pb_row][et_pb_row _builder_version=\u00bb3.0.48&#8243; background_size=\u00bbinitial\u00bb background_position=\u00bbtop_left\u00bb background_repeat=\u00bbrepeat\u00bb][et_pb_column type=\u00bb1_2&#8243;][et_pb_text _builder_version=\u00bb3.17.6&#8243;]<\/p>\n<h2 style=\"text-align: center\"><strong>Hoy<\/strong><\/h2>\n<p>En el a\u00f1o 2016, Teka lanza la gama Wish en todos sus electrodom\u00e9sticos, que supone la mayor inversi\u00f3n de la compa\u00f1\u00eda en su historia, renovando todas sus f\u00e1bricas y dise\u00f1os.<\/p>\n<p>En 2018, Teka presenta su nuevo posicionamiento y nuevo slogan de marca, \u201cDonde se cocina la vida\u201d. Con motivo de ello, realiza la mayor campa\u00f1a de publicidad en su historia, para la que realiza un cortometraje de dos minutos dirigido por la directora nominada al Goya Marina Seresesky, y con m\u00fasica del ganador de un \u00d3scar Glen Hansard. Para elaborar esta campa\u00f1a, colabora con la Fundaci\u00f3n Alzheimer Espa\u00f1a. El v\u00eddeo de la campa\u00f1a recibe 13 millones de visualizaciones en el primer mes, convirti\u00e9ndose en un hito en su sector.<\/p>\n<p>A d\u00eda de hoy, hay un producto Teka en la mitad de los hogares espa\u00f1oles.<\/p>\n<p>[\/et_pb_text][\/et_pb_column][et_pb_column type=\u00bb1_2&#8243;][et_pb_image src=\u00bbhttps:\/\/www.teka.com\/es-sv\/wp-content\/uploads\/sites\/89\/2018\/11\/teka-hobs-iknob-IT-6450-1024&#215;768.jpg\u00bb _builder_version=\u00bb3.17.6&#8243; align=\u00bbcenter\u00bb \/][\/et_pb_column][\/et_pb_row][\/et_pb_section]<\/p>\n","protected":false},"excerpt":{"rendered":"<p>&nbsp; Teka Group,esp\u00edritu alem\u00e1n &nbsp; &nbsp; &nbsp; Nuestra\u00a0historia Teka cuenta con m\u00e1s de 90 a\u00f1os de historia, desde el inicio de su actividad con la fabricaci\u00f3n de maquinaria agr\u00edcola, hasta ahora, una de las marcas de electrodom\u00e9sticos m\u00e1s importantes del mundo. 1924-1957 La historia de la marca Teka se remonta al a\u00f1o 1924, a\u00f1o en [&hellip;]<\/p>\n","protected":false},"author":9,"featured_media":0,"parent":21989,"menu_order":2,"comment_status":"closed","ping_status":"closed","template":"","meta":{"_acf_changed":false,"_et_pb_use_builder":"on","_et_pb_old_content":"","_et_gb_content_width":"","footnotes":""},"class_list":["post-21992","page","type-page","status-publish","hentry"],"acf":[],"yoast_head":"<!-- This site is optimized with the Yoast SEO plugin v27.2 - https:\/\/yoast.com\/product\/yoast-seo-wordpress\/ -->\n<title>La historia detr\u00e1s de la marca Teka | Sobre la compa\u00f1\u00eda<\/title>\n<meta name=\"description\" content=\"M\u00e1s de 90 a\u00f1os trabajando para dotar a nuestros productos de las mejores funcionalidades. Dise\u00f1amos electrodom\u00e9sticos para que sean el alma para tu cocina.\" \/>\n<meta name=\"robots\" content=\"index, follow, max-snippet:-1, max-image-preview:large, max-video-preview:-1\" \/>\n<link rel=\"canonical\" href=\"https:\/\/www.teka.com\/es-sv\/sobre-nosotros\/historia\/\" \/>\n<meta property=\"og:locale\" content=\"es_ES\" \/>\n<meta property=\"og:type\" content=\"article\" \/>\n<meta property=\"og:title\" content=\"La historia detr\u00e1s de la marca Teka | Sobre la compa\u00f1\u00eda\" \/>\n<meta property=\"og:description\" content=\"M\u00e1s de 90 a\u00f1os trabajando para dotar a nuestros productos de las mejores funcionalidades. Dise\u00f1amos electrodom\u00e9sticos para que sean el alma para tu cocina.\" \/>\n<meta property=\"og:url\" content=\"https:\/\/www.teka.com\/es-sv\/sobre-nosotros\/historia\/\" \/>\n<meta property=\"og:site_name\" content=\"Teka El Salvador\" \/>\n<meta property=\"article:modified_time\" content=\"2019-06-12T11:50:55+00:00\" \/>\n<meta name=\"twitter:card\" content=\"summary_large_image\" \/>\n<meta name=\"twitter:label1\" content=\"Tiempo de lectura\" \/>\n\t<meta name=\"twitter:data1\" content=\"5 minutos\" \/>\n<script type=\"application\/ld+json\" class=\"yoast-schema-graph\">{\"@context\":\"https:\/\/schema.org\",\"@graph\":[{\"@type\":\"WebPage\",\"@id\":\"https:\/\/www.teka.com\/es-sv\/sobre-nosotros\/historia\/\",\"url\":\"https:\/\/www.teka.com\/es-sv\/sobre-nosotros\/historia\/\",\"name\":\"La historia detr\u00e1s de la marca Teka | Sobre la compa\u00f1\u00eda\",\"isPartOf\":{\"@id\":\"https:\/\/www.teka.com\/es-sv\/#website\"},\"datePublished\":\"2018-09-11T06:07:26+00:00\",\"dateModified\":\"2019-06-12T11:50:55+00:00\",\"description\":\"M\u00e1s de 90 a\u00f1os trabajando para dotar a nuestros productos de las mejores funcionalidades. Dise\u00f1amos electrodom\u00e9sticos para que sean el alma para tu cocina.\",\"breadcrumb\":{\"@id\":\"https:\/\/www.teka.com\/es-sv\/sobre-nosotros\/historia\/#breadcrumb\"},\"inLanguage\":\"es\",\"potentialAction\":[{\"@type\":\"ReadAction\",\"target\":[\"https:\/\/www.teka.com\/es-sv\/sobre-nosotros\/historia\/\"]}]},{\"@type\":\"BreadcrumbList\",\"@id\":\"https:\/\/www.teka.com\/es-sv\/sobre-nosotros\/historia\/#breadcrumb\",\"itemListElement\":[{\"@type\":\"ListItem\",\"position\":1,\"name\":\"Acerca de Teka\",\"item\":\"https:\/\/www.teka.com\/es-sv\/sobre-nosotros\/\"},{\"@type\":\"ListItem\",\"position\":2,\"name\":\"Historia\"}]},{\"@type\":\"WebSite\",\"@id\":\"https:\/\/www.teka.com\/es-sv\/#website\",\"url\":\"https:\/\/www.teka.com\/es-sv\/\",\"name\":\"Teka El Salvador\",\"description\":\"\",\"publisher\":{\"@id\":\"https:\/\/www.teka.com\/es-sv\/#organization\"},\"potentialAction\":[{\"@type\":\"SearchAction\",\"target\":{\"@type\":\"EntryPoint\",\"urlTemplate\":\"https:\/\/www.teka.com\/es-sv\/?s={search_term_string}\"},\"query-input\":{\"@type\":\"PropertyValueSpecification\",\"valueRequired\":true,\"valueName\":\"search_term_string\"}}],\"inLanguage\":\"es\"},{\"@type\":\"Organization\",\"@id\":\"https:\/\/www.teka.com\/es-sv\/#organization\",\"name\":\"Teka El Salvador\",\"url\":\"https:\/\/www.teka.com\/es-sv\/\",\"logo\":{\"@type\":\"ImageObject\",\"inLanguage\":\"es\",\"@id\":\"https:\/\/www.teka.com\/es-sv\/#\/schema\/logo\/image\/\",\"url\":\"https:\/\/www.teka.com\/es-sv\/wp-content\/uploads\/sites\/89\/2018\/10\/404-teka.png\",\"contentUrl\":\"https:\/\/www.teka.com\/es-sv\/wp-content\/uploads\/sites\/89\/2018\/10\/404-teka.png\",\"width\":200,\"height\":200,\"caption\":\"Teka El Salvador\"},\"image\":{\"@id\":\"https:\/\/www.teka.com\/es-sv\/#\/schema\/logo\/image\/\"}}]}<\/script>\n<!-- \/ Yoast SEO plugin. -->","yoast_head_json":{"title":"La historia detr\u00e1s de la marca Teka | Sobre la compa\u00f1\u00eda","description":"M\u00e1s de 90 a\u00f1os trabajando para dotar a nuestros productos de las mejores funcionalidades. Dise\u00f1amos electrodom\u00e9sticos para que sean el alma para tu cocina.","robots":{"index":"index","follow":"follow","max-snippet":"max-snippet:-1","max-image-preview":"max-image-preview:large","max-video-preview":"max-video-preview:-1"},"canonical":"https:\/\/www.teka.com\/es-sv\/sobre-nosotros\/historia\/","og_locale":"es_ES","og_type":"article","og_title":"La historia detr\u00e1s de la marca Teka | Sobre la compa\u00f1\u00eda","og_description":"M\u00e1s de 90 a\u00f1os trabajando para dotar a nuestros productos de las mejores funcionalidades. Dise\u00f1amos electrodom\u00e9sticos para que sean el alma para tu cocina.","og_url":"https:\/\/www.teka.com\/es-sv\/sobre-nosotros\/historia\/","og_site_name":"Teka El Salvador","article_modified_time":"2019-06-12T11:50:55+00:00","twitter_card":"summary_large_image","twitter_misc":{"Tiempo de lectura":"5 minutos"},"schema":{"@context":"https:\/\/schema.org","@graph":[{"@type":"WebPage","@id":"https:\/\/www.teka.com\/es-sv\/sobre-nosotros\/historia\/","url":"https:\/\/www.teka.com\/es-sv\/sobre-nosotros\/historia\/","name":"La historia detr\u00e1s de la marca Teka | Sobre la compa\u00f1\u00eda","isPartOf":{"@id":"https:\/\/www.teka.com\/es-sv\/#website"},"datePublished":"2018-09-11T06:07:26+00:00","dateModified":"2019-06-12T11:50:55+00:00","description":"M\u00e1s de 90 a\u00f1os trabajando para dotar a nuestros productos de las mejores funcionalidades. Dise\u00f1amos electrodom\u00e9sticos para que sean el alma para tu cocina.","breadcrumb":{"@id":"https:\/\/www.teka.com\/es-sv\/sobre-nosotros\/historia\/#breadcrumb"},"inLanguage":"es","potentialAction":[{"@type":"ReadAction","target":["https:\/\/www.teka.com\/es-sv\/sobre-nosotros\/historia\/"]}]},{"@type":"BreadcrumbList","@id":"https:\/\/www.teka.com\/es-sv\/sobre-nosotros\/historia\/#breadcrumb","itemListElement":[{"@type":"ListItem","position":1,"name":"Acerca de Teka","item":"https:\/\/www.teka.com\/es-sv\/sobre-nosotros\/"},{"@type":"ListItem","position":2,"name":"Historia"}]},{"@type":"WebSite","@id":"https:\/\/www.teka.com\/es-sv\/#website","url":"https:\/\/www.teka.com\/es-sv\/","name":"Teka El Salvador","description":"","publisher":{"@id":"https:\/\/www.teka.com\/es-sv\/#organization"},"potentialAction":[{"@type":"SearchAction","target":{"@type":"EntryPoint","urlTemplate":"https:\/\/www.teka.com\/es-sv\/?s={search_term_string}"},"query-input":{"@type":"PropertyValueSpecification","valueRequired":true,"valueName":"search_term_string"}}],"inLanguage":"es"},{"@type":"Organization","@id":"https:\/\/www.teka.com\/es-sv\/#organization","name":"Teka El Salvador","url":"https:\/\/www.teka.com\/es-sv\/","logo":{"@type":"ImageObject","inLanguage":"es","@id":"https:\/\/www.teka.com\/es-sv\/#\/schema\/logo\/image\/","url":"https:\/\/www.teka.com\/es-sv\/wp-content\/uploads\/sites\/89\/2018\/10\/404-teka.png","contentUrl":"https:\/\/www.teka.com\/es-sv\/wp-content\/uploads\/sites\/89\/2018\/10\/404-teka.png","width":200,"height":200,"caption":"Teka El Salvador"},"image":{"@id":"https:\/\/www.teka.com\/es-sv\/#\/schema\/logo\/image\/"}}]}},"_links":{"self":[{"href":"https:\/\/www.teka.com\/es-sv\/wp-json\/wp\/v2\/pages\/21992","targetHints":{"allow":["GET"]}}],"collection":[{"href":"https:\/\/www.teka.com\/es-sv\/wp-json\/wp\/v2\/pages"}],"about":[{"href":"https:\/\/www.teka.com\/es-sv\/wp-json\/wp\/v2\/types\/page"}],"author":[{"embeddable":true,"href":"https:\/\/www.teka.com\/es-sv\/wp-json\/wp\/v2\/users\/9"}],"replies":[{"embeddable":true,"href":"https:\/\/www.teka.com\/es-sv\/wp-json\/wp\/v2\/comments?post=21992"}],"version-history":[{"count":28,"href":"https:\/\/www.teka.com\/es-sv\/wp-json\/wp\/v2\/pages\/21992\/revisions"}],"predecessor-version":[{"id":23223,"href":"https:\/\/www.teka.com\/es-sv\/wp-json\/wp\/v2\/pages\/21992\/revisions\/23223"}],"up":[{"embeddable":true,"href":"https:\/\/www.teka.com\/es-sv\/wp-json\/wp\/v2\/pages\/21989"}],"wp:attachment":[{"href":"https:\/\/www.teka.com\/es-sv\/wp-json\/wp\/v2\/media?parent=21992"}],"curies":[{"name":"wp","href":"https:\/\/api.w.org\/{rel}","templated":true}]}}