{"id":67133,"date":"2026-04-03T20:09:44","date_gmt":"2026-04-03T20:09:44","guid":{"rendered":"https:\/\/www.teka.com\/es-sv\/producto\/hlf-824-g_41596005\/"},"modified":"2026-03-14T05:13:08","modified_gmt":"2026-03-14T06:13:08","slug":"hlf-824-g_41596005","status":"publish","type":"product","link":"https:\/\/www.teka.com\/es-sv\/producto\/hlf-824-g_41596005\/","title":{"rendered":"HLF 824 G"},"content":{"rendered":"<ul>\n<li>Esmalte interior CrystalClean\u00ae<\/li>\n<li>Multifuci\u00f3n &#8211; 5 funciones de cocinado<\/li>\n<li>Grill el\u00e9ctrico: 1,900 W<\/li>\n<li>Seguridad por termopar<\/li>\n<li>Puerta de triple cristal<\/li>\n<li>Energ\u00eda el\u00e9ctrica 110v\/60Hz<\/li>\n<\/ul>\n","protected":false},"featured_media":0,"parent":0,"template":"","product_cat":[54343],"product_cleaning_system":[],"product_edition":[],"product_3rd_basket":[],"product_drawers":[],"product_type_of_installation":[58922],"product_serie":[],"product_features":[],"finishes":[],"product_bundles":[],"product_energy_efficiency":[59491],"product_video_training":[59557,59567,59581],"class_list":["post-67133","product","type-product","status-publish","hentry","product_cat-hornos","usp-renewableenergy-01","color-cristal-negro-con-marco","product_type_of_appliance-multifuncion","product_icons-69l","product_type_of_installation-integrable","product_energy_efficiency-b-icon","product_video_training-trainingovens-01","product_video_training-trainingovens-05","product_video_training-trainingovens-12"],"acf":[],"yoast_head":"<!-- This site is optimized with the Yoast SEO plugin v27.2 - https:\/\/yoast.com\/product\/yoast-seo-wordpress\/ -->\n<title>HLF 824 G | Teka El Salvador<\/title>\n<meta name=\"robots\" content=\"index, follow, max-snippet:-1, max-image-preview:large, max-video-preview:-1\" \/>\n<link rel=\"canonical\" href=\"https:\/\/www.teka.com\/es-sv\/producto\/hlf-824-g_41596005\/\" \/>\n<meta property=\"og:locale\" content=\"es_ES\" \/>\n<meta property=\"og:type\" content=\"article\" \/>\n<meta property=\"og:title\" content=\"HLF 824 G | Teka El Salvador\" \/>\n<meta property=\"og:description\" content=\"Esmalte interior CrystalClean\u00ae Multifuci\u00f3n &#8211; 5 funciones de cocinado Grill el\u00e9ctrico: 1,900 W Seguridad por termopar Puerta de triple cristal Energ\u00eda el\u00e9ctrica 110v\/60Hz\" \/>\n<meta property=\"og:url\" content=\"https:\/\/www.teka.com\/es-sv\/producto\/hlf-824-g_41596005\/\" \/>\n<meta property=\"og:site_name\" content=\"Teka El Salvador\" \/>\n<meta name=\"twitter:card\" content=\"summary_large_image\" \/>\n<script type=\"application\/ld+json\" class=\"yoast-schema-graph\">{\"@context\":\"https:\/\/schema.org\",\"@graph\":[{\"@type\":\"WebPage\",\"@id\":\"https:\/\/www.teka.com\/es-sv\/producto\/hlf-824-g_41596005\/\",\"url\":\"https:\/\/www.teka.com\/es-sv\/producto\/hlf-824-g_41596005\/\",\"name\":\"HLF 824 G | Teka El Salvador\",\"isPartOf\":{\"@id\":\"https:\/\/www.teka.com\/es-sv\/#website\"},\"datePublished\":\"2026-04-03T20:09:44+00:00\",\"inLanguage\":\"es\",\"potentialAction\":[{\"@type\":\"ReadAction\",\"target\":[\"https:\/\/www.teka.com\/es-sv\/producto\/hlf-824-g_41596005\/\"]}]},{\"@type\":\"WebSite\",\"@id\":\"https:\/\/www.teka.com\/es-sv\/#website\",\"url\":\"https:\/\/www.teka.com\/es-sv\/\",\"name\":\"Teka El Salvador\",\"description\":\"\",\"publisher\":{\"@id\":\"https:\/\/www.teka.com\/es-sv\/#organization\"},\"potentialAction\":[{\"@type\":\"SearchAction\",\"target\":{\"@type\":\"EntryPoint\",\"urlTemplate\":\"https:\/\/www.teka.com\/es-sv\/?s={search_term_string}\"},\"query-input\":{\"@type\":\"PropertyValueSpecification\",\"valueRequired\":true,\"valueName\":\"search_term_string\"}}],\"inLanguage\":\"es\"},{\"@type\":\"Organization\",\"@id\":\"https:\/\/www.teka.com\/es-sv\/#organization\",\"name\":\"Teka El Salvador\",\"url\":\"https:\/\/www.teka.com\/es-sv\/\",\"logo\":{\"@type\":\"ImageObject\",\"inLanguage\":\"es\",\"@id\":\"https:\/\/www.teka.com\/es-sv\/#\/schema\/logo\/image\/\",\"url\":\"https:\/\/www.teka.com\/es-sv\/wp-content\/uploads\/sites\/89\/2018\/10\/404-teka.png\",\"contentUrl\":\"https:\/\/www.teka.com\/es-sv\/wp-content\/uploads\/sites\/89\/2018\/10\/404-teka.png\",\"width\":200,\"height\":200,\"caption\":\"Teka El Salvador\"},\"image\":{\"@id\":\"https:\/\/www.teka.com\/es-sv\/#\/schema\/logo\/image\/\"}}]}<\/script>\n<!-- \/ Yoast SEO plugin. -->","yoast_head_json":{"title":"HLF 824 G | Teka El Salvador","robots":{"index":"index","follow":"follow","max-snippet":"max-snippet:-1","max-image-preview":"max-image-preview:large","max-video-preview":"max-video-preview:-1"},"canonical":"https:\/\/www.teka.com\/es-sv\/producto\/hlf-824-g_41596005\/","og_locale":"es_ES","og_type":"article","og_title":"HLF 824 G | Teka El Salvador","og_description":"Esmalte interior CrystalClean\u00ae Multifuci\u00f3n &#8211; 5 funciones de cocinado Grill el\u00e9ctrico: 1,900 W Seguridad por termopar Puerta de triple cristal Energ\u00eda el\u00e9ctrica 110v\/60Hz","og_url":"https:\/\/www.teka.com\/es-sv\/producto\/hlf-824-g_41596005\/","og_site_name":"Teka El Salvador","twitter_card":"summary_large_image","schema":{"@context":"https:\/\/schema.org","@graph":[{"@type":"WebPage","@id":"https:\/\/www.teka.com\/es-sv\/producto\/hlf-824-g_41596005\/","url":"https:\/\/www.teka.com\/es-sv\/producto\/hlf-824-g_41596005\/","name":"HLF 824 G | Teka El Salvador","isPartOf":{"@id":"https:\/\/www.teka.com\/es-sv\/#website"},"datePublished":"2026-04-03T20:09:44+00:00","inLanguage":"es","potentialAction":[{"@type":"ReadAction","target":["https:\/\/www.teka.com\/es-sv\/producto\/hlf-824-g_41596005\/"]}]},{"@type":"WebSite","@id":"https:\/\/www.teka.com\/es-sv\/#website","url":"https:\/\/www.teka.com\/es-sv\/","name":"Teka El Salvador","description":"","publisher":{"@id":"https:\/\/www.teka.com\/es-sv\/#organization"},"potentialAction":[{"@type":"SearchAction","target":{"@type":"EntryPoint","urlTemplate":"https:\/\/www.teka.com\/es-sv\/?s={search_term_string}"},"query-input":{"@type":"PropertyValueSpecification","valueRequired":true,"valueName":"search_term_string"}}],"inLanguage":"es"},{"@type":"Organization","@id":"https:\/\/www.teka.com\/es-sv\/#organization","name":"Teka El Salvador","url":"https:\/\/www.teka.com\/es-sv\/","logo":{"@type":"ImageObject","inLanguage":"es","@id":"https:\/\/www.teka.com\/es-sv\/#\/schema\/logo\/image\/","url":"https:\/\/www.teka.com\/es-sv\/wp-content\/uploads\/sites\/89\/2018\/10\/404-teka.png","contentUrl":"https:\/\/www.teka.com\/es-sv\/wp-content\/uploads\/sites\/89\/2018\/10\/404-teka.png","width":200,"height":200,"caption":"Teka El Salvador"},"image":{"@id":"https:\/\/www.teka.com\/es-sv\/#\/schema\/logo\/image\/"}}]}},"_links":{"self":[{"href":"https:\/\/www.teka.com\/es-sv\/wp-json\/wp\/v2\/product\/67133","targetHints":{"allow":["GET"]}}],"collection":[{"href":"https:\/\/www.teka.com\/es-sv\/wp-json\/wp\/v2\/product"}],"about":[{"href":"https:\/\/www.teka.com\/es-sv\/wp-json\/wp\/v2\/types\/product"}],"wp:attachment":[{"href":"https:\/\/www.teka.com\/es-sv\/wp-json\/wp\/v2\/media?parent=67133"}],"wp:term":[{"taxonomy":"product_cat","embeddable":true,"href":"https:\/\/www.teka.com\/es-sv\/wp-json\/wp\/v2\/product_cat?post=67133"},{"taxonomy":"product_cleaning_system","embeddable":true,"href":"https:\/\/www.teka.com\/es-sv\/wp-json\/wp\/v2\/product_cleaning_system?post=67133"},{"taxonomy":"product_edition","embeddable":true,"href":"https:\/\/www.teka.com\/es-sv\/wp-json\/wp\/v2\/product_edition?post=67133"},{"taxonomy":"product_3rd_basket","embeddable":true,"href":"https:\/\/www.teka.com\/es-sv\/wp-json\/wp\/v2\/product_3rd_basket?post=67133"},{"taxonomy":"product_drawers","embeddable":true,"href":"https:\/\/www.teka.com\/es-sv\/wp-json\/wp\/v2\/product_drawers?post=67133"},{"taxonomy":"product_type_of_installation","embeddable":true,"href":"https:\/\/www.teka.com\/es-sv\/wp-json\/wp\/v2\/product_type_of_installation?post=67133"},{"taxonomy":"product_serie","embeddable":true,"href":"https:\/\/www.teka.com\/es-sv\/wp-json\/wp\/v2\/product_serie?post=67133"},{"taxonomy":"product_features","embeddable":true,"href":"https:\/\/www.teka.com\/es-sv\/wp-json\/wp\/v2\/product_features?post=67133"},{"taxonomy":"finishes","embeddable":true,"href":"https:\/\/www.teka.com\/es-sv\/wp-json\/wp\/v2\/finishes?post=67133"},{"taxonomy":"product_bundles","embeddable":true,"href":"https:\/\/www.teka.com\/es-sv\/wp-json\/wp\/v2\/product_bundles?post=67133"},{"taxonomy":"product_energy_efficiency","embeddable":true,"href":"https:\/\/www.teka.com\/es-sv\/wp-json\/wp\/v2\/product_energy_efficiency?post=67133"},{"taxonomy":"product_video_training","embeddable":true,"href":"https:\/\/www.teka.com\/es-sv\/wp-json\/wp\/v2\/product_video_training?post=67133"}],"curies":[{"name":"wp","href":"https:\/\/api.w.org\/{rel}","templated":true}]}}