{"id":69326,"date":"2026-04-25T00:55:32","date_gmt":"2026-04-25T00:55:32","guid":{"rendered":"https:\/\/teka.com\/en-int\/izc-64630-mst_112500026"},"modified":"2026-03-14T06:57:29","modified_gmt":"2026-03-14T07:57:29","slug":"izc-64630-mst_112500026","status":"publish","type":"product","link":"https:\/\/www.teka.com\/es-sv\/producto\/izc-64630-mst_112500026\/","title":{"rendered":"IZC 64630 MST"},"content":{"rendered":"<ul>\n<li>Cristal con bisel frontal<\/li>\n<li>Touch Control Multislider con sensores ac\u00fasticos y bloqueo de seguridad<\/li>\n<li>Funci\u00f3n Power Plus y Funci\u00f3n STOP &amp; GO<\/li>\n<li>8 funciones directas: Parrilla, Fritura, Plancha, Hervir, Confitar, Fuego lento, Derretir y Mantener caliente<\/li>\n<li>5 zonas de cocci\u00f3n (4 + Synchro)<\/li>\n<\/ul>\n","protected":false},"featured_media":0,"parent":0,"template":"","product_cat":[54339],"product_cleaning_system":[],"product_edition":[],"product_3rd_basket":[],"product_drawers":[],"product_type_of_installation":[],"product_serie":[],"product_features":[58893,58894,58895,58896,59019,59020,59021,59022],"finishes":[],"product_bundles":[],"product_energy_efficiency":[],"product_video_training":[59552,59560,59563,59565,59566,59568,59571,59574,59733],"class_list":["post-69326","product","type-product","status-publish","hentry","product_cat-parrillas","usp-induction-01","usp-induction-02","usp-induction-03","usp-induction-04","usp-induction-05","usp-induction-06","usp-induction-07","usp-induction-17","usp-productoftheyear-03","color-stone-grey","product_type_of_appliance-induccion","product_ambient-urban-colors-09","product_icons-easy-installation","product_icons-autolock","product_icons-multislider","product_icons-power","product_icons-power-plus","product_features-quick-boiling","product_features-keep-warm","product_features-simmering","product_features-melting","product_features-grilling","product_features-pan-frying","product_features-deep-fry","product_features-confit","product_video_training-traininghobs-01","product_video_training-traininghobs-04","product_video_training-traininghobs-05","product_video_training-traininghobs-06","product_video_training-traininghobs-07","product_video_training-traininghobs-08","product_video_training-traininghobs-10","product_video_training-traininghobs-11","product_video_training-traininghobs-14"],"acf":[],"yoast_head":"<!-- This site is optimized with the Yoast SEO plugin v27.2 - https:\/\/yoast.com\/product\/yoast-seo-wordpress\/ -->\n<title>IZC 64630 MST | Teka El Salvador<\/title>\n<meta name=\"description\" content=\"Premio Producto del a\u00f1o 2022 por su car\u00e1cter innovador. Descubre toda la informaci\u00f3n sobre esta placa con 4 zonas y 8 funciones directas en la web Teka El Salvador.\" \/>\n<meta name=\"robots\" content=\"index, follow, max-snippet:-1, max-image-preview:large, max-video-preview:-1\" \/>\n<link rel=\"canonical\" href=\"https:\/\/www.teka.com\/es-sv\/producto\/izc-64630-mst_112500026\/\" \/>\n<meta property=\"og:locale\" content=\"es_ES\" \/>\n<meta property=\"og:type\" content=\"article\" \/>\n<meta property=\"og:title\" content=\"IZC 64630 MST | Teka El Salvador\" \/>\n<meta property=\"og:description\" content=\"Premio Producto del a\u00f1o 2022 por su car\u00e1cter innovador. Descubre toda la informaci\u00f3n sobre esta placa con 4 zonas y 8 funciones directas en la web Teka El Salvador.\" \/>\n<meta property=\"og:url\" content=\"https:\/\/www.teka.com\/es-sv\/producto\/izc-64630-mst_112500026\/\" \/>\n<meta property=\"og:site_name\" content=\"Teka El Salvador\" \/>\n<meta name=\"twitter:card\" content=\"summary_large_image\" \/>\n<script type=\"application\/ld+json\" class=\"yoast-schema-graph\">{\"@context\":\"https:\/\/schema.org\",\"@graph\":[{\"@type\":\"WebPage\",\"@id\":\"https:\/\/www.teka.com\/es-sv\/producto\/izc-64630-mst_112500026\/\",\"url\":\"https:\/\/www.teka.com\/es-sv\/producto\/izc-64630-mst_112500026\/\",\"name\":\"IZC 64630 MST | Teka El Salvador\",\"isPartOf\":{\"@id\":\"https:\/\/www.teka.com\/es-sv\/#website\"},\"datePublished\":\"2026-04-25T00:55:32+00:00\",\"description\":\"Premio Producto del a\u00f1o 2022 por su car\u00e1cter innovador. Descubre toda la informaci\u00f3n sobre esta placa con 4 zonas y 8 funciones directas en la web Teka El Salvador.\",\"inLanguage\":\"es\",\"potentialAction\":[{\"@type\":\"ReadAction\",\"target\":[\"https:\/\/www.teka.com\/es-sv\/producto\/izc-64630-mst_112500026\/\"]}]},{\"@type\":\"WebSite\",\"@id\":\"https:\/\/www.teka.com\/es-sv\/#website\",\"url\":\"https:\/\/www.teka.com\/es-sv\/\",\"name\":\"Teka El Salvador\",\"description\":\"\",\"publisher\":{\"@id\":\"https:\/\/www.teka.com\/es-sv\/#organization\"},\"potentialAction\":[{\"@type\":\"SearchAction\",\"target\":{\"@type\":\"EntryPoint\",\"urlTemplate\":\"https:\/\/www.teka.com\/es-sv\/?s={search_term_string}\"},\"query-input\":{\"@type\":\"PropertyValueSpecification\",\"valueRequired\":true,\"valueName\":\"search_term_string\"}}],\"inLanguage\":\"es\"},{\"@type\":\"Organization\",\"@id\":\"https:\/\/www.teka.com\/es-sv\/#organization\",\"name\":\"Teka El Salvador\",\"url\":\"https:\/\/www.teka.com\/es-sv\/\",\"logo\":{\"@type\":\"ImageObject\",\"inLanguage\":\"es\",\"@id\":\"https:\/\/www.teka.com\/es-sv\/#\/schema\/logo\/image\/\",\"url\":\"https:\/\/www.teka.com\/es-sv\/wp-content\/uploads\/sites\/89\/2018\/10\/404-teka.png\",\"contentUrl\":\"https:\/\/www.teka.com\/es-sv\/wp-content\/uploads\/sites\/89\/2018\/10\/404-teka.png\",\"width\":200,\"height\":200,\"caption\":\"Teka El Salvador\"},\"image\":{\"@id\":\"https:\/\/www.teka.com\/es-sv\/#\/schema\/logo\/image\/\"}}]}<\/script>\n<!-- \/ Yoast SEO plugin. -->","yoast_head_json":{"title":"IZC 64630 MST | Teka El Salvador","description":"Premio Producto del a\u00f1o 2022 por su car\u00e1cter innovador. Descubre toda la informaci\u00f3n sobre esta placa con 4 zonas y 8 funciones directas en la web Teka El Salvador.","robots":{"index":"index","follow":"follow","max-snippet":"max-snippet:-1","max-image-preview":"max-image-preview:large","max-video-preview":"max-video-preview:-1"},"canonical":"https:\/\/www.teka.com\/es-sv\/producto\/izc-64630-mst_112500026\/","og_locale":"es_ES","og_type":"article","og_title":"IZC 64630 MST | Teka El Salvador","og_description":"Premio Producto del a\u00f1o 2022 por su car\u00e1cter innovador. Descubre toda la informaci\u00f3n sobre esta placa con 4 zonas y 8 funciones directas en la web Teka El Salvador.","og_url":"https:\/\/www.teka.com\/es-sv\/producto\/izc-64630-mst_112500026\/","og_site_name":"Teka El Salvador","twitter_card":"summary_large_image","schema":{"@context":"https:\/\/schema.org","@graph":[{"@type":"WebPage","@id":"https:\/\/www.teka.com\/es-sv\/producto\/izc-64630-mst_112500026\/","url":"https:\/\/www.teka.com\/es-sv\/producto\/izc-64630-mst_112500026\/","name":"IZC 64630 MST | Teka El Salvador","isPartOf":{"@id":"https:\/\/www.teka.com\/es-sv\/#website"},"datePublished":"2026-04-25T00:55:32+00:00","description":"Premio Producto del a\u00f1o 2022 por su car\u00e1cter innovador. Descubre toda la informaci\u00f3n sobre esta placa con 4 zonas y 8 funciones directas en la web Teka El Salvador.","inLanguage":"es","potentialAction":[{"@type":"ReadAction","target":["https:\/\/www.teka.com\/es-sv\/producto\/izc-64630-mst_112500026\/"]}]},{"@type":"WebSite","@id":"https:\/\/www.teka.com\/es-sv\/#website","url":"https:\/\/www.teka.com\/es-sv\/","name":"Teka El Salvador","description":"","publisher":{"@id":"https:\/\/www.teka.com\/es-sv\/#organization"},"potentialAction":[{"@type":"SearchAction","target":{"@type":"EntryPoint","urlTemplate":"https:\/\/www.teka.com\/es-sv\/?s={search_term_string}"},"query-input":{"@type":"PropertyValueSpecification","valueRequired":true,"valueName":"search_term_string"}}],"inLanguage":"es"},{"@type":"Organization","@id":"https:\/\/www.teka.com\/es-sv\/#organization","name":"Teka El Salvador","url":"https:\/\/www.teka.com\/es-sv\/","logo":{"@type":"ImageObject","inLanguage":"es","@id":"https:\/\/www.teka.com\/es-sv\/#\/schema\/logo\/image\/","url":"https:\/\/www.teka.com\/es-sv\/wp-content\/uploads\/sites\/89\/2018\/10\/404-teka.png","contentUrl":"https:\/\/www.teka.com\/es-sv\/wp-content\/uploads\/sites\/89\/2018\/10\/404-teka.png","width":200,"height":200,"caption":"Teka El Salvador"},"image":{"@id":"https:\/\/www.teka.com\/es-sv\/#\/schema\/logo\/image\/"}}]}},"_links":{"self":[{"href":"https:\/\/www.teka.com\/es-sv\/wp-json\/wp\/v2\/product\/69326","targetHints":{"allow":["GET"]}}],"collection":[{"href":"https:\/\/www.teka.com\/es-sv\/wp-json\/wp\/v2\/product"}],"about":[{"href":"https:\/\/www.teka.com\/es-sv\/wp-json\/wp\/v2\/types\/product"}],"wp:attachment":[{"href":"https:\/\/www.teka.com\/es-sv\/wp-json\/wp\/v2\/media?parent=69326"}],"wp:term":[{"taxonomy":"product_cat","embeddable":true,"href":"https:\/\/www.teka.com\/es-sv\/wp-json\/wp\/v2\/product_cat?post=69326"},{"taxonomy":"product_cleaning_system","embeddable":true,"href":"https:\/\/www.teka.com\/es-sv\/wp-json\/wp\/v2\/product_cleaning_system?post=69326"},{"taxonomy":"product_edition","embeddable":true,"href":"https:\/\/www.teka.com\/es-sv\/wp-json\/wp\/v2\/product_edition?post=69326"},{"taxonomy":"product_3rd_basket","embeddable":true,"href":"https:\/\/www.teka.com\/es-sv\/wp-json\/wp\/v2\/product_3rd_basket?post=69326"},{"taxonomy":"product_drawers","embeddable":true,"href":"https:\/\/www.teka.com\/es-sv\/wp-json\/wp\/v2\/product_drawers?post=69326"},{"taxonomy":"product_type_of_installation","embeddable":true,"href":"https:\/\/www.teka.com\/es-sv\/wp-json\/wp\/v2\/product_type_of_installation?post=69326"},{"taxonomy":"product_serie","embeddable":true,"href":"https:\/\/www.teka.com\/es-sv\/wp-json\/wp\/v2\/product_serie?post=69326"},{"taxonomy":"product_features","embeddable":true,"href":"https:\/\/www.teka.com\/es-sv\/wp-json\/wp\/v2\/product_features?post=69326"},{"taxonomy":"finishes","embeddable":true,"href":"https:\/\/www.teka.com\/es-sv\/wp-json\/wp\/v2\/finishes?post=69326"},{"taxonomy":"product_bundles","embeddable":true,"href":"https:\/\/www.teka.com\/es-sv\/wp-json\/wp\/v2\/product_bundles?post=69326"},{"taxonomy":"product_energy_efficiency","embeddable":true,"href":"https:\/\/www.teka.com\/es-sv\/wp-json\/wp\/v2\/product_energy_efficiency?post=69326"},{"taxonomy":"product_video_training","embeddable":true,"href":"https:\/\/www.teka.com\/es-sv\/wp-json\/wp\/v2\/product_video_training?post=69326"}],"curies":[{"name":"wp","href":"https:\/\/api.w.org\/{rel}","templated":true}]}}